{"id":18446,"date":"2025-02-14T08:18:38","date_gmt":"2025-02-14T07:18:38","guid":{"rendered":"https:\/\/www.lets-grow.de\/blog\/?post_type=product&#038;p=18446"},"modified":"2026-04-15T12:25:26","modified_gmt":"2026-04-15T10:25:26","slug":"hel-x-hxf13kll-bio-filtermedium","status":"publish","type":"product","link":"https:\/\/www.lets-grow.de\/blog\/shop\/hel-x-hxf13kll-bio-filtermedium\/","title":{"rendered":"Hel-X HXF13KLL+ Bio-Filtermedium"},"content":{"rendered":"\t\t<div data-elementor-type=\"product-post\" data-elementor-id=\"18446\" class=\"elementor elementor-18446\" data-elementor-post-type=\"product\">\n\t\t\t\t<div class=\"wd-negative-gap elementor-element elementor-element-3df2749f e-flex e-con-boxed e-con e-parent\" data-id=\"3df2749f\" data-element_type=\"container\" data-e-type=\"container\">\n\t\t\t\t\t<div class=\"e-con-inner\">\n\t\t\t\t<div class=\"elementor-element elementor-element-d06ef3d elementor-widget elementor-widget-heading\" data-id=\"d06ef3d\" data-element_type=\"widget\" data-e-type=\"widget\" data-widget_type=\"heading.default\">\n\t\t\t\t\t<h2 class=\"elementor-heading-title elementor-size-default\">Hel-X\u00ae HXF 13 KLL+ \u2013 Hochleistungs-Filtermedium f\u00fcr optimale Wasserqualit\u00e4t<\/h2>\t\t\t\t<\/div>\n\t\t\t\t<div class=\"elementor-element elementor-element-6c9be180 color-scheme-inherit text-left elementor-widget elementor-widget-text-editor\" data-id=\"6c9be180\" data-element_type=\"widget\" data-e-type=\"widget\" data-widget_type=\"text-editor.default\">\n\t\t\t\t\t\t\t\t\t<p>Das <strong data-start=\"186\" data-end=\"208\">Hel-X\u00ae HXF 13 KLL+<\/strong> ist ein innovatives biologisches Filtermedium, das speziell f\u00fcr die effektive Reinigung von Teich- und Aquaponiksystemen entwickelt wurde. Mit einem Durchmesser von 13 mm und einer enormen Besiedlungsoberfl\u00e4che von <strong data-start=\"424\" data-end=\"449\">955 m\u00b2 pro Kubikmeter<\/strong> bietet es eine ideale Grundlage f\u00fcr n\u00fctzliche Bakterien, die Schadstoffe wie Ammonium und Nitrit abbauen.<\/p>\t\t\t\t\t\t\t\t<\/div>\n\t\t\t\t<div class=\"elementor-element elementor-element-7bf56907 elementor-widget elementor-widget-spacer\" data-id=\"7bf56907\" data-element_type=\"widget\" data-e-type=\"widget\" data-widget_type=\"spacer.default\">\n\t\t\t\t\t\t\t<div class=\"elementor-spacer\">\n\t\t\t<div class=\"elementor-spacer-inner\"><\/div>\n\t\t<\/div>\n\t\t\t\t\t\t<\/div>\n\t\t\t\t<div class=\"elementor-element elementor-element-6a5c632e elementor-widget elementor-widget-heading\" data-id=\"6a5c632e\" data-element_type=\"widget\" data-e-type=\"widget\" data-widget_type=\"heading.default\">\n\t\t\t\t\t<h2 class=\"elementor-heading-title elementor-size-default\">Anwendungen<\/h2>\t\t\t\t<\/div>\n\t\t\t\t<div class=\"elementor-element elementor-element-2e1615c7 color-scheme-inherit text-left elementor-widget elementor-widget-text-editor\" data-id=\"2e1615c7\" data-element_type=\"widget\" data-e-type=\"widget\" data-widget_type=\"text-editor.default\">\n\t\t\t\t\t\t\t\t\t<p>Das Hel-X\u00ae HXF 13 KLL+ eignet sich hervorragend f\u00fcr <strong data-start=\"984\" data-end=\"1029\">Teiche, Aquakulturen und Aquaponiksysteme<\/strong>. Es wird in bewegten oder statischen Filtersystemen eingesetzt, wo es durch seine spezielle Struktur eine optimale Ansiedlung von Mikroorganismen erm\u00f6glicht. Die wei\u00dfe Variante besteht aus neuem Granulat, wodurch das Bakterienwachstum besonders gut erkennbar ist.<\/p>\t\t\t\t\t\t\t\t<\/div>\n\t\t\t\t<div class=\"elementor-element elementor-element-6966c579 elementor-widget elementor-widget-spacer\" data-id=\"6966c579\" data-element_type=\"widget\" data-e-type=\"widget\" data-widget_type=\"spacer.default\">\n\t\t\t\t\t\t\t<div class=\"elementor-spacer\">\n\t\t\t<div class=\"elementor-spacer-inner\"><\/div>\n\t\t<\/div>\n\t\t\t\t\t\t<\/div>\n\t\t\t\t<div class=\"elementor-element elementor-element-63a43d07 elementor-widget elementor-widget-heading\" data-id=\"63a43d07\" data-element_type=\"widget\" data-e-type=\"widget\" data-widget_type=\"heading.default\">\n\t\t\t\t\t<h2 class=\"elementor-heading-title elementor-size-default\">Vorteile<\/h2>\t\t\t\t<\/div>\n\t\t\t\t<div class=\"elementor-element elementor-element-51dc6b4f color-scheme-inherit text-left elementor-widget elementor-widget-text-editor\" data-id=\"51dc6b4f\" data-element_type=\"widget\" data-e-type=\"widget\" data-widget_type=\"text-editor.default\">\n\t\t\t\t\t\t\t\t\t<p>\u2714 <strong data-start=\"582\" data-end=\"616\">Maximale Besiedlungsoberfl\u00e4che<\/strong> \u2013 Ideal f\u00fcr eine hohe Bakteriendichte<br data-start=\"654\" data-end=\"657\" \/>\u2714 <strong data-start=\"659\" data-end=\"692\">Effektive Schadstoffreduktion<\/strong> \u2013 F\u00f6rdert die biologische Filterung<br data-start=\"728\" data-end=\"731\" \/>\u2714 <strong data-start=\"733\" data-end=\"758\">Vielseitig einsetzbar<\/strong> \u2013 Perfekt f\u00fcr Moving-Bed-Filter, Mehrkammerfilter oder Trickle-Tower<br data-start=\"827\" data-end=\"830\" \/>\u2714 <strong data-start=\"832\" data-end=\"864\">Langlebig &amp; umweltfreundlich<\/strong> \u2013 Hergestellt aus hochwertigem Kunststoff<\/p>\t\t\t\t\t\t\t\t<\/div>\n\t\t\t\t<div class=\"elementor-element elementor-element-67d27d83 elementor-widget elementor-widget-spacer\" data-id=\"67d27d83\" data-element_type=\"widget\" data-e-type=\"widget\" data-widget_type=\"spacer.default\">\n\t\t\t\t\t\t\t<div class=\"elementor-spacer\">\n\t\t\t<div class=\"elementor-spacer-inner\"><\/div>\n\t\t<\/div>\n\t\t\t\t\t\t<\/div>\n\t\t\t\t<div class=\"elementor-element elementor-element-1ce27e1b elementor-widget elementor-widget-heading\" data-id=\"1ce27e1b\" data-element_type=\"widget\" data-e-type=\"widget\" data-widget_type=\"heading.default\">\n\t\t\t\t\t<h2 class=\"elementor-heading-title elementor-size-default\">Zusammenfassung<\/h2>\t\t\t\t<\/div>\n\t\t\t\t<div class=\"elementor-element elementor-element-dd23c76 color-scheme-inherit text-left elementor-widget elementor-widget-text-editor\" data-id=\"dd23c76\" data-element_type=\"widget\" data-e-type=\"widget\" data-widget_type=\"text-editor.default\">\n\t\t\t\t\t\t\t\t\t<p>Das Hel-X\u00ae HXF 13 KLL+ ist die perfekte Wahl f\u00fcr alle, die eine <strong data-start=\"1379\" data-end=\"1415\">effiziente biologische Filterung<\/strong> und eine nachhaltige Wasserqualit\u00e4t anstreben. Ob im Gartenteich, in der Aquaponik oder in professionellen Koi-Teichen \u2013 dieses Filtermedium sorgt f\u00fcr <strong data-start=\"1567\" data-end=\"1618\">kristallklares Wasser und gesunde Fischbest\u00e4nde<\/strong>.<\/p>\t\t\t\t\t\t\t\t<\/div>\n\t\t\t\t\t<\/div>\n\t\t\t\t<\/div>\n\t\t\t\t<\/div>\n\t\t","protected":false},"excerpt":{"rendered":"<p>Das <strong data-start=\"4\" data-end=\"36\">Hel-X Filtermedium HXF13KLL+<\/strong> ist ein hochwertiges bewegliches Filtermedium f\u00fcr Biofilter in Aquaponik-, Teich- und Aquarienanlagen. Durch seine optimierte Struktur bietet es eine gro\u00dfe Oberfl\u00e4che f\u00fcr nitrifizierende Bakterien, verbessert den Schadstoffabbau und f\u00f6rdert klares Wasser. Ideal f\u00fcr Moving-Bed-Filter, sorgt es f\u00fcr eine effiziente biologische Filtration und stabile Wasserwerte.<\/p>\n","protected":false},"featured_media":18586,"comment_status":"open","ping_status":"closed","template":"","meta":{"_monsterinsights_skip_tracking":false,"_monsterinsights_sitenote_active":false,"_monsterinsights_sitenote_note":"","_monsterinsights_sitenote_category":0},"product_brand":[],"product_cat":[433],"product_tag":[267,1195,1196,1197,1198,1199,1200,1201],"class_list":{"0":"post-18446","1":"product","2":"type-product","3":"status-publish","4":"has-post-thumbnail","6":"product_cat-filterung-naehrstoffe","7":"product_tag-helix","8":"product_tag-filtermedien","9":"product_tag-hel-x","10":"product_tag-hxf13kll","11":"product_tag-biocarrier","12":"product_tag-oberflaeche","13":"product_tag-movingbed","14":"product_tag-mbbr","15":"pa_hersteller-stoehr","17":"first","18":"instock","19":"taxable","20":"shipping-taxable","21":"purchasable","22":"product-type-simple"},"bundled_by":["18665"],"bundle_stock_status":"instock","bundle_stock_quantity":40,"bundle_virtual":false,"bundle_layout":"","bundle_add_to_cart_form_location":"","bundle_editable_in_cart":false,"bundle_sold_individually_context":"","bundle_item_grouping":"","bundle_min_size":"","bundle_max_size":"","bundle_price":[],"bundled_items":[],"bundle_sell_ids":[],"supplier_id":null,"supplier_sku":"","barcode":null,"atum_controlled":true,"out_stock_date":null,"out_stock_threshold":null,"inheritable":false,"inbound_stock":0,"stock_on_hold":0,"sold_today":0,"sales_last_days":0,"reserved_stock":0,"customer_returns":0,"warehouse_damage":0,"lost_in_post":0,"other_logs":0,"out_stock_days":0,"lost_sales":0,"has_location":false,"update_date":"2026-05-03T00:23:53","atum_locations":[],"atum_stock_status":"instock","restock_status":false,"low_stock_amount":"","sales_update_date":"2026-05-03T00:23:53","calc_backorders":null,"tiered_pricing_type":"fixed","tiered_pricing_fixed_rules":{"50":0.95,"100":0.9},"tiered_pricing_product_settings":{"layout":"default","base_unit_name":{"singular":null,"plural":null},"default_variation":null},"tiered_pricing_minimum_quantity":null,"tiered_pricing_roles_data":[],"tiered_pricing_percentage_rules":[],"_links":{"self":[{"href":"https:\/\/www.lets-grow.de\/blog\/wp-json\/wp\/v2\/product\/18446","targetHints":{"allow":["GET"]}}],"collection":[{"href":"https:\/\/www.lets-grow.de\/blog\/wp-json\/wp\/v2\/product"}],"about":[{"href":"https:\/\/www.lets-grow.de\/blog\/wp-json\/wp\/v2\/types\/product"}],"replies":[{"embeddable":true,"href":"https:\/\/www.lets-grow.de\/blog\/wp-json\/wp\/v2\/comments?post=18446"}],"version-history":[{"count":1,"href":"https:\/\/www.lets-grow.de\/blog\/wp-json\/wp\/v2\/product\/18446\/revisions"}],"predecessor-version":[{"id":21342,"href":"https:\/\/www.lets-grow.de\/blog\/wp-json\/wp\/v2\/product\/18446\/revisions\/21342"}],"wp:featuredmedia":[{"embeddable":true,"href":"https:\/\/www.lets-grow.de\/blog\/wp-json\/wp\/v2\/media\/18586"}],"wp:attachment":[{"href":"https:\/\/www.lets-grow.de\/blog\/wp-json\/wp\/v2\/media?parent=18446"}],"wp:term":[{"taxonomy":"product_brand","embeddable":true,"href":"https:\/\/www.lets-grow.de\/blog\/wp-json\/wp\/v2\/product_brand?post=18446"},{"taxonomy":"product_cat","embeddable":true,"href":"https:\/\/www.lets-grow.de\/blog\/wp-json\/wp\/v2\/product_cat?post=18446"},{"taxonomy":"product_tag","embeddable":true,"href":"https:\/\/www.lets-grow.de\/blog\/wp-json\/wp\/v2\/product_tag?post=18446"}],"curies":[{"name":"wp","href":"https:\/\/api.w.org\/{rel}","templated":true}]}}