{"id":18437,"date":"2025-02-13T20:29:32","date_gmt":"2025-02-13T19:29:32","guid":{"rendered":"https:\/\/www.lets-grow.de\/blog\/?post_type=product&#038;p=18437"},"modified":"2025-06-06T21:58:02","modified_gmt":"2025-06-06T19:58:02","slug":"microbe-lift-bloom-and-grow","status":"publish","type":"product","link":"https:\/\/www.lets-grow.de\/blog\/shop\/microbe-lift-bloom-and-grow\/","title":{"rendered":"Microbe-Lift Bloom and Grow"},"content":{"rendered":"\t\t<div data-elementor-type=\"product-post\" data-elementor-id=\"18437\" class=\"elementor elementor-18437\" data-elementor-post-type=\"product\">\n\t\t\t\t<div class=\"wd-negative-gap elementor-element elementor-element-77b1369e e-flex e-con-boxed e-con e-parent\" data-id=\"77b1369e\" data-element_type=\"container\" data-e-type=\"container\">\n\t\t\t\t\t<div class=\"e-con-inner\">\n\t\t\t\t<div class=\"elementor-element elementor-element-d4fd4c6 elementor-widget elementor-widget-heading\" data-id=\"d4fd4c6\" data-element_type=\"widget\" data-e-type=\"widget\" data-widget_type=\"heading.default\">\n\t\t\t\t\t<h2 class=\"elementor-heading-title elementor-size-default\">Bloom &amp; Grow - N\u00e4hrstoffe f\u00fcr die Aquaponik<\/h2>\t\t\t\t<\/div>\n\t\t\t\t<div class=\"elementor-element elementor-element-4f538fe1 color-scheme-inherit text-left elementor-widget elementor-widget-text-editor\" data-id=\"4f538fe1\" data-element_type=\"widget\" data-e-type=\"widget\" data-widget_type=\"text-editor.default\">\n\t\t\t\t\t\t\t\t\t<p>Microbe-Lift Bloom &amp; Grow ist ein fl\u00fcssiger Pflanzenstimulator, der speziell entwickelt wurde, um das Wachstum und die Bl\u00fcte von Pflanzen zu f\u00f6rdern. Ideal f\u00fcr Aquaponik- und Hydroponiksysteme, hilft dieses Produkt, die Menge an verf\u00fcgbaren N\u00e4hrstoffen zu erg\u00e4nzen und unterst\u00fctzt so die gesunde Entwicklung von Pflanzen. Mit einer ausgewogenen Mischung aus nat\u00fcrlichen Mikroben verbessert es die Bl\u00fctenbildung, den Fruchtansatz und st\u00e4rkt das Wurzelsystem.<\/p>\t\t\t\t\t\t\t\t<\/div>\n\t\t\t\t<div class=\"elementor-element elementor-element-68c4ee3c elementor-widget elementor-widget-spacer\" data-id=\"68c4ee3c\" data-element_type=\"widget\" data-e-type=\"widget\" data-widget_type=\"spacer.default\">\n\t\t\t\t\t\t\t<div class=\"elementor-spacer\">\n\t\t\t<div class=\"elementor-spacer-inner\"><\/div>\n\t\t<\/div>\n\t\t\t\t\t\t<\/div>\n\t\t\t\t<div class=\"elementor-element elementor-element-70bda7bd elementor-widget elementor-widget-heading\" data-id=\"70bda7bd\" data-element_type=\"widget\" data-e-type=\"widget\" data-widget_type=\"heading.default\">\n\t\t\t\t\t<h2 class=\"elementor-heading-title elementor-size-default\">Anwendungen<\/h2>\t\t\t\t<\/div>\n\t\t\t\t<div class=\"elementor-element elementor-element-49af2af4 color-scheme-inherit text-left elementor-widget elementor-widget-text-editor\" data-id=\"49af2af4\" data-element_type=\"widget\" data-e-type=\"widget\" data-widget_type=\"text-editor.default\">\n\t\t\t\t\t\t\t\t\t<p>Microbe-Lift Bloom &amp; Grow wird in einer Verd\u00fcnnung von 1:1000 mit Wasser angewendet. Ideal in der Wachstums- und Bl\u00fctephase von Pflanzen. Einfach in das System einmischen oder direkt auf die Wurzeln auftragen.<\/p>\t\t\t\t\t\t\t\t<\/div>\n\t\t\t\t<div class=\"elementor-element elementor-element-2f98160d elementor-widget elementor-widget-spacer\" data-id=\"2f98160d\" data-element_type=\"widget\" data-e-type=\"widget\" data-widget_type=\"spacer.default\">\n\t\t\t\t\t\t\t<div class=\"elementor-spacer\">\n\t\t\t<div class=\"elementor-spacer-inner\"><\/div>\n\t\t<\/div>\n\t\t\t\t\t\t<\/div>\n\t\t\t\t<div class=\"elementor-element elementor-element-1104245f elementor-widget elementor-widget-heading\" data-id=\"1104245f\" data-element_type=\"widget\" data-e-type=\"widget\" data-widget_type=\"heading.default\">\n\t\t\t\t\t<h2 class=\"elementor-heading-title elementor-size-default\">Vorteile<\/h2>\t\t\t\t<\/div>\n\t\t\t\t<div class=\"elementor-element elementor-element-692d1d35 color-scheme-inherit text-left elementor-widget elementor-widget-text-editor\" data-id=\"692d1d35\" data-element_type=\"widget\" data-e-type=\"widget\" data-widget_type=\"text-editor.default\">\n\t\t\t\t\t\t\t\t\t<ul><li data-start=\"550\" data-end=\"596\">F\u00f6rdert die Bl\u00fctenbildung und Fruchtbildung.<\/li><li data-start=\"597\" data-end=\"653\">Steigert die N\u00e4hrstoffaufnahme durch das Wurzelsystem.<\/li><li data-start=\"654\" data-end=\"718\">Ideal f\u00fcr Hydroponik und Aquaponik, um N\u00e4hrstoffe zu erg\u00e4nzen.<\/li><li data-start=\"719\" data-end=\"777\">Unterst\u00fctzt ein gesundes und kr\u00e4ftiges Pflanzenwachstum.<\/li><li data-start=\"778\" data-end=\"849\">Verbessert die Wurzelentwicklung und die Resistenz gegen Krankheiten.<\/li><\/ul>\t\t\t\t\t\t\t\t<\/div>\n\t\t\t\t<div class=\"elementor-element elementor-element-cacf457 elementor-widget elementor-widget-spacer\" data-id=\"cacf457\" data-element_type=\"widget\" data-e-type=\"widget\" data-widget_type=\"spacer.default\">\n\t\t\t\t\t\t\t<div class=\"elementor-spacer\">\n\t\t\t<div class=\"elementor-spacer-inner\"><\/div>\n\t\t<\/div>\n\t\t\t\t\t\t<\/div>\n\t\t\t\t<div class=\"elementor-element elementor-element-77c4e1bd elementor-widget elementor-widget-heading\" data-id=\"77c4e1bd\" data-element_type=\"widget\" data-e-type=\"widget\" data-widget_type=\"heading.default\">\n\t\t\t\t\t<h2 class=\"elementor-heading-title elementor-size-default\">Zusammenfassung<\/h2>\t\t\t\t<\/div>\n\t\t\t\t<div class=\"elementor-element elementor-element-5d2efa3e color-scheme-inherit text-left elementor-widget elementor-widget-text-editor\" data-id=\"5d2efa3e\" data-element_type=\"widget\" data-e-type=\"widget\" data-widget_type=\"text-editor.default\">\n\t\t\t\t\t\t\t\t\t<p>Microbe-Lift Bloom &amp; Grow ist der ideale Zusatz f\u00fcr Aquaponik- und Hydroponiksysteme, um die N\u00e4hrstoffversorgung zu optimieren und eine reichhaltige Bl\u00fcte sowie kr\u00e4ftiges Pflanzenwachstum zu f\u00f6rdern.<\/p>\t\t\t\t\t\t\t\t<\/div>\n\t\t\t\t\t<\/div>\n\t\t\t\t<\/div>\n\t\t\t\t<\/div>\n\t\t","protected":false},"excerpt":{"rendered":"<p><strong data-start=\"245\" data-end=\"274\">Microbe-Lift Bloom and Grow<\/strong> (1L) ist ein speziell entwickelter Pflanzenstimulator, der das Wachstum in Aquaponik- und Hydrokultursystemen f\u00f6rdert. Es st\u00e4rkt die Wurzeln, sorgt f\u00fcr kr\u00e4ftige Bl\u00e4tter und eine gesunde Pflanze. Ideal f\u00fcr alle Phasen des Pflanzenwachstums, unterst\u00fctzt die Entwicklung von Blumen, Fr\u00fcchten und Bl\u00e4ttern und tr\u00e4gt zur besseren N\u00e4hrstoffaufnahme bei.<\/p>\n","protected":false},"featured_media":18439,"comment_status":"open","ping_status":"closed","template":"","meta":{"_monsterinsights_skip_tracking":false,"_monsterinsights_sitenote_active":false,"_monsterinsights_sitenote_note":"","_monsterinsights_sitenote_category":0},"product_brand":[],"product_cat":[589],"product_tag":[1193,1194,719,938,952,1182,1190,1191,263,1192,569],"class_list":{"0":"post-18437","1":"product","2":"type-product","3":"status-publish","4":"has-post-thumbnail","6":"product_cat-duenger-naehrstoffe","7":"product_tag-wurzeln-staerken","8":"product_tag-naehrstoffaufnahme","9":"product_tag-pflanzenpflege","10":"product_tag-hydrokultur","11":"product_tag-hydroponik-duenger","12":"product_tag-microbe-lift","13":"product_tag-bloom-grow","14":"product_tag-pflanzenstimulator","15":"product_tag-aquaponik","16":"product_tag-wachstum-foerdern","17":"product_tag-duenger","18":"pa_hersteller-microbe-lift","20":"first","21":"instock","22":"taxable","23":"shipping-taxable","24":"purchasable","25":"product-type-simple"},"bundled_by":[],"bundle_stock_status":"instock","bundle_stock_quantity":1,"bundle_virtual":false,"bundle_layout":"","bundle_add_to_cart_form_location":"","bundle_editable_in_cart":false,"bundle_sold_individually_context":"","bundle_item_grouping":"","bundle_min_size":"","bundle_max_size":"","bundle_price":[],"bundled_items":[],"bundle_sell_ids":[],"supplier_id":null,"supplier_sku":"","barcode":null,"atum_controlled":true,"out_stock_date":null,"out_stock_threshold":null,"inheritable":false,"inbound_stock":0,"stock_on_hold":0,"sold_today":0,"sales_last_days":0,"reserved_stock":0,"customer_returns":0,"warehouse_damage":0,"lost_in_post":0,"other_logs":0,"out_stock_days":0,"lost_sales":0,"has_location":false,"update_date":"2026-05-03T00:23:49","atum_locations":[],"atum_stock_status":"instock","restock_status":false,"low_stock_amount":"","sales_update_date":"2026-05-03T00:23:49","calc_backorders":null,"tiered_pricing_type":"fixed","tiered_pricing_fixed_rules":[],"tiered_pricing_product_settings":{"layout":"default","base_unit_name":{"singular":null,"plural":null},"default_variation":null},"tiered_pricing_minimum_quantity":null,"tiered_pricing_roles_data":[],"tiered_pricing_percentage_rules":[],"_links":{"self":[{"href":"https:\/\/www.lets-grow.de\/blog\/wp-json\/wp\/v2\/product\/18437","targetHints":{"allow":["GET"]}}],"collection":[{"href":"https:\/\/www.lets-grow.de\/blog\/wp-json\/wp\/v2\/product"}],"about":[{"href":"https:\/\/www.lets-grow.de\/blog\/wp-json\/wp\/v2\/types\/product"}],"replies":[{"embeddable":true,"href":"https:\/\/www.lets-grow.de\/blog\/wp-json\/wp\/v2\/comments?post=18437"}],"version-history":[{"count":0,"href":"https:\/\/www.lets-grow.de\/blog\/wp-json\/wp\/v2\/product\/18437\/revisions"}],"wp:featuredmedia":[{"embeddable":true,"href":"https:\/\/www.lets-grow.de\/blog\/wp-json\/wp\/v2\/media\/18439"}],"wp:attachment":[{"href":"https:\/\/www.lets-grow.de\/blog\/wp-json\/wp\/v2\/media?parent=18437"}],"wp:term":[{"taxonomy":"product_brand","embeddable":true,"href":"https:\/\/www.lets-grow.de\/blog\/wp-json\/wp\/v2\/product_brand?post=18437"},{"taxonomy":"product_cat","embeddable":true,"href":"https:\/\/www.lets-grow.de\/blog\/wp-json\/wp\/v2\/product_cat?post=18437"},{"taxonomy":"product_tag","embeddable":true,"href":"https:\/\/www.lets-grow.de\/blog\/wp-json\/wp\/v2\/product_tag?post=18437"}],"curies":[{"name":"wp","href":"https:\/\/api.w.org\/{rel}","templated":true}]}}