{"id":18429,"date":"2025-02-13T20:10:03","date_gmt":"2025-02-13T19:10:03","guid":{"rendered":"https:\/\/www.lets-grow.de\/blog\/?post_type=product&#038;p=18429"},"modified":"2025-09-10T20:41:54","modified_gmt":"2025-09-10T18:41:54","slug":"microbe-lift-ammonia-remover","status":"publish","type":"product","link":"https:\/\/www.lets-grow.de\/blog\/shop\/microbe-lift-ammonia-remover\/","title":{"rendered":"Microbe-Lift Ammonia-Remover"},"content":{"rendered":"\t\t<div data-elementor-type=\"product-post\" data-elementor-id=\"18429\" class=\"elementor elementor-18429\" data-elementor-post-type=\"product\">\n\t\t\t\t<div class=\"wd-negative-gap elementor-element elementor-element-1d538a64 e-flex e-con-boxed e-con e-parent\" data-id=\"1d538a64\" data-element_type=\"container\" data-e-type=\"container\">\n\t\t\t\t\t<div class=\"e-con-inner\">\n\t\t\t\t<div class=\"elementor-element elementor-element-28a167b2 elementor-widget elementor-widget-heading\" data-id=\"28a167b2\" data-element_type=\"widget\" data-e-type=\"widget\" data-widget_type=\"heading.default\">\n\t\t\t\t\t<h2 class=\"elementor-heading-title elementor-size-default\">Microbe-Lift Ammonia-Remover \u2013 Schnelle Entfernung von Ammoniak im System (1L)<\/h2>\t\t\t\t<\/div>\n\t\t\t\t<div class=\"elementor-element elementor-element-6d879c7f color-scheme-inherit text-left elementor-widget elementor-widget-text-editor\" data-id=\"6d879c7f\" data-element_type=\"widget\" data-e-type=\"widget\" data-widget_type=\"text-editor.default\">\n\t\t\t\t\t\t\t\t\t<p>Der <strong data-start=\"115\" data-end=\"147\">Microbe-Lift Ammonia-Remover<\/strong> ist die ideale L\u00f6sung f\u00fcr Aquarien- und Aquaponikanlagen, in denen Ammonium\/Ammoniak zu einem Problem wird. Mit der praktischen 1-Liter-Flasche k\u00f6nnen Sie das Produkt effektiv einsetzen, um \u00fcbersch\u00fcssiges Ammoniak schnell zu neutralisieren und die Wasserqualit\u00e4t zu verbessern. Es hilft, die Umwelt f\u00fcr Fische und Pflanzen zu stabilisieren und unterst\u00fctzt die Gesundheit Ihres Systems.<\/p>\t\t\t\t\t\t\t\t<\/div>\n\t\t\t\t<div class=\"elementor-element elementor-element-7b638a24 elementor-widget elementor-widget-spacer\" data-id=\"7b638a24\" data-element_type=\"widget\" data-e-type=\"widget\" data-widget_type=\"spacer.default\">\n\t\t\t\t\t\t\t<div class=\"elementor-spacer\">\n\t\t\t<div class=\"elementor-spacer-inner\"><\/div>\n\t\t<\/div>\n\t\t\t\t\t\t<\/div>\n\t\t\t\t<div class=\"elementor-element elementor-element-5fbac2c1 elementor-widget elementor-widget-heading\" data-id=\"5fbac2c1\" data-element_type=\"widget\" data-e-type=\"widget\" data-widget_type=\"heading.default\">\n\t\t\t\t\t<h2 class=\"elementor-heading-title elementor-size-default\">Anwendungen<\/h2>\t\t\t\t<\/div>\n\t\t\t\t<div class=\"elementor-element elementor-element-75ecfa1e color-scheme-inherit text-left elementor-widget elementor-widget-text-editor\" data-id=\"75ecfa1e\" data-element_type=\"widget\" data-e-type=\"widget\" data-widget_type=\"text-editor.default\">\n\t\t\t\t\t\t\t\t\t<p>F\u00fcgen Sie je nach Bedarf und Ammoniumgehalt das Produkt in das Aquariumwasser hinzu. Verwenden Sie eine Dosierung von etwa 5 ml pro 40 Liter Wasser, um eine sofortige Reduzierung des Ammoniumgehalts zu erzielen. Es wird empfohlen, die Anwendung bei stark belastetem Wasser zu wiederholen.<\/p>\t\t\t\t\t\t\t\t<\/div>\n\t\t\t\t<div class=\"elementor-element elementor-element-66f40498 elementor-widget elementor-widget-spacer\" data-id=\"66f40498\" data-element_type=\"widget\" data-e-type=\"widget\" data-widget_type=\"spacer.default\">\n\t\t\t\t\t\t\t<div class=\"elementor-spacer\">\n\t\t\t<div class=\"elementor-spacer-inner\"><\/div>\n\t\t<\/div>\n\t\t\t\t\t\t<\/div>\n\t\t\t\t<div class=\"elementor-element elementor-element-1bc0d27c elementor-widget elementor-widget-heading\" data-id=\"1bc0d27c\" data-element_type=\"widget\" data-e-type=\"widget\" data-widget_type=\"heading.default\">\n\t\t\t\t\t<h2 class=\"elementor-heading-title elementor-size-default\">Vorteile<\/h2>\t\t\t\t<\/div>\n\t\t\t\t<div class=\"elementor-element elementor-element-2713a28f color-scheme-inherit text-left elementor-widget elementor-widget-text-editor\" data-id=\"2713a28f\" data-element_type=\"widget\" data-e-type=\"widget\" data-widget_type=\"text-editor.default\">\n\t\t\t\t\t\t\t\t\t<ul><li data-start=\"541\" data-end=\"666\"><strong data-start=\"543\" data-end=\"575\">Schnelle Ammoniakbeseitigung<\/strong>: Entfernt Ammoniak effizient aus dem Wasser und verhindert die Bildung giftiger Nitrite.<\/li><li data-start=\"667\" data-end=\"790\"><strong data-start=\"669\" data-end=\"705\">Sicher f\u00fcr alle Aquarienbewohner<\/strong>: Der Ammonia-Remover ist sanft zu Fischen, Pflanzen und anderen Aquarienbewohnern.<\/li><li data-start=\"791\" data-end=\"927\"><strong data-start=\"793\" data-end=\"815\">Einfache Anwendung<\/strong>: Die Anwendung ist unkompliziert und kann regelm\u00e4\u00dfig verwendet werden, um ein gesundes \u00d6kosystem zu erhalten.<\/li><li data-start=\"928\" data-end=\"1080\"><strong data-start=\"930\" data-end=\"957\">Stabilisiert das System<\/strong>: Hilft, das biologische Gleichgewicht im Aquarium oder Fischtank zu bewahren, insbesondere in neuen Anlagen oder nach einer Filters\u00e4uberung.<\/li><\/ul>\t\t\t\t\t\t\t\t<\/div>\n\t\t\t\t<div class=\"elementor-element elementor-element-7d1c1241 elementor-widget elementor-widget-spacer\" data-id=\"7d1c1241\" data-element_type=\"widget\" data-e-type=\"widget\" data-widget_type=\"spacer.default\">\n\t\t\t\t\t\t\t<div class=\"elementor-spacer\">\n\t\t\t<div class=\"elementor-spacer-inner\"><\/div>\n\t\t<\/div>\n\t\t\t\t\t\t<\/div>\n\t\t\t\t<div class=\"elementor-element elementor-element-38603651 elementor-widget elementor-widget-heading\" data-id=\"38603651\" data-element_type=\"widget\" data-e-type=\"widget\" data-widget_type=\"heading.default\">\n\t\t\t\t\t<h2 class=\"elementor-heading-title elementor-size-default\">Zusammenfassung<\/h2>\t\t\t\t<\/div>\n\t\t\t\t<div class=\"elementor-element elementor-element-6a1c00d4 color-scheme-inherit text-left elementor-widget elementor-widget-text-editor\" data-id=\"6a1c00d4\" data-element_type=\"widget\" data-e-type=\"widget\" data-widget_type=\"text-editor.default\">\n\t\t\t\t\t\t\t\t\t<p>Der <strong data-start=\"1404\" data-end=\"1436\">Microbe-Lift Ammonia-Remover<\/strong> ist ein unverzichtbares Hilfsmittel f\u00fcr alle Aquarien- und Aquaponik-Systeme, in denen Ammoniak eine Gefahr f\u00fcr das Wohlbefinden der Aquarienbewohner darstellt. Mit der 1-Liter-Flasche bietet das Produkt eine langanhaltende L\u00f6sung, die hilft, das Gleichgewicht im Wasser zu bewahren und ein gesundes Umfeld zu f\u00f6rdern.<\/p>\t\t\t\t\t\t\t\t<\/div>\n\t\t\t\t\t<\/div>\n\t\t\t\t<\/div>\n\t\t\t\t<\/div>\n\t\t","protected":false},"excerpt":{"rendered":"<p>Der <strong data-start=\"243\" data-end=\"275\">Microbe-Lift Ammonia-Remover<\/strong> (1L) neutralisiert \u00fcbersch\u00fcssiges Ammoniak in Aquarien und Aquaponikanlagen und hilft, die Wasserqualit\u00e4t zu verbessern. Ideal f\u00fcr den schnellen Einsatz, um toxische Substanzen zu reduzieren und das biologische Gleichgewicht zu stabilisieren. Sicher f\u00fcr Fische, Pflanzen und andere Aquarienbewohner. Ein unverzichtbares Produkt f\u00fcr gesundes Wasser.<\/p>\n","protected":false},"featured_media":18430,"comment_status":"open","ping_status":"closed","template":"","meta":{"_monsterinsights_skip_tracking":false,"_monsterinsights_sitenote_active":false,"_monsterinsights_sitenote_note":"","_monsterinsights_sitenote_category":0},"product_brand":[],"product_cat":[433],"product_tag":[1184,1185,1186,263,1187,1188,1189,1070,1180,1182,1183],"class_list":{"0":"post-18429","1":"product","2":"type-product","3":"status-publish","4":"has-post-thumbnail","6":"product_cat-filterung-naehrstoffe","7":"product_tag-aquarium","8":"product_tag-wasserqualitaet","9":"product_tag-ammoniak-neutralisieren","10":"product_tag-aquaponik","11":"product_tag-nitrifikationshilfe","12":"product_tag-ammoniak-beseitigung","13":"product_tag-gesundes-wasser","14":"product_tag-biologie","15":"product_tag-aquarienpflege","16":"product_tag-microbe-lift","17":"product_tag-ammoniakentferner","18":"pa_hersteller-microbe-lift","20":"first","21":"instock","22":"taxable","23":"shipping-taxable","24":"purchasable","25":"product-type-simple"},"bundled_by":[],"bundle_stock_status":"instock","bundle_stock_quantity":1,"bundle_virtual":false,"bundle_layout":"","bundle_add_to_cart_form_location":"","bundle_editable_in_cart":false,"bundle_sold_individually_context":"","bundle_item_grouping":"","bundle_min_size":"","bundle_max_size":"","bundle_price":[],"bundled_items":[],"bundle_sell_ids":[],"supplier_id":null,"supplier_sku":"","barcode":null,"atum_controlled":true,"out_stock_date":null,"out_stock_threshold":null,"inheritable":false,"inbound_stock":0,"stock_on_hold":0,"sold_today":0,"sales_last_days":0,"reserved_stock":0,"customer_returns":0,"warehouse_damage":0,"lost_in_post":0,"other_logs":0,"out_stock_days":0,"lost_sales":0,"has_location":false,"update_date":"2026-05-02T00:22:59","atum_locations":[],"atum_stock_status":"instock","restock_status":false,"low_stock_amount":"","sales_update_date":"2026-05-02T00:22:59","calc_backorders":null,"tiered_pricing_type":"fixed","tiered_pricing_fixed_rules":[],"tiered_pricing_product_settings":{"layout":"default","base_unit_name":{"singular":null,"plural":null},"default_variation":null},"tiered_pricing_minimum_quantity":null,"tiered_pricing_roles_data":[],"tiered_pricing_percentage_rules":[],"_links":{"self":[{"href":"https:\/\/www.lets-grow.de\/blog\/wp-json\/wp\/v2\/product\/18429","targetHints":{"allow":["GET"]}}],"collection":[{"href":"https:\/\/www.lets-grow.de\/blog\/wp-json\/wp\/v2\/product"}],"about":[{"href":"https:\/\/www.lets-grow.de\/blog\/wp-json\/wp\/v2\/types\/product"}],"replies":[{"embeddable":true,"href":"https:\/\/www.lets-grow.de\/blog\/wp-json\/wp\/v2\/comments?post=18429"}],"version-history":[{"count":0,"href":"https:\/\/www.lets-grow.de\/blog\/wp-json\/wp\/v2\/product\/18429\/revisions"}],"wp:featuredmedia":[{"embeddable":true,"href":"https:\/\/www.lets-grow.de\/blog\/wp-json\/wp\/v2\/media\/18430"}],"wp:attachment":[{"href":"https:\/\/www.lets-grow.de\/blog\/wp-json\/wp\/v2\/media?parent=18429"}],"wp:term":[{"taxonomy":"product_brand","embeddable":true,"href":"https:\/\/www.lets-grow.de\/blog\/wp-json\/wp\/v2\/product_brand?post=18429"},{"taxonomy":"product_cat","embeddable":true,"href":"https:\/\/www.lets-grow.de\/blog\/wp-json\/wp\/v2\/product_cat?post=18429"},{"taxonomy":"product_tag","embeddable":true,"href":"https:\/\/www.lets-grow.de\/blog\/wp-json\/wp\/v2\/product_tag?post=18429"}],"curies":[{"name":"wp","href":"https:\/\/api.w.org\/{rel}","templated":true}]}}