{"id":18421,"date":"2025-02-13T20:03:17","date_gmt":"2025-02-13T19:03:17","guid":{"rendered":"https:\/\/www.lets-grow.de\/blog\/?post_type=product&#038;p=18421"},"modified":"2026-04-03T16:12:28","modified_gmt":"2026-04-03T14:12:28","slug":"microbe-lift-nite-out-ii","status":"publish","type":"product","link":"https:\/\/www.lets-grow.de\/blog\/shop\/microbe-lift-nite-out-ii\/","title":{"rendered":"Microbe-Lift Nite-Out II"},"content":{"rendered":"\t\t<div data-elementor-type=\"product-post\" data-elementor-id=\"18421\" class=\"elementor elementor-18421\" data-elementor-post-type=\"product\">\n\t\t\t\t<div class=\"wd-negative-gap elementor-element elementor-element-422c66dd e-flex e-con-boxed e-con e-parent\" data-id=\"422c66dd\" data-element_type=\"container\" data-e-type=\"container\">\n\t\t\t\t\t<div class=\"e-con-inner\">\n\t\t\t\t<div class=\"elementor-element elementor-element-68770d0a elementor-widget elementor-widget-heading\" data-id=\"68770d0a\" data-element_type=\"widget\" data-e-type=\"widget\" data-widget_type=\"heading.default\">\n\t\t\t\t\t<h2 class=\"elementor-heading-title elementor-size-default\">Microbe-Lift Nite-Out II \u2013 Effektiver Ammoniak- und Nitritabbau<\/h2>\t\t\t\t<\/div>\n\t\t\t\t<div class=\"elementor-element elementor-element-6a4130be color-scheme-inherit text-left elementor-widget elementor-widget-text-editor\" data-id=\"6a4130be\" data-element_type=\"widget\" data-e-type=\"widget\" data-widget_type=\"text-editor.default\">\n\t\t\t\t\t\t\t\t\t<p>Microbe-Lift Nite-Out II ist speziell f\u00fcr den Abbau von Ammoniak und Nitrit in Aquarien und Aquaponiksystemen entwickelt worden. Die enthaltenen n\u00fctzlichen Bakterienkulturen unterst\u00fctzen den biologischen Filterprozess und beschleunigen die Umwandlung von giftigen Stoffen in harmlose Verbindungen. Durch die regelm\u00e4\u00dfige Anwendung von Microbe-Lift NiteOut II wird das Wasser stabiler und ges\u00fcnder f\u00fcr Fische und Pflanzen. Es ist besonders n\u00fctzlich bei neuen Systemen oder nach einer Filterreinigung, wenn hohe Ammoniak- oder Nitritwerte auftreten k\u00f6nnen.<\/p>\t\t\t\t\t\t\t\t<\/div>\n\t\t\t\t<div class=\"elementor-element elementor-element-6f6cafb1 elementor-widget elementor-widget-spacer\" data-id=\"6f6cafb1\" data-element_type=\"widget\" data-e-type=\"widget\" data-widget_type=\"spacer.default\">\n\t\t\t\t\t\t\t<div class=\"elementor-spacer\">\n\t\t\t<div class=\"elementor-spacer-inner\"><\/div>\n\t\t<\/div>\n\t\t\t\t\t\t<\/div>\n\t\t\t\t<div class=\"elementor-element elementor-element-1dd4803e elementor-widget elementor-widget-heading\" data-id=\"1dd4803e\" data-element_type=\"widget\" data-e-type=\"widget\" data-widget_type=\"heading.default\">\n\t\t\t\t\t<h2 class=\"elementor-heading-title elementor-size-default\">Anwendungen<\/h2>\t\t\t\t<\/div>\n\t\t\t\t<div class=\"elementor-element elementor-element-2f3c443d color-scheme-inherit text-left elementor-widget elementor-widget-text-editor\" data-id=\"2f3c443d\" data-element_type=\"widget\" data-e-type=\"widget\" data-widget_type=\"text-editor.default\">\n\t\t\t\t\t\t\t\t\t<p>F\u00fcgen Sie Microbe-Lift Nite-Out II gem\u00e4\u00df den Empfehlungen des Herstellers in Ihr Aquaponik- oder Aquariumsystem hinzu. Es ist besonders effektiv in den ersten Wochen eines neuen Systems oder nach einer umfassenden Filterreinigung. F\u00fcr optimale Ergebnisse regelm\u00e4\u00dfig anwenden.<\/p>\t\t\t\t\t\t\t\t<\/div>\n\t\t\t\t<div class=\"elementor-element elementor-element-76c4aa62 elementor-widget elementor-widget-spacer\" data-id=\"76c4aa62\" data-element_type=\"widget\" data-e-type=\"widget\" data-widget_type=\"spacer.default\">\n\t\t\t\t\t\t\t<div class=\"elementor-spacer\">\n\t\t\t<div class=\"elementor-spacer-inner\"><\/div>\n\t\t<\/div>\n\t\t\t\t\t\t<\/div>\n\t\t\t\t<div class=\"elementor-element elementor-element-2ace8675 elementor-widget elementor-widget-heading\" data-id=\"2ace8675\" data-element_type=\"widget\" data-e-type=\"widget\" data-widget_type=\"heading.default\">\n\t\t\t\t\t<h2 class=\"elementor-heading-title elementor-size-default\">Vorteile<\/h2>\t\t\t\t<\/div>\n\t\t\t\t<div class=\"elementor-element elementor-element-6137e5d9 color-scheme-inherit text-left elementor-widget elementor-widget-text-editor\" data-id=\"6137e5d9\" data-element_type=\"widget\" data-e-type=\"widget\" data-widget_type=\"text-editor.default\">\n\t\t\t\t\t\t\t\t\t<ul><li data-start=\"1373\" data-end=\"1421\">Beschleunigt den Abbau von Ammoniak und Nitrit<\/li><li data-start=\"1422\" data-end=\"1471\">F\u00f6rdert ein gesundes biologisches Gleichgewicht<\/li><li data-start=\"1472\" data-end=\"1520\">Reduziert die Gefahr von Giftstoffen im Wasser<\/li><li data-start=\"1521\" data-end=\"1554\">Stabilisiert die Wasserqualit\u00e4t<\/li><li data-start=\"1555\" data-end=\"1605\">In praktischer Gr\u00f6\u00dfen von 1L erh\u00e4ltlich<\/li><li data-start=\"1606\" data-end=\"1652\">Ideal f\u00fcr neue Aquarien und Aquaponiksysteme<\/li><\/ul>\t\t\t\t\t\t\t\t<\/div>\n\t\t\t\t<div class=\"elementor-element elementor-element-261dec36 elementor-widget elementor-widget-spacer\" data-id=\"261dec36\" data-element_type=\"widget\" data-e-type=\"widget\" data-widget_type=\"spacer.default\">\n\t\t\t\t\t\t\t<div class=\"elementor-spacer\">\n\t\t\t<div class=\"elementor-spacer-inner\"><\/div>\n\t\t<\/div>\n\t\t\t\t\t\t<\/div>\n\t\t\t\t<div class=\"elementor-element elementor-element-d7a72c2 elementor-widget elementor-widget-heading\" data-id=\"d7a72c2\" data-element_type=\"widget\" data-e-type=\"widget\" data-widget_type=\"heading.default\">\n\t\t\t\t\t<h2 class=\"elementor-heading-title elementor-size-default\">Zusammenfassung<\/h2>\t\t\t\t<\/div>\n\t\t\t\t<div class=\"elementor-element elementor-element-728f3feb color-scheme-inherit text-left elementor-widget elementor-widget-text-editor\" data-id=\"728f3feb\" data-element_type=\"widget\" data-e-type=\"widget\" data-widget_type=\"text-editor.default\">\n\t\t\t\t\t\t\t\t\t<p>Microbe-Lift Nite-Out II ist eine ausgezeichnete L\u00f6sung zur Unterst\u00fctzung des biologischen Abbaus von Ammoniak und Nitrit in Aquarien und Aquaponiksystemen. Es tr\u00e4gt zur Aufrechterhaltung einer stabilen und gesunden Wasserqualit\u00e4t bei und ist ein unverzichtbares Produkt f\u00fcr jedes System, das auf biologische Filterprozesse angewiesen ist.<\/p>\t\t\t\t\t\t\t\t<\/div>\n\t\t\t\t\t<\/div>\n\t\t\t\t<\/div>\n\t\t\t\t<\/div>\n\t\t","protected":false},"excerpt":{"rendered":"<p>Microbe-Lift NiteOut II ist ein leistungsstarker Wasseraufbereiter, der den Abbau von Ammoniak und Nitrit beschleunigt. Es f\u00f6rdert das biologische Gleichgewicht in Aquaponik- und Aquariumsystemen, wodurch die Wasserqualit\u00e4t stabilisiert wird. Erh\u00e4ltlich in 1L Flaschen f\u00fcr eine schnelle und effiziente Anwendung.<\/p>\n","protected":false},"featured_media":18424,"comment_status":"open","ping_status":"closed","template":"","meta":{"_monsterinsights_skip_tracking":false,"_monsterinsights_sitenote_active":false,"_monsterinsights_sitenote_note":"","_monsterinsights_sitenote_category":0},"product_brand":[],"product_cat":[433],"product_tag":[1176,1177,1178,1179,1180,1181,263,1070],"class_list":{"0":"post-18421","1":"product","2":"type-product","3":"status-publish","4":"has-post-thumbnail","6":"product_cat-filterung-naehrstoffe","7":"product_tag-microbe-lift-niteout-ii","8":"product_tag-biologische-wasseraufbereitung","9":"product_tag-ammoniakabbau","10":"product_tag-nitritabbau","11":"product_tag-aquarienpflege","12":"product_tag-biologisches-gleichgewicht","13":"product_tag-aquaponik","14":"product_tag-biologie","15":"pa_hersteller-microbe-lift","17":"first","18":"instock","19":"taxable","20":"shipping-taxable","21":"purchasable","22":"product-type-simple"},"bundled_by":[],"bundle_stock_status":"instock","bundle_stock_quantity":1,"bundle_virtual":false,"bundle_layout":"","bundle_add_to_cart_form_location":"","bundle_editable_in_cart":false,"bundle_sold_individually_context":"","bundle_item_grouping":"","bundle_min_size":"","bundle_max_size":"","bundle_price":[],"bundled_items":[],"bundle_sell_ids":[],"supplier_id":null,"supplier_sku":"","barcode":null,"atum_controlled":true,"out_stock_date":null,"out_stock_threshold":null,"inheritable":false,"inbound_stock":0,"stock_on_hold":0,"sold_today":0,"sales_last_days":0,"reserved_stock":0,"customer_returns":0,"warehouse_damage":0,"lost_in_post":0,"other_logs":0,"out_stock_days":0,"lost_sales":0,"has_location":false,"update_date":"2026-04-27T00:20:55","atum_locations":[],"atum_stock_status":"instock","restock_status":false,"low_stock_amount":"","sales_update_date":"2026-04-27T00:20:55","calc_backorders":null,"tiered_pricing_type":"fixed","tiered_pricing_fixed_rules":[],"tiered_pricing_product_settings":{"layout":"default","base_unit_name":{"singular":null,"plural":null},"default_variation":null},"tiered_pricing_minimum_quantity":null,"tiered_pricing_roles_data":[],"tiered_pricing_percentage_rules":[],"_links":{"self":[{"href":"https:\/\/www.lets-grow.de\/blog\/wp-json\/wp\/v2\/product\/18421","targetHints":{"allow":["GET"]}}],"collection":[{"href":"https:\/\/www.lets-grow.de\/blog\/wp-json\/wp\/v2\/product"}],"about":[{"href":"https:\/\/www.lets-grow.de\/blog\/wp-json\/wp\/v2\/types\/product"}],"replies":[{"embeddable":true,"href":"https:\/\/www.lets-grow.de\/blog\/wp-json\/wp\/v2\/comments?post=18421"}],"version-history":[{"count":1,"href":"https:\/\/www.lets-grow.de\/blog\/wp-json\/wp\/v2\/product\/18421\/revisions"}],"predecessor-version":[{"id":21251,"href":"https:\/\/www.lets-grow.de\/blog\/wp-json\/wp\/v2\/product\/18421\/revisions\/21251"}],"wp:featuredmedia":[{"embeddable":true,"href":"https:\/\/www.lets-grow.de\/blog\/wp-json\/wp\/v2\/media\/18424"}],"wp:attachment":[{"href":"https:\/\/www.lets-grow.de\/blog\/wp-json\/wp\/v2\/media?parent=18421"}],"wp:term":[{"taxonomy":"product_brand","embeddable":true,"href":"https:\/\/www.lets-grow.de\/blog\/wp-json\/wp\/v2\/product_brand?post=18421"},{"taxonomy":"product_cat","embeddable":true,"href":"https:\/\/www.lets-grow.de\/blog\/wp-json\/wp\/v2\/product_cat?post=18421"},{"taxonomy":"product_tag","embeddable":true,"href":"https:\/\/www.lets-grow.de\/blog\/wp-json\/wp\/v2\/product_tag?post=18421"}],"curies":[{"name":"wp","href":"https:\/\/api.w.org\/{rel}","templated":true}]}}