{"id":18408,"date":"2025-02-13T19:52:03","date_gmt":"2025-02-13T18:52:03","guid":{"rendered":"https:\/\/www.lets-grow.de\/blog\/?post_type=product&#038;p=18408"},"modified":"2025-06-02T19:22:19","modified_gmt":"2025-06-02T17:22:19","slug":"microbe-lift-superstart-0_5-1l","status":"publish","type":"product","link":"https:\/\/www.lets-grow.de\/blog\/shop\/microbe-lift-superstart-0_5-1l\/","title":{"rendered":"Microbe-Lift Filtergel"},"content":{"rendered":"\t\t<div data-elementor-type=\"product-post\" data-elementor-id=\"18408\" class=\"elementor elementor-18408\" data-elementor-post-type=\"product\">\n\t\t\t\t<div class=\"wd-negative-gap elementor-element elementor-element-588fcc77 e-flex e-con-boxed e-con e-parent\" data-id=\"588fcc77\" data-element_type=\"container\" data-e-type=\"container\">\n\t\t\t\t\t<div class=\"e-con-inner\">\n\t\t\t\t<div class=\"elementor-element elementor-element-d2bc392 elementor-widget elementor-widget-heading\" data-id=\"d2bc392\" data-element_type=\"widget\" data-e-type=\"widget\" data-widget_type=\"heading.default\">\n\t\t\t\t\t<h2 class=\"elementor-heading-title elementor-size-default\">Microbe-Lift Filtergel - Bakterien direkt ans Medium binden<\/h2>\t\t\t\t<\/div>\n\t\t\t\t<div class=\"elementor-element elementor-element-7f6cf357 color-scheme-inherit text-left elementor-widget elementor-widget-text-editor\" data-id=\"7f6cf357\" data-element_type=\"widget\" data-e-type=\"widget\" data-widget_type=\"text-editor.default\">\n\t\t\t\t\t\t\t\t\t<p>Microbe-Lift Filtergel ist ein einzigartiges Filterhilfsmittel, das speziell entwickelt wurde, um das biologische Gleichgewicht in Aquaponik- und Aquariumsystemen zu optimieren. Es unterst\u00fctzt die Arbeit des Filters, indem es sch\u00e4dliche Substanzen im Wasser neutralisiert und so die Filterleistung erheblich verbessert. Das Gel bindet Ammonium, Nitrit und andere sch\u00e4dliche Stoffe, wodurch die Wasserqualit\u00e4t stabilisiert und die Belastung f\u00fcr Fische und Pflanzen reduziert wird. Ideal f\u00fcr Aquaponiksysteme, die eine konstante Wasserqualit\u00e4t ben\u00f6tigen.<\/p>\t\t\t\t\t\t\t\t<\/div>\n\t\t\t\t<div class=\"elementor-element elementor-element-50085400 elementor-widget elementor-widget-spacer\" data-id=\"50085400\" data-element_type=\"widget\" data-e-type=\"widget\" data-widget_type=\"spacer.default\">\n\t\t\t\t\t\t\t<div class=\"elementor-spacer\">\n\t\t\t<div class=\"elementor-spacer-inner\"><\/div>\n\t\t<\/div>\n\t\t\t\t\t\t<\/div>\n\t\t\t\t<div class=\"elementor-element elementor-element-471ed5f4 elementor-widget elementor-widget-heading\" data-id=\"471ed5f4\" data-element_type=\"widget\" data-e-type=\"widget\" data-widget_type=\"heading.default\">\n\t\t\t\t\t<h2 class=\"elementor-heading-title elementor-size-default\">Anwendungen<\/h2>\t\t\t\t<\/div>\n\t\t\t\t<div class=\"elementor-element elementor-element-3648b1c3 color-scheme-inherit text-left elementor-widget elementor-widget-text-editor\" data-id=\"3648b1c3\" data-element_type=\"widget\" data-e-type=\"widget\" data-widget_type=\"text-editor.default\">\n\t\t\t\t\t\t\t\t\t<p>Geben Sie Microbe-Lift Filtergel gem\u00e4\u00df den Anweisungen des Herstellers in Ihr System. Die regelm\u00e4\u00dfige Anwendung hilft, die Filtereffizienz zu verbessern und das Wasser klar zu halten. Besonders n\u00fctzlich bei erh\u00f6hten Schadstoffwerten oder nach Filterreinigungen.<\/p><p>Sie k\u00f6nnen die Filterbakterien direkt an das Filtermedium binden, damit die Bakterien direkt mit der Besiedelung der Oberfl\u00e4che beginnen.<\/p>\t\t\t\t\t\t\t\t<\/div>\n\t\t\t\t<div class=\"elementor-element elementor-element-30276193 elementor-widget elementor-widget-spacer\" data-id=\"30276193\" data-element_type=\"widget\" data-e-type=\"widget\" data-widget_type=\"spacer.default\">\n\t\t\t\t\t\t\t<div class=\"elementor-spacer\">\n\t\t\t<div class=\"elementor-spacer-inner\"><\/div>\n\t\t<\/div>\n\t\t\t\t\t\t<\/div>\n\t\t\t\t<div class=\"elementor-element elementor-element-5ca262de elementor-widget elementor-widget-heading\" data-id=\"5ca262de\" data-element_type=\"widget\" data-e-type=\"widget\" data-widget_type=\"heading.default\">\n\t\t\t\t\t<h2 class=\"elementor-heading-title elementor-size-default\">Vorteile<\/h2>\t\t\t\t<\/div>\n\t\t\t\t<div class=\"elementor-element elementor-element-6b42cfe3 color-scheme-inherit text-left elementor-widget elementor-widget-text-editor\" data-id=\"6b42cfe3\" data-element_type=\"widget\" data-e-type=\"widget\" data-widget_type=\"text-editor.default\">\n\t\t\t\t\t\t\t\t\t<ul><li data-start=\"1274\" data-end=\"1350\">Unterst\u00fctzt das biologische Gleichgewicht im Aquaponik- und Aquariumsystem<\/li><li data-start=\"1351\" data-end=\"1408\">Neutralisiert sch\u00e4dliche Stoffe wie Ammonium und Nitrit<\/li><li data-start=\"1409\" data-end=\"1470\">Verbessert die Filterleistung und sorgt f\u00fcr klareres Wasser<\/li><li data-start=\"1471\" data-end=\"1521\">In praktischen Gr\u00f6\u00dfen von 0,5L und 1L erh\u00e4ltlich<\/li><li data-start=\"1522\" data-end=\"1592\">Ideal f\u00fcr die Verwendung in neuen oder bestehenden Aquaponiksystemen<\/li><\/ul>\t\t\t\t\t\t\t\t<\/div>\n\t\t\t\t<div class=\"elementor-element elementor-element-43918dee elementor-widget elementor-widget-spacer\" data-id=\"43918dee\" data-element_type=\"widget\" data-e-type=\"widget\" data-widget_type=\"spacer.default\">\n\t\t\t\t\t\t\t<div class=\"elementor-spacer\">\n\t\t\t<div class=\"elementor-spacer-inner\"><\/div>\n\t\t<\/div>\n\t\t\t\t\t\t<\/div>\n\t\t\t\t<div class=\"elementor-element elementor-element-1e3ef102 elementor-widget elementor-widget-heading\" data-id=\"1e3ef102\" data-element_type=\"widget\" data-e-type=\"widget\" data-widget_type=\"heading.default\">\n\t\t\t\t\t<h2 class=\"elementor-heading-title elementor-size-default\">Zusammenfassung<\/h2>\t\t\t\t<\/div>\n\t\t\t\t<div class=\"elementor-element elementor-element-653389e9 color-scheme-inherit text-left elementor-widget elementor-widget-text-editor\" data-id=\"653389e9\" data-element_type=\"widget\" data-e-type=\"widget\" data-widget_type=\"text-editor.default\">\n\t\t\t\t\t\t\t\t\t<p>Microbe-Lift Filtergel ist eine hervorragende Wahl, um die Filterleistung zu verbessern und das biologische Gleichgewicht in Aquaponiksystemen zu f\u00f6rdern. Mit seiner Hilfe k\u00f6nnen Sie stabile und gesunde Wasserbedingungen schaffen, die sowohl Pflanzen als auch Fischen zugutekommen. Ideal f\u00fcr alle Aquarien- und Aquaponikliebhaber, die auf eine zuverl\u00e4ssige Wasserqualit\u00e4t setzen.<\/p>\t\t\t\t\t\t\t\t<\/div>\n\t\t\t\t\t<\/div>\n\t\t\t\t<\/div>\n\t\t\t\t<\/div>\n\t\t","protected":false},"excerpt":{"rendered":"<p>Microbe-Lift Filtergel ist ein leistungsstarkes Filterhilfsmittel, das das biologische Gleichgewicht in Aquaponik- und Aquariumsystemen f\u00f6rdert. Es hilft dabei, sch\u00e4dliche Stoffe zu neutralisieren und die Filterleistung zu verbessern. In den Gr\u00f6\u00dfen 0,5L und 1L erh\u00e4ltlich.<\/p>\n","protected":false},"featured_media":18414,"comment_status":"open","ping_status":"closed","template":"","meta":{"_monsterinsights_skip_tracking":false,"_monsterinsights_sitenote_active":false,"_monsterinsights_sitenote_note":"","_monsterinsights_sitenote_category":0},"product_brand":[],"product_cat":[433],"product_tag":[1172,1173,1174,1175,1070,1071,1169,1170,1171],"class_list":{"0":"post-18408","1":"product","2":"type-product","3":"status-publish","4":"has-post-thumbnail","6":"product_cat-filterung-naehrstoffe","7":"product_tag-bioaktivator","8":"product_tag-filtergel","9":"product_tag-microbe-lift-filtergel","10":"product_tag-starterbakterien","11":"product_tag-biologie","12":"product_tag-startbakterien","13":"product_tag-aquaponik-starter","14":"product_tag-biofilterstarter","15":"product_tag-aquaponik-pflege","16":"pa_hersteller-microbe-lift","18":"first","19":"instock","20":"taxable","21":"shipping-taxable","22":"purchasable","23":"product-type-variable"},"bundled_by":["18665"],"bundle_stock_status":"instock","bundle_stock_quantity":null,"bundle_virtual":false,"bundle_layout":"","bundle_add_to_cart_form_location":"","bundle_editable_in_cart":false,"bundle_sold_individually_context":"","bundle_item_grouping":"","bundle_min_size":"","bundle_max_size":"","bundle_price":[],"bundled_items":[],"bundle_sell_ids":[],"supplier_id":null,"supplier_sku":"","barcode":null,"atum_controlled":true,"out_stock_date":null,"out_stock_threshold":null,"inheritable":false,"inbound_stock":0,"stock_on_hold":0,"sold_today":0,"sales_last_days":0,"reserved_stock":0,"customer_returns":0,"warehouse_damage":0,"lost_in_post":0,"other_logs":0,"out_stock_days":0,"lost_sales":0,"has_location":false,"update_date":"2026-05-03T00:23:49","atum_locations":[],"atum_stock_status":"instock","restock_status":false,"low_stock_amount":"","sales_update_date":"2026-05-03T00:23:49","calc_backorders":null,"tiered_pricing_type":"fixed","tiered_pricing_fixed_rules":[],"tiered_pricing_product_settings":{"layout":"default","base_unit_name":{"singular":null,"plural":null},"default_variation":null},"tiered_pricing_minimum_quantity":null,"tiered_pricing_roles_data":[],"tiered_pricing_percentage_rules":[],"_links":{"self":[{"href":"https:\/\/www.lets-grow.de\/blog\/wp-json\/wp\/v2\/product\/18408","targetHints":{"allow":["GET"]}}],"collection":[{"href":"https:\/\/www.lets-grow.de\/blog\/wp-json\/wp\/v2\/product"}],"about":[{"href":"https:\/\/www.lets-grow.de\/blog\/wp-json\/wp\/v2\/types\/product"}],"replies":[{"embeddable":true,"href":"https:\/\/www.lets-grow.de\/blog\/wp-json\/wp\/v2\/comments?post=18408"}],"version-history":[{"count":0,"href":"https:\/\/www.lets-grow.de\/blog\/wp-json\/wp\/v2\/product\/18408\/revisions"}],"wp:featuredmedia":[{"embeddable":true,"href":"https:\/\/www.lets-grow.de\/blog\/wp-json\/wp\/v2\/media\/18414"}],"wp:attachment":[{"href":"https:\/\/www.lets-grow.de\/blog\/wp-json\/wp\/v2\/media?parent=18408"}],"wp:term":[{"taxonomy":"product_brand","embeddable":true,"href":"https:\/\/www.lets-grow.de\/blog\/wp-json\/wp\/v2\/product_brand?post=18408"},{"taxonomy":"product_cat","embeddable":true,"href":"https:\/\/www.lets-grow.de\/blog\/wp-json\/wp\/v2\/product_cat?post=18408"},{"taxonomy":"product_tag","embeddable":true,"href":"https:\/\/www.lets-grow.de\/blog\/wp-json\/wp\/v2\/product_tag?post=18408"}],"curies":[{"name":"wp","href":"https:\/\/api.w.org\/{rel}","templated":true}]}}