{"id":18397,"date":"2025-02-13T18:27:34","date_gmt":"2025-02-13T17:27:34","guid":{"rendered":"https:\/\/www.lets-grow.de\/blog\/?post_type=product&#038;p=18397"},"modified":"2026-04-22T02:52:41","modified_gmt":"2026-04-22T00:52:41","slug":"garland-gewaechshaus-375-23-18cm","status":"publish","type":"product","link":"https:\/\/www.lets-grow.de\/blog\/shop\/garland-gewaechshaus-375-23-18cm\/","title":{"rendered":"Garland Gew\u00e4chshaus"},"content":{"rendered":"\t\t<div data-elementor-type=\"product-post\" data-elementor-id=\"18397\" class=\"elementor elementor-18397\" data-elementor-post-type=\"product\">\n\t\t\t\t<div class=\"wd-negative-gap elementor-element elementor-element-2e5892bf e-flex e-con-boxed e-con e-parent\" data-id=\"2e5892bf\" data-element_type=\"container\" data-e-type=\"container\">\n\t\t\t\t\t<div class=\"e-con-inner\">\n\t\t\t\t<div class=\"elementor-element elementor-element-2552edbf elementor-widget elementor-widget-heading\" data-id=\"2552edbf\" data-element_type=\"widget\" data-e-type=\"widget\" data-widget_type=\"heading.default\">\n\t\t\t\t\t<h2 class=\"elementor-heading-title elementor-size-default\">Garland Gew\u00e4chshaus \u2013 Perfekt f\u00fcr die Pflanzenanzucht<\/h2>\t\t\t\t<\/div>\n\t\t\t\t<div class=\"elementor-element elementor-element-2d35256a color-scheme-inherit text-left elementor-widget elementor-widget-text-editor\" data-id=\"2d35256a\" data-element_type=\"widget\" data-e-type=\"widget\" data-widget_type=\"text-editor.default\">\n\t\t\t\t\t\t\t\t\t<p>Dieses Mini-Gew\u00e4chshaus von <strong data-start=\"367\" data-end=\"378\">Garland<\/strong> ist die ideale L\u00f6sung f\u00fcr Hobbyg\u00e4rtner und Profis, die ihre Pflanzen bereits im fr\u00fchen Stadium optimal versorgen m\u00f6chten. Mit seiner kompakten Gr\u00f6\u00dfe passt es auf jede Fensterbank oder in kleine Anzuchtsysteme \u2013 besonders in Kombination mit unseren <strong data-start=\"627\" data-end=\"655\">Heizmatten (15 W \/ 30 W)<\/strong> f\u00fcr gleichm\u00e4\u00dfige Bodentemperaturen.<\/p>\t\t\t\t\t\t\t\t<\/div>\n\t\t\t\t<div class=\"elementor-element elementor-element-818ec44 elementor-widget elementor-widget-spacer\" data-id=\"818ec44\" data-element_type=\"widget\" data-e-type=\"widget\" data-widget_type=\"spacer.default\">\n\t\t\t\t\t\t\t<div class=\"elementor-spacer\">\n\t\t\t<div class=\"elementor-spacer-inner\"><\/div>\n\t\t<\/div>\n\t\t\t\t\t\t<\/div>\n\t\t\t\t<div class=\"elementor-element elementor-element-e06c94d elementor-widget elementor-widget-heading\" data-id=\"e06c94d\" data-element_type=\"widget\" data-e-type=\"widget\" data-widget_type=\"heading.default\">\n\t\t\t\t\t<h2 class=\"elementor-heading-title elementor-size-default\">Anwendungen<\/h2>\t\t\t\t<\/div>\n\t\t\t\t<div class=\"elementor-element elementor-element-2c43b82a color-scheme-inherit text-left elementor-widget elementor-widget-text-editor\" data-id=\"2c43b82a\" data-element_type=\"widget\" data-e-type=\"widget\" data-widget_type=\"text-editor.default\">\n\t\t\t\t\t\t\t\t\t<p>\ud83c\udf31 <strong data-start=\"718\" data-end=\"735\">Samenanzucht:<\/strong> Gleichm\u00e4\u00dfige Keimbedingungen f\u00fcr Gem\u00fcse, Kr\u00e4uter &amp; Blumen<br data-start=\"793\" data-end=\"796\" \/>\ud83c\udf31 <strong data-start=\"799\" data-end=\"824\">Stecklingsvermehrung:<\/strong> Optimales Klima f\u00fcr gesunde Wurzelbildung<br data-start=\"866\" data-end=\"869\" \/>\ud83c\udf31 <strong data-start=\"872\" data-end=\"899\">Hydroponik &amp; Aquaponik:<\/strong> Perfekt f\u00fcr Anzuchtt\u00f6pfe, Mini-Systeme &amp; Growtrays<br data-start=\"950\" data-end=\"953\" \/>\ud83c\udf31 <strong data-start=\"956\" data-end=\"990\">In Kombination mit Heizmatten:<\/strong> Unterst\u00fctzt Keimung auch bei k\u00fchlen Raumtemperaturen<\/p>\t\t\t\t\t\t\t\t<\/div>\n\t\t\t\t<div class=\"elementor-element elementor-element-70b173a8 elementor-widget elementor-widget-spacer\" data-id=\"70b173a8\" data-element_type=\"widget\" data-e-type=\"widget\" data-widget_type=\"spacer.default\">\n\t\t\t\t\t\t\t<div class=\"elementor-spacer\">\n\t\t\t<div class=\"elementor-spacer-inner\"><\/div>\n\t\t<\/div>\n\t\t\t\t\t\t<\/div>\n\t\t\t\t<div class=\"elementor-element elementor-element-7d085f59 elementor-widget elementor-widget-heading\" data-id=\"7d085f59\" data-element_type=\"widget\" data-e-type=\"widget\" data-widget_type=\"heading.default\">\n\t\t\t\t\t<h2 class=\"elementor-heading-title elementor-size-default\">Vorteile<\/h2>\t\t\t\t<\/div>\n\t\t\t\t<div class=\"elementor-element elementor-element-20bc469a color-scheme-inherit text-left elementor-widget elementor-widget-text-editor\" data-id=\"20bc469a\" data-element_type=\"widget\" data-e-type=\"widget\" data-widget_type=\"text-editor.default\">\n\t\t\t\t\t\t\t\t\t<p>\u2714 <strong data-start=\"1066\" data-end=\"1092\">Perfektes Anzuchtklima<\/strong> \u2013 Konstante Luftfeuchtigkeit &amp; stabile Temperatur<br data-start=\"1142\" data-end=\"1145\" \/>\u2714 <strong data-start=\"1147\" data-end=\"1172\">Bel\u00fcftung regulierbar<\/strong> \u2013 Verstellbare \u00d6ffnungen im Deckel f\u00fcr ideale Luftzirkulation<br data-start=\"1234\" data-end=\"1237\" \/>\u2714 <strong data-start=\"1239\" data-end=\"1258\">Robustes Design<\/strong> \u2013 Langlebig &amp; stabil f\u00fcr wiederholte Nutzung<br data-start=\"1303\" data-end=\"1306\" \/>\u2714 <strong data-start=\"1308\" data-end=\"1324\">Platzsparend<\/strong> \u2013 Ideal f\u00fcr Fensterbank, Indoor-Garten oder kleine Anzuchtstationen<br data-start=\"1392\" data-end=\"1395\" \/>\u2714 <strong data-start=\"1397\" data-end=\"1422\">Vielseitig einsetzbar<\/strong> \u2013 F\u00fcr Samenanzucht, Stecklinge &amp; Mikrogreens<br data-start=\"1467\" data-end=\"1470\" \/>\u2714 <strong data-start=\"1472\" data-end=\"1511\" data-is-only-node=\"\">Optimal mit Heizmatten kombinierbar<\/strong> \u2013 F\u00fcr gleichm\u00e4\u00dfige W\u00e4rme und schnellere Keimung<\/p>\t\t\t\t\t\t\t\t<\/div>\n\t\t\t\t<div class=\"elementor-element elementor-element-b288e24 wd-width-100 elementor-widget elementor-widget-wd_products\" data-id=\"b288e24\" data-element_type=\"widget\" data-e-type=\"widget\" data-widget_type=\"wd_products.default\">\n\t\t\t\t<div class=\"elementor-widget-container\">\n\t\t\t\t\t\t\t\t\t\t<div class=\"wd-products-element\">\n\n\t\t\t\n\t\t\t\n\t\t\t\n\t\t\t<div class=\"products wd-products elements-list wd-grid-g wd-loop-builder-off wd-quantity-enabled\" data-paged=\"1\" data-atts=\"{&quot;speed&quot;:null,&quot;slides_per_view&quot;:null,&quot;wrap&quot;:null,&quot;autoplay&quot;:null,&quot;autoheight&quot;:null,&quot;hide_pagination_control&quot;:null,&quot;dynamic_pagination_control&quot;:null,&quot;hide_prev_next_buttons&quot;:null,&quot;carousel_arrows_position&quot;:null,&quot;hide_scrollbar&quot;:null,&quot;scroll_per_page&quot;:null,&quot;center_mode&quot;:null,&quot;post_type&quot;:&quot;ids&quot;,&quot;spacing&quot;:null,&quot;carousel_sync&quot;:null,&quot;sync_parent_id&quot;:null,&quot;sync_child_id&quot;:null,&quot;scroll_carousel_init&quot;:null,&quot;disable_overflow_carousel&quot;:null,&quot;include&quot;:[&quot;20913&quot;,&quot;20914&quot;],&quot;taxonomies&quot;:null,&quot;offset&quot;:null,&quot;order&quot;:null,&quot;meta_key&quot;:null,&quot;exclude&quot;:null,&quot;shop_tools&quot;:null,&quot;ajax_recently_viewed&quot;:null,&quot;layout&quot;:&quot;list&quot;,&quot;pagination_arrows_position&quot;:null,&quot;items_per_page&quot;:2,&quot;list_spacing&quot;:&quot;&quot;,&quot;columns&quot;:null,&quot;products_masonry&quot;:null,&quot;products_different_sizes&quot;:null,&quot;product_quantity&quot;:&quot;&quot;,&quot;product_hover&quot;:null,&quot;product_custom_hover&quot;:null,&quot;sale_countdown&quot;:&quot;0&quot;,&quot;stretch_product&quot;:null,&quot;stock_progress_bar&quot;:&quot;0&quot;,&quot;highlighted_products&quot;:&quot;0&quot;,&quot;products_divider&quot;:null,&quot;products_bordered_grid&quot;:&quot;0&quot;,&quot;products_bordered_grid_style&quot;:null,&quot;products_with_background&quot;:&quot;&quot;,&quot;products_shadow&quot;:&quot;0&quot;,&quot;img_size&quot;:&quot;medium&quot;,&quot;img_size_custom&quot;:null,&quot;grid_gallery_control&quot;:null,&quot;grid_gallery_enable_arrows&quot;:null,&quot;elementor&quot;:true,&quot;force_not_ajax&quot;:&quot;no&quot;}\" data-source=\"shortcode\" data-columns=\"\" style=\"--wd-col-lg:1;--wd-col-md:1;--wd-col-sm:1;\">\n\t\t\n\t\t\t\t\t\t\t\t<div class=\"wd-product wd-col product-list-item wd-quantity product-grid-item product type-product post-20913 status-publish instock has-post-thumbnail taxable shipping-taxable purchasable product-type-variation\" data-loop=\"1\" data-id=\"20913\">\n\t\n\t<div class=\"wd-product-wrapper product-wrapper\">\n\t\t<div class=\"wd-product-thumb product-element-top wd-quick-shop\">\n\t\t\t<a href=\"https:\/\/www.lets-grow.de\/blog\/shop\/heizmatte-fuer-mini-gewaechshaeuser-15w-30w\/?attribute_pa_stromverbrauch-max=15w\" class=\"wd-product-img-link product-image-link\" tabindex=\"-1\" aria-label=\"Heizmatte f\u00fcr Mini-Gew\u00e4chsh\u00e4user &#8211; 15W\">\n\t\t\t\t<img decoding=\"async\" width=\"300\" height=\"300\" src=\"https:\/\/www.lets-grow.de\/blog\/wp-content\/uploads\/2025\/11\/Heizmatte_15w-300x300.webp\" class=\"attachment-medium size-medium\" alt=\"\" srcset=\"https:\/\/www.lets-grow.de\/blog\/wp-content\/uploads\/2025\/11\/Heizmatte_15w-300x300.webp 300w, https:\/\/www.lets-grow.de\/blog\/wp-content\/uploads\/2025\/11\/Heizmatte_15w-150x150.webp 150w, https:\/\/www.lets-grow.de\/blog\/wp-content\/uploads\/2025\/11\/Heizmatte_15w-768x768.webp 768w, https:\/\/www.lets-grow.de\/blog\/wp-content\/uploads\/2025\/11\/Heizmatte_15w-430x430.webp 430w, https:\/\/www.lets-grow.de\/blog\/wp-content\/uploads\/2025\/11\/Heizmatte_15w-190x190.webp 190w, https:\/\/www.lets-grow.de\/blog\/wp-content\/uploads\/2025\/11\/Heizmatte_15w.webp 800w\" sizes=\"(max-width: 300px) 100vw, 300px\" \/>\t\t\t<\/a>\n\n\t\t\t\n\t\t\t<div class=\"wd-buttons wd-pos-r-t\">\n\t\t\t\t\t\t\t\t\t\t<div class=\"wd-quick-view-btn wd-quick-view-icon wd-action-btn wd-style-icon\">\n\t\t\t<a\n\t\t\t\thref=\"https:\/\/www.lets-grow.de\/blog\/shop\/heizmatte-fuer-mini-gewaechshaeuser-15w-30w\/?attribute_pa_stromverbrauch-max=15w\"\n\t\t\t\tclass=\"open-quick-view\"\n\t\t\t\trel=\"nofollow\"\n\t\t\t\tdata-id=\"20913\"\n\t\t\t\tdata-attribute='{\"attribute_pa_stromverbrauch-max\":\"15w\"}'>\n\t\t\t\t\t<span class=\"wd-action-icon\"><\/span>\n\t\t\t\t\t<span class=\"wd-action-text\">\n\t\t\t\t\t\tSchnellansicht\t\t\t\t\t<\/span>\n\t\t\t<\/a>\n\t\t<\/div>\n\t\t\t\t\t\t\t\t\t\t\t\t\t<div class=\"wd-wishlist-btn wd-action-btn wd-style-icon wd-wishlist-icon\">\n\t\t\t\t<a class=\"\" href=\"https:\/\/www.lets-grow.de\/blog\/wishlist\/\" data-key=\"53efd5917d\" data-product-id=\"20913\" rel=\"nofollow\">\n\t\t\t\t\t<span class=\"wd-action-icon\">\n\t\t\t\t\t\t<span class=\"wd-check-icon\"><\/span>\n\t\t\t\t\t<\/span>\n\t\t\t\t\t<span class=\"wd-action-text\">Zur Wunschliste hinzuf\u00fcgen<\/span>\n\t\t\t\t<\/a>\n\t\t\t<\/div>\n\t\t\t\t\t<\/div>\n\t\t<\/div>\n\n\t\t<div class=\"product-list-content wd-scroll\">\n\t\t\t<h3 class=\"wd-entities-title\"><a href=\"https:\/\/www.lets-grow.de\/blog\/shop\/heizmatte-fuer-mini-gewaechshaeuser-15w-30w\/?attribute_pa_stromverbrauch-max=15w\">Heizmatte f\u00fcr Mini-Gew\u00e4chsh\u00e4user &#8211; 15W<\/a><\/h3>\t\t\t\t\t\t\t\t\n\t\t\t\t<div class=\"star-rating\" role=\"img\" aria-label=\"Bewertet mit 0 von 5\">\n\t\t\t\t\t<span style=\"width:0%\">\n\t\t\tBewertet mit <strong class=\"rating\">0<\/strong> von 5\t\t<\/span>\n\t\t\t\t<\/div>\n\n\t\t\n\t\t\t\t\t\t\t\t\t\t\n\t<span class=\"price\">\t\t<span class=\"tiered-pricing-dynamic-price-wrapper\"\n\t\t\t  data-display-context=\"shop-loop\"\n\t\t\t  data-price-type=\"no-rules\"\n\t\t\t  data-product-id=\"20913\"\n\t\t\t  data-parent-id=\"20912\">\n\t\t\t<span class=\"woocommerce-Price-amount amount\"><bdi>18,99&nbsp;<span class=\"woocommerce-Price-currencySymbol\">&euro;<\/span><\/bdi><\/span><\/span><\/span>\n\t\t\t\t\t\t<div class=\"woocommerce-product-details__short-description\">\n\t<p>Stromverbrauch max.: 15W<\/p>\n<\/div>\n\t\t\t\n\t\t\t\n\t\t\t\n\t\t\t<div class=\"wd-add-btn wd-add-btn-replace\">\n\t\t\t\t\t\t\t\t\t\n<div class=\"quantity\">\n\t\n\t\t\t<input type=\"button\" value=\"-\" class=\"minus btn\" aria-label=\"Decrease quantity\" \/>\n\t\n\t<label class=\"screen-reader-text\" for=\"quantity_69f700dcc5786\">Heizmatte f\u00fcr Mini-Gew\u00e4chsh\u00e4user Menge<\/label>\n\t<input\n\t\ttype=\"number\"\n\t\t\t\tid=\"quantity_69f700dcc5786\"\n\t\tclass=\"input-text qty text quantity-input-product-20913\"\n\t\tvalue=\"1\"\n\t\taria-label=\"Produktmenge\"\n\t\t\t\tmin=\"1\"\n\t\t\t\t\tmax=\"3\"\n\t\t\t\tname=\"quantity\"\n\n\t\t\t\t\tstep=\"1\"\n\t\t\tplaceholder=\"\"\n\t\t\tinputmode=\"numeric\"\n\t\t\tautocomplete=\"off\"\n\t\t\t>\n\n\t\t\t<input type=\"button\" value=\"+\" class=\"plus btn\" aria-label=\"Increase quantity\" \/>\n\t\n\t<\/div>\n\t\t\t\t\n\t\t\t\t<a href=\"https:\/\/www.lets-grow.de\/blog\/shop\/heizmatte-fuer-mini-gewaechshaeuser-15w-30w\/?attribute_pa_stromverbrauch-max=15w&#038;variation_id=20913&#038;add-to-cart=20912\" aria-describedby=\"woocommerce_loop_add_to_cart_link_describedby_20913\" data-quantity=\"1\" class=\"button product_type_variation add_to_cart_button ajax_add_to_cart add-to-cart-loop\" data-product_id=\"20913\" data-product_sku=\"672245\" aria-label=\"In den Warenkorb legen: \u201eHeizmatte f\u00fcr Mini-Gew\u00e4chsh\u00e4user - 15W\u201c\" rel=\"nofollow\" data-success_message=\"\u201eHeizmatte f\u00fcr Mini-Gew\u00e4chsh\u00e4user - 15W\u201c wurde deinem Warenkorb hinzugef\u00fcgt\" role=\"button\"><span class=\"wd-action-icon\"><span class=\"wd-check-icon\"><\/span><\/span><span class=\"wd-action-text\">In den Warenkorb<\/span><\/a>\t<span id=\"woocommerce_loop_add_to_cart_link_describedby_20913\" class=\"screen-reader-text\">\n\t\t\t<\/span>\n\t\t\t<\/div>\n\n\t\t\t\t\t<\/div>\n\t<\/div>\n<\/div>\n\t\t\t\t\t\t\t\t<div class=\"wd-product wd-col product-list-item wd-quantity product-grid-item product type-product post-20914 status-publish instock has-post-thumbnail taxable shipping-taxable purchasable product-type-variation\" data-loop=\"2\" data-id=\"20914\">\n\t\n\t<div class=\"wd-product-wrapper product-wrapper\">\n\t\t<div class=\"wd-product-thumb product-element-top wd-quick-shop\">\n\t\t\t<a href=\"https:\/\/www.lets-grow.de\/blog\/shop\/heizmatte-fuer-mini-gewaechshaeuser-15w-30w\/?attribute_pa_stromverbrauch-max=30w\" class=\"wd-product-img-link product-image-link\" tabindex=\"-1\" aria-label=\"Heizmatte f\u00fcr Mini-Gew\u00e4chsh\u00e4user &#8211; 30W\">\n\t\t\t\t<img decoding=\"async\" width=\"300\" height=\"300\" src=\"https:\/\/www.lets-grow.de\/blog\/wp-content\/uploads\/2025\/11\/Heizmatte_30w-300x300.webp\" class=\"attachment-medium size-medium\" alt=\"\" srcset=\"https:\/\/www.lets-grow.de\/blog\/wp-content\/uploads\/2025\/11\/Heizmatte_30w-300x300.webp 300w, https:\/\/www.lets-grow.de\/blog\/wp-content\/uploads\/2025\/11\/Heizmatte_30w-150x150.webp 150w, https:\/\/www.lets-grow.de\/blog\/wp-content\/uploads\/2025\/11\/Heizmatte_30w-768x768.webp 768w, https:\/\/www.lets-grow.de\/blog\/wp-content\/uploads\/2025\/11\/Heizmatte_30w-430x430.webp 430w, https:\/\/www.lets-grow.de\/blog\/wp-content\/uploads\/2025\/11\/Heizmatte_30w-190x190.webp 190w, https:\/\/www.lets-grow.de\/blog\/wp-content\/uploads\/2025\/11\/Heizmatte_30w.webp 800w\" sizes=\"(max-width: 300px) 100vw, 300px\" \/>\t\t\t<\/a>\n\n\t\t\t\n\t\t\t<div class=\"wd-buttons wd-pos-r-t\">\n\t\t\t\t\t\t\t\t\t\t<div class=\"wd-quick-view-btn wd-quick-view-icon wd-action-btn wd-style-icon\">\n\t\t\t<a\n\t\t\t\thref=\"https:\/\/www.lets-grow.de\/blog\/shop\/heizmatte-fuer-mini-gewaechshaeuser-15w-30w\/?attribute_pa_stromverbrauch-max=30w\"\n\t\t\t\tclass=\"open-quick-view\"\n\t\t\t\trel=\"nofollow\"\n\t\t\t\tdata-id=\"20914\"\n\t\t\t\tdata-attribute='{\"attribute_pa_stromverbrauch-max\":\"30w\"}'>\n\t\t\t\t\t<span class=\"wd-action-icon\"><\/span>\n\t\t\t\t\t<span class=\"wd-action-text\">\n\t\t\t\t\t\tSchnellansicht\t\t\t\t\t<\/span>\n\t\t\t<\/a>\n\t\t<\/div>\n\t\t\t\t\t\t\t\t\t\t\t\t\t<div class=\"wd-wishlist-btn wd-action-btn wd-style-icon wd-wishlist-icon\">\n\t\t\t\t<a class=\"\" href=\"https:\/\/www.lets-grow.de\/blog\/wishlist\/\" data-key=\"53efd5917d\" data-product-id=\"20914\" rel=\"nofollow\">\n\t\t\t\t\t<span class=\"wd-action-icon\">\n\t\t\t\t\t\t<span class=\"wd-check-icon\"><\/span>\n\t\t\t\t\t<\/span>\n\t\t\t\t\t<span class=\"wd-action-text\">Zur Wunschliste hinzuf\u00fcgen<\/span>\n\t\t\t\t<\/a>\n\t\t\t<\/div>\n\t\t\t\t\t<\/div>\n\t\t<\/div>\n\n\t\t<div class=\"product-list-content wd-scroll\">\n\t\t\t<h3 class=\"wd-entities-title\"><a href=\"https:\/\/www.lets-grow.de\/blog\/shop\/heizmatte-fuer-mini-gewaechshaeuser-15w-30w\/?attribute_pa_stromverbrauch-max=30w\">Heizmatte f\u00fcr Mini-Gew\u00e4chsh\u00e4user &#8211; 30W<\/a><\/h3>\t\t\t\t\t\t\t\t\n\t\t\t\t<div class=\"star-rating\" role=\"img\" aria-label=\"Bewertet mit 0 von 5\">\n\t\t\t\t\t<span style=\"width:0%\">\n\t\t\tBewertet mit <strong class=\"rating\">0<\/strong> von 5\t\t<\/span>\n\t\t\t\t<\/div>\n\n\t\t\n\t\t\t\t\t\t\t\t\t\t\n\t<span class=\"price\">\t\t<span class=\"tiered-pricing-dynamic-price-wrapper\"\n\t\t\t  data-display-context=\"shop-loop\"\n\t\t\t  data-price-type=\"no-rules\"\n\t\t\t  data-product-id=\"20914\"\n\t\t\t  data-parent-id=\"20912\">\n\t\t\t<span class=\"woocommerce-Price-amount amount\"><bdi>22,99&nbsp;<span class=\"woocommerce-Price-currencySymbol\">&euro;<\/span><\/bdi><\/span><\/span><\/span>\n\t\t\t\t\t\t<div class=\"woocommerce-product-details__short-description\">\n\t<p>Stromverbrauch max.: 30W<\/p>\n<\/div>\n\t\t\t\n\t\t\t\n\t\t\t\n\t\t\t<div class=\"wd-add-btn wd-add-btn-replace\">\n\t\t\t\t\t\t\t\t\t\n<div class=\"quantity hidden\">\n\t\n\t\n\t<label class=\"screen-reader-text\" for=\"quantity_69f700dcc9a5f\">Heizmatte f\u00fcr Mini-Gew\u00e4chsh\u00e4user Menge<\/label>\n\t<input\n\t\ttype=\"hidden\"\n\t\t\t\tid=\"quantity_69f700dcc9a5f\"\n\t\tclass=\"input-text qty text quantity-input-product-20914\"\n\t\tvalue=\"1\"\n\t\taria-label=\"Produktmenge\"\n\t\t\t\tmin=\"1\"\n\t\t\t\t\tmax=\"1\"\n\t\t\t\tname=\"quantity\"\n\n\t\t\t\t\tstep=\"1\"\n\t\t\tplaceholder=\"\"\n\t\t\tinputmode=\"numeric\"\n\t\t\tautocomplete=\"off\"\n\t\t\t>\n\n\t\n\t<\/div>\n\t\t\t\t\n\t\t\t\t<a href=\"https:\/\/www.lets-grow.de\/blog\/shop\/heizmatte-fuer-mini-gewaechshaeuser-15w-30w\/?attribute_pa_stromverbrauch-max=30w&#038;variation_id=20914&#038;add-to-cart=20912\" aria-describedby=\"woocommerce_loop_add_to_cart_link_describedby_20914\" data-quantity=\"1\" class=\"button product_type_variation add_to_cart_button ajax_add_to_cart add-to-cart-loop\" data-product_id=\"20914\" data-product_sku=\"672244\" aria-label=\"In den Warenkorb legen: \u201eHeizmatte f\u00fcr Mini-Gew\u00e4chsh\u00e4user - 30W\u201c\" rel=\"nofollow\" data-success_message=\"\u201eHeizmatte f\u00fcr Mini-Gew\u00e4chsh\u00e4user - 30W\u201c wurde deinem Warenkorb hinzugef\u00fcgt\" role=\"button\"><span class=\"wd-action-icon\"><span class=\"wd-check-icon\"><\/span><\/span><span class=\"wd-action-text\">In den Warenkorb<\/span><\/a>\t<span id=\"woocommerce_loop_add_to_cart_link_describedby_20914\" class=\"screen-reader-text\">\n\t\t\t<\/span>\n\t\t\t<\/div>\n\n\t\t\t\t\t<\/div>\n\t<\/div>\n<\/div>\n\t\t\n\t\t\t\t<\/div>\n\t\n\t\t\n\t\t\n\t\t\t\t\t<\/div>\n\t\t\n\t\t\t\t\t\t<\/div>\n\t\t\t\t<\/div>\n\t\t\t\t<div class=\"elementor-element elementor-element-1097297a elementor-widget elementor-widget-spacer\" data-id=\"1097297a\" data-element_type=\"widget\" data-e-type=\"widget\" data-widget_type=\"spacer.default\">\n\t\t\t\t\t\t\t<div class=\"elementor-spacer\">\n\t\t\t<div class=\"elementor-spacer-inner\"><\/div>\n\t\t<\/div>\n\t\t\t\t\t\t<\/div>\n\t\t\t\t<div class=\"elementor-element elementor-element-341108f0 elementor-widget elementor-widget-heading\" data-id=\"341108f0\" data-element_type=\"widget\" data-e-type=\"widget\" data-widget_type=\"heading.default\">\n\t\t\t\t\t<h2 class=\"elementor-heading-title elementor-size-default\">Technische Daten<\/h2>\t\t\t\t<\/div>\n\t\t\t\t<div class=\"elementor-element elementor-element-4f9791fd color-scheme-inherit text-left elementor-widget elementor-widget-text-editor\" data-id=\"4f9791fd\" data-element_type=\"widget\" data-e-type=\"widget\" data-widget_type=\"text-editor.default\">\n\t\t\t\t\t\t\t\t\t<table>\n  <thead>\n    <tr>\n      <th>Modell<\/th>\n      <th>Au\u00dfenma\u00df (ca.)<\/th>\n      <th>Passende Heizmatte<\/th>\n    <\/tr>\n  <\/thead>\n  <tbody>\n    <tr>\n      <td>Garland Gew\u00e4chshaus S<\/td>\n      <td>37,5 \u00d7 23 \u00d7 18 cm<\/td>\n      <td>Heizmatte 35 \u00d7 20 cm (15 W)<\/td>\n    <\/tr>\n    <tr>\n      <td>Garland Gew\u00e4chshaus L<\/td>\n      <td>58 \u00d7 40 \u00d7 22,5 cm<\/td>\n      <td>Heizmatte 55 \u00d7 35 cm (30 W)<\/td>\n    <\/tr>\n  <\/tbody>\n<\/table>\t\t\t\t\t\t\t\t<\/div>\n\t\t\t\t<div class=\"elementor-element elementor-element-3edf96c elementor-widget elementor-widget-spacer\" data-id=\"3edf96c\" data-element_type=\"widget\" data-e-type=\"widget\" data-widget_type=\"spacer.default\">\n\t\t\t\t\t\t\t<div class=\"elementor-spacer\">\n\t\t\t<div class=\"elementor-spacer-inner\"><\/div>\n\t\t<\/div>\n\t\t\t\t\t\t<\/div>\n\t\t\t\t<div class=\"elementor-element elementor-element-08b177b elementor-widget elementor-widget-heading\" data-id=\"08b177b\" data-element_type=\"widget\" data-e-type=\"widget\" data-widget_type=\"heading.default\">\n\t\t\t\t\t<h2 class=\"elementor-heading-title elementor-size-default\">Zusammenfassung<\/h2>\t\t\t\t<\/div>\n\t\t\t\t<div class=\"elementor-element elementor-element-02af04a color-scheme-inherit text-left elementor-widget elementor-widget-text-editor\" data-id=\"02af04a\" data-element_type=\"widget\" data-e-type=\"widget\" data-widget_type=\"text-editor.default\">\n\t\t\t\t\t\t\t\t\t<p>Das <strong data-start=\"1868\" data-end=\"1891\">Garland Gew\u00e4chshaus<\/strong> ist eine praktische L\u00f6sung f\u00fcr eine erfolgreiche Pflanzenaufzucht. In Verbindung mit den passenden <strong data-start=\"1991\" data-end=\"2005\">Heizmatten<\/strong> entsteht ein stabiles, warmes Mikroklima f\u00fcr eine sichere Keimung und gesunde Jungpflanzen. Egal ob f\u00fcr Samen, Stecklinge oder Kr\u00e4uter \u2013 mit diesem Mini-Gew\u00e4chshaus starten Ihre Pflanzen unter besten Bedingungen!<\/p>\t\t\t\t\t\t\t\t<\/div>\n\t\t\t\t\t<\/div>\n\t\t\t\t<\/div>\n\t\t\t\t<\/div>\n\t\t","protected":false},"excerpt":{"rendered":"<p>Das kompakte <strong data-start=\"529\" data-end=\"572\">Garland Gew\u00e4chshaus (37,5 x 23 x 18 cm)<\/strong> ist perfekt f\u00fcr die Anzucht von Pflanzen, Stecklingen und Kr\u00e4utern. Es verf\u00fcgt \u00fcber eine stabile Kunststoffschale und eine transparente Haube mit Bel\u00fcftungsschiebern, um das Klima optimal zu regulieren. Ideal f\u00fcr Fensterbank, Indoor-Gardening oder kleine G\u00e4rtnereien. F\u00f6rdert schnelles Wachstum durch konstante Feuchtigkeit &amp; W\u00e4rme.<\/p>\n","protected":false},"featured_media":18403,"comment_status":"open","ping_status":"closed","template":"","meta":{"_monsterinsights_skip_tracking":false,"_monsterinsights_sitenote_active":false,"_monsterinsights_sitenote_note":"","_monsterinsights_sitenote_category":0},"product_brand":[],"product_cat":[560],"product_tag":[844,1162,1163,1164,1165,1166,1167,825,2074],"class_list":{"0":"post-18397","1":"product","2":"type-product","3":"status-publish","4":"has-post-thumbnail","6":"product_cat-toepfe-schalen","7":"product_tag-anzucht","8":"product_tag-garland-gewaechshaus","9":"product_tag-anzucht-gewaechshaus","10":"product_tag-stecklingsbox","11":"product_tag-zimmergewaechshaus","12":"product_tag-keimbox","13":"product_tag-gewaechshaus","14":"product_tag-mini-gewaechshaus","15":"product_tag-glaskasten","16":"pa_hersteller-garland","18":"first","19":"instock","20":"taxable","21":"shipping-taxable","22":"purchasable","23":"product-type-variable","24":"has-default-attributes"},"bundled_by":["18665","18667","18709"],"bundle_stock_status":"instock","bundle_stock_quantity":3,"bundle_virtual":false,"bundle_layout":"","bundle_add_to_cart_form_location":"","bundle_editable_in_cart":false,"bundle_sold_individually_context":"","bundle_item_grouping":"","bundle_min_size":"","bundle_max_size":"","bundle_price":[],"bundled_items":[],"bundle_sell_ids":[],"supplier_id":null,"supplier_sku":"","barcode":null,"atum_controlled":true,"out_stock_date":null,"out_stock_threshold":null,"inheritable":true,"inbound_stock":0,"stock_on_hold":0,"sold_today":0,"sales_last_days":4,"reserved_stock":0,"customer_returns":0,"warehouse_damage":0,"lost_in_post":0,"other_logs":0,"out_stock_days":0,"lost_sales":0,"has_location":false,"update_date":"2026-05-03T00:23:55","atum_locations":[],"atum_stock_status":"instock","restock_status":false,"low_stock_amount":"","sales_update_date":"2026-05-03T00:23:55","calc_backorders":null,"tiered_pricing_type":"fixed","tiered_pricing_fixed_rules":[],"tiered_pricing_product_settings":{"layout":"default","base_unit_name":{"singular":null,"plural":null},"default_variation":null},"tiered_pricing_minimum_quantity":null,"tiered_pricing_roles_data":[],"tiered_pricing_percentage_rules":[],"_links":{"self":[{"href":"https:\/\/www.lets-grow.de\/blog\/wp-json\/wp\/v2\/product\/18397","targetHints":{"allow":["GET"]}}],"collection":[{"href":"https:\/\/www.lets-grow.de\/blog\/wp-json\/wp\/v2\/product"}],"about":[{"href":"https:\/\/www.lets-grow.de\/blog\/wp-json\/wp\/v2\/types\/product"}],"replies":[{"embeddable":true,"href":"https:\/\/www.lets-grow.de\/blog\/wp-json\/wp\/v2\/comments?post=18397"}],"version-history":[{"count":6,"href":"https:\/\/www.lets-grow.de\/blog\/wp-json\/wp\/v2\/product\/18397\/revisions"}],"predecessor-version":[{"id":21265,"href":"https:\/\/www.lets-grow.de\/blog\/wp-json\/wp\/v2\/product\/18397\/revisions\/21265"}],"wp:featuredmedia":[{"embeddable":true,"href":"https:\/\/www.lets-grow.de\/blog\/wp-json\/wp\/v2\/media\/18403"}],"wp:attachment":[{"href":"https:\/\/www.lets-grow.de\/blog\/wp-json\/wp\/v2\/media?parent=18397"}],"wp:term":[{"taxonomy":"product_brand","embeddable":true,"href":"https:\/\/www.lets-grow.de\/blog\/wp-json\/wp\/v2\/product_brand?post=18397"},{"taxonomy":"product_cat","embeddable":true,"href":"https:\/\/www.lets-grow.de\/blog\/wp-json\/wp\/v2\/product_cat?post=18397"},{"taxonomy":"product_tag","embeddable":true,"href":"https:\/\/www.lets-grow.de\/blog\/wp-json\/wp\/v2\/product_tag?post=18397"}],"curies":[{"name":"wp","href":"https:\/\/api.w.org\/{rel}","templated":true}]}}