{"id":18380,"date":"2025-02-13T17:59:21","date_gmt":"2025-02-13T16:59:21","guid":{"rendered":"https:\/\/www.lets-grow.de\/blog\/?post_type=product&#038;p=18380"},"modified":"2026-03-17T17:27:24","modified_gmt":"2026-03-17T16:27:24","slug":"biobizz-light-mix-50l","status":"publish","type":"product","link":"https:\/\/www.lets-grow.de\/blog\/shop\/biobizz-light-mix-50l\/","title":{"rendered":"Biobizz Light-Mix 50L"},"content":{"rendered":"\t\t<div data-elementor-type=\"product-post\" data-elementor-id=\"18380\" class=\"elementor elementor-18380\" data-elementor-post-type=\"product\">\n\t\t\t\t<div class=\"wd-negative-gap elementor-element elementor-element-75729715 e-flex e-con-boxed e-con e-parent\" data-id=\"75729715\" data-element_type=\"container\" data-e-type=\"container\">\n\t\t\t\t\t<div class=\"e-con-inner\">\n\t\t\t\t<div class=\"elementor-element elementor-element-7b03fc37 elementor-widget elementor-widget-heading\" data-id=\"7b03fc37\" data-element_type=\"widget\" data-e-type=\"widget\" data-widget_type=\"heading.default\">\n\t\t\t\t\t<h2 class=\"elementor-heading-title elementor-size-default\">Biobizz Light-Mix \u2013 Die ideale Anzuchterde f\u00fcr gesundes Pflanzenwachstum<\/h2>\t\t\t\t<\/div>\n\t\t\t\t<div class=\"elementor-element elementor-element-5b41f63a color-scheme-inherit text-left elementor-widget elementor-widget-text-editor\" data-id=\"5b41f63a\" data-element_type=\"widget\" data-e-type=\"widget\" data-widget_type=\"text-editor.default\">\n\t\t\t\t\t\t\t\t\t<p>Biobizz Light-Mix ist eine hochwertige, leicht vorged\u00fcngte Bio-Erde, die speziell f\u00fcr junge Pflanzen, Stecklinge und Setzlinge entwickelt wurde. Dank der lockeren Struktur erm\u00f6glicht sie eine optimale Sauerstoffversorgung der Wurzeln und sorgt f\u00fcr eine schnelle, gesunde Entwicklung.<\/p>\t\t\t\t\t\t\t\t<\/div>\n\t\t\t\t<div class=\"elementor-element elementor-element-6a083884 elementor-widget elementor-widget-spacer\" data-id=\"6a083884\" data-element_type=\"widget\" data-e-type=\"widget\" data-widget_type=\"spacer.default\">\n\t\t\t\t\t\t\t<div class=\"elementor-spacer\">\n\t\t\t<div class=\"elementor-spacer-inner\"><\/div>\n\t\t<\/div>\n\t\t\t\t\t\t<\/div>\n\t\t\t\t<div class=\"elementor-element elementor-element-5ad9403c elementor-widget elementor-widget-heading\" data-id=\"5ad9403c\" data-element_type=\"widget\" data-e-type=\"widget\" data-widget_type=\"heading.default\">\n\t\t\t\t\t<h2 class=\"elementor-heading-title elementor-size-default\">Anwendungen<\/h2>\t\t\t\t<\/div>\n\t\t\t\t<div class=\"elementor-element elementor-element-2a5402fb color-scheme-inherit text-left elementor-widget elementor-widget-text-editor\" data-id=\"2a5402fb\" data-element_type=\"widget\" data-e-type=\"widget\" data-widget_type=\"text-editor.default\">\n\t\t\t\t\t\t\t\t\t<p>\ud83c\udf31 <strong data-start=\"1625\" data-end=\"1679\">Perfekt f\u00fcr Stecklinge, Setzlinge &amp; junge Pflanzen<\/strong><br data-start=\"1679\" data-end=\"1682\" \/>\ud83d\udca7 <strong data-start=\"1685\" data-end=\"1746\">Erm\u00f6glicht pr\u00e4zise D\u00fcngerkontrolle f\u00fcr optimales Wachstum<\/strong><br data-start=\"1746\" data-end=\"1749\" \/>\ud83c\udf0d <strong data-start=\"1752\" data-end=\"1816\">Geeignet f\u00fcr biologischen Anbau in Indoor &amp; Outdoor-Kulturen<\/strong><\/p>\t\t\t\t\t\t\t\t<\/div>\n\t\t\t\t<div class=\"elementor-element elementor-element-31cd59b4 elementor-widget elementor-widget-spacer\" data-id=\"31cd59b4\" data-element_type=\"widget\" data-e-type=\"widget\" data-widget_type=\"spacer.default\">\n\t\t\t\t\t\t\t<div class=\"elementor-spacer\">\n\t\t\t<div class=\"elementor-spacer-inner\"><\/div>\n\t\t<\/div>\n\t\t\t\t\t\t<\/div>\n\t\t\t\t<div class=\"elementor-element elementor-element-799768ac elementor-widget elementor-widget-heading\" data-id=\"799768ac\" data-element_type=\"widget\" data-e-type=\"widget\" data-widget_type=\"heading.default\">\n\t\t\t\t\t<h2 class=\"elementor-heading-title elementor-size-default\">Warum Biobizz Light-Mix?<\/h2>\t\t\t\t<\/div>\n\t\t\t\t<div class=\"elementor-element elementor-element-23a45bd4 color-scheme-inherit text-left elementor-widget elementor-widget-text-editor\" data-id=\"23a45bd4\" data-element_type=\"widget\" data-e-type=\"widget\" data-widget_type=\"text-editor.default\">\n\t\t\t\t\t\t\t\t\t<p>\u2714 <strong data-start=\"1266\" data-end=\"1287\">Leicht vorged\u00fcngt<\/strong> \u2013 Perfekt f\u00fcr junge Pflanzen &amp; Stecklinge<br data-start=\"1329\" data-end=\"1332\" \/>\u2714 <strong data-start=\"1334\" data-end=\"1367\">Optimale Bel\u00fcftung &amp; Drainage<\/strong> \u2013 Verhindert Staun\u00e4sse &amp; Wurzelf\u00e4ule<br data-start=\"1404\" data-end=\"1407\" \/>\u2714 <strong data-start=\"1409\" data-end=\"1429\">100 % biologisch<\/strong> \u2013 Keine synthetischen Zus\u00e4tze<br data-start=\"1459\" data-end=\"1462\" \/>\u2714 <strong data-start=\"1464\" data-end=\"1496\">Ideal f\u00fcr organische D\u00fcngung<\/strong> \u2013 Kompatibel mit Biobizz-D\u00fcngern<br data-start=\"1529\" data-end=\"1532\" \/>\u2714 <strong data-start=\"1534\" data-end=\"1559\">Vielseitig einsetzbar<\/strong> \u2013 F\u00fcr T\u00f6pfe, Hochbeete &amp; Indoor-Grow<\/p>\t\t\t\t\t\t\t\t<\/div>\n\t\t\t\t<div class=\"elementor-element elementor-element-4260ac41 elementor-widget elementor-widget-spacer\" data-id=\"4260ac41\" data-element_type=\"widget\" data-e-type=\"widget\" data-widget_type=\"spacer.default\">\n\t\t\t\t\t\t\t<div class=\"elementor-spacer\">\n\t\t\t<div class=\"elementor-spacer-inner\"><\/div>\n\t\t<\/div>\n\t\t\t\t\t\t<\/div>\n\t\t\t\t<div class=\"elementor-element elementor-element-60f61905 elementor-widget elementor-widget-heading\" data-id=\"60f61905\" data-element_type=\"widget\" data-e-type=\"widget\" data-widget_type=\"heading.default\">\n\t\t\t\t\t<h2 class=\"elementor-heading-title elementor-size-default\">Zusammenfassung<\/h2>\t\t\t\t<\/div>\n\t\t\t\t<div class=\"elementor-element elementor-element-6924e3ec color-scheme-inherit text-left elementor-widget elementor-widget-text-editor\" data-id=\"6924e3ec\" data-element_type=\"widget\" data-e-type=\"widget\" data-widget_type=\"text-editor.default\">\n\t\t\t\t\t\t\t\t\t<p>Biobizz Light-Mix bietet die perfekte Grundlage f\u00fcr ein gesundes Pflanzenwachstum. Durch die leichte Vord\u00fcngung behalten Sie volle Kontrolle \u00fcber die N\u00e4hrstoffversorgung. Ideal f\u00fcr G\u00e4rtner, die auf biologische Anbaumethoden setzen!<\/p>\t\t\t\t\t\t\t\t<\/div>\n\t\t\t\t\t<\/div>\n\t\t\t\t<\/div>\n\t\t\t\t<\/div>\n\t\t","protected":false},"excerpt":{"rendered":"<p>Biobizz Light-Mix \u2013 Die ideale Anzuchterde f\u00fcr gesundes Pflanzenwachstum Biobizz Light-Mix ist eine hochwertige, leicht vorged\u00fcngte Bio-Erde, die speziell f\u00fcr<\/p>\n","protected":false},"featured_media":18381,"comment_status":"open","ping_status":"closed","template":"","meta":{"_monsterinsights_skip_tracking":false,"_monsterinsights_sitenote_active":false,"_monsterinsights_sitenote_note":"","_monsterinsights_sitenote_category":0},"product_brand":[],"product_cat":[834],"product_tag":[1144,1145,1146,1147,1148,1149,1150,1143],"class_list":{"0":"post-18380","1":"product","2":"type-product","3":"status-publish","4":"has-post-thumbnail","6":"product_cat-substrate","7":"product_tag-light-mix-erde","8":"product_tag-bio-erde","9":"product_tag-anzuchterde","10":"product_tag-grow-erde","11":"product_tag-organische-erde","12":"product_tag-biobizz-substrat","13":"product_tag-erde-fuer-stecklinge","14":"product_tag-biobizz-light-mix","15":"pa_hersteller-biobizz","17":"first","18":"instock","19":"taxable","20":"shipping-taxable","21":"purchasable","22":"product-type-simple"},"bundled_by":[],"bundle_stock_status":"instock","bundle_stock_quantity":10,"bundle_virtual":false,"bundle_layout":"","bundle_add_to_cart_form_location":"","bundle_editable_in_cart":false,"bundle_sold_individually_context":"","bundle_item_grouping":"","bundle_min_size":"","bundle_max_size":"","bundle_price":[],"bundled_items":[],"bundle_sell_ids":[],"supplier_id":null,"supplier_sku":"","barcode":null,"atum_controlled":true,"out_stock_date":null,"out_stock_threshold":null,"inheritable":false,"inbound_stock":0,"stock_on_hold":0,"sold_today":0,"sales_last_days":0,"reserved_stock":0,"customer_returns":0,"warehouse_damage":0,"lost_in_post":0,"other_logs":0,"out_stock_days":0,"lost_sales":0,"has_location":false,"update_date":"2026-04-09T00:45:30","atum_locations":[],"atum_stock_status":"instock","restock_status":false,"low_stock_amount":"","sales_update_date":"2026-04-09T00:45:30","calc_backorders":null,"tiered_pricing_type":"fixed","tiered_pricing_fixed_rules":{"2":12.49,"4":11.99},"tiered_pricing_product_settings":{"layout":"default","base_unit_name":{"singular":null,"plural":null},"default_variation":null},"tiered_pricing_minimum_quantity":null,"tiered_pricing_roles_data":[],"tiered_pricing_percentage_rules":[],"_links":{"self":[{"href":"https:\/\/www.lets-grow.de\/blog\/wp-json\/wp\/v2\/product\/18380","targetHints":{"allow":["GET"]}}],"collection":[{"href":"https:\/\/www.lets-grow.de\/blog\/wp-json\/wp\/v2\/product"}],"about":[{"href":"https:\/\/www.lets-grow.de\/blog\/wp-json\/wp\/v2\/types\/product"}],"replies":[{"embeddable":true,"href":"https:\/\/www.lets-grow.de\/blog\/wp-json\/wp\/v2\/comments?post=18380"}],"version-history":[{"count":2,"href":"https:\/\/www.lets-grow.de\/blog\/wp-json\/wp\/v2\/product\/18380\/revisions"}],"predecessor-version":[{"id":21397,"href":"https:\/\/www.lets-grow.de\/blog\/wp-json\/wp\/v2\/product\/18380\/revisions\/21397"}],"wp:featuredmedia":[{"embeddable":true,"href":"https:\/\/www.lets-grow.de\/blog\/wp-json\/wp\/v2\/media\/18381"}],"wp:attachment":[{"href":"https:\/\/www.lets-grow.de\/blog\/wp-json\/wp\/v2\/media?parent=18380"}],"wp:term":[{"taxonomy":"product_brand","embeddable":true,"href":"https:\/\/www.lets-grow.de\/blog\/wp-json\/wp\/v2\/product_brand?post=18380"},{"taxonomy":"product_cat","embeddable":true,"href":"https:\/\/www.lets-grow.de\/blog\/wp-json\/wp\/v2\/product_cat?post=18380"},{"taxonomy":"product_tag","embeddable":true,"href":"https:\/\/www.lets-grow.de\/blog\/wp-json\/wp\/v2\/product_tag?post=18380"}],"curies":[{"name":"wp","href":"https:\/\/api.w.org\/{rel}","templated":true}]}}