{"id":18367,"date":"2025-02-13T17:51:03","date_gmt":"2025-02-13T16:51:03","guid":{"rendered":"https:\/\/www.lets-grow.de\/blog\/?post_type=product&#038;p=18367"},"modified":"2026-03-30T20:00:36","modified_gmt":"2026-03-30T18:00:36","slug":"root-pouch-stofftoepfe","status":"publish","type":"product","link":"https:\/\/www.lets-grow.de\/blog\/shop\/root-pouch-stofftoepfe\/","title":{"rendered":"Root Pouch Stofft\u00f6pfe"},"content":{"rendered":"\t\t<div data-elementor-type=\"product-post\" data-elementor-id=\"18367\" class=\"elementor elementor-18367\" data-elementor-post-type=\"product\">\n\t\t\t\t<div class=\"wd-negative-gap elementor-element elementor-element-51df221e e-flex e-con-boxed e-con e-parent\" data-id=\"51df221e\" data-element_type=\"container\" data-e-type=\"container\">\n\t\t\t\t\t<div class=\"e-con-inner\">\n\t\t\t\t<div class=\"elementor-element elementor-element-678cb804 elementor-widget elementor-widget-heading\" data-id=\"678cb804\" data-element_type=\"widget\" data-e-type=\"widget\" data-widget_type=\"heading.default\">\n\t\t\t\t\t<h2 class=\"elementor-heading-title elementor-size-default\">Root Pouch \u2013 Stofft\u00f6pfe f\u00fcr gesunde &amp; kr\u00e4ftige Wurzeln<\/h2>\t\t\t\t<\/div>\n\t\t\t\t<div class=\"elementor-element elementor-element-71a0e479 color-scheme-inherit text-left elementor-widget elementor-widget-text-editor\" data-id=\"71a0e479\" data-element_type=\"widget\" data-e-type=\"widget\" data-widget_type=\"text-editor.default\">\n\t\t\t\t\t\t\t\t\t<p>Root Pouch Stofft\u00f6pfe bestehen aus einem robusten, atmungsaktiven Gewebe, das die Wurzelbildung optimiert und Staun\u00e4sse verhindert. Sie f\u00f6rdern eine gesunde Wurzelstruktur, wodurch Pflanzen widerstandsf\u00e4higer und kr\u00e4ftiger wachsen.<\/p>\t\t\t\t\t\t\t\t<\/div>\n\t\t\t\t<div class=\"elementor-element elementor-element-76584b0 elementor-widget elementor-widget-spacer\" data-id=\"76584b0\" data-element_type=\"widget\" data-e-type=\"widget\" data-widget_type=\"spacer.default\">\n\t\t\t\t\t\t\t<div class=\"elementor-spacer\">\n\t\t\t<div class=\"elementor-spacer-inner\"><\/div>\n\t\t<\/div>\n\t\t\t\t\t\t<\/div>\n\t\t\t\t<div class=\"elementor-element elementor-element-753039f1 elementor-widget elementor-widget-heading\" data-id=\"753039f1\" data-element_type=\"widget\" data-e-type=\"widget\" data-widget_type=\"heading.default\">\n\t\t\t\t\t<h2 class=\"elementor-heading-title elementor-size-default\">Warum Root Pouch Stofft\u00f6pfe<\/h2>\t\t\t\t<\/div>\n\t\t\t\t<div class=\"elementor-element elementor-element-3d134095 color-scheme-inherit text-left elementor-widget elementor-widget-text-editor\" data-id=\"3d134095\" data-element_type=\"widget\" data-e-type=\"widget\" data-widget_type=\"text-editor.default\">\n\t\t\t\t\t\t\t\t\t<p>\u2714 <strong data-start=\"1205\" data-end=\"1237\">Luftbeschneidung der Wurzeln<\/strong> \u2013 Verhindert Ringwurzeln &amp; f\u00f6rdert feine Haarwurzeln.<br data-start=\"1291\" data-end=\"1294\" \/>\u2714 <strong data-start=\"1296\" data-end=\"1318\">Optimale Bel\u00fcftung<\/strong> \u2013 Mehr Sauerstoff f\u00fcr gesunde Pflanzen.<br data-start=\"1358\" data-end=\"1361\" \/>\u2714 <strong data-start=\"1363\" data-end=\"1387\">Verhindert Staun\u00e4sse<\/strong> \u2013 Wasser l\u00e4uft ab, Wurzeln bleiben gesund.<br data-start=\"1430\" data-end=\"1433\" \/>\u2714 <strong data-start=\"1435\" data-end=\"1464\">Leicht &amp; wiederverwendbar<\/strong> \u2013 Perfekt f\u00fcr Garten, Balkon &amp; Indoor-Grow.<br data-start=\"1508\" data-end=\"1511\" \/>\u2714 <strong data-start=\"1513\" data-end=\"1527\">Nachhaltig<\/strong> \u2013 Hergestellt aus recycelten PET-Flaschen.<\/p>\t\t\t\t\t\t\t\t<\/div>\n\t\t\t\t<div class=\"elementor-element elementor-element-321f0864 elementor-widget elementor-widget-spacer\" data-id=\"321f0864\" data-element_type=\"widget\" data-e-type=\"widget\" data-widget_type=\"spacer.default\">\n\t\t\t\t\t\t\t<div class=\"elementor-spacer\">\n\t\t\t<div class=\"elementor-spacer-inner\"><\/div>\n\t\t<\/div>\n\t\t\t\t\t\t<\/div>\n\t\t\t\t<div class=\"elementor-element elementor-element-74eb33ae elementor-widget elementor-widget-heading\" data-id=\"74eb33ae\" data-element_type=\"widget\" data-e-type=\"widget\" data-widget_type=\"heading.default\">\n\t\t\t\t\t<h2 class=\"elementor-heading-title elementor-size-default\">Anwendung<\/h2>\t\t\t\t<\/div>\n\t\t\t\t<div class=\"elementor-element elementor-element-54cacdca color-scheme-inherit text-left elementor-widget elementor-widget-text-editor\" data-id=\"54cacdca\" data-element_type=\"widget\" data-e-type=\"widget\" data-widget_type=\"text-editor.default\">\n\t\t\t\t\t\t\t\t\t<p>\ud83c\udf3f <strong data-start=\"1599\" data-end=\"1654\">Ideal f\u00fcr Gem\u00fcse, Kr\u00e4uter, Obstb\u00e4ume &amp; Zierpflanzen<\/strong><br data-start=\"1654\" data-end=\"1657\" \/>\ud83d\udca7 <strong data-start=\"1660\" data-end=\"1705\">Geeignet f\u00fcr Erde, Hydroponik &amp; Aquaponik<\/strong><br data-start=\"1705\" data-end=\"1708\" \/>\ud83c\udfe1 <strong data-start=\"1711\" data-end=\"1765\">Einsetzbar in Beeten, T\u00f6pfen oder direkt im Freien<\/strong><\/p>\t\t\t\t\t\t\t\t<\/div>\n\t\t\t\t<div class=\"elementor-element elementor-element-1c58943d elementor-widget elementor-widget-spacer\" data-id=\"1c58943d\" data-element_type=\"widget\" data-e-type=\"widget\" data-widget_type=\"spacer.default\">\n\t\t\t\t\t\t\t<div class=\"elementor-spacer\">\n\t\t\t<div class=\"elementor-spacer-inner\"><\/div>\n\t\t<\/div>\n\t\t\t\t\t\t<\/div>\n\t\t\t\t<div class=\"elementor-element elementor-element-4d51047 elementor-widget elementor-widget-heading\" data-id=\"4d51047\" data-element_type=\"widget\" data-e-type=\"widget\" data-widget_type=\"heading.default\">\n\t\t\t\t\t<h2 class=\"elementor-heading-title elementor-size-default\">Gr\u00f6\u00dfen<\/h2>\t\t\t\t<\/div>\n\t\t\t\t<div class=\"elementor-element elementor-element-c02f34e color-scheme-inherit text-left elementor-widget elementor-widget-text-editor\" data-id=\"c02f34e\" data-element_type=\"widget\" data-e-type=\"widget\" data-widget_type=\"text-editor.default\">\n\t\t\t\t\t\t\t\t\t<table style=\"width: 70%;\">\n<tbody>\n<tr>\n<th>Variante<\/th>\n<th>Durchmesser<\/th>\n<th>H\u00f6he<\/th>\n<th>H\u00e4nkel<\/th>\n<\/tr>\n<tr>\n<td>8L<\/td>\n<td>21cm<\/td>\n<td>21cm<\/td>\n<td>ja<\/td>\n<\/tr>\n<tr>\n<td>16L<\/td>\n<td>28cm<\/td>\n<td>26cm<\/td>\n<td>ja<\/td>\n<\/tr>\n<tr>\n<td>22L<\/td>\n<td>26cm<\/td>\n<td>36cm<\/td>\n<td>ja<\/td>\n<\/tr>\n<tr>\n<td>39L<\/td>\n<td>40cm<\/td>\n<td>30cm<\/td>\n<td>ja<\/td>\n<\/tr>\n<\/tbody>\n<\/table>\t\t\t\t\t\t\t\t<\/div>\n\t\t\t\t<div class=\"elementor-element elementor-element-f9b7973 elementor-widget elementor-widget-spacer\" data-id=\"f9b7973\" data-element_type=\"widget\" data-e-type=\"widget\" data-widget_type=\"spacer.default\">\n\t\t\t\t\t\t\t<div class=\"elementor-spacer\">\n\t\t\t<div class=\"elementor-spacer-inner\"><\/div>\n\t\t<\/div>\n\t\t\t\t\t\t<\/div>\n\t\t\t\t<div class=\"elementor-element elementor-element-30a1986b elementor-widget elementor-widget-heading\" data-id=\"30a1986b\" data-element_type=\"widget\" data-e-type=\"widget\" data-widget_type=\"heading.default\">\n\t\t\t\t\t<h2 class=\"elementor-heading-title elementor-size-default\">Zusammenfassung<\/h2>\t\t\t\t<\/div>\n\t\t\t\t<div class=\"elementor-element elementor-element-3301fdc1 color-scheme-inherit text-left elementor-widget elementor-widget-text-editor\" data-id=\"3301fdc1\" data-element_type=\"widget\" data-e-type=\"widget\" data-widget_type=\"text-editor.default\">\n\t\t\t\t\t\t\t\t\t<p>Root Pouch Stofft\u00f6pfe sind die nachhaltige L\u00f6sung f\u00fcr kr\u00e4ftige Pflanzen und gesunde Wurzeln. Sie bieten eine perfekte Alternative zu herk\u00f6mmlichen Plastikt\u00f6pfen und sind vielseitig einsetzbar. Perfekt f\u00fcr alle, die Wert auf nachhaltigen und effizienten Pflanzenanbau legen!<\/p>\t\t\t\t\t\t\t\t<\/div>\n\t\t\t\t\t<\/div>\n\t\t\t\t<\/div>\n\t\t\t\t<\/div>\n\t\t","protected":false},"excerpt":{"rendered":"<p data-start=\"454\" data-end=\"822\">Root Pouch Stofft\u00f6pfe f\u00f6rdern durch ihre atmungsaktive Struktur eine gesunde Wurzelentwicklung und verhindern Staun\u00e4sse. Das Material aus recycelten PET-Flaschen ist langlebig, nachhaltig und ideal f\u00fcr den Indoor- &amp; Outdoor-Gartenbau. Perfekt f\u00fcr Gem\u00fcse, Kr\u00e4uter, Obstb\u00e4ume und Hydrokulturen. Wiederverwendbar &amp; robust \u2013 f\u00fcr kr\u00e4ftige Pflanzen und optimales Wachstum!<\/p>\n","protected":false},"featured_media":18368,"comment_status":"open","ping_status":"closed","template":"","meta":{"_monsterinsights_skip_tracking":false,"_monsterinsights_sitenote_active":false,"_monsterinsights_sitenote_note":"","_monsterinsights_sitenote_category":0},"product_brand":[],"product_cat":[560],"product_tag":[1133,1134,1135,1136,1137,1138,1139,1140,1130,1131,1132],"class_list":{"0":"post-18367","1":"product","2":"type-product","3":"status-publish","4":"has-post-thumbnail","6":"product_cat-toepfe-schalen","7":"product_tag-wurzeloptimierung","8":"product_tag-nachhaltige-pflanztoepfe","9":"product_tag-grow-bag","10":"product_tag-root-pouch-kaufen","11":"product_tag-8l","12":"product_tag-16l","13":"product_tag-22l","14":"product_tag-39l","15":"product_tag-root-pouch","16":"product_tag-stofftoepfe","17":"product_tag-atmungsaktive-pflanztoepfe","18":"pa_hersteller-root-pouch","20":"first","21":"instock","22":"taxable","23":"shipping-taxable","24":"purchasable","25":"product-type-variable","26":"has-default-attributes"},"bundled_by":[],"bundle_stock_status":"instock","bundle_stock_quantity":null,"bundle_virtual":false,"bundle_layout":"","bundle_add_to_cart_form_location":"","bundle_editable_in_cart":false,"bundle_sold_individually_context":"","bundle_item_grouping":"","bundle_min_size":"","bundle_max_size":"","bundle_price":[],"bundled_items":[],"bundle_sell_ids":[],"supplier_id":null,"supplier_sku":"","barcode":null,"atum_controlled":true,"out_stock_date":null,"out_stock_threshold":null,"inheritable":false,"inbound_stock":null,"stock_on_hold":0,"sold_today":0,"sales_last_days":0,"reserved_stock":null,"customer_returns":null,"warehouse_damage":null,"lost_in_post":null,"other_logs":null,"out_stock_days":0,"lost_sales":0,"has_location":null,"update_date":"2026-05-03T00:23:51","atum_locations":[],"atum_stock_status":"instock","restock_status":false,"low_stock_amount":"","sales_update_date":"2026-05-03T00:23:51","calc_backorders":null,"tiered_pricing_type":"fixed","tiered_pricing_fixed_rules":[],"tiered_pricing_product_settings":{"layout":"default","base_unit_name":{"singular":null,"plural":null},"default_variation":null},"tiered_pricing_minimum_quantity":null,"tiered_pricing_roles_data":[],"tiered_pricing_percentage_rules":[],"_links":{"self":[{"href":"https:\/\/www.lets-grow.de\/blog\/wp-json\/wp\/v2\/product\/18367","targetHints":{"allow":["GET"]}}],"collection":[{"href":"https:\/\/www.lets-grow.de\/blog\/wp-json\/wp\/v2\/product"}],"about":[{"href":"https:\/\/www.lets-grow.de\/blog\/wp-json\/wp\/v2\/types\/product"}],"replies":[{"embeddable":true,"href":"https:\/\/www.lets-grow.de\/blog\/wp-json\/wp\/v2\/comments?post=18367"}],"version-history":[{"count":3,"href":"https:\/\/www.lets-grow.de\/blog\/wp-json\/wp\/v2\/product\/18367\/revisions"}],"predecessor-version":[{"id":21020,"href":"https:\/\/www.lets-grow.de\/blog\/wp-json\/wp\/v2\/product\/18367\/revisions\/21020"}],"wp:featuredmedia":[{"embeddable":true,"href":"https:\/\/www.lets-grow.de\/blog\/wp-json\/wp\/v2\/media\/18368"}],"wp:attachment":[{"href":"https:\/\/www.lets-grow.de\/blog\/wp-json\/wp\/v2\/media?parent=18367"}],"wp:term":[{"taxonomy":"product_brand","embeddable":true,"href":"https:\/\/www.lets-grow.de\/blog\/wp-json\/wp\/v2\/product_brand?post=18367"},{"taxonomy":"product_cat","embeddable":true,"href":"https:\/\/www.lets-grow.de\/blog\/wp-json\/wp\/v2\/product_cat?post=18367"},{"taxonomy":"product_tag","embeddable":true,"href":"https:\/\/www.lets-grow.de\/blog\/wp-json\/wp\/v2\/product_tag?post=18367"}],"curies":[{"name":"wp","href":"https:\/\/api.w.org\/{rel}","templated":true}]}}