{"id":18359,"date":"2025-02-13T17:29:14","date_gmt":"2025-02-13T16:29:14","guid":{"rendered":"https:\/\/www.lets-grow.de\/blog\/?post_type=product&#038;p=18359"},"modified":"2025-12-21T19:49:49","modified_gmt":"2025-12-21T18:49:49","slug":"neemoel-konzentrat-450ml","status":"publish","type":"product","link":"https:\/\/www.lets-grow.de\/blog\/shop\/neemoel-konzentrat-450ml\/","title":{"rendered":"Neem\u00f6l-Konzentrat 450ml"},"content":{"rendered":"\t\t<div data-elementor-type=\"product-post\" data-elementor-id=\"18359\" class=\"elementor elementor-18359\" data-elementor-post-type=\"product\">\n\t\t\t\t<div class=\"wd-negative-gap elementor-element elementor-element-64f96b0 e-flex e-con-boxed e-con e-parent\" data-id=\"64f96b0\" data-element_type=\"container\" data-e-type=\"container\">\n\t\t\t\t\t<div class=\"e-con-inner\">\n\t\t\t\t<div class=\"elementor-element elementor-element-753581fa elementor-widget elementor-widget-heading\" data-id=\"753581fa\" data-element_type=\"widget\" data-e-type=\"widget\" data-widget_type=\"heading.default\">\n\t\t\t\t\t<h2 class=\"elementor-heading-title elementor-size-default\">Neem\u00f6l-Konzentrat \u2013 Nat\u00fcrlicher Schutz f\u00fcr Ihre Pflanzen<\/h2>\t\t\t\t<\/div>\n\t\t\t\t<div class=\"elementor-element elementor-element-350dd311 color-scheme-inherit text-left elementor-widget elementor-widget-text-editor\" data-id=\"350dd311\" data-element_type=\"widget\" data-e-type=\"widget\" data-widget_type=\"text-editor.default\">\n\t\t\t\t\t\t\t\t\t<p>Neem\u00f6l ist ein bew\u00e4hrtes, biologisches Mittel zur Bek\u00e4mpfung von Sch\u00e4dlingen und zur Pflanzenpflege. Das Neem\u00f6l-Konzentrat 450ml wird aus den Samen des Neembaums (Azadirachta indica) gewonnen und enth\u00e4lt nat\u00fcrliche Wirkstoffe, die Sch\u00e4dlinge abwehren und gleichzeitig das Pflanzenwachstum unterst\u00fctzen.<\/p>\t\t\t\t\t\t\t\t<\/div>\n\t\t\t\t<div class=\"elementor-element elementor-element-7dbd8cee elementor-widget elementor-widget-spacer\" data-id=\"7dbd8cee\" data-element_type=\"widget\" data-e-type=\"widget\" data-widget_type=\"spacer.default\">\n\t\t\t\t\t\t\t<div class=\"elementor-spacer\">\n\t\t\t<div class=\"elementor-spacer-inner\"><\/div>\n\t\t<\/div>\n\t\t\t\t\t\t<\/div>\n\t\t\t\t<div class=\"elementor-element elementor-element-43568230 elementor-widget elementor-widget-heading\" data-id=\"43568230\" data-element_type=\"widget\" data-e-type=\"widget\" data-widget_type=\"heading.default\">\n\t\t\t\t\t<h2 class=\"elementor-heading-title elementor-size-default\">Anwendungen<\/h2>\t\t\t\t<\/div>\n\t\t\t\t<div class=\"elementor-element elementor-element-2f684c99 color-scheme-inherit text-left elementor-widget elementor-widget-text-editor\" data-id=\"2f684c99\" data-element_type=\"widget\" data-e-type=\"widget\" data-widget_type=\"text-editor.default\">\n\t\t\t\t\t\t\t\t\t<ol><li data-start=\"1800\" data-end=\"1839\">Neem\u00f6l vor Gebrauch gut sch\u00fctteln.<\/li><li data-start=\"1840\" data-end=\"1951\">5-10 ml Neem\u00f6l mit 1 Liter Wasser mischen und optional mit einem Emulgator (z. B. Schmierseife) vermengen.<\/li><li data-start=\"1952\" data-end=\"2065\">Pflanzen gleichm\u00e4\u00dfig bespr\u00fchen \u2013 idealerweise morgens oder abends, um Blattsch\u00e4den durch Sonne zu vermeiden.<\/li><li data-start=\"2066\" data-end=\"2147\">Anwendung nach 7\u201310 Tagen wiederholen, um alle Sch\u00e4dlingsstadien abzudecken.<\/li><\/ol>\t\t\t\t\t\t\t\t<\/div>\n\t\t\t\t<div class=\"elementor-element elementor-element-5b95981c elementor-widget elementor-widget-spacer\" data-id=\"5b95981c\" data-element_type=\"widget\" data-e-type=\"widget\" data-widget_type=\"spacer.default\">\n\t\t\t\t\t\t\t<div class=\"elementor-spacer\">\n\t\t\t<div class=\"elementor-spacer-inner\"><\/div>\n\t\t<\/div>\n\t\t\t\t\t\t<\/div>\n\t\t\t\t<div class=\"elementor-element elementor-element-641d1551 elementor-widget elementor-widget-heading\" data-id=\"641d1551\" data-element_type=\"widget\" data-e-type=\"widget\" data-widget_type=\"heading.default\">\n\t\t\t\t\t<h2 class=\"elementor-heading-title elementor-size-default\">Vorteile<\/h2>\t\t\t\t<\/div>\n\t\t\t\t<div class=\"elementor-element elementor-element-73c4da6b color-scheme-inherit text-left elementor-widget elementor-widget-text-editor\" data-id=\"73c4da6b\" data-element_type=\"widget\" data-e-type=\"widget\" data-widget_type=\"text-editor.default\">\n\t\t\t\t\t\t\t\t\t<p>\u2705 <strong data-start=\"1307\" data-end=\"1337\">Nat\u00fcrlicher Pflanzenschutz<\/strong> \u2013 Bek\u00e4mpft Blattl\u00e4use, Spinnmilben, Thripse und wei\u00dfe Fliegen auf nat\u00fcrliche Weise.<br data-start=\"1421\" data-end=\"1424\" \/>\u2705 <strong data-start=\"1426\" data-end=\"1450\">Sanft, aber effektiv<\/strong> \u2013 Schont n\u00fctzliche Insekten wie Bienen und Marienk\u00e4fer.<br data-start=\"1506\" data-end=\"1509\" \/>\u2705 <strong data-start=\"1511\" data-end=\"1542\">F\u00fcr viele Pflanzen geeignet<\/strong> \u2013 Einsetzbar bei Gem\u00fcse, Obst, Zierpflanzen und Kr\u00e4utern.<br data-start=\"1600\" data-end=\"1603\" \/>\u2705 <strong data-start=\"1605\" data-end=\"1627\">Einfache Anwendung<\/strong> \u2013 Mit Wasser verd\u00fcnnen und direkt auf Bl\u00e4tter und Erde spr\u00fchen.<br data-start=\"1691\" data-end=\"1694\" \/>\u2705 <strong data-start=\"1696\" data-end=\"1716\">Umweltfreundlich<\/strong> \u2013 Frei von synthetischen Pestiziden, biologisch abbaubar.<\/p>\t\t\t\t\t\t\t\t<\/div>\n\t\t\t\t<div class=\"elementor-element elementor-element-9758082 elementor-widget elementor-widget-spacer\" data-id=\"9758082\" data-element_type=\"widget\" data-e-type=\"widget\" data-widget_type=\"spacer.default\">\n\t\t\t\t\t\t\t<div class=\"elementor-spacer\">\n\t\t\t<div class=\"elementor-spacer-inner\"><\/div>\n\t\t<\/div>\n\t\t\t\t\t\t<\/div>\n\t\t\t\t<div class=\"elementor-element elementor-element-8b44328 elementor-widget elementor-widget-heading\" data-id=\"8b44328\" data-element_type=\"widget\" data-e-type=\"widget\" data-widget_type=\"heading.default\">\n\t\t\t\t\t<h2 class=\"elementor-heading-title elementor-size-default\">Einzusetzen bei folgenden Sch\u00e4dlingen<\/h2>\t\t\t\t<\/div>\n\t\t\t\t<div class=\"elementor-element elementor-element-7aa6d27 color-scheme-inherit text-left elementor-widget elementor-widget-text-editor\" data-id=\"7aa6d27\" data-element_type=\"widget\" data-e-type=\"widget\" data-widget_type=\"text-editor.default\">\n\t\t\t\t\t\t\t\t\t<p>\u2714 <strong data-start=\"1224\" data-end=\"1238\">Blattl\u00e4use<\/strong> \u2013 saugen Pflanzens\u00e4fte und verbreiten Viren.<br data-start=\"1283\" data-end=\"1286\" \/>\u2714 <strong data-start=\"1288\" data-end=\"1299\">Thripse<\/strong> \u2013 verursachen silbrige Flecken auf Bl\u00e4ttern.<br data-start=\"1344\" data-end=\"1347\" \/>\u2714 <strong data-start=\"1349\" data-end=\"1364\">Spinnmilben<\/strong> \u2013 schw\u00e4chen Pflanzen durch feine Gespinste.<br data-start=\"1408\" data-end=\"1411\" \/>\u2714 <strong data-start=\"1413\" data-end=\"1430\">Wei\u00dfe Fliegen<\/strong> \u2013 entziehen Bl\u00e4ttern wichtige N\u00e4hrstoffe.<br data-start=\"1472\" data-end=\"1475\" \/>\u2714 <strong data-start=\"1477\" data-end=\"1492\">Schildl\u00e4use<\/strong> \u2013 sch\u00fctzen sich mit einer Wachsschicht, Neem\u00f6l durchdringt diese.<br data-start=\"1558\" data-end=\"1561\" \/>\u2714 <strong data-start=\"1563\" data-end=\"1586\">Trauerm\u00fccken-Larven<\/strong> \u2013 fressen Wurzeln von Jungpflanzen.<\/p>\t\t\t\t\t\t\t\t<\/div>\n\t\t\t\t<div class=\"elementor-element elementor-element-145dcab7 elementor-widget elementor-widget-spacer\" data-id=\"145dcab7\" data-element_type=\"widget\" data-e-type=\"widget\" data-widget_type=\"spacer.default\">\n\t\t\t\t\t\t\t<div class=\"elementor-spacer\">\n\t\t\t<div class=\"elementor-spacer-inner\"><\/div>\n\t\t<\/div>\n\t\t\t\t\t\t<\/div>\n\t\t\t\t<div class=\"elementor-element elementor-element-3695fe5a elementor-widget elementor-widget-heading\" data-id=\"3695fe5a\" data-element_type=\"widget\" data-e-type=\"widget\" data-widget_type=\"heading.default\">\n\t\t\t\t\t<h2 class=\"elementor-heading-title elementor-size-default\">Zusammenfassung<\/h2>\t\t\t\t<\/div>\n\t\t\t\t<div class=\"elementor-element elementor-element-3146db04 color-scheme-inherit text-left elementor-widget elementor-widget-text-editor\" data-id=\"3146db04\" data-element_type=\"widget\" data-e-type=\"widget\" data-widget_type=\"text-editor.default\">\n\t\t\t\t\t\t\t\t\t<p>Mit Neem\u00f6l-Konzentrat 450ml setzen Sie auf eine umweltfreundliche Alternative zur chemischen Sch\u00e4dlingsbek\u00e4mpfung. Es sch\u00fctzt Ihre Pflanzen zuverl\u00e4ssig, ohne n\u00fctzliche Insekten oder die Umwelt zu belasten. Perfekt f\u00fcr Gartenfreunde, die Wert auf Nachhaltigkeit und gesunde Pflanzen legen.<\/p>\t\t\t\t\t\t\t\t<\/div>\n\t\t\t\t\t<\/div>\n\t\t\t\t<\/div>\n\t\t\t\t<\/div>\n\t\t","protected":false},"excerpt":{"rendered":"<p>Neem\u00f6l-Konzentrat 450ml ist ein biologisches Mittel gegen Blattl\u00e4use, Thripse, Spinnmilben, wei\u00dfe Fliegen, Schildl\u00e4use und Trauerm\u00fccken. Es wirkt nat\u00fcrlich gegen Sch\u00e4dlinge, ohne N\u00fctzlinge zu gef\u00e4hrden. Ideal f\u00fcr den Einsatz an Gem\u00fcse, Obst, Zierpflanzen und Kr\u00e4utern. Einfach mit Wasser mischen und aufspr\u00fchen \u2013 f\u00fcr gesunde Pflanzen ohne Chemie!<\/p>\n","protected":false},"featured_media":18360,"comment_status":"open","ping_status":"closed","template":"","meta":{"_monsterinsights_skip_tracking":false,"_monsterinsights_sitenote_active":false,"_monsterinsights_sitenote_note":"","_monsterinsights_sitenote_category":0},"product_brand":[],"product_cat":[1114],"product_tag":[1123,1124,1116,1117,1118,1119,1120,1121,1122],"class_list":{"0":"post-18359","1":"product","2":"type-product","3":"status-publish","4":"has-post-thumbnail","6":"product_cat-schaedlingsbekaempfung","7":"product_tag-neemoel-kaufen","8":"product_tag-schaedlingsbekaempfung","9":"product_tag-neemoel","10":"product_tag-neemoel-konzentrat","11":"product_tag-biologischer-pflanzenschutz","12":"product_tag-blattlaeuse-bekaempfen","13":"product_tag-thripse","14":"product_tag-spinnmilben","15":"product_tag-weisse-fliegen","16":"pa_hersteller-hortitec","18":"first","19":"instock","20":"taxable","21":"shipping-taxable","22":"purchasable","23":"product-type-simple"},"bundled_by":[],"bundle_stock_status":"instock","bundle_stock_quantity":3,"bundle_virtual":false,"bundle_layout":"","bundle_add_to_cart_form_location":"","bundle_editable_in_cart":false,"bundle_sold_individually_context":"","bundle_item_grouping":"","bundle_min_size":"","bundle_max_size":"","bundle_price":[],"bundled_items":[],"bundle_sell_ids":[],"supplier_id":null,"supplier_sku":"","barcode":null,"atum_controlled":true,"out_stock_date":"2025-10-16 19:53:36","out_stock_threshold":null,"inheritable":false,"inbound_stock":0,"stock_on_hold":0,"sold_today":0,"sales_last_days":0,"reserved_stock":0,"customer_returns":0,"warehouse_damage":0,"lost_in_post":0,"other_logs":0,"out_stock_days":194,"lost_sales":0,"has_location":false,"update_date":"2026-04-29T00:21:31","atum_locations":[],"atum_stock_status":"instock","restock_status":false,"low_stock_amount":"","sales_update_date":"2026-04-29T00:21:31","calc_backorders":null,"tiered_pricing_type":"fixed","tiered_pricing_fixed_rules":[],"tiered_pricing_product_settings":{"layout":"default","base_unit_name":{"singular":null,"plural":null},"default_variation":null},"tiered_pricing_minimum_quantity":null,"tiered_pricing_roles_data":[],"tiered_pricing_percentage_rules":[],"_links":{"self":[{"href":"https:\/\/www.lets-grow.de\/blog\/wp-json\/wp\/v2\/product\/18359","targetHints":{"allow":["GET"]}}],"collection":[{"href":"https:\/\/www.lets-grow.de\/blog\/wp-json\/wp\/v2\/product"}],"about":[{"href":"https:\/\/www.lets-grow.de\/blog\/wp-json\/wp\/v2\/types\/product"}],"replies":[{"embeddable":true,"href":"https:\/\/www.lets-grow.de\/blog\/wp-json\/wp\/v2\/comments?post=18359"}],"version-history":[{"count":1,"href":"https:\/\/www.lets-grow.de\/blog\/wp-json\/wp\/v2\/product\/18359\/revisions"}],"predecessor-version":[{"id":20904,"href":"https:\/\/www.lets-grow.de\/blog\/wp-json\/wp\/v2\/product\/18359\/revisions\/20904"}],"wp:featuredmedia":[{"embeddable":true,"href":"https:\/\/www.lets-grow.de\/blog\/wp-json\/wp\/v2\/media\/18360"}],"wp:attachment":[{"href":"https:\/\/www.lets-grow.de\/blog\/wp-json\/wp\/v2\/media?parent=18359"}],"wp:term":[{"taxonomy":"product_brand","embeddable":true,"href":"https:\/\/www.lets-grow.de\/blog\/wp-json\/wp\/v2\/product_brand?post=18359"},{"taxonomy":"product_cat","embeddable":true,"href":"https:\/\/www.lets-grow.de\/blog\/wp-json\/wp\/v2\/product_cat?post=18359"},{"taxonomy":"product_tag","embeddable":true,"href":"https:\/\/www.lets-grow.de\/blog\/wp-json\/wp\/v2\/product_tag?post=18359"}],"curies":[{"name":"wp","href":"https:\/\/api.w.org\/{rel}","templated":true}]}}