{"id":18348,"date":"2025-02-13T17:17:02","date_gmt":"2025-02-13T16:17:02","guid":{"rendered":"https:\/\/www.lets-grow.de\/blog\/?post_type=product&#038;p=18348"},"modified":"2026-04-16T19:42:20","modified_gmt":"2026-04-16T17:42:20","slug":"notfallueberlauf-32-40-50mm","status":"publish","type":"product","link":"https:\/\/www.lets-grow.de\/blog\/shop\/notfallueberlauf-32-40-50mm\/","title":{"rendered":"ABS Notfall\u00fcberlauf"},"content":{"rendered":"\t\t<div data-elementor-type=\"product-post\" data-elementor-id=\"18348\" class=\"elementor elementor-18348\" data-elementor-post-type=\"product\">\n\t\t\t\t<div class=\"wd-negative-gap elementor-element elementor-element-6e7e9158 e-flex e-con-boxed e-con e-parent\" data-id=\"6e7e9158\" data-element_type=\"container\" data-e-type=\"container\">\n\t\t\t\t\t<div class=\"e-con-inner\">\n\t\t\t\t<div class=\"elementor-element elementor-element-f0431b3 elementor-widget elementor-widget-heading\" data-id=\"f0431b3\" data-element_type=\"widget\" data-e-type=\"widget\" data-widget_type=\"heading.default\">\n\t\t\t\t\t<h2 class=\"elementor-heading-title elementor-size-default\">ABS Notfall\u00fcberlauf \u2013 Zuverl\u00e4ssige Sicherheit f\u00fcr Ihre Systeme<\/h2>\t\t\t\t<\/div>\n\t\t\t\t<div class=\"elementor-element elementor-element-15f57aff color-scheme-inherit text-left elementor-widget elementor-widget-text-editor\" data-id=\"15f57aff\" data-element_type=\"widget\" data-e-type=\"widget\" data-widget_type=\"text-editor.default\">\n\t\t\t\t\t\t\t\t\t<p>Der ABS Notfall\u00fcberlauf ist eine robuste Beckendurchf\u00fchrung, die speziell als Sicherheitsablauf f\u00fcr Hydroponik- und Aquaponiksysteme konzipiert wurde. Sollte der Hauptablauf verstopfen, leitet dieser \u00dcberlauf das Wasser zuverl\u00e4ssig ab und verhindert \u00dcberschwemmungen. Dank der stabilen ABS-Konstruktion eignet sich die Durchf\u00fchrung f\u00fcr Beete, Fischbecken oder Raft-Systeme.<\/p>\t\t\t\t\t\t\t\t<\/div>\n\t\t\t\t<div class=\"elementor-element elementor-element-1475b065 elementor-widget elementor-widget-spacer\" data-id=\"1475b065\" data-element_type=\"widget\" data-e-type=\"widget\" data-widget_type=\"spacer.default\">\n\t\t\t\t\t\t\t<div class=\"elementor-spacer\">\n\t\t\t<div class=\"elementor-spacer-inner\"><\/div>\n\t\t<\/div>\n\t\t\t\t\t\t<\/div>\n\t\t\t\t<div class=\"elementor-element elementor-element-34c91c3e elementor-widget elementor-widget-heading\" data-id=\"34c91c3e\" data-element_type=\"widget\" data-e-type=\"widget\" data-widget_type=\"heading.default\">\n\t\t\t\t\t<h2 class=\"elementor-heading-title elementor-size-default\">Details<\/h2>\t\t\t\t<\/div>\n\t\t\t\t<div class=\"elementor-element elementor-element-39d088a7 color-scheme-inherit text-left elementor-widget elementor-widget-text-editor\" data-id=\"39d088a7\" data-element_type=\"widget\" data-e-type=\"widget\" data-widget_type=\"text-editor.default\">\n\t\t\t\t\t\t\t\t\t<ul><li data-start=\"1405\" data-end=\"1439\"><strong data-start=\"1407\" data-end=\"1420\">Material:<\/strong> Hochwertiges ABS<\/li><li data-start=\"1440\" data-end=\"1514\"><strong data-start=\"1442\" data-end=\"1457\">Anschl\u00fcsse:<\/strong> Eine Seite mit Klebemuffe, eine Seite mit Au\u00dfengewinde<\/li><li data-start=\"1515\" data-end=\"1556\"><strong data-start=\"1517\" data-end=\"1530\">Dichtung:<\/strong> Flachdichtung aus Gummi<\/li><li data-start=\"1557\" data-end=\"1616\"><strong data-start=\"1559\" data-end=\"1575\">Befestigung:<\/strong> Mit Kontermutter zum sicheren Fixieren<\/li><\/ul>\t\t\t\t\t\t\t\t<\/div>\n\t\t\t\t<div class=\"elementor-element elementor-element-474d3556 elementor-widget elementor-widget-spacer\" data-id=\"474d3556\" data-element_type=\"widget\" data-e-type=\"widget\" data-widget_type=\"spacer.default\">\n\t\t\t\t\t\t\t<div class=\"elementor-spacer\">\n\t\t\t<div class=\"elementor-spacer-inner\"><\/div>\n\t\t<\/div>\n\t\t\t\t\t\t<\/div>\n\t\t\t\t<div class=\"elementor-element elementor-element-7b8aeb0f elementor-widget elementor-widget-heading\" data-id=\"7b8aeb0f\" data-element_type=\"widget\" data-e-type=\"widget\" data-widget_type=\"heading.default\">\n\t\t\t\t\t<h2 class=\"elementor-heading-title elementor-size-default\">Vorteile<\/h2>\t\t\t\t<\/div>\n\t\t\t\t<div class=\"elementor-element elementor-element-42a5dfa1 color-scheme-inherit text-left elementor-widget elementor-widget-text-editor\" data-id=\"42a5dfa1\" data-element_type=\"widget\" data-e-type=\"widget\" data-widget_type=\"text-editor.default\">\n\t\t\t\t\t\t\t\t\t<p>\u2705 Zus\u00e4tzliche Sicherheit gegen Verstopfungen<br data-start=\"1707\" data-end=\"1710\" \/>\u2705 Einfache Installation mit Klebemuffe und Au\u00dfengewinde<br data-start=\"1765\" data-end=\"1768\" \/>\u2705 Robustes und langlebiges ABS-Material<br data-start=\"1807\" data-end=\"1810\" \/>\u2705 Vielseitig einsetzbar f\u00fcr Hydroponik, Aquaponik und andere Wassersysteme<\/p>\t\t\t\t\t\t\t\t<\/div>\n\t\t\t\t<div class=\"elementor-element elementor-element-a2d78d2 elementor-widget elementor-widget-spacer\" data-id=\"a2d78d2\" data-element_type=\"widget\" data-e-type=\"widget\" data-widget_type=\"spacer.default\">\n\t\t\t\t\t\t\t<div class=\"elementor-spacer\">\n\t\t\t<div class=\"elementor-spacer-inner\"><\/div>\n\t\t<\/div>\n\t\t\t\t\t\t<\/div>\n\t\t\t\t<div class=\"elementor-element elementor-element-5a665f53 elementor-widget elementor-widget-heading\" data-id=\"5a665f53\" data-element_type=\"widget\" data-e-type=\"widget\" data-widget_type=\"heading.default\">\n\t\t\t\t\t<h2 class=\"elementor-heading-title elementor-size-default\">Zusammenfassung<\/h2>\t\t\t\t<\/div>\n\t\t\t\t<div class=\"elementor-element elementor-element-558b45de color-scheme-inherit text-left elementor-widget elementor-widget-text-editor\" data-id=\"558b45de\" data-element_type=\"widget\" data-e-type=\"widget\" data-widget_type=\"text-editor.default\">\n\t\t\t\t\t\t\t\t\t<p>Ein verstopfter Ablauf kann schnell zu Problemen f\u00fchren. Mit dem ABS Notfall\u00fcberlauf sichern Sie Ihr System zuverl\u00e4ssig ab. Eine einfache Montage und hochwertige Verarbeitung machen ihn zur idealen L\u00f6sung f\u00fcr Aquaponik- und Hydroponik-Anwendungen.<\/p>\t\t\t\t\t\t\t\t<\/div>\n\t\t\t\t\t<\/div>\n\t\t\t\t<\/div>\n\t\t\t\t<\/div>\n\t\t","protected":false},"excerpt":{"rendered":"<p>Der ABS Notfall\u00fcberlauf dient als zus\u00e4tzliche Sicherheitsma\u00dfnahme f\u00fcr Aquaponik- und Hydroponiksysteme. Mit Klebemuffe und Au\u00dfengewinde ausgestattet, erm\u00f6glicht er eine einfache Installation. Die mitgelieferte Flachdichtung und Kontermutter sorgen f\u00fcr eine dichte Verbindung. Falls der prim\u00e4re Ablauf verstopft, verhindert dieser Not\u00fcberlauf \u00dcberschwemmungen und Wassersch\u00e4den.<\/p>\n","protected":false},"featured_media":18349,"comment_status":"open","ping_status":"closed","template":"","meta":{"_monsterinsights_skip_tracking":false,"_monsterinsights_sitenote_active":false,"_monsterinsights_sitenote_note":"","_monsterinsights_sitenote_category":0},"product_brand":[],"product_cat":[856],"product_tag":[1112,1113,999,1033,1111],"class_list":{"0":"post-18348","1":"product","2":"type-product","3":"status-publish","4":"has-post-thumbnail","6":"product_cat-installationsmaterial","7":"product_tag-installationsmaterial","8":"product_tag-notfallueberlauf","9":"product_tag-pvc","10":"product_tag-klebemuffe","11":"product_tag-abs-notfallueberlauf","12":"pa_hersteller-sibo","14":"first","15":"instock","16":"taxable","17":"shipping-taxable","18":"purchasable","19":"product-type-variable"},"bundled_by":[],"bundle_stock_status":"instock","bundle_stock_quantity":null,"bundle_virtual":false,"bundle_layout":"","bundle_add_to_cart_form_location":"","bundle_editable_in_cart":false,"bundle_sold_individually_context":"","bundle_item_grouping":"","bundle_min_size":"","bundle_max_size":"","bundle_price":[],"bundled_items":[],"bundle_sell_ids":[],"supplier_id":null,"supplier_sku":"","barcode":null,"atum_controlled":true,"out_stock_date":null,"out_stock_threshold":null,"inheritable":false,"inbound_stock":null,"stock_on_hold":0,"sold_today":0,"sales_last_days":2,"reserved_stock":null,"customer_returns":null,"warehouse_damage":null,"lost_in_post":null,"other_logs":null,"out_stock_days":0,"lost_sales":0,"has_location":null,"update_date":"2026-04-29T00:21:35","atum_locations":[],"atum_stock_status":"instock","restock_status":false,"low_stock_amount":"","sales_update_date":"2026-04-29T00:21:35","calc_backorders":null,"tiered_pricing_type":"fixed","tiered_pricing_fixed_rules":[],"tiered_pricing_product_settings":{"layout":"default","base_unit_name":{"singular":null,"plural":null},"default_variation":null},"tiered_pricing_minimum_quantity":null,"tiered_pricing_roles_data":[],"tiered_pricing_percentage_rules":[],"_links":{"self":[{"href":"https:\/\/www.lets-grow.de\/blog\/wp-json\/wp\/v2\/product\/18348","targetHints":{"allow":["GET"]}}],"collection":[{"href":"https:\/\/www.lets-grow.de\/blog\/wp-json\/wp\/v2\/product"}],"about":[{"href":"https:\/\/www.lets-grow.de\/blog\/wp-json\/wp\/v2\/types\/product"}],"replies":[{"embeddable":true,"href":"https:\/\/www.lets-grow.de\/blog\/wp-json\/wp\/v2\/comments?post=18348"}],"version-history":[{"count":0,"href":"https:\/\/www.lets-grow.de\/blog\/wp-json\/wp\/v2\/product\/18348\/revisions"}],"wp:featuredmedia":[{"embeddable":true,"href":"https:\/\/www.lets-grow.de\/blog\/wp-json\/wp\/v2\/media\/18349"}],"wp:attachment":[{"href":"https:\/\/www.lets-grow.de\/blog\/wp-json\/wp\/v2\/media?parent=18348"}],"wp:term":[{"taxonomy":"product_brand","embeddable":true,"href":"https:\/\/www.lets-grow.de\/blog\/wp-json\/wp\/v2\/product_brand?post=18348"},{"taxonomy":"product_cat","embeddable":true,"href":"https:\/\/www.lets-grow.de\/blog\/wp-json\/wp\/v2\/product_cat?post=18348"},{"taxonomy":"product_tag","embeddable":true,"href":"https:\/\/www.lets-grow.de\/blog\/wp-json\/wp\/v2\/product_tag?post=18348"}],"curies":[{"name":"wp","href":"https:\/\/api.w.org\/{rel}","templated":true}]}}