{"id":18203,"date":"2025-02-11T19:33:37","date_gmt":"2025-02-11T18:33:37","guid":{"rendered":"https:\/\/www.lets-grow.de\/blog\/?post_type=product&#038;p=18203"},"modified":"2026-01-29T16:53:13","modified_gmt":"2026-01-29T15:53:13","slug":"hailea-kolbenkompressor-aco-208-318-328","status":"publish","type":"product","link":"https:\/\/www.lets-grow.de\/blog\/shop\/hailea-kolbenkompressor-aco-208-318-328\/","title":{"rendered":"Hailea Kolbenkompressor"},"content":{"rendered":"\t\t<div data-elementor-type=\"product-post\" data-elementor-id=\"18203\" class=\"elementor elementor-18203\" data-elementor-post-type=\"product\">\n\t\t\t\t<div class=\"wd-negative-gap elementor-element elementor-element-2e178518 e-flex e-con-boxed e-con e-parent\" data-id=\"2e178518\" data-element_type=\"container\" data-e-type=\"container\">\n\t\t\t\t\t<div class=\"e-con-inner\">\n\t\t\t\t<div class=\"elementor-element elementor-element-4fbac674 elementor-widget elementor-widget-heading\" data-id=\"4fbac674\" data-element_type=\"widget\" data-e-type=\"widget\" data-widget_type=\"heading.default\">\n\t\t\t\t\t<h2 class=\"elementor-heading-title elementor-size-default\">Leistungsstarker Kolbenkompressor<\/h2>\t\t\t\t<\/div>\n\t\t\t\t<div class=\"elementor-element elementor-element-208b94c4 color-scheme-inherit text-left elementor-widget elementor-widget-text-editor\" data-id=\"208b94c4\" data-element_type=\"widget\" data-e-type=\"widget\" data-widget_type=\"text-editor.default\">\n\t\t\t\t\t\t\t\t\t<p>Der Hailea Kolbenkompressor ACO-208\/318\/328 ist eine leistungsstarke Luftpumpe, die sich durch ihre robuste Bauweise und hohe Effizienz auszeichnet. Im Gegensatz zu herk\u00f6mmlichen Membranpumpen verwendet dieser Kompressor eine langlebige Kolbenmechanik, die eine gleichm\u00e4\u00dfige und zuverl\u00e4ssige Luftf\u00f6rderung gew\u00e4hrleistet. Ideal f\u00fcr die Bel\u00fcftung von Teichen, Aquarien und hydroponischen Systemen, sorgt er f\u00fcr eine optimale Sauerstoffversorgung und verbessert das Wassermanagement.<\/p>\t\t\t\t\t\t\t\t<\/div>\n\t\t\t\t<div class=\"elementor-element elementor-element-50b4dd50 elementor-widget elementor-widget-spacer\" data-id=\"50b4dd50\" data-element_type=\"widget\" data-e-type=\"widget\" data-widget_type=\"spacer.default\">\n\t\t\t\t\t\t\t<div class=\"elementor-spacer\">\n\t\t\t<div class=\"elementor-spacer-inner\"><\/div>\n\t\t<\/div>\n\t\t\t\t\t\t<\/div>\n\t\t\t\t<div class=\"elementor-element elementor-element-53625a8c elementor-widget elementor-widget-heading\" data-id=\"53625a8c\" data-element_type=\"widget\" data-e-type=\"widget\" data-widget_type=\"heading.default\">\n\t\t\t\t\t<h2 class=\"elementor-heading-title elementor-size-default\">Anwendungen<\/h2>\t\t\t\t<\/div>\n\t\t\t\t<div class=\"elementor-element elementor-element-51018601 color-scheme-inherit text-left elementor-widget elementor-widget-text-editor\" data-id=\"51018601\" data-element_type=\"widget\" data-e-type=\"widget\" data-widget_type=\"text-editor.default\">\n\t\t\t\t\t\t\t\t\t<p>Die Installation ist einfach: Der Kolbenkompressor wird an eine Luftleitung oder einen Ausstr\u00f6merstein angeschlossen. Durch seine leistungsstarke Bauweise eignet er sich hervorragend f\u00fcr gr\u00f6\u00dfere Teich- und Aquarienanlagen sowie f\u00fcr hydroponische Systeme, die eine gleichm\u00e4\u00dfige Sauerstoffzufuhr ben\u00f6tigen.<\/p>\t\t\t\t\t\t\t\t<\/div>\n\t\t\t\t<div class=\"elementor-element elementor-element-266c5e04 elementor-widget elementor-widget-spacer\" data-id=\"266c5e04\" data-element_type=\"widget\" data-e-type=\"widget\" data-widget_type=\"spacer.default\">\n\t\t\t\t\t\t\t<div class=\"elementor-spacer\">\n\t\t\t<div class=\"elementor-spacer-inner\"><\/div>\n\t\t<\/div>\n\t\t\t\t\t\t<\/div>\n\t\t\t\t<div class=\"elementor-element elementor-element-19df073a elementor-widget elementor-widget-heading\" data-id=\"19df073a\" data-element_type=\"widget\" data-e-type=\"widget\" data-widget_type=\"heading.default\">\n\t\t\t\t\t<h2 class=\"elementor-heading-title elementor-size-default\">Vorteile<\/h2>\t\t\t\t<\/div>\n\t\t\t\t<div class=\"elementor-element elementor-element-650876ce color-scheme-inherit text-left elementor-widget elementor-widget-text-editor\" data-id=\"650876ce\" data-element_type=\"widget\" data-e-type=\"widget\" data-widget_type=\"text-editor.default\">\n\t\t\t\t\t\t\t\t\t<ul><li data-start=\"1318\" data-end=\"1398\"><strong data-start=\"1320\" data-end=\"1347\">Langlebig &amp; zuverl\u00e4ssig<\/strong> \u2013 Kein Membranverschlei\u00df, daher besonders robust<\/li><li data-start=\"1399\" data-end=\"1468\"><strong data-start=\"1401\" data-end=\"1422\">Leise &amp; effizient<\/strong> \u2013 Arbeitet vibrationsarm und energiesparend<\/li><li data-start=\"1469\" data-end=\"1551\"><strong data-start=\"1471\" data-end=\"1498\">Konstante Luftf\u00f6rderung<\/strong> \u2013 Ideal f\u00fcr den Dauerbetrieb in Teichen &amp; Aquarien<\/li><li data-start=\"1552\" data-end=\"1642\"><strong data-start=\"1554\" data-end=\"1579\">Vielseitig einsetzbar<\/strong> \u2013 Perfekt f\u00fcr Hydroponik, Aquaponik &amp; Sauerstoffanreicherung<\/li><\/ul>\t\t\t\t\t\t\t\t<\/div>\n\t\t\t\t<div class=\"elementor-element elementor-element-43b7e345 elementor-widget elementor-widget-spacer\" data-id=\"43b7e345\" data-element_type=\"widget\" data-e-type=\"widget\" data-widget_type=\"spacer.default\">\n\t\t\t\t\t\t\t<div class=\"elementor-spacer\">\n\t\t\t<div class=\"elementor-spacer-inner\"><\/div>\n\t\t<\/div>\n\t\t\t\t\t\t<\/div>\n\t\t\t\t<div class=\"elementor-element elementor-element-6f7b9361 elementor-widget elementor-widget-heading\" data-id=\"6f7b9361\" data-element_type=\"widget\" data-e-type=\"widget\" data-widget_type=\"heading.default\">\n\t\t\t\t\t<h2 class=\"elementor-heading-title elementor-size-default\">Zusammenfassung<\/h2>\t\t\t\t<\/div>\n\t\t\t\t<div class=\"elementor-element elementor-element-2639a633 color-scheme-inherit text-left elementor-widget elementor-widget-text-editor\" data-id=\"2639a633\" data-element_type=\"widget\" data-e-type=\"widget\" data-widget_type=\"text-editor.default\">\n\t\t\t\t\t\t\t\t\t<p>Der Hailea Kolbenkompressor ACO-208\/318\/328 ist die perfekte Wahl f\u00fcr alle, die eine zuverl\u00e4ssige, langlebige und leistungsstarke Luftpumpe suchen. Egal ob f\u00fcr Aquarien, Teiche oder Hydroponik \u2013 er liefert konstante Luftf\u00f6rderung und sorgt f\u00fcr eine optimale Sauerstoffversorgung.<\/p>\t\t\t\t\t\t\t\t<\/div>\n\t\t\t\t\t<\/div>\n\t\t\t\t<\/div>\n\t\t\t\t<\/div>\n\t\t","protected":false},"excerpt":{"rendered":"<p>Der Hailea Kolbenkompressor ACO-208\/318\/328 ist ideal f\u00fcr Aquarien, Teiche und Hydroponiksysteme. Dank kolbengetriebener Technologie liefert er kraftvolle und konstante Luftf\u00f6rderung ohne Membranverschlei\u00df. Er ist leise, energieeffizient und langlebig. Perfekt zur Sauerstoffversorgung von Wasserlebewesen und Wurzeln. Robust konstruiert f\u00fcr den Dauerbetrieb.<\/p>\n","protected":false},"featured_media":18204,"comment_status":"open","ping_status":"closed","template":"","meta":{"_monsterinsights_skip_tracking":false,"_monsterinsights_sitenote_active":false,"_monsterinsights_sitenote_note":"","_monsterinsights_sitenote_category":0},"product_brand":[],"product_cat":[431],"product_tag":[1094,1095,263,1096,1097,795,1878,1085,1093],"class_list":{"0":"post-18203","1":"product","2":"type-product","3":"status-publish","4":"has-post-thumbnail","6":"product_cat-kompressoren-luftpumpen","7":"product_tag-aco","8":"product_tag-aco-208","9":"product_tag-aquaponik","10":"product_tag-aco-318","11":"product_tag-aco-328","12":"product_tag-kompressor","13":"product_tag-heilea","14":"product_tag-aquaponik-belueftung","15":"product_tag-kolbenkompressor","16":"pa_hersteller-hailea","18":"first","19":"instock","20":"taxable","21":"shipping-taxable","22":"purchasable","23":"product-type-variable"},"bundled_by":[],"bundle_stock_status":"instock","bundle_stock_quantity":null,"bundle_virtual":false,"bundle_layout":"","bundle_add_to_cart_form_location":"","bundle_editable_in_cart":false,"bundle_sold_individually_context":"","bundle_item_grouping":"","bundle_min_size":"","bundle_max_size":"","bundle_price":[],"bundled_items":[],"bundle_sell_ids":[],"supplier_id":null,"supplier_sku":"","barcode":null,"atum_controlled":true,"out_stock_date":null,"out_stock_threshold":null,"inheritable":true,"inbound_stock":0,"stock_on_hold":0,"sold_today":0,"sales_last_days":0,"reserved_stock":0,"customer_returns":0,"warehouse_damage":0,"lost_in_post":0,"other_logs":0,"out_stock_days":0,"lost_sales":0,"has_location":false,"update_date":"2026-05-03T00:23:52","atum_locations":[],"atum_stock_status":"instock","restock_status":false,"low_stock_amount":"","sales_update_date":"2026-05-03T00:23:52","calc_backorders":null,"tiered_pricing_type":"fixed","tiered_pricing_fixed_rules":[],"tiered_pricing_product_settings":{"layout":"default","base_unit_name":{"singular":null,"plural":null},"default_variation":null},"tiered_pricing_minimum_quantity":null,"tiered_pricing_roles_data":[],"tiered_pricing_percentage_rules":[],"_links":{"self":[{"href":"https:\/\/www.lets-grow.de\/blog\/wp-json\/wp\/v2\/product\/18203","targetHints":{"allow":["GET"]}}],"collection":[{"href":"https:\/\/www.lets-grow.de\/blog\/wp-json\/wp\/v2\/product"}],"about":[{"href":"https:\/\/www.lets-grow.de\/blog\/wp-json\/wp\/v2\/types\/product"}],"replies":[{"embeddable":true,"href":"https:\/\/www.lets-grow.de\/blog\/wp-json\/wp\/v2\/comments?post=18203"}],"version-history":[{"count":1,"href":"https:\/\/www.lets-grow.de\/blog\/wp-json\/wp\/v2\/product\/18203\/revisions"}],"predecessor-version":[{"id":20833,"href":"https:\/\/www.lets-grow.de\/blog\/wp-json\/wp\/v2\/product\/18203\/revisions\/20833"}],"wp:featuredmedia":[{"embeddable":true,"href":"https:\/\/www.lets-grow.de\/blog\/wp-json\/wp\/v2\/media\/18204"}],"wp:attachment":[{"href":"https:\/\/www.lets-grow.de\/blog\/wp-json\/wp\/v2\/media?parent=18203"}],"wp:term":[{"taxonomy":"product_brand","embeddable":true,"href":"https:\/\/www.lets-grow.de\/blog\/wp-json\/wp\/v2\/product_brand?post=18203"},{"taxonomy":"product_cat","embeddable":true,"href":"https:\/\/www.lets-grow.de\/blog\/wp-json\/wp\/v2\/product_cat?post=18203"},{"taxonomy":"product_tag","embeddable":true,"href":"https:\/\/www.lets-grow.de\/blog\/wp-json\/wp\/v2\/product_tag?post=18203"}],"curies":[{"name":"wp","href":"https:\/\/api.w.org\/{rel}","templated":true}]}}