{"id":18190,"date":"2025-02-11T19:12:05","date_gmt":"2025-02-11T18:12:05","guid":{"rendered":"https:\/\/www.lets-grow.de\/blog\/?post_type=product&#038;p=18190"},"modified":"2026-01-27T15:34:33","modified_gmt":"2026-01-27T14:34:33","slug":"aco-membranpumpe","status":"publish","type":"product","link":"https:\/\/www.lets-grow.de\/blog\/shop\/aco-membranpumpe\/","title":{"rendered":"ACO-Membranpumpe"},"content":{"rendered":"\t\t<div data-elementor-type=\"product-post\" data-elementor-id=\"18190\" class=\"elementor elementor-18190\" data-elementor-post-type=\"product\">\n\t\t\t\t<div class=\"wd-negative-gap elementor-element elementor-element-74e7bad0 e-flex e-con-boxed e-con e-parent\" data-id=\"74e7bad0\" data-element_type=\"container\" data-e-type=\"container\">\n\t\t\t\t\t<div class=\"e-con-inner\">\n\t\t\t\t<div class=\"elementor-element elementor-element-77c20712 elementor-widget elementor-widget-heading\" data-id=\"77c20712\" data-element_type=\"widget\" data-e-type=\"widget\" data-widget_type=\"heading.default\">\n\t\t\t\t\t<h2 class=\"elementor-heading-title elementor-size-default\">ACO-Membranpumpe - Leise Bel\u00fcfter von Hailea<\/h2>\t\t\t\t<\/div>\n\t\t\t\t<div class=\"elementor-element elementor-element-7856458e color-scheme-inherit text-left elementor-widget elementor-widget-text-editor\" data-id=\"7856458e\" data-element_type=\"widget\" data-e-type=\"widget\" data-widget_type=\"text-editor.default\">\n\t\t\t\t\t\t\t\t\t<p>Die Membranpumpe ACO-9601\/9602\/9610 ist ideal f\u00fcr die Bel\u00fcftung von Teichen, Aquarien sowie Hydro- und Aquaponiksystemen. Dank \u00f6lfreier Technologie arbeitet sie sauber, leise und effizient. Das Aluminiumgeh\u00e4use sorgt f\u00fcr optimale W\u00e4rmeableitung und Langlebigkeit. Mit hoher Luftleistung und zuverl\u00e4ssigem Druck ist sie perfekt f\u00fcr Sauerstoffversorgung in geschlossenen Wassersystemen.<\/p>\t\t\t\t\t\t\t\t<\/div>\n\t\t\t\t<div class=\"elementor-element elementor-element-282c665a elementor-widget elementor-widget-spacer\" data-id=\"282c665a\" data-element_type=\"widget\" data-e-type=\"widget\" data-widget_type=\"spacer.default\">\n\t\t\t\t\t\t\t<div class=\"elementor-spacer\">\n\t\t\t<div class=\"elementor-spacer-inner\"><\/div>\n\t\t<\/div>\n\t\t\t\t\t\t<\/div>\n\t\t\t\t<div class=\"elementor-element elementor-element-4484ea74 elementor-widget elementor-widget-heading\" data-id=\"4484ea74\" data-element_type=\"widget\" data-e-type=\"widget\" data-widget_type=\"heading.default\">\n\t\t\t\t\t<h2 class=\"elementor-heading-title elementor-size-default\">Anwendungen<\/h2>\t\t\t\t<\/div>\n\t\t\t\t<div class=\"elementor-element elementor-element-5097a312 color-scheme-inherit text-left elementor-widget elementor-widget-text-editor\" data-id=\"5097a312\" data-element_type=\"widget\" data-e-type=\"widget\" data-widget_type=\"text-editor.default\">\n\t\t\t\t\t\t\t\t\t<p>Die ACO-9601\/9602\/9610 Membranpumpe ist ideal zur Bel\u00fcftung von S\u00fc\u00df- und Salzwassersystemen. Einfach mit einem Luftschlauch und Ausstr\u00f6merstein verbinden und ans Stromnetz anschlie\u00dfen. Geeignet f\u00fcr den Dauerbetrieb.<\/p>\t\t\t\t\t\t\t\t<\/div>\n\t\t\t\t<div class=\"elementor-element elementor-element-18c7af63 elementor-widget elementor-widget-spacer\" data-id=\"18c7af63\" data-element_type=\"widget\" data-e-type=\"widget\" data-widget_type=\"spacer.default\">\n\t\t\t\t\t\t\t<div class=\"elementor-spacer\">\n\t\t\t<div class=\"elementor-spacer-inner\"><\/div>\n\t\t<\/div>\n\t\t\t\t\t\t<\/div>\n\t\t\t\t<div class=\"elementor-element elementor-element-7b484886 elementor-widget elementor-widget-heading\" data-id=\"7b484886\" data-element_type=\"widget\" data-e-type=\"widget\" data-widget_type=\"heading.default\">\n\t\t\t\t\t<h2 class=\"elementor-heading-title elementor-size-default\">Eigenschaften &amp; Vorteile<\/h2>\t\t\t\t<\/div>\n\t\t\t\t<div class=\"elementor-element elementor-element-2eccba40 color-scheme-inherit text-left elementor-widget elementor-widget-text-editor\" data-id=\"2eccba40\" data-element_type=\"widget\" data-e-type=\"widget\" data-widget_type=\"text-editor.default\">\n\t\t\t\t\t\t\t\t\t<p>\u2714 <strong data-start=\"835\" data-end=\"865\">Leistungsstark &amp; Effizient<\/strong> \u2013 Hohe Luftleistung f\u00fcr optimale Sauerstoffversorgung<br data-start=\"919\" data-end=\"922\" \/>\u2714 <strong data-start=\"924\" data-end=\"943\">\u00d6lfreies Design<\/strong> \u2013 Keine Verunreinigung des Wassers<br data-start=\"978\" data-end=\"981\" \/>\u2714 <strong data-start=\"983\" data-end=\"1015\">Langlebiges Aluminiumgeh\u00e4use<\/strong> \u2013 Robust und hitzebest\u00e4ndig<br data-start=\"1043\" data-end=\"1046\" \/>\u2714 <strong data-start=\"1048\" data-end=\"1066\">Leiser Betrieb<\/strong> \u2013 Kaum h\u00f6rbare Ger\u00e4uschentwicklung<br data-start=\"1101\" data-end=\"1104\" \/>\u2714 <strong data-start=\"1106\" data-end=\"1131\">Vielseitig einsetzbar<\/strong> \u2013 Perfekt f\u00fcr Aquarien, Teiche, Hydroponik &amp; Aquaponik<\/p>\t\t\t\t\t\t\t\t<\/div>\n\t\t\t\t<div class=\"elementor-element elementor-element-4b77ac02 elementor-widget elementor-widget-spacer\" data-id=\"4b77ac02\" data-element_type=\"widget\" data-e-type=\"widget\" data-widget_type=\"spacer.default\">\n\t\t\t\t\t\t\t<div class=\"elementor-spacer\">\n\t\t\t<div class=\"elementor-spacer-inner\"><\/div>\n\t\t<\/div>\n\t\t\t\t\t\t<\/div>\n\t\t\t\t<div class=\"elementor-element elementor-element-3c338f2f elementor-widget elementor-widget-heading\" data-id=\"3c338f2f\" data-element_type=\"widget\" data-e-type=\"widget\" data-widget_type=\"heading.default\">\n\t\t\t\t\t<h2 class=\"elementor-heading-title elementor-size-default\">Zusammenfassung<\/h2>\t\t\t\t<\/div>\n\t\t\t\t<div class=\"elementor-element elementor-element-7a71063 color-scheme-inherit text-left elementor-widget elementor-widget-text-editor\" data-id=\"7a71063\" data-element_type=\"widget\" data-e-type=\"widget\" data-widget_type=\"text-editor.default\">\n\t\t\t\t\t\t\t\t\t<p>Die ACO-9601\/9602\/9610 ist eine zuverl\u00e4ssige Membranpumpe f\u00fcr verschiedenste Bel\u00fcftungsanwendungen. Dank ihres robusten Designs und der hohen Effizienz ist sie eine erstklassige Wahl f\u00fcr Aquarien, Teiche und hydroponische Systeme.<\/p>\t\t\t\t\t\t\t\t<\/div>\n\t\t\t\t\t<\/div>\n\t\t\t\t<\/div>\n\t\t\t\t<\/div>\n\t\t","protected":false},"excerpt":{"rendered":"<p>Die ACO-Membranpumpe 9601\/9602\/9610 ist ideal f\u00fcr die Bel\u00fcftung von Teichen, Aquarien sowie Hydro- und Aquaponiksystemen. Dank \u00f6lfreier Technologie arbeitet sie sauber, leise und effizient. Das Aluminiumgeh\u00e4use sorgt f\u00fcr optimale W\u00e4rmeableitung und Langlebigkeit. Mit hoher Luftleistung und zuverl\u00e4ssigem Druck ist sie perfekt f\u00fcr Sauerstoffversorgung in geschlossenen Wassersystemen.<\/p>\n","protected":false},"featured_media":18191,"comment_status":"open","ping_status":"closed","template":"","meta":{"_monsterinsights_skip_tracking":false,"_monsterinsights_sitenote_active":false,"_monsterinsights_sitenote_note":"","_monsterinsights_sitenote_category":0},"product_brand":[],"product_cat":[431],"product_tag":[796,1082,1083,1084,1085,263,1878],"class_list":{"0":"post-18190","1":"product","2":"type-product","3":"status-publish","4":"has-post-thumbnail","6":"product_cat-kompressoren-luftpumpen","7":"product_tag-membranpumpe","8":"product_tag-aco-9601","9":"product_tag-aco-9602","10":"product_tag-aco-9610","11":"product_tag-aquaponik-belueftung","12":"product_tag-aquaponik","13":"product_tag-heilea","14":"pa_hersteller-hailea","16":"first","17":"instock","18":"sale","19":"taxable","20":"shipping-taxable","21":"purchasable","22":"product-type-variable"},"bundled_by":[],"bundle_stock_status":"instock","bundle_stock_quantity":null,"bundle_virtual":false,"bundle_layout":"","bundle_add_to_cart_form_location":"","bundle_editable_in_cart":false,"bundle_sold_individually_context":"","bundle_item_grouping":"","bundle_min_size":"","bundle_max_size":"","bundle_price":[],"bundled_items":[],"bundle_sell_ids":[],"supplier_id":null,"supplier_sku":"","barcode":null,"atum_controlled":true,"out_stock_date":null,"out_stock_threshold":null,"inheritable":true,"inbound_stock":0,"stock_on_hold":0,"sold_today":0,"sales_last_days":0,"reserved_stock":0,"customer_returns":0,"warehouse_damage":0,"lost_in_post":0,"other_logs":0,"out_stock_days":0,"lost_sales":0,"has_location":false,"update_date":"2026-05-03T00:23:50","atum_locations":[],"atum_stock_status":"instock","restock_status":false,"low_stock_amount":"","sales_update_date":"2026-05-03T00:23:50","calc_backorders":null,"tiered_pricing_type":"fixed","tiered_pricing_fixed_rules":[],"tiered_pricing_product_settings":{"layout":"default","base_unit_name":{"singular":null,"plural":null},"default_variation":null},"tiered_pricing_minimum_quantity":null,"tiered_pricing_roles_data":[],"tiered_pricing_percentage_rules":[],"_links":{"self":[{"href":"https:\/\/www.lets-grow.de\/blog\/wp-json\/wp\/v2\/product\/18190","targetHints":{"allow":["GET"]}}],"collection":[{"href":"https:\/\/www.lets-grow.de\/blog\/wp-json\/wp\/v2\/product"}],"about":[{"href":"https:\/\/www.lets-grow.de\/blog\/wp-json\/wp\/v2\/types\/product"}],"replies":[{"embeddable":true,"href":"https:\/\/www.lets-grow.de\/blog\/wp-json\/wp\/v2\/comments?post=18190"}],"version-history":[{"count":2,"href":"https:\/\/www.lets-grow.de\/blog\/wp-json\/wp\/v2\/product\/18190\/revisions"}],"predecessor-version":[{"id":21256,"href":"https:\/\/www.lets-grow.de\/blog\/wp-json\/wp\/v2\/product\/18190\/revisions\/21256"}],"wp:featuredmedia":[{"embeddable":true,"href":"https:\/\/www.lets-grow.de\/blog\/wp-json\/wp\/v2\/media\/18191"}],"wp:attachment":[{"href":"https:\/\/www.lets-grow.de\/blog\/wp-json\/wp\/v2\/media?parent=18190"}],"wp:term":[{"taxonomy":"product_brand","embeddable":true,"href":"https:\/\/www.lets-grow.de\/blog\/wp-json\/wp\/v2\/product_brand?post=18190"},{"taxonomy":"product_cat","embeddable":true,"href":"https:\/\/www.lets-grow.de\/blog\/wp-json\/wp\/v2\/product_cat?post=18190"},{"taxonomy":"product_tag","embeddable":true,"href":"https:\/\/www.lets-grow.de\/blog\/wp-json\/wp\/v2\/product_tag?post=18190"}],"curies":[{"name":"wp","href":"https:\/\/api.w.org\/{rel}","templated":true}]}}