{"id":18177,"date":"2025-02-10T20:26:47","date_gmt":"2025-02-10T19:26:47","guid":{"rendered":"https:\/\/www.lets-grow.de\/blog\/?post_type=product&#038;p=18177"},"modified":"2026-05-05T21:12:49","modified_gmt":"2026-05-05T19:12:49","slug":"aquamaster-ph-meter-p50-pro","status":"publish","type":"product","link":"https:\/\/www.lets-grow.de\/blog\/shop\/aquamaster-ph-meter-p50-pro\/","title":{"rendered":"Aquamaster PH-Meter P50 Pro2"},"content":{"rendered":"\t\t<div data-elementor-type=\"product-post\" data-elementor-id=\"18177\" class=\"elementor elementor-18177\" data-elementor-post-type=\"product\">\n\t\t\t\t<div class=\"wd-negative-gap elementor-element elementor-element-4044fb9d e-flex e-con-boxed e-con e-parent\" data-id=\"4044fb9d\" data-element_type=\"container\" data-e-type=\"container\">\n\t\t\t\t\t<div class=\"e-con-inner\">\n\t\t\t\t<div class=\"elementor-element elementor-element-5040cf67 elementor-widget elementor-widget-heading\" data-id=\"5040cf67\" data-element_type=\"widget\" data-e-type=\"widget\" data-widget_type=\"heading.default\">\n\t\t\t\t\t<h2 class=\"elementor-heading-title elementor-size-default\">PH-Meter P50 Pro2 - Kompaktes PH- &amp; Temperatur Messger\u00e4t f\u00fcr Ihr System<\/h2>\t\t\t\t<\/div>\n\t\t\t\t<div class=\"elementor-element elementor-element-13ea4625 color-scheme-inherit text-left elementor-widget elementor-widget-text-editor\" data-id=\"13ea4625\" data-element_type=\"widget\" data-e-type=\"widget\" data-widget_type=\"text-editor.default\">\n\t\t\t\t\t\t\t\t\t<p>Das AquaMaster PH-Meter P50 Pro2 ist das ideale Werkzeug f\u00fcr alle, die auf pr\u00e4zise pH- und Temperaturmessungen in ihren Hydroponik- oder Aquaponiksystemen angewiesen sind. Das Ger\u00e4t bietet eine hohe Genauigkeit und schnelle Ergebnisse, um sicherzustellen, dass der pH-Wert immer im optimalen Bereich f\u00fcr Pflanzen liegt. Es ist benutzerfreundlich und erm\u00f6glicht eine einfache Kalibrierung, wodurch es sich sowohl f\u00fcr Anf\u00e4nger als auch f\u00fcr Profis eignet.<\/p>\t\t\t\t\t\t\t\t<\/div>\n\t\t\t\t<div class=\"elementor-element elementor-element-300f40cb elementor-widget elementor-widget-spacer\" data-id=\"300f40cb\" data-element_type=\"widget\" data-e-type=\"widget\" data-widget_type=\"spacer.default\">\n\t\t\t\t\t\t\t<div class=\"elementor-spacer\">\n\t\t\t<div class=\"elementor-spacer-inner\"><\/div>\n\t\t<\/div>\n\t\t\t\t\t\t<\/div>\n\t\t\t\t<div class=\"elementor-element elementor-element-4aff8a57 elementor-widget elementor-widget-heading\" data-id=\"4aff8a57\" data-element_type=\"widget\" data-e-type=\"widget\" data-widget_type=\"heading.default\">\n\t\t\t\t\t<h2 class=\"elementor-heading-title elementor-size-default\">Anwendungen<\/h2>\t\t\t\t<\/div>\n\t\t\t\t<div class=\"elementor-element elementor-element-7764dcbf color-scheme-inherit text-left elementor-widget elementor-widget-text-editor\" data-id=\"7764dcbf\" data-element_type=\"widget\" data-e-type=\"widget\" data-widget_type=\"text-editor.default\">\n\t\t\t\t\t\t\t\t\t<p>Das AquaMaster PH-Meter P50 Pro2 eignet sich hervorragend f\u00fcr alle Anwendungen, bei denen der pH-Wert von N\u00e4hrstoffl\u00f6sungen kontrolliert werden muss. Es kann in Hydroponiksystemen, Aquaponikanlagen sowie bei der Pflege von Pflanzen in verschiedenen Substraten eingesetzt werden. Messen Sie regelm\u00e4\u00dfig den pH-Wert, um sicherzustellen, dass Ihre Pflanzen optimale Bedingungen haben.<\/p>\t\t\t\t\t\t\t\t<\/div>\n\t\t\t\t<div class=\"elementor-element elementor-element-6a53445b elementor-widget elementor-widget-spacer\" data-id=\"6a53445b\" data-element_type=\"widget\" data-e-type=\"widget\" data-widget_type=\"spacer.default\">\n\t\t\t\t\t\t\t<div class=\"elementor-spacer\">\n\t\t\t<div class=\"elementor-spacer-inner\"><\/div>\n\t\t<\/div>\n\t\t\t\t\t\t<\/div>\n\t\t\t\t<div class=\"elementor-element elementor-element-e9127df elementor-widget elementor-widget-heading\" data-id=\"e9127df\" data-element_type=\"widget\" data-e-type=\"widget\" data-widget_type=\"heading.default\">\n\t\t\t\t\t<h2 class=\"elementor-heading-title elementor-size-default\">Vorteile<\/h2>\t\t\t\t<\/div>\n\t\t\t\t<div class=\"elementor-element elementor-element-6499fc00 color-scheme-inherit text-left elementor-widget elementor-widget-text-editor\" data-id=\"6499fc00\" data-element_type=\"widget\" data-e-type=\"widget\" data-widget_type=\"text-editor.default\">\n\t\t\t\t\t\t\t\t\t<ul><li><strong>Hohe Genauigkeit:<\/strong> F\u00fcr pr\u00e4zise Messungen und konstante Ergebnisse.<\/li><li><strong>Einfache Anwendung:<\/strong> Schnell und unkompliziert in der Nutzung, ideal f\u00fcr Anf\u00e4nger und Profis.<\/li><li><strong>Langlebig:<\/strong> Robuste Bauweise, die sich f\u00fcr den t\u00e4glichen Einsatz eignet.<\/li><li><strong>Kompatibilit\u00e4t:<\/strong> Perfekt geeignet f\u00fcr Hydroponik- und Aquaponiksysteme.<\/li><li><strong>Schnelle Kalibrierung:<\/strong> Erm\u00f6glicht eine schnelle Anpassung an verschiedene L\u00f6sungen.<\/li><li><strong>Neue Model:<\/strong> Der Pro2 misst nun neben dem pH-Wert auch die Wasser\/N\u00e4hrl\u00f6sungstemperatur.<\/li><\/ul>\t\t\t\t\t\t\t\t<\/div>\n\t\t\t\t<div class=\"elementor-element elementor-element-22299b37 elementor-widget elementor-widget-spacer\" data-id=\"22299b37\" data-element_type=\"widget\" data-e-type=\"widget\" data-widget_type=\"spacer.default\">\n\t\t\t\t\t\t\t<div class=\"elementor-spacer\">\n\t\t\t<div class=\"elementor-spacer-inner\"><\/div>\n\t\t<\/div>\n\t\t\t\t\t\t<\/div>\n\t\t\t\t<div class=\"elementor-element elementor-element-e906b31 elementor-widget elementor-widget-heading\" data-id=\"e906b31\" data-element_type=\"widget\" data-e-type=\"widget\" data-widget_type=\"heading.default\">\n\t\t\t\t\t<h2 class=\"elementor-heading-title elementor-size-default\">Warum man den pH-Wert messen sollte<\/h2>\t\t\t\t<\/div>\n\t\t\t\t<div class=\"elementor-element elementor-element-ed32fd8 color-scheme-inherit text-left elementor-widget elementor-widget-text-editor\" data-id=\"ed32fd8\" data-element_type=\"widget\" data-e-type=\"widget\" data-widget_type=\"text-editor.default\">\n\t\t\t\t\t\t\t\t\t<p>Der pH-Wert beeinflusst direkt die N\u00e4hrstoffaufnahme der Pflanzen. Ein zu hoher oder zu niedriger pH-Wert kann dazu f\u00fchren, dass essentielle N\u00e4hrstoffe entweder nicht verf\u00fcgbar oder sch\u00e4dlich f\u00fcr die Pflanzen werden. Regelm\u00e4\u00dfige Messungen verhindern N\u00e4hrstoffm\u00e4ngel oder -\u00fcbersch\u00fcsse und f\u00f6rdern gesundes Pflanzenwachstum.<\/p>\t\t\t\t\t\t\t\t<\/div>\n\t\t\t\t<div class=\"elementor-element elementor-element-6163653 elementor-widget elementor-widget-spacer\" data-id=\"6163653\" data-element_type=\"widget\" data-e-type=\"widget\" data-widget_type=\"spacer.default\">\n\t\t\t\t\t\t\t<div class=\"elementor-spacer\">\n\t\t\t<div class=\"elementor-spacer-inner\"><\/div>\n\t\t<\/div>\n\t\t\t\t\t\t<\/div>\n\t\t\t\t<div class=\"elementor-element elementor-element-335dadb elementor-widget elementor-widget-heading\" data-id=\"335dadb\" data-element_type=\"widget\" data-e-type=\"widget\" data-widget_type=\"heading.default\">\n\t\t\t\t\t<h2 class=\"elementor-heading-title elementor-size-default\">Einfluss des pH-Werts auf Pflanzengesundheit und N\u00e4hrstoffe<\/h2>\t\t\t\t<\/div>\n\t\t\t\t<div class=\"elementor-element elementor-element-bf9441a color-scheme-inherit text-left elementor-widget elementor-widget-text-editor\" data-id=\"bf9441a\" data-element_type=\"widget\" data-e-type=\"widget\" data-widget_type=\"text-editor.default\">\n\t\t\t\t\t\t\t\t\t<p>Ein stabiler pH-Wert ist entscheidend f\u00fcr die Gesundheit der Pflanzen. Im idealen pH-Bereich k\u00f6nnen Pflanzen N\u00e4hrstoffe wie Stickstoff, Phosphor, Kalium und Mikron\u00e4hrstoffe effektiv aufnehmen. Ein falscher pH-Wert kann das Wurzelsystem sch\u00e4digen und das Pflanzenwachstum hemmen.<\/p>\t\t\t\t\t\t\t\t<\/div>\n\t\t\t\t<div class=\"elementor-element elementor-element-3248e1c elementor-widget elementor-widget-spacer\" data-id=\"3248e1c\" data-element_type=\"widget\" data-e-type=\"widget\" data-widget_type=\"spacer.default\">\n\t\t\t\t\t\t\t<div class=\"elementor-spacer\">\n\t\t\t<div class=\"elementor-spacer-inner\"><\/div>\n\t\t<\/div>\n\t\t\t\t\t\t<\/div>\n\t\t\t\t<div class=\"elementor-element elementor-element-2fa4c12 elementor-widget elementor-widget-heading\" data-id=\"2fa4c12\" data-element_type=\"widget\" data-e-type=\"widget\" data-widget_type=\"heading.default\">\n\t\t\t\t\t<h2 class=\"elementor-heading-title elementor-size-default\">Zusammenfassung<\/h2>\t\t\t\t<\/div>\n\t\t\t\t<div class=\"elementor-element elementor-element-3bd796f7 color-scheme-inherit text-left elementor-widget elementor-widget-text-editor\" data-id=\"3bd796f7\" data-element_type=\"widget\" data-e-type=\"widget\" data-widget_type=\"text-editor.default\">\n\t\t\t\t\t\t\t\t\t<p>Das AquaMaster PH-Meter P50 Pro2 ist ein unverzichtbares Werkzeug f\u00fcr jeden, der gesunde Pflanzen in Hydroponik oder Aquaponik anbauen m\u00f6chte. Mit seiner einfachen Bedienung, schnellen Ergebnissen und zuverl\u00e4ssigen Genauigkeit hilft es dabei, die optimalen Bedingungen f\u00fcr Pflanzen zu schaffen und ihre N\u00e4hrstoffaufnahme zu maximieren.<\/p>\t\t\t\t\t\t\t\t<\/div>\n\t\t\t\t\t<\/div>\n\t\t\t\t<\/div>\n\t\t\t\t<\/div>\n\t\t","protected":false},"excerpt":{"rendered":"<p>Das AquaMaster PH-Meter P50 Pro2 ist ein pr\u00e4zises und benutzerfreundliches Messger\u00e4t, ideal f\u00fcr Hydroponik- und Aquaponiksysteme. Es hilft dabei, den pH-Wert von N\u00e4hrstoffl\u00f6sungen exakt zu \u00fcberwachen, um das Wachstum gesunder Pflanzen zu f\u00f6rdern. Mit einer schnellen und zuverl\u00e4ssigen Messung sorgt es f\u00fcr optimale Bedingungen in deinem System, damit deine Pflanzen die richtigen N\u00e4hrstoffe aufnehmen k\u00f6nnen.<\/p>\n","protected":false},"featured_media":18178,"comment_status":"open","ping_status":"closed","template":"","meta":{"_monsterinsights_skip_tracking":false,"_monsterinsights_sitenote_active":false,"_monsterinsights_sitenote_note":"","_monsterinsights_sitenote_category":0},"product_brand":[],"product_cat":[633],"product_tag":[645,1959,669,1960,1961,1076,1962,1077,1963,1078,1964,263,1184,1965,568,1185,609,1956,1957,643,1958],"class_list":{"0":"post-18177","1":"product","2":"type-product","3":"status-publish","4":"has-post-thumbnail","6":"product_cat-messgeraete","7":"product_tag-messung","8":"product_tag-elektrolyt","9":"product_tag-leitwert","10":"product_tag-sensor","11":"product_tag-umwelt","12":"product_tag-ph","13":"product_tag-labor","14":"product_tag-ph-wert","15":"product_tag-profi","16":"product_tag-ph-meter","17":"product_tag-fischen","18":"product_tag-aquaponik","19":"product_tag-aquarium","20":"product_tag-gartentechnik","21":"product_tag-pflanzen","22":"product_tag-wasserqualitaet","23":"product_tag-hydroponik","24":"product_tag-wasseranalyse","25":"product_tag-digital","26":"product_tag-messgeraet","27":"product_tag-genauigkeit","28":"pa_hersteller-aquamaster","30":"first","31":"instock","32":"sale","33":"taxable","34":"shipping-taxable","35":"purchasable","36":"product-type-simple"},"bundled_by":["18709"],"bundle_stock_status":"instock","bundle_stock_quantity":2,"bundle_virtual":false,"bundle_layout":"","bundle_add_to_cart_form_location":"","bundle_editable_in_cart":false,"bundle_sold_individually_context":"","bundle_item_grouping":"","bundle_min_size":"","bundle_max_size":"","bundle_price":[],"bundled_items":[],"bundle_sell_ids":[],"supplier_id":null,"supplier_sku":"","barcode":null,"atum_controlled":true,"out_stock_date":null,"out_stock_threshold":null,"inheritable":false,"inbound_stock":0,"stock_on_hold":0,"sold_today":0,"sales_last_days":0,"reserved_stock":0,"customer_returns":0,"warehouse_damage":0,"lost_in_post":0,"other_logs":0,"out_stock_days":0,"lost_sales":0,"has_location":false,"update_date":"2026-05-07T00:28:33","atum_locations":[],"atum_stock_status":"instock","restock_status":false,"low_stock_amount":"","sales_update_date":"2026-05-07T00:28:33","calc_backorders":null,"tiered_pricing_type":"fixed","tiered_pricing_fixed_rules":[],"tiered_pricing_product_settings":{"layout":"default","base_unit_name":{"singular":null,"plural":null},"default_variation":null},"tiered_pricing_minimum_quantity":null,"tiered_pricing_roles_data":[],"tiered_pricing_percentage_rules":[],"_links":{"self":[{"href":"https:\/\/www.lets-grow.de\/blog\/wp-json\/wp\/v2\/product\/18177","targetHints":{"allow":["GET"]}}],"collection":[{"href":"https:\/\/www.lets-grow.de\/blog\/wp-json\/wp\/v2\/product"}],"about":[{"href":"https:\/\/www.lets-grow.de\/blog\/wp-json\/wp\/v2\/types\/product"}],"replies":[{"embeddable":true,"href":"https:\/\/www.lets-grow.de\/blog\/wp-json\/wp\/v2\/comments?post=18177"}],"version-history":[{"count":8,"href":"https:\/\/www.lets-grow.de\/blog\/wp-json\/wp\/v2\/product\/18177\/revisions"}],"predecessor-version":[{"id":21618,"href":"https:\/\/www.lets-grow.de\/blog\/wp-json\/wp\/v2\/product\/18177\/revisions\/21618"}],"wp:featuredmedia":[{"embeddable":true,"href":"https:\/\/www.lets-grow.de\/blog\/wp-json\/wp\/v2\/media\/18178"}],"wp:attachment":[{"href":"https:\/\/www.lets-grow.de\/blog\/wp-json\/wp\/v2\/media?parent=18177"}],"wp:term":[{"taxonomy":"product_brand","embeddable":true,"href":"https:\/\/www.lets-grow.de\/blog\/wp-json\/wp\/v2\/product_brand?post=18177"},{"taxonomy":"product_cat","embeddable":true,"href":"https:\/\/www.lets-grow.de\/blog\/wp-json\/wp\/v2\/product_cat?post=18177"},{"taxonomy":"product_tag","embeddable":true,"href":"https:\/\/www.lets-grow.de\/blog\/wp-json\/wp\/v2\/product_tag?post=18177"}],"curies":[{"name":"wp","href":"https:\/\/api.w.org\/{rel}","templated":true}]}}