{"id":18152,"date":"2025-02-08T19:42:11","date_gmt":"2025-02-08T18:42:11","guid":{"rendered":"https:\/\/www.lets-grow.de\/blog\/?post_type=product&#038;p=18152"},"modified":"2026-04-29T12:49:23","modified_gmt":"2026-04-29T10:49:23","slug":"microbe-lift-superstart-filterbakterien","status":"publish","type":"product","link":"https:\/\/www.lets-grow.de\/blog\/shop\/microbe-lift-superstart-filterbakterien\/","title":{"rendered":"Microbe-Lift SuperStart Filterbakterien"},"content":{"rendered":"\t\t<div data-elementor-type=\"product-post\" data-elementor-id=\"18152\" class=\"elementor elementor-18152\" data-elementor-post-type=\"product\">\n\t\t\t\t<div class=\"wd-negative-gap elementor-element elementor-element-63a8b8d e-flex e-con-boxed e-con e-parent\" data-id=\"63a8b8d\" data-element_type=\"container\" data-e-type=\"container\">\n\t\t\t\t\t<div class=\"e-con-inner\">\n\t\t\t\t<div class=\"elementor-element elementor-element-179edcbf elementor-widget elementor-widget-heading\" data-id=\"179edcbf\" data-element_type=\"widget\" data-e-type=\"widget\" data-widget_type=\"heading.default\">\n\t\t\t\t\t<h2 class=\"elementor-heading-title elementor-size-default\">Microbe-Lift Super Start: Filterbakterien f\u00fcr Dein Aquaponik-System<\/h2>\t\t\t\t<\/div>\n\t\t\t\t<div class=\"elementor-element elementor-element-471bb698 color-scheme-inherit text-left elementor-widget elementor-widget-text-editor\" data-id=\"471bb698\" data-element_type=\"widget\" data-e-type=\"widget\" data-widget_type=\"text-editor.default\">\n\t\t\t\t\t\t\t\t\t<p>Ein erfolgreiches Aquaponik-System h\u00e4ngt ma\u00dfgeblich von einem gesunden biologischen Gleichgewicht ab. Filterbakterien spielen dabei eine Schl\u00fcsselrolle. Sie sind nicht nur f\u00fcr die Nitrifikation verantwortlich, sondern auch f\u00fcr die Schaffung eines stabilen \u00d6kosystems, in dem Fische und Pflanzen gedeihen k\u00f6nnen. Doch was sind <strong>Filterbakterien<\/strong>, warum sind sie wichtig und wie kannst du sie richtig einsetzen?<\/p>\t\t\t\t\t\t\t\t<\/div>\n\t\t\t\t<div class=\"elementor-element elementor-element-71057bf3 elementor-widget elementor-widget-spacer\" data-id=\"71057bf3\" data-element_type=\"widget\" data-e-type=\"widget\" data-widget_type=\"spacer.default\">\n\t\t\t\t\t\t\t<div class=\"elementor-spacer\">\n\t\t\t<div class=\"elementor-spacer-inner\"><\/div>\n\t\t<\/div>\n\t\t\t\t\t\t<\/div>\n\t\t\t\t<div class=\"elementor-element elementor-element-3b5f7cef elementor-widget elementor-widget-heading\" data-id=\"3b5f7cef\" data-element_type=\"widget\" data-e-type=\"widget\" data-widget_type=\"heading.default\">\n\t\t\t\t\t<h2 class=\"elementor-heading-title elementor-size-default\">Was sind Filterbakterien?<\/h2>\t\t\t\t<\/div>\n\t\t\t\t<div class=\"elementor-element elementor-element-56d4843 color-scheme-inherit text-left elementor-widget elementor-widget-text-editor\" data-id=\"56d4843\" data-element_type=\"widget\" data-e-type=\"widget\" data-widget_type=\"text-editor.default\">\n\t\t\t\t\t\t\t\t\t<p>Filterbakterien sind Mikroorganismen, die in Aquaponik-Systemen daf\u00fcr sorgen, dass Schadstoffe aus dem Fischabwasser effizient abgebaut werden. Sie verwandeln Ammoniak und Nitrit, die f\u00fcr Fische giftig sind, in weniger sch\u00e4dliche Stoffe. Der Prozess, den diese Bakterien durchf\u00fchren, wird als <strong>Nitrifikation<\/strong> bezeichnet und ist entscheidend f\u00fcr das \u00dcberleben deiner Fische und das Wachstum deiner Pflanzen.<\/p>\t\t\t\t\t\t\t\t<\/div>\n\t\t\t\t<div class=\"elementor-element elementor-element-65ea1e0c elementor-widget elementor-widget-spacer\" data-id=\"65ea1e0c\" data-element_type=\"widget\" data-e-type=\"widget\" data-widget_type=\"spacer.default\">\n\t\t\t\t\t\t\t<div class=\"elementor-spacer\">\n\t\t\t<div class=\"elementor-spacer-inner\"><\/div>\n\t\t<\/div>\n\t\t\t\t\t\t<\/div>\n\t\t\t\t<div class=\"elementor-element elementor-element-6f66ee54 elementor-widget elementor-widget-heading\" data-id=\"6f66ee54\" data-element_type=\"widget\" data-e-type=\"widget\" data-widget_type=\"heading.default\">\n\t\t\t\t\t<h2 class=\"elementor-heading-title elementor-size-default\">Warum sind Filterbakterien wichtig?<\/h2>\t\t\t\t<\/div>\n\t\t\t\t<div class=\"elementor-element elementor-element-483f831a color-scheme-inherit text-left elementor-widget elementor-widget-text-editor\" data-id=\"483f831a\" data-element_type=\"widget\" data-e-type=\"widget\" data-widget_type=\"text-editor.default\">\n\t\t\t\t\t\t\t\t\t<ol><li><strong>Schutz der Fische<\/strong>: Ammoniak, das durch den Fischkot ins Wasser gelangt, ist hochgiftig. Ohne Filterbakterien w\u00fcrde das Wasser schnell zu einem gef\u00e4hrlichen Lebensraum f\u00fcr die Fische.<\/li><li><strong>Optimales Pflanzenwachstum<\/strong>: Die von den Bakterien produzierten Nitrate sind wertvolle N\u00e4hrstoffe f\u00fcr Pflanzen und f\u00f6rdern deren Wachstum.<\/li><li><strong>Stabilit\u00e4t des Systems<\/strong>: Ein gut funktionierendes Bakterienumfeld sorgt f\u00fcr ein stabiles und effizientes Aquaponik-System, das weniger Pflege erfordert.<\/li><\/ol>\t\t\t\t\t\t\t\t<\/div>\n\t\t\t\t<div class=\"elementor-element elementor-element-7f460ee1 elementor-widget elementor-widget-spacer\" data-id=\"7f460ee1\" data-element_type=\"widget\" data-e-type=\"widget\" data-widget_type=\"spacer.default\">\n\t\t\t\t\t\t\t<div class=\"elementor-spacer\">\n\t\t\t<div class=\"elementor-spacer-inner\"><\/div>\n\t\t<\/div>\n\t\t\t\t\t\t<\/div>\n\t\t\t\t<div class=\"elementor-element elementor-element-c913a4a elementor-widget elementor-widget-heading\" data-id=\"c913a4a\" data-element_type=\"widget\" data-e-type=\"widget\" data-widget_type=\"heading.default\">\n\t\t\t\t\t<h2 class=\"elementor-heading-title elementor-size-default\">Arten von Filterbakterien in Aquaponik-Systemen<\/h2>\t\t\t\t<\/div>\n\t\t\t\t<div class=\"elementor-element elementor-element-93223a3 color-scheme-inherit text-left elementor-widget elementor-widget-text-editor\" data-id=\"93223a3\" data-element_type=\"widget\" data-e-type=\"widget\" data-widget_type=\"text-editor.default\">\n\t\t\t\t\t\t\t\t\t<p>Es gibt zwei Hauptgruppen von Bakterien, die du in deinem System ben\u00f6tigst:<\/p><ul><li><strong>Nitrosomonas-Bakterien<\/strong>: Diese Bakterien wandeln Ammoniak (NH3) in Nitrit (NO2) um.<\/li><li><strong>Nitrobacter-Bakterien<\/strong>: Diese Bakterien setzen Nitrit in Nitrate (NO3) um, die von den Pflanzen aufgenommen werden.<\/li><\/ul><p>Beide Gruppen sind essenziell f\u00fcr den Nitrifikationsprozess und m\u00fcssen in einem gut funktionierenden System vorhanden sein.<\/p>\t\t\t\t\t\t\t\t<\/div>\n\t\t\t\t<div class=\"elementor-element elementor-element-4fe8373 elementor-widget elementor-widget-spacer\" data-id=\"4fe8373\" data-element_type=\"widget\" data-e-type=\"widget\" data-widget_type=\"spacer.default\">\n\t\t\t\t\t\t\t<div class=\"elementor-spacer\">\n\t\t\t<div class=\"elementor-spacer-inner\"><\/div>\n\t\t<\/div>\n\t\t\t\t\t\t<\/div>\n\t\t\t\t<div class=\"elementor-element elementor-element-bdd6ec6 elementor-widget elementor-widget-heading\" data-id=\"bdd6ec6\" data-element_type=\"widget\" data-e-type=\"widget\" data-widget_type=\"heading.default\">\n\t\t\t\t\t<h2 class=\"elementor-heading-title elementor-size-default\">Wie installiere ich Filterbakterien in meinem System?<\/h2>\t\t\t\t<\/div>\n\t\t\t\t<div class=\"elementor-element elementor-element-55318aa color-scheme-inherit text-left elementor-widget elementor-widget-text-editor\" data-id=\"55318aa\" data-element_type=\"widget\" data-e-type=\"widget\" data-widget_type=\"text-editor.default\">\n\t\t\t\t\t\t\t\t\t<ul><li><strong>Starterbakterien kaufen<\/strong>: Sie k\u00f6nnen spezielle <strong>Filterbakterien-Starterkulturen<\/strong> f\u00fcr Aquaponik-Systeme erwerben. Diese Kulturen enthalten eine Mischung aus Nitrosomonas und Nitrobacter.<\/li><li><strong>Langsame Einf\u00fchrung<\/strong>: Wenn Sie ein neues System starten, ist es wichtig, die Bakterien langsam einzuf\u00fchren. Zu viele Bakterien auf einmal k\u00f6nnen das System \u00fcberlasten.<\/li><li><strong>Wassertemperatur und pH-Wert<\/strong>: Filterbakterien ben\u00f6tigen die richtige Umgebung, um effektiv arbeiten zu k\u00f6nnen. Achten Sie darauf, dass die Wassertemperatur im Bereich von 20-30\u00b0C liegt und der pH-Wert zwischen 6,5 und 7,5 bleibt.<\/li><\/ul>\t\t\t\t\t\t\t\t<\/div>\n\t\t\t\t<div class=\"elementor-element elementor-element-7463e4d elementor-widget elementor-widget-spacer\" data-id=\"7463e4d\" data-element_type=\"widget\" data-e-type=\"widget\" data-widget_type=\"spacer.default\">\n\t\t\t\t\t\t\t<div class=\"elementor-spacer\">\n\t\t\t<div class=\"elementor-spacer-inner\"><\/div>\n\t\t<\/div>\n\t\t\t\t\t\t<\/div>\n\t\t\t\t<div class=\"elementor-element elementor-element-3352946 elementor-widget elementor-widget-heading\" data-id=\"3352946\" data-element_type=\"widget\" data-e-type=\"widget\" data-widget_type=\"heading.default\">\n\t\t\t\t\t<h2 class=\"elementor-heading-title elementor-size-default\">Tipps zur Pflege der Filterbakterien<\/h2>\t\t\t\t<\/div>\n\t\t\t\t<div class=\"elementor-element elementor-element-c303d6b color-scheme-inherit text-left elementor-widget elementor-widget-text-editor\" data-id=\"c303d6b\" data-element_type=\"widget\" data-e-type=\"widget\" data-widget_type=\"text-editor.default\">\n\t\t\t\t\t\t\t\t\t<ul><li><strong>Achten Sie auf das richtige Gleichgewicht<\/strong>: Ein \u00dcberma\u00df an Ammoniak oder Nitrit kann deine Bakterienkolonie st\u00f6ren.<\/li><li><strong>Vermeide den Einsatz von Chemikalien<\/strong>: Einige desinfizierende Mittel k\u00f6nnen die Bakterienkulturen abt\u00f6ten.<\/li><li><strong>Regelm\u00e4\u00dfige Wasserwechsel<\/strong>: Diese helfen, das Wasser sauber zu halten und ein gesundes Bakterienumfeld zu f\u00f6rdern.<\/li><\/ul>\t\t\t\t\t\t\t\t<\/div>\n\t\t\t\t<div class=\"elementor-element elementor-element-1b8c5b5 elementor-widget elementor-widget-spacer\" data-id=\"1b8c5b5\" data-element_type=\"widget\" data-e-type=\"widget\" data-widget_type=\"spacer.default\">\n\t\t\t\t\t\t\t<div class=\"elementor-spacer\">\n\t\t\t<div class=\"elementor-spacer-inner\"><\/div>\n\t\t<\/div>\n\t\t\t\t\t\t<\/div>\n\t\t\t\t<div class=\"elementor-element elementor-element-3ee72305 elementor-widget elementor-widget-heading\" data-id=\"3ee72305\" data-element_type=\"widget\" data-e-type=\"widget\" data-widget_type=\"heading.default\">\n\t\t\t\t\t<h2 class=\"elementor-heading-title elementor-size-default\">Zusammenfassung<\/h2>\t\t\t\t<\/div>\n\t\t\t\t<div class=\"elementor-element elementor-element-77c6aca6 color-scheme-inherit text-left elementor-widget elementor-widget-text-editor\" data-id=\"77c6aca6\" data-element_type=\"widget\" data-e-type=\"widget\" data-widget_type=\"text-editor.default\">\n\t\t\t\t\t\t\t\t\t<p>Filterbakterien sind das Herzst\u00fcck eines jeden erfolgreichen Aquaponik-Systems. Ohne sie k\u00f6nnten weder die Fische noch die Pflanzen gesund gedeihen. Indem Sie auf qualitativ hochwertige Bakterienkulturen setzt und f\u00fcr ein ausgewogenes Umfeld sorgen, legen Sie den Grundstein f\u00fcr ein langlebiges und effizientes System.<\/p>\t\t\t\t\t\t\t\t<\/div>\n\t\t\t\t\t<\/div>\n\t\t\t\t<\/div>\n\t\t\t\t<\/div>\n\t\t","protected":false},"excerpt":{"rendered":"<p>Microbe-Lift SuperStart Filterbakterien unterst\u00fctzen die sofortige biologische Filtration in Teichen und Aquarien. Die speziell formulierten Bakterien helfen, sch\u00e4dliche Substanzen wie Ammoniak und Nitrit schnell abzubauen, wodurch das Wasser schnell stabilisiert wird. Ideal f\u00fcr den Start in jedes neue System oder nach Wartungsarbeiten f\u00fcr eine verbesserte Wasserqualit\u00e4t.<\/p>\n","protected":false},"featured_media":18411,"comment_status":"open","ping_status":"closed","template":"","meta":{"_monsterinsights_skip_tracking":false,"_monsterinsights_sitenote_active":false,"_monsterinsights_sitenote_note":"","_monsterinsights_sitenote_category":0},"product_brand":[],"product_cat":[854],"product_tag":[1070,1071,1072,1073],"class_list":{"0":"post-18152","1":"product","2":"type-product","3":"status-publish","4":"has-post-thumbnail","6":"product_cat-fische-zubehoer","7":"product_tag-biologie","8":"product_tag-startbakterien","9":"product_tag-stickstoffkreislauf","10":"product_tag-einlaufphase","11":"pa_hersteller-microbe-lift","13":"first","14":"instock","15":"taxable","16":"shipping-taxable","17":"purchasable","18":"product-type-variable"},"bundled_by":[],"bundle_stock_status":"instock","bundle_stock_quantity":null,"bundle_virtual":false,"bundle_layout":"","bundle_add_to_cart_form_location":"","bundle_editable_in_cart":false,"bundle_sold_individually_context":"","bundle_item_grouping":"","bundle_min_size":"","bundle_max_size":"","bundle_price":[],"bundled_items":[],"bundle_sell_ids":[],"supplier_id":null,"supplier_sku":"","barcode":null,"atum_controlled":true,"out_stock_date":null,"out_stock_threshold":null,"inheritable":true,"inbound_stock":0,"stock_on_hold":0,"sold_today":0,"sales_last_days":0,"reserved_stock":0,"customer_returns":0,"warehouse_damage":0,"lost_in_post":0,"other_logs":0,"out_stock_days":0,"lost_sales":0,"has_location":false,"update_date":"2026-05-03T00:23:56","atum_locations":[],"atum_stock_status":"instock","restock_status":false,"low_stock_amount":"","sales_update_date":"2026-05-03T00:23:56","calc_backorders":null,"tiered_pricing_type":"fixed","tiered_pricing_fixed_rules":[],"tiered_pricing_product_settings":{"layout":"default","base_unit_name":{"singular":null,"plural":null},"default_variation":null},"tiered_pricing_minimum_quantity":null,"tiered_pricing_roles_data":[],"tiered_pricing_percentage_rules":[],"_links":{"self":[{"href":"https:\/\/www.lets-grow.de\/blog\/wp-json\/wp\/v2\/product\/18152","targetHints":{"allow":["GET"]}}],"collection":[{"href":"https:\/\/www.lets-grow.de\/blog\/wp-json\/wp\/v2\/product"}],"about":[{"href":"https:\/\/www.lets-grow.de\/blog\/wp-json\/wp\/v2\/types\/product"}],"replies":[{"embeddable":true,"href":"https:\/\/www.lets-grow.de\/blog\/wp-json\/wp\/v2\/comments?post=18152"}],"version-history":[{"count":1,"href":"https:\/\/www.lets-grow.de\/blog\/wp-json\/wp\/v2\/product\/18152\/revisions"}],"predecessor-version":[{"id":21580,"href":"https:\/\/www.lets-grow.de\/blog\/wp-json\/wp\/v2\/product\/18152\/revisions\/21580"}],"wp:featuredmedia":[{"embeddable":true,"href":"https:\/\/www.lets-grow.de\/blog\/wp-json\/wp\/v2\/media\/18411"}],"wp:attachment":[{"href":"https:\/\/www.lets-grow.de\/blog\/wp-json\/wp\/v2\/media?parent=18152"}],"wp:term":[{"taxonomy":"product_brand","embeddable":true,"href":"https:\/\/www.lets-grow.de\/blog\/wp-json\/wp\/v2\/product_brand?post=18152"},{"taxonomy":"product_cat","embeddable":true,"href":"https:\/\/www.lets-grow.de\/blog\/wp-json\/wp\/v2\/product_cat?post=18152"},{"taxonomy":"product_tag","embeddable":true,"href":"https:\/\/www.lets-grow.de\/blog\/wp-json\/wp\/v2\/product_tag?post=18152"}],"curies":[{"name":"wp","href":"https:\/\/api.w.org\/{rel}","templated":true}]}}