{"id":18099,"date":"2025-02-07T20:33:43","date_gmt":"2025-02-07T19:33:43","guid":{"rendered":"https:\/\/www.lets-grow.de\/blog\/?post_type=product&#038;p=18099"},"modified":"2026-05-08T07:34:49","modified_gmt":"2026-05-08T05:34:49","slug":"ersatzmembranset-ap-serie","status":"publish","type":"product","link":"https:\/\/www.lets-grow.de\/blog\/shop\/ersatzmembranset-ap-serie\/","title":{"rendered":"Ersatzmembranset AP-Serie"},"content":{"rendered":"\t\t<div data-elementor-type=\"product-post\" data-elementor-id=\"18099\" class=\"elementor elementor-18099\" data-elementor-post-type=\"product\">\n\t\t\t\t<div class=\"wd-negative-gap elementor-element elementor-element-e3200a1 e-flex e-con-boxed e-con e-parent\" data-id=\"e3200a1\" data-element_type=\"container\" data-e-type=\"container\">\n\t\t\t\t\t<div class=\"e-con-inner\">\n\t\t\t\t<div class=\"elementor-element elementor-element-474c9b55 elementor-widget elementor-widget-heading\" data-id=\"474c9b55\" data-element_type=\"widget\" data-e-type=\"widget\" data-widget_type=\"heading.default\">\n\t\t\t\t\t<h2 class=\"elementor-heading-title elementor-size-default\">Ersatzmembranset f\u00fcr AP-Serie \u2013 Wartungsset f\u00fcr Luftpumpen<\/h2>\t\t\t\t<\/div>\n\t\t\t\t<div class=\"elementor-element elementor-element-18d67eb8 color-scheme-inherit text-left elementor-widget elementor-widget-text-editor\" data-id=\"18d67eb8\" data-element_type=\"widget\" data-e-type=\"widget\" data-widget_type=\"text-editor.default\">\n\t\t\t\t\t\t\t\t\t<p><strong>Verl\u00e4ngere die Lebensdauer deiner Luftpumpe!<\/strong><br \/>Mit dem <strong>Ersatzmembranset f\u00fcr AP-Serie Membranpumpen<\/strong> bringst du deine Bel\u00fcftungseinheit wieder auf Vordermann. Membranen sind Verschlei\u00dfteile, die mit der Zeit aush\u00e4rten und Risse bekommen \u2013 dadurch verliert die Pumpe an Leistung. Ein rechtzeitiger Austausch stellt die optimale Luftversorgung sicher und sch\u00fctzt das System.<\/p>\t\t\t\t\t\t\t\t<\/div>\n\t\t\t\t<div class=\"elementor-element elementor-element-655aa25f elementor-widget elementor-widget-spacer\" data-id=\"655aa25f\" data-element_type=\"widget\" data-e-type=\"widget\" data-widget_type=\"spacer.default\">\n\t\t\t\t\t\t\t<div class=\"elementor-spacer\">\n\t\t\t<div class=\"elementor-spacer-inner\"><\/div>\n\t\t<\/div>\n\t\t\t\t\t\t<\/div>\n\t\t\t\t<div class=\"elementor-element elementor-element-6929144c elementor-widget elementor-widget-heading\" data-id=\"6929144c\" data-element_type=\"widget\" data-e-type=\"widget\" data-widget_type=\"heading.default\">\n\t\t\t\t\t<h2 class=\"elementor-heading-title elementor-size-default\">Einsatzbereiche<\/h2>\t\t\t\t<\/div>\n\t\t\t\t<div class=\"elementor-element elementor-element-2bec4ef7 color-scheme-inherit text-left elementor-widget elementor-widget-text-editor\" data-id=\"2bec4ef7\" data-element_type=\"widget\" data-e-type=\"widget\" data-widget_type=\"text-editor.default\">\n\t\t\t\t\t\t\t\t\t<p>\ud83c\udf31 <strong>Aquaponik &amp; Hydroponik \u2013 optimale Sauerstoffversorgung<\/strong><br \/>\ud83d\udc1f <strong>Teich- &amp; Aquarienbel\u00fcftung f\u00fcr gesunde Fische<\/strong><br \/>\ud83c\udfd7\ufe0f <strong>Luftf\u00f6rderung in industriellen Prozessen<\/strong><\/p><p>Regelm\u00e4\u00dfiger Austausch h\u00e4lt deine <strong>Pumpe effizient &amp; leistungsstark<\/strong> \u2013 ideal f\u00fcr eine <strong>dauerhafte Bel\u00fcftung<\/strong>!<\/p>\t\t\t\t\t\t\t\t<\/div>\n\t\t\t\t<div class=\"elementor-element elementor-element-51851783 elementor-widget elementor-widget-spacer\" data-id=\"51851783\" data-element_type=\"widget\" data-e-type=\"widget\" data-widget_type=\"spacer.default\">\n\t\t\t\t\t\t\t<div class=\"elementor-spacer\">\n\t\t\t<div class=\"elementor-spacer-inner\"><\/div>\n\t\t<\/div>\n\t\t\t\t\t\t<\/div>\n\t\t\t\t<div class=\"elementor-element elementor-element-502dafd1 elementor-widget elementor-widget-heading\" data-id=\"502dafd1\" data-element_type=\"widget\" data-e-type=\"widget\" data-widget_type=\"heading.default\">\n\t\t\t\t\t<h2 class=\"elementor-heading-title elementor-size-default\">Vorteile<\/h2>\t\t\t\t<\/div>\n\t\t\t\t<div class=\"elementor-element elementor-element-421cd829 color-scheme-inherit text-left elementor-widget elementor-widget-text-editor\" data-id=\"421cd829\" data-element_type=\"widget\" data-e-type=\"widget\" data-widget_type=\"text-editor.default\">\n\t\t\t\t\t\t\t\t\t<p>\u2714 <strong>Volle Pumpenleistung wiederherstellen<\/strong><br \/>\u2714 <strong>Einfache Installation ohne Spezialwerkzeug<\/strong><br \/>\u2714 <strong>Kosten sparen statt neue Pumpe kaufen<\/strong><br \/>\u2714 <strong>Leiser &amp; effizienter Betrieb nach dem Wechsel<\/strong><\/p>\t\t\t\t\t\t\t\t<\/div>\n\t\t\t\t<div class=\"elementor-element elementor-element-2d677ee elementor-widget elementor-widget-spacer\" data-id=\"2d677ee\" data-element_type=\"widget\" data-e-type=\"widget\" data-widget_type=\"spacer.default\">\n\t\t\t\t\t\t\t<div class=\"elementor-spacer\">\n\t\t\t<div class=\"elementor-spacer-inner\"><\/div>\n\t\t<\/div>\n\t\t\t\t\t\t<\/div>\n\t\t\t\t<div class=\"elementor-element elementor-element-6c611c12 elementor-widget elementor-widget-heading\" data-id=\"6c611c12\" data-element_type=\"widget\" data-e-type=\"widget\" data-widget_type=\"heading.default\">\n\t\t\t\t\t<h2 class=\"elementor-heading-title elementor-size-default\">Zusammenfassung<\/h2>\t\t\t\t<\/div>\n\t\t\t\t<div class=\"elementor-element elementor-element-1227bd3a color-scheme-inherit text-left elementor-widget elementor-widget-text-editor\" data-id=\"1227bd3a\" data-element_type=\"widget\" data-e-type=\"widget\" data-widget_type=\"text-editor.default\">\n\t\t\t\t\t\t\t\t\t<p>Ein unverzichtbares Ersatzteil f\u00fcr die Wartung deiner <strong>AP-Serie Membranpumpe<\/strong>! \ud83d\udca8\ud83d\udd27 Verl\u00e4ngert die Lebensdauer, spart Geld &amp; sichert eine optimale Bel\u00fcftung.<\/p>\t\t\t\t\t\t\t\t<\/div>\n\t\t\t\t\t<\/div>\n\t\t\t\t<\/div>\n\t\t\t\t<\/div>\n\t\t","protected":false},"excerpt":{"rendered":"<p>Mit dem <strong>Ersatzmembranset f\u00fcr die AP-Serie<\/strong> bringst du deine <strong>Membranpumpe<\/strong> wieder auf volle Leistung! Ideal f\u00fcr Aquaforte AP-Modelle, sichert es eine konstante Luftzufuhr in Teich- &amp; Aquaponiksystemen. Der einfache Austausch sorgt f\u00fcr <strong>ger\u00e4uscharme &amp; effiziente Bel\u00fcftung<\/strong>, verl\u00e4ngert die Lebensdauer der Pumpe und spart Kosten. <strong>Regelm\u00e4\u00dfige Wartung empfohlen!<\/strong><\/p>\n","protected":false},"featured_media":18110,"comment_status":"open","ping_status":"closed","template":"","meta":{"_monsterinsights_skip_tracking":false,"_monsterinsights_sitenote_active":false,"_monsterinsights_sitenote_note":"","_monsterinsights_sitenote_category":0},"product_brand":[],"product_cat":[436],"product_tag":[1051,1052,1053,1054,1055,1056,1057],"class_list":{"0":"post-18099","1":"product","2":"type-product","3":"status-publish","4":"has-post-thumbnail","6":"product_cat-belueftung","7":"product_tag-ap-serie-ersatzmembran","8":"product_tag-membranset-ap","9":"product_tag-luftpumpe-reparatur","10":"product_tag-membranpumpe-wartung","11":"product_tag-aquaforte-ap-ersatzteile","12":"product_tag-luftpumpen-zubehoer","13":"product_tag-ap-membran","14":"pa_hersteller-sibo","16":"first","17":"instock","18":"taxable","19":"shipping-taxable","20":"purchasable","21":"product-type-variable"},"bundled_by":[],"bundle_stock_status":"instock","bundle_stock_quantity":null,"bundle_virtual":false,"bundle_layout":"","bundle_add_to_cart_form_location":"","bundle_editable_in_cart":false,"bundle_sold_individually_context":"","bundle_item_grouping":"","bundle_min_size":"","bundle_max_size":"","bundle_price":[],"bundled_items":[],"bundle_sell_ids":[],"supplier_id":null,"supplier_sku":"","barcode":null,"atum_controlled":true,"out_stock_date":null,"out_stock_threshold":null,"inheritable":true,"inbound_stock":0,"stock_on_hold":0,"sold_today":0,"sales_last_days":3,"reserved_stock":0,"customer_returns":0,"warehouse_damage":0,"lost_in_post":0,"other_logs":0,"out_stock_days":0,"lost_sales":0,"has_location":false,"update_date":"2026-05-13T00:30:43","atum_locations":[],"atum_stock_status":"instock","restock_status":false,"low_stock_amount":"","sales_update_date":"2026-05-13T00:30:43","calc_backorders":null,"tiered_pricing_type":"fixed","tiered_pricing_fixed_rules":[],"tiered_pricing_product_settings":{"layout":"default","base_unit_name":{"singular":null,"plural":null},"default_variation":null},"tiered_pricing_minimum_quantity":null,"tiered_pricing_roles_data":[],"tiered_pricing_percentage_rules":[],"_links":{"self":[{"href":"https:\/\/www.lets-grow.de\/blog\/wp-json\/wp\/v2\/product\/18099","targetHints":{"allow":["GET"]}}],"collection":[{"href":"https:\/\/www.lets-grow.de\/blog\/wp-json\/wp\/v2\/product"}],"about":[{"href":"https:\/\/www.lets-grow.de\/blog\/wp-json\/wp\/v2\/types\/product"}],"replies":[{"embeddable":true,"href":"https:\/\/www.lets-grow.de\/blog\/wp-json\/wp\/v2\/comments?post=18099"}],"version-history":[{"count":1,"href":"https:\/\/www.lets-grow.de\/blog\/wp-json\/wp\/v2\/product\/18099\/revisions"}],"predecessor-version":[{"id":21260,"href":"https:\/\/www.lets-grow.de\/blog\/wp-json\/wp\/v2\/product\/18099\/revisions\/21260"}],"wp:featuredmedia":[{"embeddable":true,"href":"https:\/\/www.lets-grow.de\/blog\/wp-json\/wp\/v2\/media\/18110"}],"wp:attachment":[{"href":"https:\/\/www.lets-grow.de\/blog\/wp-json\/wp\/v2\/media?parent=18099"}],"wp:term":[{"taxonomy":"product_brand","embeddable":true,"href":"https:\/\/www.lets-grow.de\/blog\/wp-json\/wp\/v2\/product_brand?post=18099"},{"taxonomy":"product_cat","embeddable":true,"href":"https:\/\/www.lets-grow.de\/blog\/wp-json\/wp\/v2\/product_cat?post=18099"},{"taxonomy":"product_tag","embeddable":true,"href":"https:\/\/www.lets-grow.de\/blog\/wp-json\/wp\/v2\/product_tag?post=18099"}],"curies":[{"name":"wp","href":"https:\/\/api.w.org\/{rel}","templated":true}]}}