{"id":18090,"date":"2025-02-07T19:58:17","date_gmt":"2025-02-07T18:58:17","guid":{"rendered":"https:\/\/www.lets-grow.de\/blog\/?post_type=product&#038;p=18090"},"modified":"2025-06-02T19:22:19","modified_gmt":"2025-06-02T17:22:19","slug":"nylon-t-stueck-3-schlauchtuelle","status":"publish","type":"product","link":"https:\/\/www.lets-grow.de\/blog\/shop\/nylon-t-stueck-3-schlauchtuelle\/","title":{"rendered":"Nylon T-St\u00fcck T\u00fclle"},"content":{"rendered":"\t\t<div data-elementor-type=\"product-post\" data-elementor-id=\"18090\" class=\"elementor elementor-18090\" data-elementor-post-type=\"product\">\n\t\t\t\t<div class=\"wd-negative-gap elementor-element elementor-element-1dcecd7e e-flex e-con-boxed e-con e-parent\" data-id=\"1dcecd7e\" data-element_type=\"container\" data-e-type=\"container\">\n\t\t\t\t\t<div class=\"e-con-inner\">\n\t\t\t\t<div class=\"elementor-element elementor-element-40442729 elementor-widget elementor-widget-heading\" data-id=\"40442729\" data-element_type=\"widget\" data-e-type=\"widget\" data-widget_type=\"heading.default\">\n\t\t\t\t\t<h2 class=\"elementor-heading-title elementor-size-default\">Nylon T-St\u00fcck mit Schlaucht\u00fclle \u2013 Leichter &amp; robuster Schlauchverbinder<\/h2>\t\t\t\t<\/div>\n\t\t\t\t<div class=\"elementor-element elementor-element-7394bd14 color-scheme-inherit text-left elementor-widget elementor-widget-text-editor\" data-id=\"7394bd14\" data-element_type=\"widget\" data-e-type=\"widget\" data-widget_type=\"text-editor.default\">\n\t\t\t\t\t\t\t\t\t<p>Das <strong>Nylon T-St\u00fcck mit Schlaucht\u00fclle<\/strong> ist ein robuster, chemikalienbest\u00e4ndiger <strong>Schlauchverbinder<\/strong> f\u00fcr <strong>Wasser-, Luft- &amp; Fl\u00fcssigkeitssysteme<\/strong>. Die pr\u00e4zise gefertigten T\u00fcllen bieten <strong>optimalen Halt<\/strong>, sodass Schl\u00e4uche fest sitzen, ohne abzurutschen.<\/p>\t\t\t\t\t\t\t\t<\/div>\n\t\t\t\t<div class=\"elementor-element elementor-element-45d1e96f elementor-widget elementor-widget-spacer\" data-id=\"45d1e96f\" data-element_type=\"widget\" data-e-type=\"widget\" data-widget_type=\"spacer.default\">\n\t\t\t\t\t\t\t<div class=\"elementor-spacer\">\n\t\t\t<div class=\"elementor-spacer-inner\"><\/div>\n\t\t<\/div>\n\t\t\t\t\t\t<\/div>\n\t\t\t\t<div class=\"elementor-element elementor-element-59455dce elementor-widget elementor-widget-heading\" data-id=\"59455dce\" data-element_type=\"widget\" data-e-type=\"widget\" data-widget_type=\"heading.default\">\n\t\t\t\t\t<h2 class=\"elementor-heading-title elementor-size-default\">Anwendungen<\/h2>\t\t\t\t<\/div>\n\t\t\t\t<div class=\"elementor-element elementor-element-6b882bb2 color-scheme-inherit text-left elementor-widget elementor-widget-text-editor\" data-id=\"6b882bb2\" data-element_type=\"widget\" data-e-type=\"widget\" data-widget_type=\"text-editor.default\">\n\t\t\t\t\t\t\t\t\t<p>\ud83d\udca7 <strong>Bew\u00e4sserungssysteme &amp; Tropfbew\u00e4sserung<\/strong><br \/>\ud83d\udc20 <strong>Aquaponik &amp; Hydroponik<\/strong><br \/>\ud83c\udfd7\ufe0f <strong>Industrie &amp; Pneumatik<\/strong><br \/>\ud83d\udee0\ufe0f <strong>Teich- &amp; Pooltechnik<\/strong><\/p><p>Dank des leichten, aber robusten <strong>Nylons<\/strong> ist dieses T-St\u00fcck perfekt f\u00fcr Anwendungen, die <strong>Haltbarkeit &amp; Best\u00e4ndigkeit<\/strong> erfordern!<\/p>\t\t\t\t\t\t\t\t<\/div>\n\t\t\t\t<div class=\"elementor-element elementor-element-6eb16aca elementor-widget elementor-widget-spacer\" data-id=\"6eb16aca\" data-element_type=\"widget\" data-e-type=\"widget\" data-widget_type=\"spacer.default\">\n\t\t\t\t\t\t\t<div class=\"elementor-spacer\">\n\t\t\t<div class=\"elementor-spacer-inner\"><\/div>\n\t\t<\/div>\n\t\t\t\t\t\t<\/div>\n\t\t\t\t<div class=\"elementor-element elementor-element-567001ed elementor-widget elementor-widget-heading\" data-id=\"567001ed\" data-element_type=\"widget\" data-e-type=\"widget\" data-widget_type=\"heading.default\">\n\t\t\t\t\t<h2 class=\"elementor-heading-title elementor-size-default\">Vorteile<\/h2>\t\t\t\t<\/div>\n\t\t\t\t<div class=\"elementor-element elementor-element-78985042 color-scheme-inherit text-left elementor-widget elementor-widget-text-editor\" data-id=\"78985042\" data-element_type=\"widget\" data-e-type=\"widget\" data-widget_type=\"text-editor.default\">\n\t\t\t\t\t\t\t\t\t<p>\u2714 <strong>Leicht &amp; stabil<\/strong> \u2013 widerstandsf\u00e4hig &amp; einfach zu handhaben<br \/>\u2714 <strong>Chemikalien- &amp; UV-best\u00e4ndig<\/strong> \u2013 langlebig in rauen Umgebungen<br \/>\u2714 <strong>Sicherer Halt<\/strong> \u2013 geriffelte T\u00fcllenstruktur verhindert Abrutschen<\/p>\t\t\t\t\t\t\t\t<\/div>\n\t\t\t\t<div class=\"elementor-element elementor-element-3ed0b4d8 elementor-widget elementor-widget-spacer\" data-id=\"3ed0b4d8\" data-element_type=\"widget\" data-e-type=\"widget\" data-widget_type=\"spacer.default\">\n\t\t\t\t\t\t\t<div class=\"elementor-spacer\">\n\t\t\t<div class=\"elementor-spacer-inner\"><\/div>\n\t\t<\/div>\n\t\t\t\t\t\t<\/div>\n\t\t\t\t<div class=\"elementor-element elementor-element-534a110 elementor-widget elementor-widget-heading\" data-id=\"534a110\" data-element_type=\"widget\" data-e-type=\"widget\" data-widget_type=\"heading.default\">\n\t\t\t\t\t<h2 class=\"elementor-heading-title elementor-size-default\">Zusammenfassung<\/h2>\t\t\t\t<\/div>\n\t\t\t\t<div class=\"elementor-element elementor-element-25b7b3f6 color-scheme-inherit text-left elementor-widget elementor-widget-text-editor\" data-id=\"25b7b3f6\" data-element_type=\"widget\" data-e-type=\"widget\" data-widget_type=\"text-editor.default\">\n\t\t\t\t\t\t\t\t\t<p>Ein zuverl\u00e4ssiger <strong>Schlauchverbinder aus Nylon<\/strong> \u2013 langlebig, chemikalienbest\u00e4ndig &amp; vielseitig f\u00fcr Garten, Industrie &amp; Aquaponik!<\/p>\t\t\t\t\t\t\t\t<\/div>\n\t\t\t\t\t<\/div>\n\t\t\t\t<\/div>\n\t\t\t\t<\/div>\n\t\t","protected":false},"excerpt":{"rendered":"<p>Das <strong>Nylon T-St\u00fcck mit Schlaucht\u00fclle<\/strong> erm\u00f6glicht die einfache Verbindung von Schl\u00e4uchen mit <strong>10 mm oder 19 mm Durchmesser<\/strong>. Gefertigt aus robustem <strong>Polypropylen (PP)<\/strong>, ist es <strong>chemikalienbest\u00e4ndig, langlebig &amp; wetterfest<\/strong>. Perfekt f\u00fcr <strong>Bew\u00e4sserungssysteme, Teichbau, Aquaponik &amp; industrielle Anwendungen<\/strong>. Dank der <strong>rutschfesten T\u00fcllen<\/strong> sitzt der Schlauch sicher &amp; dicht.<\/p>\n","protected":false},"featured_media":18093,"comment_status":"open","ping_status":"closed","template":"","meta":{"_monsterinsights_skip_tracking":false,"_monsterinsights_sitenote_active":false,"_monsterinsights_sitenote_note":"","_monsterinsights_sitenote_category":0},"product_brand":[],"product_cat":[1047],"product_tag":[1040,1041,1042,1043,1044,1045,1046,1039],"class_list":{"0":"post-18090","1":"product","2":"type-product","3":"status-publish","4":"has-post-thumbnail","6":"product_cat-bewaesserung","7":"product_tag-schlauch-t-stueck","8":"product_tag-10-mm-schlauchtuelle","9":"product_tag-19-mm-t-stueck","10":"product_tag-schlauchverbinder","11":"product_tag-t-verteiler","12":"product_tag-kunststoff-t-stueck","13":"product_tag-bewaesserung-zubehoer","14":"product_tag-nylon-t-stueck","15":"pa_hersteller-sibo","17":"first","18":"instock","19":"taxable","20":"shipping-taxable","21":"purchasable","22":"product-type-variable"},"bundled_by":[],"bundle_stock_status":"instock","bundle_stock_quantity":null,"bundle_virtual":false,"bundle_layout":"","bundle_add_to_cart_form_location":"","bundle_editable_in_cart":false,"bundle_sold_individually_context":"","bundle_item_grouping":"","bundle_min_size":"","bundle_max_size":"","bundle_price":[],"bundled_items":[],"bundle_sell_ids":[],"supplier_id":null,"supplier_sku":"","barcode":null,"atum_controlled":true,"out_stock_date":null,"out_stock_threshold":null,"inheritable":false,"inbound_stock":null,"stock_on_hold":0,"sold_today":0,"sales_last_days":0,"reserved_stock":null,"customer_returns":null,"warehouse_damage":null,"lost_in_post":null,"other_logs":null,"out_stock_days":0,"lost_sales":0,"has_location":null,"update_date":"2026-05-09T00:28:45","atum_locations":[],"atum_stock_status":"instock","restock_status":false,"low_stock_amount":"","sales_update_date":"2026-05-09T00:28:45","calc_backorders":null,"tiered_pricing_type":"fixed","tiered_pricing_fixed_rules":[],"tiered_pricing_product_settings":{"layout":"default","base_unit_name":{"singular":null,"plural":null},"default_variation":null},"tiered_pricing_minimum_quantity":null,"tiered_pricing_roles_data":[],"tiered_pricing_percentage_rules":[],"_links":{"self":[{"href":"https:\/\/www.lets-grow.de\/blog\/wp-json\/wp\/v2\/product\/18090","targetHints":{"allow":["GET"]}}],"collection":[{"href":"https:\/\/www.lets-grow.de\/blog\/wp-json\/wp\/v2\/product"}],"about":[{"href":"https:\/\/www.lets-grow.de\/blog\/wp-json\/wp\/v2\/types\/product"}],"replies":[{"embeddable":true,"href":"https:\/\/www.lets-grow.de\/blog\/wp-json\/wp\/v2\/comments?post=18090"}],"version-history":[{"count":0,"href":"https:\/\/www.lets-grow.de\/blog\/wp-json\/wp\/v2\/product\/18090\/revisions"}],"wp:featuredmedia":[{"embeddable":true,"href":"https:\/\/www.lets-grow.de\/blog\/wp-json\/wp\/v2\/media\/18093"}],"wp:attachment":[{"href":"https:\/\/www.lets-grow.de\/blog\/wp-json\/wp\/v2\/media?parent=18090"}],"wp:term":[{"taxonomy":"product_brand","embeddable":true,"href":"https:\/\/www.lets-grow.de\/blog\/wp-json\/wp\/v2\/product_brand?post=18090"},{"taxonomy":"product_cat","embeddable":true,"href":"https:\/\/www.lets-grow.de\/blog\/wp-json\/wp\/v2\/product_cat?post=18090"},{"taxonomy":"product_tag","embeddable":true,"href":"https:\/\/www.lets-grow.de\/blog\/wp-json\/wp\/v2\/product_tag?post=18090"}],"curies":[{"name":"wp","href":"https:\/\/api.w.org\/{rel}","templated":true}]}}