{"id":18060,"date":"2025-02-07T18:16:28","date_gmt":"2025-02-07T17:16:28","guid":{"rendered":"https:\/\/www.lets-grow.de\/blog\/?post_type=product&#038;p=18060"},"modified":"2026-04-27T15:20:34","modified_gmt":"2026-04-27T13:20:34","slug":"pvc-u-beckendurchfuehrung","status":"publish","type":"product","link":"https:\/\/www.lets-grow.de\/blog\/shop\/pvc-u-beckendurchfuehrung\/","title":{"rendered":"PVC-U Beckendurchf\u00fchrung"},"content":{"rendered":"\t\t<div data-elementor-type=\"product-post\" data-elementor-id=\"18060\" class=\"elementor elementor-18060\" data-elementor-post-type=\"product\">\n\t\t\t\t<div class=\"wd-negative-gap elementor-element elementor-element-4434de0a e-flex e-con-boxed e-con e-parent\" data-id=\"4434de0a\" data-element_type=\"container\" data-e-type=\"container\">\n\t\t\t\t\t<div class=\"e-con-inner\">\n\t\t\t\t<div class=\"elementor-element elementor-element-4152468a elementor-widget elementor-widget-heading\" data-id=\"4152468a\" data-element_type=\"widget\" data-e-type=\"widget\" data-widget_type=\"heading.default\">\n\t\t\t\t\t<h2 class=\"elementor-heading-title elementor-size-default\">PVC-U Beckendurchf\u00fchrung mit Klebemuffe und Dichtung<\/h2>\t\t\t\t<\/div>\n\t\t\t\t<div class=\"elementor-element elementor-element-68034776 color-scheme-inherit text-left elementor-widget elementor-widget-text-editor\" data-id=\"68034776\" data-element_type=\"widget\" data-e-type=\"widget\" data-widget_type=\"text-editor.default\">\n\t\t\t\t\t\t\t\t\t<p>Die <strong>PVC-U Beckendurchf\u00fchrung<\/strong> ist eine zuverl\u00e4ssige L\u00f6sung f\u00fcr die Verbindung von Rohren in Aquaponik-, Teichbau- und Rohrsystemen. Mit <strong>Klebemuffen<\/strong> auf beiden Seiten erm\u00f6glicht diese Durchf\u00fchrung eine schnelle und stabile Montage, ohne dass zus\u00e4tzliche Materialien erforderlich sind. Durch die <strong>optimierte Dichtung<\/strong> wird die Abdichtung verbessert, was f\u00fcr eine <strong>dauerhafte, dichte Verbindung<\/strong> sorgt.<\/p><p>Dank des <strong>hochwertigen PVC-U Materials<\/strong> ist die Beckendurchf\u00fchrung best\u00e4ndig gegen <strong>Druck<\/strong>, <strong>Chemikalien<\/strong> und <strong>Korrosion<\/strong> und daher besonders langlebig. Sie eignet sich perfekt f\u00fcr Anwendungen, bei denen eine <strong>stabile und verl\u00e4ssliche Rohrverbindung<\/strong> notwendig ist.<\/p>\t\t\t\t\t\t\t\t<\/div>\n\t\t\t\t<div class=\"elementor-element elementor-element-4e820c08 elementor-widget elementor-widget-spacer\" data-id=\"4e820c08\" data-element_type=\"widget\" data-e-type=\"widget\" data-widget_type=\"spacer.default\">\n\t\t\t\t\t\t\t<div class=\"elementor-spacer\">\n\t\t\t<div class=\"elementor-spacer-inner\"><\/div>\n\t\t<\/div>\n\t\t\t\t\t\t<\/div>\n\t\t\t\t<div class=\"elementor-element elementor-element-5fa99677 elementor-widget elementor-widget-heading\" data-id=\"5fa99677\" data-element_type=\"widget\" data-e-type=\"widget\" data-widget_type=\"heading.default\">\n\t\t\t\t\t<h2 class=\"elementor-heading-title elementor-size-default\">Eigenschaften &amp; Vorteile<\/h2>\t\t\t\t<\/div>\n\t\t\t\t<div class=\"elementor-element elementor-element-7d8144ae color-scheme-inherit text-left elementor-widget elementor-widget-text-editor\" data-id=\"7d8144ae\" data-element_type=\"widget\" data-e-type=\"widget\" data-widget_type=\"text-editor.default\">\n\t\t\t\t\t\t\t\t\t<p>\u2705 <strong>Optimierte Dichtung<\/strong> f\u00fcr zuverl\u00e4ssige Abdichtung<br \/>\u2705 <strong>Klebemuffen<\/strong> f\u00fcr einfache Installation und Demontage<br \/>\u2705 <strong>Korrosionsbest\u00e4ndig und langlebig<\/strong> \u2013 Ideal f\u00fcr langfristige Anwendungen<br \/>\u2705 <strong>Vielseitig einsetzbar<\/strong> \u2013 In Aquaponik, Teichbau, Rohrsystemen und mehr<br \/>\u2705 <strong>Hochwertiges PVC-U Material<\/strong> f\u00fcr Widerstandsf\u00e4higkeit gegen Druck und Chemikalien<\/p>\t\t\t\t\t\t\t\t<\/div>\n\t\t\t\t<div class=\"elementor-element elementor-element-ddbcb22 elementor-widget elementor-widget-spacer\" data-id=\"ddbcb22\" data-element_type=\"widget\" data-e-type=\"widget\" data-widget_type=\"spacer.default\">\n\t\t\t\t\t\t\t<div class=\"elementor-spacer\">\n\t\t\t<div class=\"elementor-spacer-inner\"><\/div>\n\t\t<\/div>\n\t\t\t\t\t\t<\/div>\n\t\t\t\t<div class=\"elementor-element elementor-element-14e748eb elementor-widget elementor-widget-heading\" data-id=\"14e748eb\" data-element_type=\"widget\" data-e-type=\"widget\" data-widget_type=\"heading.default\">\n\t\t\t\t\t<h2 class=\"elementor-heading-title elementor-size-default\">Anwendungsbereiche<\/h2>\t\t\t\t<\/div>\n\t\t\t\t<div class=\"elementor-element elementor-element-74f61774 color-scheme-inherit text-left elementor-widget elementor-widget-text-editor\" data-id=\"74f61774\" data-element_type=\"widget\" data-e-type=\"widget\" data-widget_type=\"text-editor.default\">\n\t\t\t\t\t\t\t\t\t<p>\ud83d\udd39 <strong>Aquaponik &amp; Hydroponik<\/strong> \u2013 Perfekt f\u00fcr stabile Rohrverbindungen<br \/>\ud83d\udd39 <strong>Teich- &amp; Poolbau<\/strong> \u2013 Dichte Durchf\u00fchrungen f\u00fcr Rohrsysteme<br \/>\ud83d\udd39 <strong>Industrielle Rohrsysteme<\/strong> \u2013 F\u00fcr Druck- und Chemikalienbest\u00e4ndige Anwendungen<\/p><p>Die <strong>PVC-U Beckendurchf\u00fchrung<\/strong> ist die ideale L\u00f6sung, wenn du nach einer robusten und <strong>dichten Rohrverbindung<\/strong> suchst. Durch die <strong>einfache Installation<\/strong> und die <strong>optimierte Abdichtung<\/strong> bietet sie sowohl <strong>Langlebigkeit<\/strong> als auch <strong>Zuverl\u00e4ssigkeit<\/strong>.<\/p>\t\t\t\t\t\t\t\t<\/div>\n\t\t\t\t<div class=\"elementor-element elementor-element-2bb96137 elementor-widget elementor-widget-spacer\" data-id=\"2bb96137\" data-element_type=\"widget\" data-e-type=\"widget\" data-widget_type=\"spacer.default\">\n\t\t\t\t\t\t\t<div class=\"elementor-spacer\">\n\t\t\t<div class=\"elementor-spacer-inner\"><\/div>\n\t\t<\/div>\n\t\t\t\t\t\t<\/div>\n\t\t\t\t<div class=\"elementor-element elementor-element-40189eca elementor-widget elementor-widget-heading\" data-id=\"40189eca\" data-element_type=\"widget\" data-e-type=\"widget\" data-widget_type=\"heading.default\">\n\t\t\t\t\t<h2 class=\"elementor-heading-title elementor-size-default\">Zusammenfassung<\/h2>\t\t\t\t<\/div>\n\t\t\t\t<div class=\"elementor-element elementor-element-2ff0c63f color-scheme-inherit text-left elementor-widget elementor-widget-text-editor\" data-id=\"2ff0c63f\" data-element_type=\"widget\" data-e-type=\"widget\" data-widget_type=\"text-editor.default\">\n\t\t\t\t\t\t\t\t\t<p>Die <strong>PVC-U Beckendurchf\u00fchrung<\/strong> ist die <strong>perfekte Wahl<\/strong> f\u00fcr alle, die eine zuverl\u00e4ssige und dauerhafte L\u00f6sung f\u00fcr ihre Rohrsysteme suchen. Sie bietet eine <strong>sichere und einfache Installation<\/strong> und sorgt f\u00fcr <strong>dichte Verbindungen<\/strong>. Ideal f\u00fcr <strong>Aquaponik, Teichbau und industrielle Anwendungen<\/strong>.<\/p><p>\ud83d\udca1 <strong>F\u00fcr stabile, dichte Rohrverbindungen ist die PVC-U Beckendurchf\u00fchrung die ideale Wahl!<\/strong><\/p>\t\t\t\t\t\t\t\t<\/div>\n\t\t\t\t\t<\/div>\n\t\t\t\t<\/div>\n\t\t\t\t<\/div>\n\t\t","protected":false},"excerpt":{"rendered":"<p>Die <strong>PVC-U Beckendurchf\u00fchrung<\/strong> verbindet Rohre auf beiden Seiten mit <strong>Klebemuffen<\/strong> und sorgt dank einer <strong>integrierten Dichtung<\/strong> f\u00fcr eine <strong>optimale Abdichtung<\/strong>. Ideal f\u00fcr <strong>Rohrsysteme in Aquaponik, Teichbau und industrielle Anwendungen<\/strong>, garantiert sie eine stabile, langlebige Verbindung. Perfekt f\u00fcr dichte und robuste Durchf\u00fchrungen in verschiedenen Systemen.<\/p>\n","protected":false},"featured_media":18069,"comment_status":"open","ping_status":"closed","template":"","meta":{"_monsterinsights_skip_tracking":false,"_monsterinsights_sitenote_active":false,"_monsterinsights_sitenote_note":"","_monsterinsights_sitenote_category":0},"product_brand":[],"product_cat":[856],"product_tag":[1031,1032,1033,1034,1035,999,1036,1000,1037],"class_list":{"0":"post-18060","1":"product","2":"type-product","3":"status-publish","4":"has-post-thumbnail","6":"product_cat-installationsmaterial","7":"product_tag-pvc-u-beckendurchfuehrung","8":"product_tag-rohrdurchfuehrung-pvc","9":"product_tag-klebemuffe","10":"product_tag-pvc-verbindung","11":"product_tag-teichbau-durchgang","12":"product_tag-pvc","13":"product_tag-aquaponik-rohrdurchfuehrung","14":"product_tag-pvc-u","15":"product_tag-rohrsysteme-pvc","16":"pa_hersteller-lets-grow","18":"first","19":"instock","20":"taxable","21":"shipping-taxable","22":"purchasable","23":"product-type-variable"},"bundled_by":[],"bundle_stock_status":"instock","bundle_stock_quantity":null,"bundle_virtual":false,"bundle_layout":"","bundle_add_to_cart_form_location":"","bundle_editable_in_cart":false,"bundle_sold_individually_context":"","bundle_item_grouping":"","bundle_min_size":"","bundle_max_size":"","bundle_price":[],"bundled_items":[],"bundle_sell_ids":[],"supplier_id":null,"supplier_sku":"","barcode":null,"atum_controlled":true,"out_stock_date":null,"out_stock_threshold":null,"inheritable":true,"inbound_stock":0,"stock_on_hold":0,"sold_today":0,"sales_last_days":0,"reserved_stock":0,"customer_returns":0,"warehouse_damage":0,"lost_in_post":0,"other_logs":0,"out_stock_days":0,"lost_sales":0,"has_location":false,"update_date":"2026-05-09T00:28:50","atum_locations":[],"atum_stock_status":"instock","restock_status":false,"low_stock_amount":"","sales_update_date":"2026-05-09T00:28:50","calc_backorders":null,"tiered_pricing_type":"fixed","tiered_pricing_fixed_rules":[],"tiered_pricing_product_settings":{"layout":"default","base_unit_name":{"singular":null,"plural":null},"default_variation":null},"tiered_pricing_minimum_quantity":null,"tiered_pricing_roles_data":[],"tiered_pricing_percentage_rules":[],"_links":{"self":[{"href":"https:\/\/www.lets-grow.de\/blog\/wp-json\/wp\/v2\/product\/18060","targetHints":{"allow":["GET"]}}],"collection":[{"href":"https:\/\/www.lets-grow.de\/blog\/wp-json\/wp\/v2\/product"}],"about":[{"href":"https:\/\/www.lets-grow.de\/blog\/wp-json\/wp\/v2\/types\/product"}],"replies":[{"embeddable":true,"href":"https:\/\/www.lets-grow.de\/blog\/wp-json\/wp\/v2\/comments?post=18060"}],"version-history":[{"count":1,"href":"https:\/\/www.lets-grow.de\/blog\/wp-json\/wp\/v2\/product\/18060\/revisions"}],"predecessor-version":[{"id":21570,"href":"https:\/\/www.lets-grow.de\/blog\/wp-json\/wp\/v2\/product\/18060\/revisions\/21570"}],"wp:featuredmedia":[{"embeddable":true,"href":"https:\/\/www.lets-grow.de\/blog\/wp-json\/wp\/v2\/media\/18069"}],"wp:attachment":[{"href":"https:\/\/www.lets-grow.de\/blog\/wp-json\/wp\/v2\/media?parent=18060"}],"wp:term":[{"taxonomy":"product_brand","embeddable":true,"href":"https:\/\/www.lets-grow.de\/blog\/wp-json\/wp\/v2\/product_brand?post=18060"},{"taxonomy":"product_cat","embeddable":true,"href":"https:\/\/www.lets-grow.de\/blog\/wp-json\/wp\/v2\/product_cat?post=18060"},{"taxonomy":"product_tag","embeddable":true,"href":"https:\/\/www.lets-grow.de\/blog\/wp-json\/wp\/v2\/product_tag?post=18060"}],"curies":[{"name":"wp","href":"https:\/\/api.w.org\/{rel}","templated":true}]}}