{"id":18000,"date":"2025-02-07T17:19:45","date_gmt":"2025-02-07T16:19:45","guid":{"rendered":"https:\/\/www.lets-grow.de\/blog\/?post_type=product&#038;p=18000"},"modified":"2026-01-29T16:53:55","modified_gmt":"2026-01-29T15:53:55","slug":"pvc-u-winkel-90","status":"publish","type":"product","link":"https:\/\/www.lets-grow.de\/blog\/shop\/pvc-u-winkel-90\/","title":{"rendered":"PVC-U Winkel 90\u00b0"},"content":{"rendered":"\t\t<div data-elementor-type=\"product-post\" data-elementor-id=\"18000\" class=\"elementor elementor-18000\" data-elementor-post-type=\"product\">\n\t\t\t\t<div class=\"wd-negative-gap elementor-element elementor-element-7fd6ebb2 e-flex e-con-boxed e-con e-parent\" data-id=\"7fd6ebb2\" data-element_type=\"container\" data-e-type=\"container\">\n\t\t\t\t\t<div class=\"e-con-inner\">\n\t\t\t\t<div class=\"elementor-element elementor-element-7f5d1f39 elementor-widget elementor-widget-heading\" data-id=\"7f5d1f39\" data-element_type=\"widget\" data-e-type=\"widget\" data-widget_type=\"heading.default\">\n\t\t\t\t\t<h2 class=\"elementor-heading-title elementor-size-default\">PVC-Winkel 90\u00b0 \u2013 Hochwertiger Fitting f\u00fcr pr\u00e4zise Rohrverbindungen<\/h2>\t\t\t\t<\/div>\n\t\t\t\t<div class=\"elementor-element elementor-element-43233640 color-scheme-inherit text-left elementor-widget elementor-widget-text-editor\" data-id=\"43233640\" data-element_type=\"widget\" data-e-type=\"widget\" data-widget_type=\"text-editor.default\">\n\t\t\t\t\t\t\t\t\t<p>Der <strong>PVC-Winkel 90\u00b0<\/strong> ist ein robuster <strong>Fitting f\u00fcr exakte rechtwinklige Rohrverbindungen<\/strong>. Gefertigt aus langlebigem <strong>PVC-U<\/strong>, \u00fcberzeugt er mit <strong>hoher Druck- und Chemikalienbest\u00e4ndigkeit<\/strong>. Perfekt f\u00fcr <strong>Aquaponik, Hydroponik, Bew\u00e4sserungssysteme, Teichbau &amp; Pooltechnik<\/strong>, sorgt er f\u00fcr eine <strong>sichere und dichte Verbindung<\/strong>.<\/p>\t\t\t\t\t\t\t\t<\/div>\n\t\t\t\t<div class=\"elementor-element elementor-element-4d8cd36 elementor-widget elementor-widget-spacer\" data-id=\"4d8cd36\" data-element_type=\"widget\" data-e-type=\"widget\" data-widget_type=\"spacer.default\">\n\t\t\t\t\t\t\t<div class=\"elementor-spacer\">\n\t\t\t<div class=\"elementor-spacer-inner\"><\/div>\n\t\t<\/div>\n\t\t\t\t\t\t<\/div>\n\t\t\t\t<div class=\"elementor-element elementor-element-32ae673c elementor-widget elementor-widget-heading\" data-id=\"32ae673c\" data-element_type=\"widget\" data-e-type=\"widget\" data-widget_type=\"heading.default\">\n\t\t\t\t\t<h2 class=\"elementor-heading-title elementor-size-default\">Eigenschaften &amp; Vorteile<\/h2>\t\t\t\t<\/div>\n\t\t\t\t<div class=\"elementor-element elementor-element-20f4bbd9 color-scheme-inherit text-left elementor-widget elementor-widget-text-editor\" data-id=\"20f4bbd9\" data-element_type=\"widget\" data-e-type=\"widget\" data-widget_type=\"text-editor.default\">\n\t\t\t\t\t\t\t\t\t<p>\u2705 <strong>Pr\u00e4ziser 90\u00b0-Winkel<\/strong> \u2013 Ideal f\u00fcr exakte Rohrleitungen<br \/>\u2705 <strong>Hochwertiges PVC-U<\/strong> \u2013 Langlebig, robust &amp; korrosionsbest\u00e4ndig<br \/>\u2705 <strong>Klebemuffe<\/strong> \u2013 Sichere &amp; dichte Verbindung durch Verkleben<br \/>\u2705 <strong>Chemikalien- &amp; Druckfest<\/strong> \u2013 F\u00fcr Wasser, Luft &amp; andere Fl\u00fcssigkeiten geeignet<br \/>\u2705 <strong>Vielseitig einsetzbar<\/strong> \u2013 Perfekt f\u00fcr Aquaristik, Gartenbew\u00e4sserung &amp; Industrie<\/p>\t\t\t\t\t\t\t\t<\/div>\n\t\t\t\t<div class=\"elementor-element elementor-element-2840f0ab elementor-widget elementor-widget-spacer\" data-id=\"2840f0ab\" data-element_type=\"widget\" data-e-type=\"widget\" data-widget_type=\"spacer.default\">\n\t\t\t\t\t\t\t<div class=\"elementor-spacer\">\n\t\t\t<div class=\"elementor-spacer-inner\"><\/div>\n\t\t<\/div>\n\t\t\t\t\t\t<\/div>\n\t\t\t\t<div class=\"elementor-element elementor-element-20aa6a9e elementor-widget elementor-widget-heading\" data-id=\"20aa6a9e\" data-element_type=\"widget\" data-e-type=\"widget\" data-widget_type=\"heading.default\">\n\t\t\t\t\t<h2 class=\"elementor-heading-title elementor-size-default\">Anwendungen<\/h2>\t\t\t\t<\/div>\n\t\t\t\t<div class=\"elementor-element elementor-element-645a2557 color-scheme-inherit text-left elementor-widget elementor-widget-text-editor\" data-id=\"645a2557\" data-element_type=\"widget\" data-e-type=\"widget\" data-widget_type=\"text-editor.default\">\n\t\t\t\t\t\t\t\t\t<p>\ud83d\udd39 <strong>Aquaponik &amp; Hydroponik<\/strong> \u2013 Wasserdichte Fittinge f\u00fcr geschlossene Systeme<br \/>\ud83d\udd39 <strong>Teich- &amp; Poolbau<\/strong> \u2013 Sichere Rohrf\u00fchrung f\u00fcr Filter- &amp; Pumpensysteme<br \/>\ud83d\udd39 <strong>Bew\u00e4sserungssysteme<\/strong> \u2013 Optimale Steuerung von Wasserfl\u00fcssen<br \/>\ud83d\udd39 <strong>Industrie &amp; Chemietechnik<\/strong> \u2013 Resistent gegen viele Chemikalien<\/p><p>Dank der <strong>Klebemuffen<\/strong> l\u00e4sst sich der <strong>PVC-Winkel 90\u00b0 einfach installieren<\/strong> und bietet eine <strong>dauerhafte, stabile und dichte Verbindung<\/strong>.<\/p><p>\ud83d\udccc <strong>Tipp:<\/strong> F\u00fcr eine perfekte Abdichtung empfehlen wir die Verwendung von <strong>PVC-Kleber &amp; Reiniger<\/strong>.<\/p><p>\ud83d\udc49 Jetzt den passenden PVC-Winkel 90\u00b0 bestellen &amp; Ihre Rohrleitung sicher verbinden!<\/p>\t\t\t\t\t\t\t\t<\/div>\n\t\t\t\t<div class=\"elementor-element elementor-element-303fc78c elementor-widget elementor-widget-spacer\" data-id=\"303fc78c\" data-element_type=\"widget\" data-e-type=\"widget\" data-widget_type=\"spacer.default\">\n\t\t\t\t\t\t\t<div class=\"elementor-spacer\">\n\t\t\t<div class=\"elementor-spacer-inner\"><\/div>\n\t\t<\/div>\n\t\t\t\t\t\t<\/div>\n\t\t\t\t<div class=\"elementor-element elementor-element-64fa0535 elementor-widget elementor-widget-heading\" data-id=\"64fa0535\" data-element_type=\"widget\" data-e-type=\"widget\" data-widget_type=\"heading.default\">\n\t\t\t\t\t<h2 class=\"elementor-heading-title elementor-size-default\">Zusammenfassung<\/h2>\t\t\t\t<\/div>\n\t\t\t\t<div class=\"elementor-element elementor-element-1e927692 color-scheme-inherit text-left elementor-widget elementor-widget-text-editor\" data-id=\"1e927692\" data-element_type=\"widget\" data-e-type=\"widget\" data-widget_type=\"text-editor.default\">\n\t\t\t\t\t\t\t\t\t<p>Der <strong>PVC-Winkel 90\u00b0<\/strong> ist ein unverzichtbarer <strong>Fitting f\u00fcr pr\u00e4zise und dichte Rohrverbindungen<\/strong>. Dank des robusten <strong>PVC-U-Materials<\/strong> ist er <strong>korrosionsbest\u00e4ndig, druckfest und chemikalienresistent<\/strong>, wodurch er sich ideal f\u00fcr <strong>Aquaponik, Hydroponik, Bew\u00e4sserung, Teich- und Poolbau sowie industrielle Anwendungen<\/strong> eignet. Die <strong>einfache Klebemontage<\/strong> sorgt f\u00fcr eine <strong>sichere und langlebige Verbindung<\/strong>.<\/p><p>\ud83d\udca1 <strong>Wer einen zuverl\u00e4ssigen 90\u00b0-Fitting f\u00fcr sein Rohrsystem sucht, trifft mit diesem PVC-Winkel die perfekte Wahl!<\/strong><\/p>\t\t\t\t\t\t\t\t<\/div>\n\t\t\t\t\t<\/div>\n\t\t\t\t<\/div>\n\t\t\t\t<\/div>\n\t\t","protected":false},"excerpt":{"rendered":"<p>Der PVC-U Winkel 90\u00b0 ist ideal f\u00fcr zuverl\u00e4ssige Rohrverbindungen in Aquaponik, Hydroponik, Bew\u00e4sserung &amp; Teichbau. Gefertigt aus hochwertigem PVC-U, \u00fcberzeugt er mit hoher Best\u00e4ndigkeit gegen\u00fcber Druck, Chemikalien &amp; Witterung. Perfekte Passform f\u00fcr Klebe- oder Steckverbindungen. Erh\u00e4ltlich in verschiedenen Gr\u00f6\u00dfen \u2013 ideal f\u00fcr jedes Rohrsystem!<\/p>\n<p>&nbsp;<\/p>\n","protected":false},"featured_media":18011,"comment_status":"open","ping_status":"closed","template":"","meta":{"_monsterinsights_skip_tracking":false,"_monsterinsights_sitenote_active":false,"_monsterinsights_sitenote_note":"","_monsterinsights_sitenote_category":0},"product_brand":[],"product_cat":[856],"product_tag":[999,1000,1001,993,994,995,996,997,998],"class_list":{"0":"post-18000","1":"product","2":"type-product","3":"status-publish","4":"has-post-thumbnail","6":"product_cat-installationsmaterial","7":"product_tag-pvc","8":"product_tag-pvc-u","9":"product_tag-90-winkel","10":"product_tag-pvc-winkel-90","11":"product_tag-pvc-u-winkel","12":"product_tag-90-grad-winkel","13":"product_tag-rohrverbinder-pvc","14":"product_tag-pvc-fitting-90","15":"product_tag-winkelstueck-pvc","16":"pa_hersteller-sibo","18":"first","19":"instock","20":"taxable","21":"shipping-taxable","22":"purchasable","23":"product-type-variable"},"bundled_by":[],"bundle_stock_status":"instock","bundle_stock_quantity":null,"bundle_virtual":false,"bundle_layout":"","bundle_add_to_cart_form_location":"","bundle_editable_in_cart":false,"bundle_sold_individually_context":"","bundle_item_grouping":"","bundle_min_size":"","bundle_max_size":"","bundle_price":[],"bundled_items":[],"bundle_sell_ids":[],"supplier_id":null,"supplier_sku":"","barcode":null,"atum_controlled":true,"out_stock_date":null,"out_stock_threshold":null,"inheritable":true,"inbound_stock":0,"stock_on_hold":0,"sold_today":0,"sales_last_days":0,"reserved_stock":0,"customer_returns":0,"warehouse_damage":0,"lost_in_post":0,"other_logs":0,"out_stock_days":0,"lost_sales":0,"has_location":false,"update_date":"2026-05-09T00:28:47","atum_locations":[],"atum_stock_status":"instock","restock_status":false,"low_stock_amount":"","sales_update_date":"2026-05-09T00:28:47","calc_backorders":null,"tiered_pricing_type":"fixed","tiered_pricing_fixed_rules":[],"tiered_pricing_product_settings":{"layout":"default","base_unit_name":{"singular":null,"plural":null},"default_variation":null},"tiered_pricing_minimum_quantity":null,"tiered_pricing_roles_data":[],"tiered_pricing_percentage_rules":[],"_links":{"self":[{"href":"https:\/\/www.lets-grow.de\/blog\/wp-json\/wp\/v2\/product\/18000","targetHints":{"allow":["GET"]}}],"collection":[{"href":"https:\/\/www.lets-grow.de\/blog\/wp-json\/wp\/v2\/product"}],"about":[{"href":"https:\/\/www.lets-grow.de\/blog\/wp-json\/wp\/v2\/types\/product"}],"replies":[{"embeddable":true,"href":"https:\/\/www.lets-grow.de\/blog\/wp-json\/wp\/v2\/comments?post=18000"}],"version-history":[{"count":2,"href":"https:\/\/www.lets-grow.de\/blog\/wp-json\/wp\/v2\/product\/18000\/revisions"}],"predecessor-version":[{"id":21273,"href":"https:\/\/www.lets-grow.de\/blog\/wp-json\/wp\/v2\/product\/18000\/revisions\/21273"}],"wp:featuredmedia":[{"embeddable":true,"href":"https:\/\/www.lets-grow.de\/blog\/wp-json\/wp\/v2\/media\/18011"}],"wp:attachment":[{"href":"https:\/\/www.lets-grow.de\/blog\/wp-json\/wp\/v2\/media?parent=18000"}],"wp:term":[{"taxonomy":"product_brand","embeddable":true,"href":"https:\/\/www.lets-grow.de\/blog\/wp-json\/wp\/v2\/product_brand?post=18000"},{"taxonomy":"product_cat","embeddable":true,"href":"https:\/\/www.lets-grow.de\/blog\/wp-json\/wp\/v2\/product_cat?post=18000"},{"taxonomy":"product_tag","embeddable":true,"href":"https:\/\/www.lets-grow.de\/blog\/wp-json\/wp\/v2\/product_tag?post=18000"}],"curies":[{"name":"wp","href":"https:\/\/api.w.org\/{rel}","templated":true}]}}