{"id":17953,"date":"2025-02-05T19:43:58","date_gmt":"2025-02-05T18:43:58","guid":{"rendered":"https:\/\/www.lets-grow.de\/blog\/?post_type=product&#038;p=17953"},"modified":"2026-04-15T09:00:07","modified_gmt":"2026-04-15T07:00:07","slug":"plagron-hydro-ab-1l","status":"publish","type":"product","link":"https:\/\/www.lets-grow.de\/blog\/shop\/plagron-hydro-ab-1l\/","title":{"rendered":"Plagron Hydro A\/B"},"content":{"rendered":"\t\t<div data-elementor-type=\"product-post\" data-elementor-id=\"17953\" class=\"elementor elementor-17953\" data-elementor-post-type=\"product\">\n\t\t\t\t<div class=\"wd-negative-gap elementor-element elementor-element-705037e3 e-flex e-con-boxed e-con e-parent\" data-id=\"705037e3\" data-element_type=\"container\" data-e-type=\"container\">\n\t\t\t\t\t<div class=\"e-con-inner\">\n\t\t\t\t<div class=\"elementor-element elementor-element-1e46ca3e elementor-widget elementor-widget-heading\" data-id=\"1e46ca3e\" data-element_type=\"widget\" data-e-type=\"widget\" data-widget_type=\"heading.default\">\n\t\t\t\t\t<h2 class=\"elementor-heading-title elementor-size-default\">Hochwertige N\u00e4hrstoffl\u00f6sung f\u00fcr Hydrokulturen<\/h2>\t\t\t\t<\/div>\n\t\t\t\t<div class=\"elementor-element elementor-element-1e4fea66 color-scheme-inherit text-left elementor-widget elementor-widget-text-editor\" data-id=\"1e4fea66\" data-element_type=\"widget\" data-e-type=\"widget\" data-widget_type=\"text-editor.default\">\n\t\t\t\t\t\t\t\t\t<p data-pm-slice=\"1 1 []\">Plagron Hydro A &amp; B ist ein hochwertiges, zweiteiliges D\u00fcngersystem f\u00fcr hydroponische Anbaumethoden. Die Kombination aus <strong>Hydro A<\/strong> und <strong>Hydro B<\/strong> versorgt Pflanzen mit allen essenziellen Makro- und Mikron\u00e4hrstoffen und sorgt f\u00fcr optimales Wachstum und Bl\u00fcte. Die Formel ist speziell f\u00fcr Inertmedien wie Steinwolle oder Bl\u00e4hton konzipiert und gew\u00e4hrleistet eine stabile N\u00e4hrstoffaufnahme.<\/p>\t\t\t\t\t\t\t\t<\/div>\n\t\t\t\t<div class=\"elementor-element elementor-element-4fb3ac20 elementor-widget elementor-widget-spacer\" data-id=\"4fb3ac20\" data-element_type=\"widget\" data-e-type=\"widget\" data-widget_type=\"spacer.default\">\n\t\t\t\t\t\t\t<div class=\"elementor-spacer\">\n\t\t\t<div class=\"elementor-spacer-inner\"><\/div>\n\t\t<\/div>\n\t\t\t\t\t\t<\/div>\n\t\t\t\t<div class=\"elementor-element elementor-element-74d3d289 elementor-widget elementor-widget-heading\" data-id=\"74d3d289\" data-element_type=\"widget\" data-e-type=\"widget\" data-widget_type=\"heading.default\">\n\t\t\t\t\t<h2 class=\"elementor-heading-title elementor-size-default\">Eigenschaften<\/h2>\t\t\t\t<\/div>\n\t\t\t\t<div class=\"elementor-element elementor-element-16bc3e40 color-scheme-inherit text-left elementor-widget elementor-widget-text-editor\" data-id=\"16bc3e40\" data-element_type=\"widget\" data-e-type=\"widget\" data-widget_type=\"text-editor.default\">\n\t\t\t\t\t\t\t\t\t<ul data-spread=\"false\" data-pm-slice=\"3 3 []\"><li><p><strong>Hydro A:<\/strong> Enth\u00e4lt Kalzium f\u00fcr starke Zellw\u00e4nde und gesundes Wachstum<\/p><\/li><li><p><strong>Hydro B:<\/strong> Liefert Phosphor und Kalium f\u00fcr Bl\u00fcte und Fruchtbildung<\/p><\/li><li><p>Ideal f\u00fcr alle hydroponischen Systeme<\/p><\/li><li><p>Hohe N\u00e4hrstoffverf\u00fcgbarkeit dank chelatierter Spurenelemente<\/p><\/li><li><p>Stabile pH-Formel f\u00fcr einfache Anwendung<\/p><\/li><\/ul>\t\t\t\t\t\t\t\t<\/div>\n\t\t\t\t<div class=\"elementor-element elementor-element-3d66df79 elementor-widget elementor-widget-spacer\" data-id=\"3d66df79\" data-element_type=\"widget\" data-e-type=\"widget\" data-widget_type=\"spacer.default\">\n\t\t\t\t\t\t\t<div class=\"elementor-spacer\">\n\t\t\t<div class=\"elementor-spacer-inner\"><\/div>\n\t\t<\/div>\n\t\t\t\t\t\t<\/div>\n\t\t\t\t<div class=\"elementor-element elementor-element-28c1a44c elementor-widget elementor-widget-heading\" data-id=\"28c1a44c\" data-element_type=\"widget\" data-e-type=\"widget\" data-widget_type=\"heading.default\">\n\t\t\t\t\t<h2 class=\"elementor-heading-title elementor-size-default\">Anwendung<\/h2>\t\t\t\t<\/div>\n\t\t\t\t<div class=\"elementor-element elementor-element-d4e9acd color-scheme-inherit text-left elementor-widget elementor-widget-text-editor\" data-id=\"d4e9acd\" data-element_type=\"widget\" data-e-type=\"widget\" data-widget_type=\"text-editor.default\">\n\t\t\t\t\t\t\t\t\t<p data-pm-slice=\"1 1 []\">Plagron Hydro A &amp; B wird im Verh\u00e4ltnis 1:1 gemischt. Die Dosierung variiert je nach Wachstumsphase der Pflanze. Hydro A und B sollten niemals unverd\u00fcnnt miteinander vermischt werden, sondern immer separat ins Wasser gegeben werden. Der EC- und pH-Wert sollte regelm\u00e4\u00dfig \u00fcberpr\u00fcft werden, um optimale Ergebnisse zu erzielen.<\/p>\t\t\t\t\t\t\t\t<\/div>\n\t\t\t\t<div class=\"elementor-element elementor-element-fca646e elementor-widget elementor-widget-spacer\" data-id=\"fca646e\" data-element_type=\"widget\" data-e-type=\"widget\" data-widget_type=\"spacer.default\">\n\t\t\t\t\t\t\t<div class=\"elementor-spacer\">\n\t\t\t<div class=\"elementor-spacer-inner\"><\/div>\n\t\t<\/div>\n\t\t\t\t\t\t<\/div>\n\t\t\t\t<div class=\"elementor-element elementor-element-851b2d8 elementor-widget elementor-widget-heading\" data-id=\"851b2d8\" data-element_type=\"widget\" data-e-type=\"widget\" data-widget_type=\"heading.default\">\n\t\t\t\t\t<h2 class=\"elementor-heading-title elementor-size-default\">Vorteile<\/h2>\t\t\t\t<\/div>\n\t\t\t\t<div class=\"elementor-element elementor-element-6a220ec color-scheme-inherit text-left elementor-widget elementor-widget-text-editor\" data-id=\"6a220ec\" data-element_type=\"widget\" data-e-type=\"widget\" data-widget_type=\"text-editor.default\">\n\t\t\t\t\t\t\t\t\t<ul data-spread=\"false\" data-pm-slice=\"3 3 []\"><li><p>Speziell f\u00fcr Hydro-Systeme entwickelt<\/p><\/li><li><p>F\u00f6rdert schnelles, gesundes Wachstum und \u00fcppige Bl\u00fctenbildung<\/p><\/li><li><p>Hohe Effizienz durch zweistufige N\u00e4hrstoffversorgung<\/p><\/li><li><p>Einfach zu dosieren und anzupassen<\/p><\/li><\/ul>\t\t\t\t\t\t\t\t<\/div>\n\t\t\t\t<div class=\"elementor-element elementor-element-76005299 elementor-widget elementor-widget-spacer\" data-id=\"76005299\" data-element_type=\"widget\" data-e-type=\"widget\" data-widget_type=\"spacer.default\">\n\t\t\t\t\t\t\t<div class=\"elementor-spacer\">\n\t\t\t<div class=\"elementor-spacer-inner\"><\/div>\n\t\t<\/div>\n\t\t\t\t\t\t<\/div>\n\t\t\t\t<div class=\"elementor-element elementor-element-76105c4b elementor-widget elementor-widget-heading\" data-id=\"76105c4b\" data-element_type=\"widget\" data-e-type=\"widget\" data-widget_type=\"heading.default\">\n\t\t\t\t\t<h2 class=\"elementor-heading-title elementor-size-default\">Zusammenfassung<\/h2>\t\t\t\t<\/div>\n\t\t\t\t<div class=\"elementor-element elementor-element-12038110 color-scheme-inherit text-left elementor-widget elementor-widget-text-editor\" data-id=\"12038110\" data-element_type=\"widget\" data-e-type=\"widget\" data-widget_type=\"text-editor.default\">\n\t\t\t\t\t\t\t\t\t<p data-pm-slice=\"1 1 []\">Plagron Hydro A &amp; B bietet eine zuverl\u00e4ssige und ausgewogene N\u00e4hrstoffversorgung f\u00fcr Hydrokulturen. Die Kombination aus stabiler pH-Formel und hochwertigsten Inhaltsstoffen macht dieses D\u00fcngersystem zur idealen Wahl f\u00fcr professionelle und Hobby-Grower.<\/p>\t\t\t\t\t\t\t\t<\/div>\n\t\t\t\t\t<\/div>\n\t\t\t\t<\/div>\n\t\t\t\t<\/div>\n\t\t","protected":false},"excerpt":{"rendered":"<p>Plagron Hydro A &amp; B ist ein hochwertiges, zweiteiliges D\u00fcngersystem f\u00fcr Hydrokulturen. Hydro A liefert Kalzium f\u00fcr starkes Wachstum, Hydro B versorgt die Pflanze mit Phosphor und Kalium f\u00fcr eine \u00fcppige Bl\u00fcte. Ideal f\u00fcr Steinwolle &amp; Bl\u00e4hton, pH-stabil und einfach dosierbar. F\u00f6rdert gesundes Wachstum und hohe Ertr\u00e4ge in hydroponischen Systemen. Perfekt f\u00fcr Anf\u00e4nger &amp; Profis!<\/p>\n","protected":false},"featured_media":17954,"comment_status":"open","ping_status":"closed","template":"","meta":{"_monsterinsights_skip_tracking":false,"_monsterinsights_sitenote_active":false,"_monsterinsights_sitenote_note":"","_monsterinsights_sitenote_category":0},"product_brand":[],"product_cat":[589],"product_tag":[969,952,970,956,964,965,966,967,668,968],"class_list":{"0":"post-17953","1":"product","2":"type-product","3":"status-publish","4":"has-post-thumbnail","6":"product_cat-duenger-naehrstoffe","7":"product_tag-blaehton","8":"product_tag-hydroponik-duenger","9":"product_tag-ph-stabil","10":"product_tag-pflanzenwachstum","11":"product_tag-plagron-hydro-a-b","12":"product_tag-hydrokultur-naehrstoffe","13":"product_tag-plagron-duenger","14":"product_tag-bluetefoerderung","15":"product_tag-ec-wert","16":"product_tag-steinwolle","17":"pa_hersteller-plagron","19":"first","20":"instock","21":"taxable","22":"shipping-taxable","23":"purchasable","24":"product-type-variable"},"bundled_by":[],"bundle_stock_status":"instock","bundle_stock_quantity":null,"bundle_virtual":false,"bundle_layout":"","bundle_add_to_cart_form_location":"","bundle_editable_in_cart":false,"bundle_sold_individually_context":"","bundle_item_grouping":"","bundle_min_size":"","bundle_max_size":"","bundle_price":[],"bundled_items":[],"bundle_sell_ids":[],"supplier_id":null,"supplier_sku":"","barcode":null,"atum_controlled":true,"out_stock_date":null,"out_stock_threshold":null,"inheritable":true,"inbound_stock":0,"stock_on_hold":0,"sold_today":0,"sales_last_days":0,"reserved_stock":0,"customer_returns":0,"warehouse_damage":0,"lost_in_post":0,"other_logs":0,"out_stock_days":0,"lost_sales":0,"has_location":false,"update_date":"2026-05-02T00:23:05","atum_locations":[],"atum_stock_status":"instock","restock_status":false,"low_stock_amount":"","sales_update_date":"2026-05-02T00:23:05","calc_backorders":null,"tiered_pricing_type":"fixed","tiered_pricing_fixed_rules":[],"tiered_pricing_product_settings":{"layout":"default","base_unit_name":{"singular":null,"plural":null},"default_variation":null},"tiered_pricing_minimum_quantity":null,"tiered_pricing_roles_data":[],"tiered_pricing_percentage_rules":[],"_links":{"self":[{"href":"https:\/\/www.lets-grow.de\/blog\/wp-json\/wp\/v2\/product\/17953","targetHints":{"allow":["GET"]}}],"collection":[{"href":"https:\/\/www.lets-grow.de\/blog\/wp-json\/wp\/v2\/product"}],"about":[{"href":"https:\/\/www.lets-grow.de\/blog\/wp-json\/wp\/v2\/types\/product"}],"replies":[{"embeddable":true,"href":"https:\/\/www.lets-grow.de\/blog\/wp-json\/wp\/v2\/comments?post=17953"}],"version-history":[{"count":1,"href":"https:\/\/www.lets-grow.de\/blog\/wp-json\/wp\/v2\/product\/17953\/revisions"}],"predecessor-version":[{"id":21406,"href":"https:\/\/www.lets-grow.de\/blog\/wp-json\/wp\/v2\/product\/17953\/revisions\/21406"}],"wp:featuredmedia":[{"embeddable":true,"href":"https:\/\/www.lets-grow.de\/blog\/wp-json\/wp\/v2\/media\/17954"}],"wp:attachment":[{"href":"https:\/\/www.lets-grow.de\/blog\/wp-json\/wp\/v2\/media?parent=17953"}],"wp:term":[{"taxonomy":"product_brand","embeddable":true,"href":"https:\/\/www.lets-grow.de\/blog\/wp-json\/wp\/v2\/product_brand?post=17953"},{"taxonomy":"product_cat","embeddable":true,"href":"https:\/\/www.lets-grow.de\/blog\/wp-json\/wp\/v2\/product_cat?post=17953"},{"taxonomy":"product_tag","embeddable":true,"href":"https:\/\/www.lets-grow.de\/blog\/wp-json\/wp\/v2\/product_tag?post=17953"}],"curies":[{"name":"wp","href":"https:\/\/api.w.org\/{rel}","templated":true}]}}