{"id":17934,"date":"2025-02-05T19:02:41","date_gmt":"2025-02-05T18:02:41","guid":{"rendered":"https:\/\/www.lets-grow.de\/blog\/?post_type=product&#038;p=17934"},"modified":"2025-10-20T11:43:41","modified_gmt":"2025-10-20T09:43:41","slug":"steinwollwuerfel-4cm","status":"publish","type":"product","link":"https:\/\/www.lets-grow.de\/blog\/shop\/steinwollwuerfel-4cm\/","title":{"rendered":"Steinwollw\u00fcrfel 4cm"},"content":{"rendered":"\t\t<div data-elementor-type=\"product-post\" data-elementor-id=\"17934\" class=\"elementor elementor-17934\" data-elementor-post-type=\"product\">\n\t\t\t\t<div class=\"wd-negative-gap elementor-element elementor-element-22e8b3d6 e-flex e-con-boxed e-con e-parent\" data-id=\"22e8b3d6\" data-element_type=\"container\" data-e-type=\"container\">\n\t\t\t\t\t<div class=\"e-con-inner\">\n\t\t\t\t<div class=\"elementor-element elementor-element-ce23ed3 color-scheme-inherit text-left elementor-widget elementor-widget-text-editor\" data-id=\"ce23ed3\" data-element_type=\"widget\" data-e-type=\"widget\" data-widget_type=\"text-editor.default\">\n\t\t\t\t\t\t\t\t\t<p data-pm-slice=\"1 1 []\">Steinwollw\u00fcrfel mit 4cm Kantenl\u00e4nge sind ideal f\u00fcr die Anzucht von S\u00e4mlingen, Stecklingen und Hydrokulturen. Sie bieten eine optimale Wasser- und Luftspeicherung, wodurch ein gesundes Wurzelwachstum gef\u00f6rdert wird. Dank ihrer neutralen pH-Werte lassen sie sich leicht anpassen und sind sowohl f\u00fcr Erde als auch f\u00fcr hydroponische Systeme geeignet.<\/p>\t\t\t\t\t\t\t\t<\/div>\n\t\t\t\t<div class=\"elementor-element elementor-element-2592d3c elementor-widget elementor-widget-spacer\" data-id=\"2592d3c\" data-element_type=\"widget\" data-e-type=\"widget\" data-widget_type=\"spacer.default\">\n\t\t\t\t\t\t\t<div class=\"elementor-spacer\">\n\t\t\t<div class=\"elementor-spacer-inner\"><\/div>\n\t\t<\/div>\n\t\t\t\t\t\t<\/div>\n\t\t\t\t<div class=\"elementor-element elementor-element-442d5ecf elementor-widget elementor-widget-heading\" data-id=\"442d5ecf\" data-element_type=\"widget\" data-e-type=\"widget\" data-widget_type=\"heading.default\">\n\t\t\t\t\t<h2 class=\"elementor-heading-title elementor-size-default\">Eigenschaften<\/h2>\t\t\t\t<\/div>\n\t\t\t\t<div class=\"elementor-element elementor-element-1ef5e04 color-scheme-inherit text-left elementor-widget elementor-widget-text-editor\" data-id=\"1ef5e04\" data-element_type=\"widget\" data-e-type=\"widget\" data-widget_type=\"text-editor.default\">\n\t\t\t\t\t\t\t\t\t<ul data-spread=\"false\" data-pm-slice=\"3 3 []\"><li><p>Ma\u00dfe: 4 x 4 x 4 cm<\/p><\/li><li><p>Optimale Wasser- und Luftdurchl\u00e4ssigkeit<\/p><\/li><li><p>Neutraler pH-Wert, leicht anzupassen<\/p><\/li><li><p>Geeignet f\u00fcr S\u00e4mlinge, Stecklinge und Hydrokulturen<\/p><\/li><li><p>Kompatibel mit hydroponischen, aeroponischen und erdgebundenen Systemen<\/p><\/li><\/ul>\t\t\t\t\t\t\t\t<\/div>\n\t\t\t\t<div class=\"elementor-element elementor-element-4c84d392 elementor-widget elementor-widget-spacer\" data-id=\"4c84d392\" data-element_type=\"widget\" data-e-type=\"widget\" data-widget_type=\"spacer.default\">\n\t\t\t\t\t\t\t<div class=\"elementor-spacer\">\n\t\t\t<div class=\"elementor-spacer-inner\"><\/div>\n\t\t<\/div>\n\t\t\t\t\t\t<\/div>\n\t\t\t\t<div class=\"elementor-element elementor-element-403f4060 elementor-widget elementor-widget-heading\" data-id=\"403f4060\" data-element_type=\"widget\" data-e-type=\"widget\" data-widget_type=\"heading.default\">\n\t\t\t\t\t<h2 class=\"elementor-heading-title elementor-size-default\">Anwendung<\/h2>\t\t\t\t<\/div>\n\t\t\t\t<div class=\"elementor-element elementor-element-4e74e2e0 color-scheme-inherit text-left elementor-widget elementor-widget-text-editor\" data-id=\"4e74e2e0\" data-element_type=\"widget\" data-e-type=\"widget\" data-widget_type=\"text-editor.default\">\n\t\t\t\t\t\t\t\t\t<p data-pm-slice=\"1 1 []\">Vor der Nutzung sollten die Steinwollw\u00fcrfel in pH-angepasstem Wasser eingeweicht werden (ca. 5,5\u20136,0 pH). Die Samen oder Stecklinge werden in das vorgefertigte Loch eingesetzt und feucht gehalten. Sobald sich ausreichend Wurzeln gebildet haben, k\u00f6nnen die Pflanzen in ein gr\u00f6\u00dferes Medium \u00fcberf\u00fchrt werden.<\/p>\t\t\t\t\t\t\t\t<\/div>\n\t\t\t\t<div class=\"elementor-element elementor-element-73e21f2f elementor-widget elementor-widget-spacer\" data-id=\"73e21f2f\" data-element_type=\"widget\" data-e-type=\"widget\" data-widget_type=\"spacer.default\">\n\t\t\t\t\t\t\t<div class=\"elementor-spacer\">\n\t\t\t<div class=\"elementor-spacer-inner\"><\/div>\n\t\t<\/div>\n\t\t\t\t\t\t<\/div>\n\t\t\t\t<div class=\"elementor-element elementor-element-734fd6e1 elementor-widget elementor-widget-heading\" data-id=\"734fd6e1\" data-element_type=\"widget\" data-e-type=\"widget\" data-widget_type=\"heading.default\">\n\t\t\t\t\t<h2 class=\"elementor-heading-title elementor-size-default\">Vorteile<\/h2>\t\t\t\t<\/div>\n\t\t\t\t<div class=\"elementor-element elementor-element-c208441 color-scheme-inherit text-left elementor-widget elementor-widget-text-editor\" data-id=\"c208441\" data-element_type=\"widget\" data-e-type=\"widget\" data-widget_type=\"text-editor.default\">\n\t\t\t\t\t\t\t\t\t<ul data-spread=\"false\" data-pm-slice=\"3 3 []\"><li><p>Einfaches Handling und saubere Anwendung<\/p><\/li><li><p>Reduziert das Risiko von Wurzelf\u00e4ule durch optimale Bel\u00fcftung<\/p><\/li><li><p>Beschleunigt die Keimung und Wurzelbildung<\/p><\/li><li><p>Wiederverwendbar bei richtiger Pflege<\/p><\/li><\/ul>\t\t\t\t\t\t\t\t<\/div>\n\t\t\t\t<div class=\"elementor-element elementor-element-7cbe345f elementor-widget elementor-widget-spacer\" data-id=\"7cbe345f\" data-element_type=\"widget\" data-e-type=\"widget\" data-widget_type=\"spacer.default\">\n\t\t\t\t\t\t\t<div class=\"elementor-spacer\">\n\t\t\t<div class=\"elementor-spacer-inner\"><\/div>\n\t\t<\/div>\n\t\t\t\t\t\t<\/div>\n\t\t\t\t<div class=\"elementor-element elementor-element-514bd09 elementor-widget elementor-widget-heading\" data-id=\"514bd09\" data-element_type=\"widget\" data-e-type=\"widget\" data-widget_type=\"heading.default\">\n\t\t\t\t\t<h2 class=\"elementor-heading-title elementor-size-default\">Zusammenfassung<\/h2>\t\t\t\t<\/div>\n\t\t\t\t<div class=\"elementor-element elementor-element-3bd9e048 color-scheme-inherit text-left elementor-widget elementor-widget-text-editor\" data-id=\"3bd9e048\" data-element_type=\"widget\" data-e-type=\"widget\" data-widget_type=\"text-editor.default\">\n\t\t\t\t\t\t\t\t\t<p data-pm-slice=\"1 1 []\">Steinwollw\u00fcrfel mit 4 cm sind eine bew\u00e4hrte L\u00f6sung f\u00fcr die Anzucht und bieten ideale Bedingungen f\u00fcr ein gesundes Pflanzenwachstum. Perfekt f\u00fcr Hobbyg\u00e4rtner und professionelle Z\u00fcchter!<\/p>\t\t\t\t\t\t\t\t<\/div>\n\t\t\t\t\t<\/div>\n\t\t\t\t<\/div>\n\t\t\t\t<\/div>\n\t\t","protected":false},"excerpt":{"rendered":"<p data-pm-slice=\"1 1 []\">Steinwollw\u00fcrfel 4 cm bieten optimale Bedingungen f\u00fcr die Anzucht von S\u00e4mlingen und Stecklingen. Sie speichern Wasser und Luft ideal, f\u00f6rdern gesundes Wurzelwachstum und sind perfekt f\u00fcr hydroponische und erdgebundene Systeme geeignet. Dank neutralem pH-Wert lassen sie sich leicht anpassen und sorgen f\u00fcr eine schnelle Keimung und Wurzelbildung. Ideal f\u00fcr Hobby- und Profiz\u00fcchter!<\/p>\n","protected":false},"featured_media":17935,"comment_status":"open","ping_status":"closed","template":"","meta":{"_monsterinsights_skip_tracking":false,"_monsterinsights_sitenote_active":false,"_monsterinsights_sitenote_note":"","_monsterinsights_sitenote_category":0},"product_brand":[],"product_cat":[834],"product_tag":[844,938,941,942,943,944,603,968,609,674,678],"class_list":{"0":"post-17934","1":"product","2":"type-product","3":"status-publish","4":"has-post-thumbnail","6":"product_cat-substrate","7":"product_tag-anzucht","8":"product_tag-hydrokultur","9":"product_tag-steinwollwuerfel","10":"product_tag-saemlinge","11":"product_tag-gartenbedarf","12":"product_tag-keimung","13":"product_tag-pflanzenzucht","14":"product_tag-steinwolle","15":"product_tag-hydroponik","16":"product_tag-stecklinge","17":"product_tag-wurzelbildung","18":"pa_hersteller-hortitec","20":"first","21":"instock","22":"taxable","23":"shipping-taxable","24":"purchasable","25":"product-type-simple"},"bundled_by":[],"bundle_stock_status":"instock","bundle_stock_quantity":20,"bundle_virtual":false,"bundle_layout":"","bundle_add_to_cart_form_location":"","bundle_editable_in_cart":false,"bundle_sold_individually_context":"","bundle_item_grouping":"","bundle_min_size":"","bundle_max_size":"","bundle_price":[],"bundled_items":[],"bundle_sell_ids":[],"supplier_id":null,"supplier_sku":"","barcode":null,"atum_controlled":true,"out_stock_date":null,"out_stock_threshold":null,"inheritable":false,"inbound_stock":0,"stock_on_hold":0,"sold_today":0,"sales_last_days":0,"reserved_stock":0,"customer_returns":0,"warehouse_damage":0,"lost_in_post":0,"other_logs":0,"out_stock_days":0,"lost_sales":0,"has_location":false,"update_date":"2026-04-18T00:06:26","atum_locations":[],"atum_stock_status":"instock","restock_status":false,"low_stock_amount":"","sales_update_date":"2026-04-18T00:06:26","calc_backorders":null,"tiered_pricing_type":"fixed","tiered_pricing_fixed_rules":[],"tiered_pricing_product_settings":{"layout":"default","base_unit_name":{"singular":null,"plural":null},"default_variation":null},"tiered_pricing_minimum_quantity":null,"tiered_pricing_roles_data":[],"tiered_pricing_percentage_rules":[],"_links":{"self":[{"href":"https:\/\/www.lets-grow.de\/blog\/wp-json\/wp\/v2\/product\/17934","targetHints":{"allow":["GET"]}}],"collection":[{"href":"https:\/\/www.lets-grow.de\/blog\/wp-json\/wp\/v2\/product"}],"about":[{"href":"https:\/\/www.lets-grow.de\/blog\/wp-json\/wp\/v2\/types\/product"}],"replies":[{"embeddable":true,"href":"https:\/\/www.lets-grow.de\/blog\/wp-json\/wp\/v2\/comments?post=17934"}],"version-history":[{"count":0,"href":"https:\/\/www.lets-grow.de\/blog\/wp-json\/wp\/v2\/product\/17934\/revisions"}],"wp:featuredmedia":[{"embeddable":true,"href":"https:\/\/www.lets-grow.de\/blog\/wp-json\/wp\/v2\/media\/17935"}],"wp:attachment":[{"href":"https:\/\/www.lets-grow.de\/blog\/wp-json\/wp\/v2\/media?parent=17934"}],"wp:term":[{"taxonomy":"product_brand","embeddable":true,"href":"https:\/\/www.lets-grow.de\/blog\/wp-json\/wp\/v2\/product_brand?post=17934"},{"taxonomy":"product_cat","embeddable":true,"href":"https:\/\/www.lets-grow.de\/blog\/wp-json\/wp\/v2\/product_cat?post=17934"},{"taxonomy":"product_tag","embeddable":true,"href":"https:\/\/www.lets-grow.de\/blog\/wp-json\/wp\/v2\/product_tag?post=17934"}],"curies":[{"name":"wp","href":"https:\/\/api.w.org\/{rel}","templated":true}]}}