{"id":17877,"date":"2025-02-05T11:14:26","date_gmt":"2025-02-05T10:14:26","guid":{"rendered":"https:\/\/www.lets-grow.de\/blog\/?post_type=product&#038;p=17877"},"modified":"2025-03-07T12:50:39","modified_gmt":"2025-03-07T11:50:39","slug":"growset-80x80x200cm-200w-led","status":"publish","type":"product","link":"https:\/\/www.lets-grow.de\/blog\/shop\/growset-80x80x200cm-200w-led\/","title":{"rendered":"Growset 80x80x200cm &#8211; 200W LED"},"content":{"rendered":"\t\t<div data-elementor-type=\"product-post\" data-elementor-id=\"17877\" class=\"elementor elementor-17877\" data-elementor-post-type=\"product\">\n\t\t\t\t<div class=\"wd-negative-gap elementor-element elementor-element-5b5d474c e-flex e-con-boxed e-con e-parent\" data-id=\"5b5d474c\" data-element_type=\"container\" data-e-type=\"container\">\n\t\t\t\t\t<div class=\"e-con-inner\">\n\t\t\t\t<div class=\"elementor-element elementor-element-19a144fa elementor-widget elementor-widget-heading\" data-id=\"19a144fa\" data-element_type=\"widget\" data-e-type=\"widget\" data-widget_type=\"heading.default\">\n\t\t\t\t\t<h2 class=\"elementor-heading-title elementor-size-default\">Growset Basis 80x80x200cm \u2013 Perfekter Einstieg f\u00fcr Indoor-Anbau<\/h2>\t\t\t\t<\/div>\n\t\t\t\t<div class=\"elementor-element elementor-element-5cd6674f color-scheme-inherit text-left elementor-widget elementor-widget-text-editor\" data-id=\"5cd6674f\" data-element_type=\"widget\" data-e-type=\"widget\" data-widget_type=\"text-editor.default\">\n\t\t\t\t\t\t\t\t\t<p>Mit diesem <strong>kompletten Growset Basis<\/strong> bekommt man alles, was man f\u00fcr einen erfolgreichen Indoor-Grow braucht. Die Kombination aus hochwertigem Zelt, leistungsstarker LED-Beleuchtung und effizienter Bel\u00fcftung sorgt f\u00fcr optimale Bedingungen von der Keimung bis zur Ernte.<\/p>\t\t\t\t\t\t\t\t<\/div>\n\t\t\t\t<div class=\"elementor-element elementor-element-666b9dc6 elementor-widget elementor-widget-spacer\" data-id=\"666b9dc6\" data-element_type=\"widget\" data-e-type=\"widget\" data-widget_type=\"spacer.default\">\n\t\t\t\t\t\t\t<div class=\"elementor-spacer\">\n\t\t\t<div class=\"elementor-spacer-inner\"><\/div>\n\t\t<\/div>\n\t\t\t\t\t\t<\/div>\n\t\t\t\t<div class=\"elementor-element elementor-element-23e36483 elementor-widget elementor-widget-heading\" data-id=\"23e36483\" data-element_type=\"widget\" data-e-type=\"widget\" data-widget_type=\"heading.default\">\n\t\t\t\t\t<h2 class=\"elementor-heading-title elementor-size-default\">Im Set enthalten<\/h2>\t\t\t\t<\/div>\n\t\t\t\t<div class=\"elementor-element elementor-element-43fd9525 color-scheme-inherit text-left elementor-widget elementor-widget-text-editor\" data-id=\"43fd9525\" data-element_type=\"widget\" data-e-type=\"widget\" data-widget_type=\"text-editor.default\">\n\t\t\t\t\t\t\t\t\t<p>\u2705 <strong>Greenhouse Dark Box 80x80x200cm<\/strong> \u2013 Robustes Growzelt mit reflektierender Innenbeschichtung f\u00fcr maximales Lichtmanagement.<br \/>\u2705 <strong>Vanguard Hydroponics Cosmos X200 LED<\/strong> \u2013 Leistungsstarke Vollspektrum-LED mit hoher Effizienz f\u00fcr starkes Pflanzenwachstum.<br \/>\u2705 <strong>Vanguard L\u00fcfter 100mm<\/strong> \u2013 Leistungsstarker Abluftventilator mit zwei Stufen f\u00fcr optimale Frischluftzufuhr.<br \/>\u2705 <strong>Falcon Aktivkohlefilter 100mm<\/strong> \u2013 Filtert zuverl\u00e4ssig Ger\u00fcche f\u00fcr einen diskreten Grow.<br \/>\u2705 <strong>5m Alu-Connect Schlauch<\/strong> \u2013 Flexibler Verbindungsschlauch zur einfachen Montage der Abluftanlage.<\/p>\t\t\t\t\t\t\t\t<\/div>\n\t\t\t\t<div class=\"elementor-element elementor-element-45987da elementor-widget elementor-widget-spacer\" data-id=\"45987da\" data-element_type=\"widget\" data-e-type=\"widget\" data-widget_type=\"spacer.default\">\n\t\t\t\t\t\t\t<div class=\"elementor-spacer\">\n\t\t\t<div class=\"elementor-spacer-inner\"><\/div>\n\t\t<\/div>\n\t\t\t\t\t\t<\/div>\n\t\t\t\t<div class=\"elementor-element elementor-element-480f4757 elementor-widget elementor-widget-heading\" data-id=\"480f4757\" data-element_type=\"widget\" data-e-type=\"widget\" data-widget_type=\"heading.default\">\n\t\t\t\t\t<h2 class=\"elementor-heading-title elementor-size-default\">Optionale Artikel:<\/h2>\t\t\t\t<\/div>\n\t\t\t\t<div class=\"elementor-element elementor-element-2580a20 color-scheme-inherit text-left elementor-widget elementor-widget-text-editor\" data-id=\"2580a20\" data-element_type=\"widget\" data-e-type=\"widget\" data-widget_type=\"text-editor.default\">\n\t\t\t\t\t\t\t\t\t<p>\ud83d\udd39 <strong>Vierkantt\u00f6pfe<\/strong> \u2013 Ideal f\u00fcr Erde oder Hydroponik-Systeme.<br \/>\ud83d\udd39 <strong>Hydrosystem<\/strong> \u2013 Perfekte L\u00f6sung f\u00fcr eine automatisierte Bew\u00e4sserung.<br \/>\ud83d\udd39 <strong>Bluelab EC-Pen<\/strong> \u2013 Zur pr\u00e4zisen Messung der N\u00e4hrstoffkonzentration.<br \/>\ud83d\udd39 <strong>Tripart-Starterset<\/strong> \u2013 Hochwertige N\u00e4hrstoffe f\u00fcr optimales Pflanzenwachstum.<\/p><p><strong>Tipp:<\/strong> Dieses Set eignet sich f\u00fcr Erde und Hydroponik \u2013 einfach mit den passenden Komponenten erweitern!<\/p>\t\t\t\t\t\t\t\t<\/div>\n\t\t\t\t\t<\/div>\n\t\t\t\t<\/div>\n\t\t\t\t<\/div>\n\t\t","protected":false},"excerpt":{"rendered":"<p>Das Growset 80x80x200cm als Basis-Set bietet dir alles f\u00fcr einen erfolgreichen Indoor-Grow: Growzelt (80x80x200 cm), leistungsstarke LED, Abluft-Set mit Filter &amp; L\u00fcfter. Dank optionaler Erweiterungen wie Hydrosystem, EC-Messger\u00e4t &amp; N\u00e4hrstoffen ist es flexibel f\u00fcr Erde &amp; Hydroponik nutzbar. Einsteigerfreundlich und effizient \u2013 ideal f\u00fcr gesunde Pflanzen von der Keimung bis zur Ernte!<\/p>\n","protected":false},"featured_media":17884,"comment_status":"open","ping_status":"closed","template":"","meta":{"_monsterinsights_skip_tracking":false,"_monsterinsights_sitenote_active":false,"_monsterinsights_sitenote_note":"","_monsterinsights_sitenote_category":0},"product_brand":[],"product_cat":[780],"product_tag":[781,931,932,933,602],"class_list":{"0":"post-17877","1":"product","2":"type-product","3":"status-publish","4":"has-post-thumbnail","6":"product_cat-komplett-sets","7":"product_tag-growset","8":"product_tag-komplettset","9":"product_tag-bundle","10":"product_tag-paket","11":"product_tag-80x80x200cm","12":"product_shipping_class-standard","14":"first","15":"instock","16":"sale","17":"taxable","18":"shipping-taxable","19":"purchasable","20":"product-type-bundle"},"bundled_by":[],"bundle_stock_status":"insufficientstock","bundle_stock_quantity":0,"bundle_virtual":false,"bundle_layout":"tabular","bundle_add_to_cart_form_location":"default","bundle_editable_in_cart":false,"bundle_sold_individually_context":"product","bundle_item_grouping":"parent","bundle_min_size":"","bundle_max_size":"","bundle_price":{"price":{"min":{"incl_tax":"329.99","excl_tax":"277.30"},"max":{"incl_tax":"503.46","excl_tax":"423.07"}},"regular_price":{"min":{"incl_tax":"368.95","excl_tax":"310.04"},"max":{"incl_tax":"556.87","excl_tax":"467.96"}}},"bundled_items":[{"bundled_item_id":21,"product_id":17330,"menu_order":0,"quantity_min":1,"quantity_max":1,"quantity_default":1,"priced_individually":false,"shipped_individually":false,"override_title":false,"title":"Dark Box Growbox","override_description":false,"description":"","optional":false,"hide_thumbnail":false,"discount":"","override_variations":true,"allowed_variations":[17335],"override_default_variation_attributes":true,"default_variation_attributes":[{"id":12,"name":"Gr\u00f6\u00dfe","option":"80x80x200cm"}],"single_product_visibility":"visible","cart_visibility":"visible","order_visibility":"visible","single_product_price_visibility":"visible","cart_price_visibility":"visible","order_price_visibility":"visible","stock_status":"in_stock"},{"bundled_item_id":22,"product_id":17161,"menu_order":1,"quantity_min":1,"quantity_max":1,"quantity_default":1,"priced_individually":false,"shipped_individually":false,"override_title":false,"title":"Vanguard L\u00fcfter - 2 Stufen","override_description":false,"description":"","optional":false,"hide_thumbnail":false,"discount":"","override_variations":true,"allowed_variations":[17220],"override_default_variation_attributes":true,"default_variation_attributes":[{"id":0,"name":"Durchmesser","option":"100mm"}],"single_product_visibility":"visible","cart_visibility":"visible","order_visibility":"visible","single_product_price_visibility":"visible","cart_price_visibility":"visible","order_price_visibility":"visible","stock_status":"out_of_stock"},{"bundled_item_id":23,"product_id":17178,"menu_order":2,"quantity_min":1,"quantity_max":1,"quantity_default":1,"priced_individually":false,"shipped_individually":false,"override_title":false,"title":"Falcon Aktivkohlefilter","override_description":false,"description":"","optional":false,"hide_thumbnail":false,"discount":"","override_variations":true,"allowed_variations":[17184],"override_default_variation_attributes":true,"default_variation_attributes":[{"id":0,"name":"Durchmesser","option":"100mm"}],"single_product_visibility":"visible","cart_visibility":"visible","order_visibility":"visible","single_product_price_visibility":"visible","cart_price_visibility":"visible","order_price_visibility":"visible","stock_status":"out_of_stock"},{"bundled_item_id":24,"product_id":17298,"menu_order":3,"quantity_min":1,"quantity_max":1,"quantity_default":1,"priced_individually":false,"shipped_individually":false,"override_title":false,"title":"VDL Alu-Flexrohr","override_description":false,"description":"","optional":false,"hide_thumbnail":false,"discount":"","override_variations":true,"allowed_variations":[17302],"override_default_variation_attributes":true,"default_variation_attributes":[{"id":5,"name":"Durchmesser","option":"100mm"}],"single_product_visibility":"visible","cart_visibility":"visible","order_visibility":"visible","single_product_price_visibility":"visible","cart_price_visibility":"visible","order_price_visibility":"visible","stock_status":"out_of_stock"},{"bundled_item_id":25,"product_id":2108,"menu_order":4,"quantity_min":1,"quantity_max":1,"quantity_default":1,"priced_individually":false,"shipped_individually":false,"override_title":false,"title":"Cosmos X200 LED-Lampe","override_description":false,"description":"","optional":false,"hide_thumbnail":false,"discount":"","override_variations":false,"allowed_variations":[],"override_default_variation_attributes":false,"default_variation_attributes":[],"single_product_visibility":"visible","cart_visibility":"visible","order_visibility":"visible","single_product_price_visibility":"visible","cart_price_visibility":"visible","order_price_visibility":"visible","stock_status":"in_stock"},{"bundled_item_id":26,"product_id":17141,"menu_order":5,"quantity_min":0,"quantity_max":1,"quantity_default":0,"priced_individually":true,"shipped_individually":false,"override_title":false,"title":"Tripart Starterkit f\u00fcr weiches Wasser","override_description":false,"description":"","optional":false,"hide_thumbnail":false,"discount":"10","override_variations":false,"allowed_variations":[],"override_default_variation_attributes":false,"default_variation_attributes":[],"single_product_visibility":"visible","cart_visibility":"visible","order_visibility":"visible","single_product_price_visibility":"visible","cart_price_visibility":"visible","order_price_visibility":"visible","stock_status":"in_stock"},{"bundled_item_id":27,"product_id":17375,"menu_order":6,"quantity_min":0,"quantity_max":1,"quantity_default":0,"priced_individually":true,"shipped_individually":false,"override_title":false,"title":"Bluelab EC-Pen - EC-Messger\u00e4t","override_description":false,"description":"","optional":false,"hide_thumbnail":false,"discount":"10","override_variations":false,"allowed_variations":[],"override_default_variation_attributes":false,"default_variation_attributes":[],"single_product_visibility":"visible","cart_visibility":"visible","order_visibility":"visible","single_product_price_visibility":"visible","cart_price_visibility":"visible","order_price_visibility":"visible","stock_status":"in_stock"},{"bundled_item_id":30,"product_id":17308,"menu_order":7,"quantity_min":0,"quantity_max":3,"quantity_default":0,"priced_individually":true,"shipped_individually":false,"override_title":false,"title":"Zyklon Oszillierender Klemmventilator - 20cm \/ 20W","override_description":false,"description":"","optional":false,"hide_thumbnail":false,"discount":"5","override_variations":false,"allowed_variations":[],"override_default_variation_attributes":false,"default_variation_attributes":[],"single_product_visibility":"visible","cart_visibility":"visible","order_visibility":"visible","single_product_price_visibility":"visible","cart_price_visibility":"visible","order_price_visibility":"visible","stock_status":"in_stock"},{"bundled_item_id":31,"product_id":17317,"menu_order":8,"quantity_min":0,"quantity_max":3,"quantity_default":0,"priced_individually":true,"shipped_individually":false,"override_title":false,"title":"Clip Monkey","override_description":false,"description":"","optional":false,"hide_thumbnail":false,"discount":"5","override_variations":false,"allowed_variations":[],"override_default_variation_attributes":false,"default_variation_attributes":[],"single_product_visibility":"visible","cart_visibility":"visible","order_visibility":"visible","single_product_price_visibility":"visible","cart_price_visibility":"visible","order_price_visibility":"visible","stock_status":"in_stock"},{"bundled_item_id":32,"product_id":17098,"menu_order":9,"quantity_min":0,"quantity_max":10,"quantity_default":0,"priced_individually":true,"shipped_individually":false,"override_title":false,"title":"Vierkantt\u00f6pfe","override_description":false,"description":"","optional":false,"hide_thumbnail":false,"discount":"5","override_variations":true,"allowed_variations":[17857],"override_default_variation_attributes":true,"default_variation_attributes":[{"id":14,"name":"Variante","option":"22x22x26cm"}],"single_product_visibility":"visible","cart_visibility":"visible","order_visibility":"visible","single_product_price_visibility":"visible","cart_price_visibility":"visible","order_price_visibility":"visible","stock_status":"in_stock"}],"bundle_sell_ids":[],"supplier_id":null,"supplier_sku":"","barcode":null,"atum_controlled":true,"out_stock_date":null,"out_stock_threshold":null,"inheritable":false,"inbound_stock":0,"stock_on_hold":0,"sold_today":0,"sales_last_days":0,"reserved_stock":0,"customer_returns":0,"warehouse_damage":0,"lost_in_post":0,"other_logs":0,"out_stock_days":0,"lost_sales":0,"has_location":false,"update_date":"2026-04-18T00:06:30","atum_locations":[],"atum_stock_status":"instock","restock_status":false,"low_stock_amount":"","sales_update_date":"2026-04-18T00:06:30","calc_backorders":null,"tiered_pricing_type":"fixed","tiered_pricing_fixed_rules":[],"tiered_pricing_product_settings":{"layout":"default","base_unit_name":{"singular":null,"plural":null},"default_variation":null},"tiered_pricing_minimum_quantity":null,"tiered_pricing_roles_data":[],"tiered_pricing_percentage_rules":[],"_links":{"self":[{"href":"https:\/\/www.lets-grow.de\/blog\/wp-json\/wp\/v2\/product\/17877","targetHints":{"allow":["GET"]}}],"collection":[{"href":"https:\/\/www.lets-grow.de\/blog\/wp-json\/wp\/v2\/product"}],"about":[{"href":"https:\/\/www.lets-grow.de\/blog\/wp-json\/wp\/v2\/types\/product"}],"replies":[{"embeddable":true,"href":"https:\/\/www.lets-grow.de\/blog\/wp-json\/wp\/v2\/comments?post=17877"}],"version-history":[{"count":0,"href":"https:\/\/www.lets-grow.de\/blog\/wp-json\/wp\/v2\/product\/17877\/revisions"}],"wp:featuredmedia":[{"embeddable":true,"href":"https:\/\/www.lets-grow.de\/blog\/wp-json\/wp\/v2\/media\/17884"}],"wp:attachment":[{"href":"https:\/\/www.lets-grow.de\/blog\/wp-json\/wp\/v2\/media?parent=17877"}],"wp:term":[{"taxonomy":"product_brand","embeddable":true,"href":"https:\/\/www.lets-grow.de\/blog\/wp-json\/wp\/v2\/product_brand?post=17877"},{"taxonomy":"product_cat","embeddable":true,"href":"https:\/\/www.lets-grow.de\/blog\/wp-json\/wp\/v2\/product_cat?post=17877"},{"taxonomy":"product_tag","embeddable":true,"href":"https:\/\/www.lets-grow.de\/blog\/wp-json\/wp\/v2\/product_tag?post=17877"}],"curies":[{"name":"wp","href":"https:\/\/api.w.org\/{rel}","templated":true}]}}