{"id":17847,"date":"2025-02-04T19:07:33","date_gmt":"2025-02-04T18:07:33","guid":{"rendered":"https:\/\/www.lets-grow.de\/blog\/?post_type=product&#038;p=17847"},"modified":"2026-04-17T09:59:00","modified_gmt":"2026-04-17T07:59:00","slug":"blauberg-centro-125mm","status":"publish","type":"product","link":"https:\/\/www.lets-grow.de\/blog\/shop\/blauberg-centro-125mm\/","title":{"rendered":"Blauberg Centro 125mm"},"content":{"rendered":"\t\t<div data-elementor-type=\"product-post\" data-elementor-id=\"17847\" class=\"elementor elementor-17847\" data-elementor-post-type=\"product\">\n\t\t\t\t<div class=\"wd-negative-gap elementor-element elementor-element-31f94ffc e-flex e-con-boxed e-con e-parent\" data-id=\"31f94ffc\" data-element_type=\"container\" data-e-type=\"container\">\n\t\t\t\t\t<div class=\"e-con-inner\">\n\t\t\t\t<div class=\"elementor-element elementor-element-3789bc28 elementor-widget elementor-widget-heading\" data-id=\"3789bc28\" data-element_type=\"widget\" data-e-type=\"widget\" data-widget_type=\"heading.default\">\n\t\t\t\t\t<h2 class=\"elementor-heading-title elementor-size-default\">Blauberg Centro 125mm \u2013 Leistungsstarker Rohrventilator f\u00fcr eine effiziente Bel\u00fcftung<\/h2>\t\t\t\t<\/div>\n\t\t\t\t<div class=\"elementor-element elementor-element-7d6436dd color-scheme-inherit text-left elementor-widget elementor-widget-text-editor\" data-id=\"7d6436dd\" data-element_type=\"widget\" data-e-type=\"widget\" data-widget_type=\"text-editor.default\">\n\t\t\t\t\t\t\t\t\t<p>Der <strong>Blauberg Centro 125 mm<\/strong> ist ein kompakter und leistungsstarker Rohrventilator, der speziell f\u00fcr L\u00fcftungssysteme in Wohnr\u00e4umen, Gewerbeobjekten sowie f\u00fcr Hydroponik- und Grow-Anwendungen entwickelt wurde. Er zeichnet sich durch einen energieeffizienten Betrieb, einen ger\u00e4uscharmen Lauf und eine hohe Luftleistung aus. Dank seines langlebigen Geh\u00e4uses aus robustem Kunststoff ist er sowohl f\u00fcr den Dauerbetrieb als auch f\u00fcr anspruchsvolle Einsatzbereiche geeignet.<\/p>\t\t\t\t\t\t\t\t<\/div>\n\t\t\t\t<div class=\"elementor-element elementor-element-481e89da elementor-widget elementor-widget-spacer\" data-id=\"481e89da\" data-element_type=\"widget\" data-e-type=\"widget\" data-widget_type=\"spacer.default\">\n\t\t\t\t\t\t\t<div class=\"elementor-spacer\">\n\t\t\t<div class=\"elementor-spacer-inner\"><\/div>\n\t\t<\/div>\n\t\t\t\t\t\t<\/div>\n\t\t\t\t<div class=\"elementor-element elementor-element-2ea4fc6b elementor-widget elementor-widget-heading\" data-id=\"2ea4fc6b\" data-element_type=\"widget\" data-e-type=\"widget\" data-widget_type=\"heading.default\">\n\t\t\t\t\t<h2 class=\"elementor-heading-title elementor-size-default\">Eigenschaften des Ventilators<\/h2>\t\t\t\t<\/div>\n\t\t\t\t<div class=\"elementor-element elementor-element-2dfd07c5 color-scheme-inherit text-left elementor-widget elementor-widget-text-editor\" data-id=\"2dfd07c5\" data-element_type=\"widget\" data-e-type=\"widget\" data-widget_type=\"text-editor.default\">\n\t\t\t\t\t\t\t\t\t<p>\u2705 <strong>Leistungsstarker Motor<\/strong> \u2013 Effiziente Luftzirkulation mit hoher F\u00f6rderleistung<br \/>\u2705 <strong>Ger\u00e4uscharmer Betrieb<\/strong> \u2013 Speziell entwickelte Motorlager sorgen f\u00fcr einen leisen Lauf<br \/>\u2705 <strong>Energieeffizient<\/strong> \u2013 Niedriger Stromverbrauch bei hoher Leistung<br \/>\u2705 <strong>Kompaktes &amp; robustes Geh\u00e4use<\/strong> \u2013 Ideal f\u00fcr den Einsatz in engen R\u00e4umen<br \/>\u2705 <strong>Einfache Installation<\/strong> \u2013 Kompatibel mit Standard-L\u00fcftungsrohren (125 mm Durchmesser)<br \/>\u2705 <strong>Thermoschutz<\/strong> \u2013 Integrierte Schutzmechanismen verhindern \u00dcberhitzung<br \/>\u2705 <strong>Mehrere Montagem\u00f6glichkeiten<\/strong> \u2013 Kann in verschiedenen Positionen installiert werden<\/p>\t\t\t\t\t\t\t\t<\/div>\n\t\t\t\t<div class=\"elementor-element elementor-element-32e48308 elementor-widget elementor-widget-spacer\" data-id=\"32e48308\" data-element_type=\"widget\" data-e-type=\"widget\" data-widget_type=\"spacer.default\">\n\t\t\t\t\t\t\t<div class=\"elementor-spacer\">\n\t\t\t<div class=\"elementor-spacer-inner\"><\/div>\n\t\t<\/div>\n\t\t\t\t\t\t<\/div>\n\t\t\t\t<div class=\"elementor-element elementor-element-6a1cfb4a elementor-widget elementor-widget-heading\" data-id=\"6a1cfb4a\" data-element_type=\"widget\" data-e-type=\"widget\" data-widget_type=\"heading.default\">\n\t\t\t\t\t<h2 class=\"elementor-heading-title elementor-size-default\">Anwendungsbereiche<\/h2>\t\t\t\t<\/div>\n\t\t\t\t<div class=\"elementor-element elementor-element-4dbe405 color-scheme-inherit text-left elementor-widget elementor-widget-text-editor\" data-id=\"4dbe405\" data-element_type=\"widget\" data-e-type=\"widget\" data-widget_type=\"text-editor.default\">\n\t\t\t\t\t\t\t\t\t<p>\ud83d\udd39 <strong>Growr\u00e4ume &amp; Indoor-G\u00e4rten:<\/strong> Regulierung von Temperatur und Luftfeuchtigkeit f\u00fcr gesunde Pflanzen<br \/>\ud83d\udd39 <strong>Hydroponik &amp; Aquaponik:<\/strong> Verbesserung der Luftzirkulation zur Unterst\u00fctzung von Pflanzen- und Fischzucht<br \/>\ud83d\udd39 <strong>Wohn- und Gesch\u00e4ftsr\u00e4ume:<\/strong> Be- und Entl\u00fcftung f\u00fcr ein angenehmes Raumklima<br \/>\ud83d\udd39 <strong>Industrie &amp; Gewerbe:<\/strong> Abluftsysteme f\u00fcr Werkst\u00e4tten, Lagerr\u00e4ume und Produktionsst\u00e4tten<br \/>\ud83d\udd39 <strong>Sanit\u00e4rbereiche:<\/strong> Geruchs- und Feuchtigkeitskontrolle in B\u00e4dern und K\u00fcchen<\/p>\t\t\t\t\t\t\t\t<\/div>\n\t\t\t\t<div class=\"elementor-element elementor-element-2a76a4a3 elementor-widget elementor-widget-spacer\" data-id=\"2a76a4a3\" data-element_type=\"widget\" data-e-type=\"widget\" data-widget_type=\"spacer.default\">\n\t\t\t\t\t\t\t<div class=\"elementor-spacer\">\n\t\t\t<div class=\"elementor-spacer-inner\"><\/div>\n\t\t<\/div>\n\t\t\t\t\t\t<\/div>\n\t\t\t\t<div class=\"elementor-element elementor-element-ae6f454 elementor-widget elementor-widget-heading\" data-id=\"ae6f454\" data-element_type=\"widget\" data-e-type=\"widget\" data-widget_type=\"heading.default\">\n\t\t\t\t\t<h2 class=\"elementor-heading-title elementor-size-default\">Technische Daten<\/h2>\t\t\t\t<\/div>\n\t\t\t\t<div class=\"elementor-element elementor-element-81636d9 color-scheme-inherit text-left elementor-widget elementor-widget-text-editor\" data-id=\"81636d9\" data-element_type=\"widget\" data-e-type=\"widget\" data-widget_type=\"text-editor.default\">\n\t\t\t\t\t\t\t\t\t<ul><li><strong>Luftdurchsatz:<\/strong> ca. 355m\u00b3\/h<\/li><li><strong>Anschlussdurchmesser:<\/strong> 125 mm<\/li><li><strong>Betriebsspannung:<\/strong> 230 V \/ 50 Hz<\/li><li><strong>Leistungsaufnahme:<\/strong>\u00a079W<\/li><li><strong>max. Umdrehungen:<\/strong> 2800 U\/min<\/li><li><strong>Ger\u00e4uschpegel:<\/strong> ca. 46dB(A)<\/li><li><strong>Material:<\/strong> Robuster Kunststoff<\/li><li><strong>Montage:<\/strong> In horizontaler oder vertikaler Position m\u00f6glich<\/li><li><strong>Besonderheiten:<\/strong> Integrierter \u00dcberhitzungsschutz<\/li><\/ul>\t\t\t\t\t\t\t\t<\/div>\n\t\t\t\t<div class=\"elementor-element elementor-element-6e1ec42 elementor-widget elementor-widget-spacer\" data-id=\"6e1ec42\" data-element_type=\"widget\" data-e-type=\"widget\" data-widget_type=\"spacer.default\">\n\t\t\t\t\t\t\t<div class=\"elementor-spacer\">\n\t\t\t<div class=\"elementor-spacer-inner\"><\/div>\n\t\t<\/div>\n\t\t\t\t\t\t<\/div>\n\t\t\t\t<div class=\"elementor-element elementor-element-98fead3 elementor-widget elementor-widget-heading\" data-id=\"98fead3\" data-element_type=\"widget\" data-e-type=\"widget\" data-widget_type=\"heading.default\">\n\t\t\t\t\t<h2 class=\"elementor-heading-title elementor-size-default\">Fazit<\/h2>\t\t\t\t<\/div>\n\t\t\t\t<div class=\"elementor-element elementor-element-596a666c color-scheme-inherit text-left elementor-widget elementor-widget-text-editor\" data-id=\"596a666c\" data-element_type=\"widget\" data-e-type=\"widget\" data-widget_type=\"text-editor.default\">\n\t\t\t\t\t\t\t\t\t<p>Der <strong>Blauberg Centro 125 mm<\/strong> ist die ideale Wahl f\u00fcr alle, die eine zuverl\u00e4ssige und effiziente Bel\u00fcftungsl\u00f6sung ben\u00f6tigen. Ob f\u00fcr den Einsatz in Growr\u00e4umen, Hydroponiksystemen oder Wohn- und Gewerber\u00e4umen \u2013 dieser Rohrventilator \u00fcberzeugt durch seine hohe Luftleistung, den ger\u00e4uscharmen Betrieb und die einfache Installation. Dank seines energieeffizienten Motors und der robusten Bauweise ist er eine langfristige und kosteneffektive L\u00f6sung f\u00fcr eine optimale Luftzirkulation.<\/p>\t\t\t\t\t\t\t\t<\/div>\n\t\t\t\t\t<\/div>\n\t\t\t\t<\/div>\n\t\t\t\t<\/div>\n\t\t","protected":false},"excerpt":{"rendered":"<p>Der <strong>Blauberg Centro 125mm<\/strong> ist ein hocheffizienter Rohrventilator f\u00fcr Growr\u00e4ume, Hydroponik- &amp; Aquaponiksysteme sowie Wohnr\u00e4ume. Mit starker Luftleistung, leisem Betrieb und energieeffizientem Design sorgt er f\u00fcr eine optimale Luftzirkulation. Sein robustes Geh\u00e4use und die einfache Installation machen ihn zur perfekten Wahl f\u00fcr professionelle Bel\u00fcftungssysteme.<\/p>\n","protected":false},"featured_media":17848,"comment_status":"open","ping_status":"closed","template":"","meta":{"_monsterinsights_skip_tracking":false,"_monsterinsights_sitenote_active":false,"_monsterinsights_sitenote_note":"","_monsterinsights_sitenote_category":0},"product_brand":[],"product_cat":[914],"product_tag":[907,908,909,910,791,911,912,913,904,905,906],"class_list":{"0":"post-17847","1":"product","2":"type-product","3":"status-publish","4":"has-post-thumbnail","6":"product_cat-ventilatoren","7":"product_tag-growraum-belueftung","8":"product_tag-hydroponik-lueftung","9":"product_tag-aquaponik-ventilator","10":"product_tag-abluftventilator","11":"product_tag-ventilator","12":"product_tag-belueftungssystem","13":"product_tag-lueftungsrohr","14":"product_tag-125mm","15":"product_tag-blauberg-centro-125mm","16":"product_tag-rohrventilator","17":"product_tag-luefter-125-mm","18":"pa_hersteller-blauberg","20":"first","21":"instock","22":"sale","23":"taxable","24":"shipping-taxable","25":"purchasable","26":"product-type-simple"},"bundled_by":[],"bundle_stock_status":"instock","bundle_stock_quantity":1,"bundle_virtual":false,"bundle_layout":"","bundle_add_to_cart_form_location":"","bundle_editable_in_cart":false,"bundle_sold_individually_context":"","bundle_item_grouping":"","bundle_min_size":"","bundle_max_size":"","bundle_price":[],"bundled_items":[],"bundle_sell_ids":[],"supplier_id":null,"supplier_sku":"","barcode":null,"atum_controlled":true,"out_stock_date":null,"out_stock_threshold":null,"inheritable":false,"inbound_stock":0,"stock_on_hold":0,"sold_today":0,"sales_last_days":0,"reserved_stock":0,"customer_returns":0,"warehouse_damage":0,"lost_in_post":0,"other_logs":0,"out_stock_days":0,"lost_sales":0,"has_location":false,"update_date":"2026-05-13T00:30:39","atum_locations":[],"atum_stock_status":"instock","restock_status":false,"low_stock_amount":"","sales_update_date":"2026-05-13T00:30:39","calc_backorders":null,"tiered_pricing_type":"fixed","tiered_pricing_fixed_rules":[],"tiered_pricing_product_settings":{"layout":"default","base_unit_name":{"singular":null,"plural":null},"default_variation":null},"tiered_pricing_minimum_quantity":null,"tiered_pricing_roles_data":[],"tiered_pricing_percentage_rules":[],"_links":{"self":[{"href":"https:\/\/www.lets-grow.de\/blog\/wp-json\/wp\/v2\/product\/17847","targetHints":{"allow":["GET"]}}],"collection":[{"href":"https:\/\/www.lets-grow.de\/blog\/wp-json\/wp\/v2\/product"}],"about":[{"href":"https:\/\/www.lets-grow.de\/blog\/wp-json\/wp\/v2\/types\/product"}],"replies":[{"embeddable":true,"href":"https:\/\/www.lets-grow.de\/blog\/wp-json\/wp\/v2\/comments?post=17847"}],"version-history":[{"count":0,"href":"https:\/\/www.lets-grow.de\/blog\/wp-json\/wp\/v2\/product\/17847\/revisions"}],"wp:featuredmedia":[{"embeddable":true,"href":"https:\/\/www.lets-grow.de\/blog\/wp-json\/wp\/v2\/media\/17848"}],"wp:attachment":[{"href":"https:\/\/www.lets-grow.de\/blog\/wp-json\/wp\/v2\/media?parent=17847"}],"wp:term":[{"taxonomy":"product_brand","embeddable":true,"href":"https:\/\/www.lets-grow.de\/blog\/wp-json\/wp\/v2\/product_brand?post=17847"},{"taxonomy":"product_cat","embeddable":true,"href":"https:\/\/www.lets-grow.de\/blog\/wp-json\/wp\/v2\/product_cat?post=17847"},{"taxonomy":"product_tag","embeddable":true,"href":"https:\/\/www.lets-grow.de\/blog\/wp-json\/wp\/v2\/product_tag?post=17847"}],"curies":[{"name":"wp","href":"https:\/\/api.w.org\/{rel}","templated":true}]}}