{"id":17839,"date":"2025-02-04T18:43:31","date_gmt":"2025-02-04T17:43:31","guid":{"rendered":"https:\/\/www.lets-grow.de\/blog\/?post_type=product&#038;p=17839"},"modified":"2025-11-09T03:19:37","modified_gmt":"2025-11-09T02:19:37","slug":"rueckschlagventil-4mm","status":"publish","type":"product","link":"https:\/\/www.lets-grow.de\/blog\/shop\/rueckschlagventil-4mm\/","title":{"rendered":"R\u00fcckschlagventil"},"content":{"rendered":"\t\t<div data-elementor-type=\"product-post\" data-elementor-id=\"17839\" class=\"elementor elementor-17839\" data-elementor-post-type=\"product\">\n\t\t\t\t<div class=\"wd-negative-gap elementor-element elementor-element-1a1881ae e-flex e-con-boxed e-con e-parent\" data-id=\"1a1881ae\" data-element_type=\"container\" data-e-type=\"container\">\n\t\t\t\t\t<div class=\"e-con-inner\">\n\t\t\t\t<div class=\"elementor-element elementor-element-4fbdaf9d elementor-widget elementor-widget-heading\" data-id=\"4fbdaf9d\" data-element_type=\"widget\" data-e-type=\"widget\" data-widget_type=\"heading.default\">\n\t\t\t\t\t<h2 class=\"elementor-heading-title elementor-size-default\">R\u00fcckschlagventil 4mm \u2013 Schutz f\u00fcr Luftpumpen &amp; Bew\u00e4sserungssysteme<\/h2>\t\t\t\t<\/div>\n\t\t\t\t<div class=\"elementor-element elementor-element-7b55dca7 color-scheme-inherit text-left elementor-widget elementor-widget-text-editor\" data-id=\"7b55dca7\" data-element_type=\"widget\" data-e-type=\"widget\" data-widget_type=\"text-editor.default\">\n\t\t\t\t\t\t\t\t\t<p>Das <strong>R\u00fcckschlagventil 4mm<\/strong> verhindert zuverl\u00e4ssig das Zur\u00fcckflie\u00dfen von Wasser in Luftpumpen und Schlauchsysteme. Es ist ideal f\u00fcr Aquarien, Hydroponik-, Aquaponik- und Bew\u00e4sserungssysteme geeignet. Durch seine kompakte Bauweise l\u00e4sst es sich einfach in 4-mm-Luft- oder Wasserschl\u00e4uche integrieren.<\/p>\t\t\t\t\t\t\t\t<\/div>\n\t\t\t\t<div class=\"elementor-element elementor-element-3aebeb1d elementor-widget elementor-widget-spacer\" data-id=\"3aebeb1d\" data-element_type=\"widget\" data-e-type=\"widget\" data-widget_type=\"spacer.default\">\n\t\t\t\t\t\t\t<div class=\"elementor-spacer\">\n\t\t\t<div class=\"elementor-spacer-inner\"><\/div>\n\t\t<\/div>\n\t\t\t\t\t\t<\/div>\n\t\t\t\t<div class=\"elementor-element elementor-element-3a920bda elementor-widget elementor-widget-heading\" data-id=\"3a920bda\" data-element_type=\"widget\" data-e-type=\"widget\" data-widget_type=\"heading.default\">\n\t\t\t\t\t<h2 class=\"elementor-heading-title elementor-size-default\">Eigenschaften und Vorteile<\/h2>\t\t\t\t<\/div>\n\t\t\t\t<div class=\"elementor-element elementor-element-4262566b color-scheme-inherit text-left elementor-widget elementor-widget-text-editor\" data-id=\"4262566b\" data-element_type=\"widget\" data-e-type=\"widget\" data-widget_type=\"text-editor.default\">\n\t\t\t\t\t\t\t\t\t<p>\u2705 <strong>Effektiver R\u00fcckflussstopp<\/strong> \u2013 Sch\u00fctzt Luftpumpen &amp; Systeme vor Wassersch\u00e4den<br \/>\u2705 <strong>Robustes Material<\/strong> \u2013 Langlebig und best\u00e4ndig gegen Feuchtigkeit &amp; Chemikalien<br \/>\u2705 <strong>Einfache Installation<\/strong> \u2013 Schnell in 4-mm-Schl\u00e4uche integrierbar<br \/>\u2705 <strong>Vielseitig einsetzbar<\/strong> \u2013 Perfekt f\u00fcr Aquarien, Hydroponik &amp; Aquaponik<br \/>\u2705 <strong>Kompakte Bauweise<\/strong> \u2013 Platzsparend &amp; zuverl\u00e4ssig<\/p>\t\t\t\t\t\t\t\t<\/div>\n\t\t\t\t<div class=\"elementor-element elementor-element-ac0ae46 elementor-widget elementor-widget-spacer\" data-id=\"ac0ae46\" data-element_type=\"widget\" data-e-type=\"widget\" data-widget_type=\"spacer.default\">\n\t\t\t\t\t\t\t<div class=\"elementor-spacer\">\n\t\t\t<div class=\"elementor-spacer-inner\"><\/div>\n\t\t<\/div>\n\t\t\t\t\t\t<\/div>\n\t\t\t\t<div class=\"elementor-element elementor-element-607715d9 elementor-widget elementor-widget-heading\" data-id=\"607715d9\" data-element_type=\"widget\" data-e-type=\"widget\" data-widget_type=\"heading.default\">\n\t\t\t\t\t<h2 class=\"elementor-heading-title elementor-size-default\">Einsatzgebiete<\/h2>\t\t\t\t<\/div>\n\t\t\t\t<div class=\"elementor-element elementor-element-1766f1a color-scheme-inherit text-left elementor-widget elementor-widget-text-editor\" data-id=\"1766f1a\" data-element_type=\"widget\" data-e-type=\"widget\" data-widget_type=\"text-editor.default\">\n\t\t\t\t\t\t\t\t\t<p>\ud83d\udd39 Schutz von Luftpumpen vor Wasserr\u00fcckfluss<br \/>\ud83d\udd39 Sicherung von Bew\u00e4sserungssystemen<br \/>\ud83d\udd39 Anwendung in Hydroponik &amp; Aquaponik<br \/>\ud83d\udd39 Verwendung in CO\u2082-Systemen f\u00fcr Aquarien<\/p>\t\t\t\t\t\t\t\t<\/div>\n\t\t\t\t\t<\/div>\n\t\t\t\t<\/div>\n\t\t\t\t<\/div>\n\t\t","protected":false},"excerpt":{"rendered":"<p>R\u00fcckschlagventil 4mm f\u00fcr Luftpumpen, Aquarien &amp; Bew\u00e4sserung. Verhindert Wasserr\u00fcckfluss &amp; sch\u00fctzt Systeme. Langlebig, kompakt &amp; einfach zu installieren.<\/p>\n","protected":false},"featured_media":17840,"comment_status":"open","ping_status":"closed","template":"","meta":{"_monsterinsights_skip_tracking":false,"_monsterinsights_sitenote_active":false,"_monsterinsights_sitenote_note":"","_monsterinsights_sitenote_category":0},"product_brand":[],"product_cat":[436],"product_tag":[883,895,896,897,898,263,899,900,609,864],"class_list":{"0":"post-17839","1":"product","2":"type-product","3":"status-publish","4":"has-post-thumbnail","6":"product_cat-belueftung","7":"product_tag-luftpumpe","8":"product_tag-rueckschlagventil","9":"product_tag-rueckflussventil","10":"product_tag-ventil-4-mm","11":"product_tag-wasserstop","12":"product_tag-aquaponik","13":"product_tag-co-ventil","14":"product_tag-luftschlauch","15":"product_tag-hydroponik","16":"product_tag-bewaesserung","17":"pa_hersteller-sibo","19":"first","20":"instock","21":"taxable","22":"shipping-taxable","23":"purchasable","24":"product-type-simple"},"bundled_by":[],"bundle_stock_status":"instock","bundle_stock_quantity":65,"bundle_virtual":false,"bundle_layout":"","bundle_add_to_cart_form_location":"","bundle_editable_in_cart":false,"bundle_sold_individually_context":"","bundle_item_grouping":"","bundle_min_size":"","bundle_max_size":"","bundle_price":[],"bundled_items":[],"bundle_sell_ids":[],"supplier_id":null,"supplier_sku":"","barcode":null,"atum_controlled":true,"out_stock_date":null,"out_stock_threshold":null,"inheritable":false,"inbound_stock":0,"stock_on_hold":0,"sold_today":0,"sales_last_days":0,"reserved_stock":0,"customer_returns":0,"warehouse_damage":0,"lost_in_post":0,"other_logs":0,"out_stock_days":0,"lost_sales":0,"has_location":false,"update_date":"2026-04-14T00:04:30","atum_locations":[],"atum_stock_status":"instock","restock_status":false,"low_stock_amount":"","sales_update_date":"2026-04-14T00:04:30","calc_backorders":null,"tiered_pricing_type":"fixed","tiered_pricing_fixed_rules":[],"tiered_pricing_product_settings":{"layout":"default","base_unit_name":{"singular":null,"plural":null},"default_variation":null},"tiered_pricing_minimum_quantity":null,"tiered_pricing_roles_data":[],"tiered_pricing_percentage_rules":[],"_links":{"self":[{"href":"https:\/\/www.lets-grow.de\/blog\/wp-json\/wp\/v2\/product\/17839","targetHints":{"allow":["GET"]}}],"collection":[{"href":"https:\/\/www.lets-grow.de\/blog\/wp-json\/wp\/v2\/product"}],"about":[{"href":"https:\/\/www.lets-grow.de\/blog\/wp-json\/wp\/v2\/types\/product"}],"replies":[{"embeddable":true,"href":"https:\/\/www.lets-grow.de\/blog\/wp-json\/wp\/v2\/comments?post=17839"}],"version-history":[{"count":0,"href":"https:\/\/www.lets-grow.de\/blog\/wp-json\/wp\/v2\/product\/17839\/revisions"}],"wp:featuredmedia":[{"embeddable":true,"href":"https:\/\/www.lets-grow.de\/blog\/wp-json\/wp\/v2\/media\/17840"}],"wp:attachment":[{"href":"https:\/\/www.lets-grow.de\/blog\/wp-json\/wp\/v2\/media?parent=17839"}],"wp:term":[{"taxonomy":"product_brand","embeddable":true,"href":"https:\/\/www.lets-grow.de\/blog\/wp-json\/wp\/v2\/product_brand?post=17839"},{"taxonomy":"product_cat","embeddable":true,"href":"https:\/\/www.lets-grow.de\/blog\/wp-json\/wp\/v2\/product_cat?post=17839"},{"taxonomy":"product_tag","embeddable":true,"href":"https:\/\/www.lets-grow.de\/blog\/wp-json\/wp\/v2\/product_tag?post=17839"}],"curies":[{"name":"wp","href":"https:\/\/api.w.org\/{rel}","templated":true}]}}