{"id":17828,"date":"2025-02-04T18:35:56","date_gmt":"2025-02-04T17:35:56","guid":{"rendered":"https:\/\/www.lets-grow.de\/blog\/?post_type=product&#038;p=17828"},"modified":"2026-02-27T21:13:47","modified_gmt":"2026-02-27T20:13:47","slug":"ausstroemerscheibe-13cm-budget","status":"publish","type":"product","link":"https:\/\/www.lets-grow.de\/blog\/shop\/ausstroemerscheibe-13cm-budget\/","title":{"rendered":"Ausstr\u00f6merscheibe 13cm"},"content":{"rendered":"\t\t<div data-elementor-type=\"product-post\" data-elementor-id=\"17828\" class=\"elementor elementor-17828\" data-elementor-post-type=\"product\">\n\t\t\t\t<div class=\"wd-negative-gap elementor-element elementor-element-7e4b810b e-flex e-con-boxed e-con e-parent\" data-id=\"7e4b810b\" data-element_type=\"container\" data-e-type=\"container\">\n\t\t\t\t\t<div class=\"e-con-inner\">\n\t\t\t\t<div class=\"elementor-element elementor-element-6e03882d elementor-widget elementor-widget-heading\" data-id=\"6e03882d\" data-element_type=\"widget\" data-e-type=\"widget\" data-widget_type=\"heading.default\">\n\t\t\t\t\t<h2 class=\"elementor-heading-title elementor-size-default\">Ausstr\u00f6merscheibe 13 cm \u2013 Optimale Sauerstoffversorgung f\u00fcr Aquaponik, Hydroponik &amp; Aquaristik<\/h2>\t\t\t\t<\/div>\n\t\t\t\t<div class=\"elementor-element elementor-element-77533a color-scheme-inherit text-left elementor-widget elementor-widget-text-editor\" data-id=\"77533a\" data-element_type=\"widget\" data-e-type=\"widget\" data-widget_type=\"text-editor.default\">\n\t\t\t\t\t\t\t\t\t<p>Die <strong>Ausstr\u00f6merscheibe mit 13 cm Durchmesser<\/strong> sorgt f\u00fcr eine gleichm\u00e4\u00dfige und feine Luftblasenverteilung im Wasser. Sie eignet sich ideal f\u00fcr Aquaponik-, Hydroponik- und Aquaristiksysteme, indem sie den Sauerstoffgehalt im Wasser erh\u00f6ht und eine optimale Bel\u00fcftung gew\u00e4hrleistet.<\/p>\t\t\t\t\t\t\t\t<\/div>\n\t\t\t\t<div class=\"elementor-element elementor-element-3d08b74e elementor-widget elementor-widget-spacer\" data-id=\"3d08b74e\" data-element_type=\"widget\" data-e-type=\"widget\" data-widget_type=\"spacer.default\">\n\t\t\t\t\t\t\t<div class=\"elementor-spacer\">\n\t\t\t<div class=\"elementor-spacer-inner\"><\/div>\n\t\t<\/div>\n\t\t\t\t\t\t<\/div>\n\t\t\t\t<div class=\"elementor-element elementor-element-73af7736 elementor-widget elementor-widget-heading\" data-id=\"73af7736\" data-element_type=\"widget\" data-e-type=\"widget\" data-widget_type=\"heading.default\">\n\t\t\t\t\t<h2 class=\"elementor-heading-title elementor-size-default\">Eigenschaften und Vorteile<\/h2>\t\t\t\t<\/div>\n\t\t\t\t<div class=\"elementor-element elementor-element-74b45eea color-scheme-inherit text-left elementor-widget elementor-widget-text-editor\" data-id=\"74b45eea\" data-element_type=\"widget\" data-e-type=\"widget\" data-widget_type=\"text-editor.default\">\n\t\t\t\t\t\t\t\t\t<p>\u2705 <strong>Gro\u00dfe Oberfl\u00e4che<\/strong> \u2013 13 cm Durchmesser f\u00fcr effiziente Sauerstoffanreicherung<br \/>\u2705 <strong>Feine Luftblasen<\/strong> \u2013 Optimale Durchmischung und Bel\u00fcftung des Wassers<br \/>\u2705 <strong>Langlebig &amp; robust<\/strong> \u2013 Hochwertiges, por\u00f6ses Material f\u00fcr eine gleichm\u00e4\u00dfige Luftverteilung<br \/>\u2705 <strong>Einfache Installation<\/strong> \u2013 Mit Standard-Luftschl\u00e4uchen und Luftpumpen kompatibel<br \/>\u2705 <strong>Vielseitig einsetzbar<\/strong> \u2013 Perfekt f\u00fcr Aquarien, Teiche, Hydroponik- und Aquaponiksysteme<\/p>\t\t\t\t\t\t\t\t<\/div>\n\t\t\t\t<div class=\"elementor-element elementor-element-bdb3760 elementor-widget elementor-widget-spacer\" data-id=\"bdb3760\" data-element_type=\"widget\" data-e-type=\"widget\" data-widget_type=\"spacer.default\">\n\t\t\t\t\t\t\t<div class=\"elementor-spacer\">\n\t\t\t<div class=\"elementor-spacer-inner\"><\/div>\n\t\t<\/div>\n\t\t\t\t\t\t<\/div>\n\t\t\t\t<div class=\"elementor-element elementor-element-6e7fd204 elementor-widget elementor-widget-heading\" data-id=\"6e7fd204\" data-element_type=\"widget\" data-e-type=\"widget\" data-widget_type=\"heading.default\">\n\t\t\t\t\t<h2 class=\"elementor-heading-title elementor-size-default\">Einsatzgebiete<\/h2>\t\t\t\t<\/div>\n\t\t\t\t<div class=\"elementor-element elementor-element-46392c71 color-scheme-inherit text-left elementor-widget elementor-widget-text-editor\" data-id=\"46392c71\" data-element_type=\"widget\" data-e-type=\"widget\" data-widget_type=\"text-editor.default\">\n\t\t\t\t\t\t\t\t\t<p>\ud83d\udd39 Sauerstoffversorgung in Hydroponik- und Aquaponiksystemen<br \/>\ud83d\udd39 Bel\u00fcftung von Aquarien und Fischzuchtbecken<br \/>\ud83d\udd39 Optimierung der Wasserqualit\u00e4t in Teichen<br \/>\ud83d\udd39 Unterst\u00fctzung biologischer Filterprozesse<\/p><p>Erh\u00e4ltlich in weiteren Gr\u00f6\u00dfen f\u00fcr unterschiedliche Anwendungen.<\/p>\t\t\t\t\t\t\t\t<\/div>\n\t\t\t\t\t<\/div>\n\t\t\t\t<\/div>\n\t\t\t\t<\/div>\n\t\t","protected":false},"excerpt":{"rendered":"<p>Die <strong>Ausstr\u00f6merscheibe 13 cm<\/strong> sorgt f\u00fcr eine feine Luftblasenverteilung und verbessert die Sauerstoffversorgung in Aquaponik-, Hydroponik- und Aquaristiksystemen. Dank ihrer gro\u00dfen Oberfl\u00e4che gew\u00e4hrleistet sie eine effiziente Wasserbel\u00fcftung. Sie ist langlebig, einfach zu installieren und mit Standard-Luftschl\u00e4uchen kompatibel. Ideal f\u00fcr Aquarien, Teiche und Fischzuchtanlagen.<\/p>\n","protected":false},"featured_media":17830,"comment_status":"open","ping_status":"closed","template":"","meta":{"_monsterinsights_skip_tracking":false,"_monsterinsights_sitenote_active":false,"_monsterinsights_sitenote_note":"","_monsterinsights_sitenote_category":0},"product_brand":[],"product_cat":[869],"product_tag":[609,891,892,893,1497,880,881,882,883,884,263,885],"class_list":{"0":"post-17828","1":"product","2":"type-product","3":"status-publish","4":"has-post-thumbnail","6":"product_cat-ausstroemer","7":"product_tag-hydroponik","8":"product_tag-ausstroemerscheibe","9":"product_tag-belueftungsscheibe","10":"product_tag-13cm","11":"product_tag-lueftersteine","12":"product_tag-luftstein","13":"product_tag-sauerstoffversorgung","14":"product_tag-aquaristik","15":"product_tag-luftpumpe","16":"product_tag-wasserbelueftung","17":"product_tag-aquaponik","18":"product_tag-luftausstroemer","19":"pa_hersteller-sibo","21":"first","22":"instock","23":"taxable","24":"shipping-taxable","25":"purchasable","26":"product-type-variable"},"bundled_by":["19233","19247"],"bundle_stock_status":"instock","bundle_stock_quantity":null,"bundle_virtual":false,"bundle_layout":"","bundle_add_to_cart_form_location":"","bundle_editable_in_cart":false,"bundle_sold_individually_context":"","bundle_item_grouping":"","bundle_min_size":"","bundle_max_size":"","bundle_price":[],"bundled_items":[],"bundle_sell_ids":[],"supplier_id":null,"supplier_sku":"","barcode":null,"atum_controlled":true,"out_stock_date":null,"out_stock_threshold":null,"inheritable":true,"inbound_stock":0,"stock_on_hold":0,"sold_today":0,"sales_last_days":0,"reserved_stock":0,"customer_returns":0,"warehouse_damage":0,"lost_in_post":0,"other_logs":0,"out_stock_days":0,"lost_sales":0,"has_location":false,"update_date":"2026-05-02T00:23:02","atum_locations":[],"atum_stock_status":"instock","restock_status":false,"low_stock_amount":"","sales_update_date":"2026-05-02T00:23:02","calc_backorders":null,"tiered_pricing_type":"fixed","tiered_pricing_fixed_rules":[],"tiered_pricing_product_settings":{"layout":"default","base_unit_name":{"singular":null,"plural":null},"default_variation":null},"tiered_pricing_minimum_quantity":null,"tiered_pricing_roles_data":[],"tiered_pricing_percentage_rules":[],"_links":{"self":[{"href":"https:\/\/www.lets-grow.de\/blog\/wp-json\/wp\/v2\/product\/17828","targetHints":{"allow":["GET"]}}],"collection":[{"href":"https:\/\/www.lets-grow.de\/blog\/wp-json\/wp\/v2\/product"}],"about":[{"href":"https:\/\/www.lets-grow.de\/blog\/wp-json\/wp\/v2\/types\/product"}],"replies":[{"embeddable":true,"href":"https:\/\/www.lets-grow.de\/blog\/wp-json\/wp\/v2\/comments?post=17828"}],"version-history":[{"count":1,"href":"https:\/\/www.lets-grow.de\/blog\/wp-json\/wp\/v2\/product\/17828\/revisions"}],"predecessor-version":[{"id":21249,"href":"https:\/\/www.lets-grow.de\/blog\/wp-json\/wp\/v2\/product\/17828\/revisions\/21249"}],"wp:featuredmedia":[{"embeddable":true,"href":"https:\/\/www.lets-grow.de\/blog\/wp-json\/wp\/v2\/media\/17830"}],"wp:attachment":[{"href":"https:\/\/www.lets-grow.de\/blog\/wp-json\/wp\/v2\/media?parent=17828"}],"wp:term":[{"taxonomy":"product_brand","embeddable":true,"href":"https:\/\/www.lets-grow.de\/blog\/wp-json\/wp\/v2\/product_brand?post=17828"},{"taxonomy":"product_cat","embeddable":true,"href":"https:\/\/www.lets-grow.de\/blog\/wp-json\/wp\/v2\/product_cat?post=17828"},{"taxonomy":"product_tag","embeddable":true,"href":"https:\/\/www.lets-grow.de\/blog\/wp-json\/wp\/v2\/product_tag?post=17828"}],"curies":[{"name":"wp","href":"https:\/\/api.w.org\/{rel}","templated":true}]}}