{"id":17816,"date":"2025-02-04T18:14:34","date_gmt":"2025-02-04T17:14:34","guid":{"rendered":"https:\/\/www.lets-grow.de\/blog\/?post_type=product&#038;p=17816"},"modified":"2026-03-29T20:08:36","modified_gmt":"2026-03-29T18:08:36","slug":"ausstroemerzylinder","status":"publish","type":"product","link":"https:\/\/www.lets-grow.de\/blog\/shop\/ausstroemerzylinder\/","title":{"rendered":"Ausstr\u00f6merzylinder"},"content":{"rendered":"\t\t<div data-elementor-type=\"product-post\" data-elementor-id=\"17816\" class=\"elementor elementor-17816\" data-elementor-post-type=\"product\">\n\t\t\t\t<div class=\"wd-negative-gap elementor-element elementor-element-14a7acbd e-flex e-con-boxed e-con e-parent\" data-id=\"14a7acbd\" data-element_type=\"container\" data-e-type=\"container\">\n\t\t\t\t\t<div class=\"e-con-inner\">\n\t\t\t\t<div class=\"elementor-element elementor-element-50e9291c elementor-widget elementor-widget-heading\" data-id=\"50e9291c\" data-element_type=\"widget\" data-e-type=\"widget\" data-widget_type=\"heading.default\">\n\t\t\t\t\t<h2 class=\"elementor-heading-title elementor-size-default\">Ausstr\u00f6merzylinder \u2013 Effiziente Wasserbel\u00fcftung f\u00fcr Aquaponik, Hydroponik &amp; Aquaristik<\/h2>\t\t\t\t<\/div>\n\t\t\t\t<div class=\"elementor-element elementor-element-29f37075 color-scheme-inherit text-left elementor-widget elementor-widget-text-editor\" data-id=\"29f37075\" data-element_type=\"widget\" data-e-type=\"widget\" data-widget_type=\"text-editor.default\">\n\t\t\t\t\t\t\t\t\t<p>Ein Ausstr\u00f6merzylinder sorgt f\u00fcr eine gleichm\u00e4\u00dfige und feine Verteilung von Luftblasen im Wasser. Dadurch wird der Sauerstoffgehalt erh\u00f6ht, was essenziell f\u00fcr gesunde Pflanzenwurzeln, Fische und Mikroorganismen ist. Dank seiner l\u00e4nglichen Form bietet er eine gr\u00f6\u00dfere Kontaktfl\u00e4che als herk\u00f6mmliche Luftsteine und eignet sich ideal f\u00fcr den Einsatz in Hydroponik-, Aquaponik- und Aquaristiksystemen.<\/p>\t\t\t\t\t\t\t\t<\/div>\n\t\t\t\t<div class=\"elementor-element elementor-element-51a270b6 elementor-widget elementor-widget-spacer\" data-id=\"51a270b6\" data-element_type=\"widget\" data-e-type=\"widget\" data-widget_type=\"spacer.default\">\n\t\t\t\t\t\t\t<div class=\"elementor-spacer\">\n\t\t\t<div class=\"elementor-spacer-inner\"><\/div>\n\t\t<\/div>\n\t\t\t\t\t\t<\/div>\n\t\t\t\t<div class=\"elementor-element elementor-element-26e0619b elementor-widget elementor-widget-heading\" data-id=\"26e0619b\" data-element_type=\"widget\" data-e-type=\"widget\" data-widget_type=\"heading.default\">\n\t\t\t\t\t<h2 class=\"elementor-heading-title elementor-size-default\">Eigenschaften und Vorteile<\/h2>\t\t\t\t<\/div>\n\t\t\t\t<div class=\"elementor-element elementor-element-23d4846 color-scheme-inherit text-left elementor-widget elementor-widget-text-editor\" data-id=\"23d4846\" data-element_type=\"widget\" data-e-type=\"widget\" data-widget_type=\"text-editor.default\">\n\t\t\t\t\t\t\t\t\t<p>\u2705 <strong>Feine Luftblasen<\/strong> \u2013 Erh\u00f6ht den Sauerstoffgehalt und verbessert die Wasserqualit\u00e4t<br \/>\u2705 <strong>Langlebiges Material<\/strong> \u2013 Hochwertiger, por\u00f6ser Stein f\u00fcr eine gleichm\u00e4\u00dfige Luftverteilung<br \/>\u2705 <strong>Effiziente Bel\u00fcftung<\/strong> \u2013 Ideal f\u00fcr Pflanzenwurzeln, Fische und biologische Filter<br \/>\u2705 <strong>Einfache Installation<\/strong> \u2013 Kompatibel mit g\u00e4ngigen Luftpumpen und Luftschl\u00e4uchen<br \/>\u2705 <strong>Vielseitig einsetzbar<\/strong> \u2013 Perfekt f\u00fcr Hydroponik, Aquaponik, Aquarien und Teiche<\/p>\t\t\t\t\t\t\t\t<\/div>\n\t\t\t\t<div class=\"elementor-element elementor-element-d382d21 elementor-widget elementor-widget-spacer\" data-id=\"d382d21\" data-element_type=\"widget\" data-e-type=\"widget\" data-widget_type=\"spacer.default\">\n\t\t\t\t\t\t\t<div class=\"elementor-spacer\">\n\t\t\t<div class=\"elementor-spacer-inner\"><\/div>\n\t\t<\/div>\n\t\t\t\t\t\t<\/div>\n\t\t\t\t<div class=\"elementor-element elementor-element-69f4ad02 elementor-widget elementor-widget-heading\" data-id=\"69f4ad02\" data-element_type=\"widget\" data-e-type=\"widget\" data-widget_type=\"heading.default\">\n\t\t\t\t\t<h2 class=\"elementor-heading-title elementor-size-default\">Einsatzgebiete<\/h2>\t\t\t\t<\/div>\n\t\t\t\t<div class=\"elementor-element elementor-element-794735b color-scheme-inherit text-left elementor-widget elementor-widget-text-editor\" data-id=\"794735b\" data-element_type=\"widget\" data-e-type=\"widget\" data-widget_type=\"text-editor.default\">\n\t\t\t\t\t\t\t\t\t<p>\ud83d\udd39 Bel\u00fcftung in Hydroponik- und Aquaponiksystemen<br \/>\ud83d\udd39 Sauerstoffversorgung in Aquarien und Fischzuchtanlagen<br \/>\ud83d\udd39 Verbesserung biologischer Filterprozesse<br \/>\ud83d\udd39 Optimierung der N\u00e4hrstoffaufnahme f\u00fcr Pflanzen<\/p><p>Erh\u00e4ltlich in verschiedenen L\u00e4ngen und Durchmessern f\u00fcr unterschiedliche Anwendungen.<\/p>\t\t\t\t\t\t\t\t<\/div>\n\t\t\t\t\t<\/div>\n\t\t\t\t<\/div>\n\t\t\t\t<\/div>\n\t\t","protected":false},"excerpt":{"rendered":"<p>Der Ausstr\u00f6merzylinder verbessert die Sauerstoffversorgung in Hydroponik-, Aquaponik- und Aquaristiksystemen. Durch feine Luftblasen optimiert er die Wasserqualit\u00e4t und unterst\u00fctzt das Wachstum von Pflanzen, Fischen und Mikroorganismen. Seine l\u00e4ngliche Form sorgt f\u00fcr eine effiziente Bel\u00fcftung. Kompatibel mit Luftpumpen und erh\u00e4ltlich in verschiedenen Gr\u00f6\u00dfen.<\/p>\n","protected":false},"featured_media":17819,"comment_status":"open","ping_status":"closed","template":"","meta":{"_monsterinsights_skip_tracking":false,"_monsterinsights_sitenote_active":false,"_monsterinsights_sitenote_note":"","_monsterinsights_sitenote_category":0},"product_brand":[],"product_cat":[869],"product_tag":[886,887,263,888,609,1497,881,2073,882,883,884,885],"class_list":{"0":"post-17816","1":"product","2":"type-product","3":"status-publish","4":"has-post-thumbnail","6":"product_cat-ausstroemer","7":"product_tag-ausstroemerzylinder","8":"product_tag-belueftungsstein","9":"product_tag-aquaponik","10":"product_tag-luftzylinder","11":"product_tag-hydroponik","12":"product_tag-lueftersteine","13":"product_tag-sauerstoffversorgung","14":"product_tag-beluefterzylinder","15":"product_tag-aquaristik","16":"product_tag-luftpumpe","17":"product_tag-wasserbelueftung","18":"product_tag-luftausstroemer","19":"pa_hersteller-sibo","21":"first","22":"instock","23":"taxable","24":"shipping-taxable","25":"purchasable","26":"product-type-variable"},"bundled_by":[],"bundle_stock_status":"instock","bundle_stock_quantity":null,"bundle_virtual":false,"bundle_layout":"","bundle_add_to_cart_form_location":"","bundle_editable_in_cart":false,"bundle_sold_individually_context":"","bundle_item_grouping":"","bundle_min_size":"","bundle_max_size":"","bundle_price":[],"bundled_items":[],"bundle_sell_ids":[],"supplier_id":null,"supplier_sku":"","barcode":null,"atum_controlled":true,"out_stock_date":null,"out_stock_threshold":null,"inheritable":true,"inbound_stock":0,"stock_on_hold":0,"sold_today":0,"sales_last_days":0,"reserved_stock":0,"customer_returns":0,"warehouse_damage":0,"lost_in_post":0,"other_logs":0,"out_stock_days":0,"lost_sales":0,"has_location":false,"update_date":"2026-04-29T00:21:32","atum_locations":[],"atum_stock_status":"instock","restock_status":false,"low_stock_amount":"","sales_update_date":"2026-04-29T00:21:32","calc_backorders":null,"tiered_pricing_type":"fixed","tiered_pricing_fixed_rules":[],"tiered_pricing_product_settings":{"layout":"default","base_unit_name":{"singular":null,"plural":null},"default_variation":null},"tiered_pricing_minimum_quantity":null,"tiered_pricing_roles_data":[],"tiered_pricing_percentage_rules":[],"_links":{"self":[{"href":"https:\/\/www.lets-grow.de\/blog\/wp-json\/wp\/v2\/product\/17816","targetHints":{"allow":["GET"]}}],"collection":[{"href":"https:\/\/www.lets-grow.de\/blog\/wp-json\/wp\/v2\/product"}],"about":[{"href":"https:\/\/www.lets-grow.de\/blog\/wp-json\/wp\/v2\/types\/product"}],"replies":[{"embeddable":true,"href":"https:\/\/www.lets-grow.de\/blog\/wp-json\/wp\/v2\/comments?post=17816"}],"version-history":[{"count":1,"href":"https:\/\/www.lets-grow.de\/blog\/wp-json\/wp\/v2\/product\/17816\/revisions"}],"predecessor-version":[{"id":21407,"href":"https:\/\/www.lets-grow.de\/blog\/wp-json\/wp\/v2\/product\/17816\/revisions\/21407"}],"wp:featuredmedia":[{"embeddable":true,"href":"https:\/\/www.lets-grow.de\/blog\/wp-json\/wp\/v2\/media\/17819"}],"wp:attachment":[{"href":"https:\/\/www.lets-grow.de\/blog\/wp-json\/wp\/v2\/media?parent=17816"}],"wp:term":[{"taxonomy":"product_brand","embeddable":true,"href":"https:\/\/www.lets-grow.de\/blog\/wp-json\/wp\/v2\/product_brand?post=17816"},{"taxonomy":"product_cat","embeddable":true,"href":"https:\/\/www.lets-grow.de\/blog\/wp-json\/wp\/v2\/product_cat?post=17816"},{"taxonomy":"product_tag","embeddable":true,"href":"https:\/\/www.lets-grow.de\/blog\/wp-json\/wp\/v2\/product_tag?post=17816"}],"curies":[{"name":"wp","href":"https:\/\/api.w.org\/{rel}","templated":true}]}}