{"id":17805,"date":"2025-02-04T17:58:23","date_gmt":"2025-02-04T16:58:23","guid":{"rendered":"https:\/\/www.lets-grow.de\/blog\/?post_type=product&#038;p=17805"},"modified":"2026-04-18T17:21:24","modified_gmt":"2026-04-18T15:21:24","slug":"ausstroemerkugel-5cm-budget-high-oxygen","status":"publish","type":"product","link":"https:\/\/www.lets-grow.de\/blog\/shop\/ausstroemerkugel-5cm-budget-high-oxygen\/","title":{"rendered":"Ausstr\u00f6merkugel"},"content":{"rendered":"\t\t<div data-elementor-type=\"product-post\" data-elementor-id=\"17805\" class=\"elementor elementor-17805\" data-elementor-post-type=\"product\">\n\t\t\t\t<div class=\"wd-negative-gap elementor-element elementor-element-1b9c8de6 e-flex e-con-boxed e-con e-parent\" data-id=\"1b9c8de6\" data-element_type=\"container\" data-e-type=\"container\">\n\t\t\t\t\t<div class=\"e-con-inner\">\n\t\t\t\t<div class=\"elementor-element elementor-element-253f5aa9 elementor-widget elementor-widget-heading\" data-id=\"253f5aa9\" data-element_type=\"widget\" data-e-type=\"widget\" data-widget_type=\"heading.default\">\n\t\t\t\t\t<h2 class=\"elementor-heading-title elementor-size-default\">Ausstr\u00f6merkugel \u2013 Optimale Sauerstoffversorgung f\u00fcr Aquaponik &amp; Hydroponik<\/h2>\t\t\t\t<\/div>\n\t\t\t\t<div class=\"elementor-element elementor-element-17736fd8 color-scheme-inherit text-left elementor-widget elementor-widget-text-editor\" data-id=\"17736fd8\" data-element_type=\"widget\" data-e-type=\"widget\" data-widget_type=\"text-editor.default\">\n\t\t\t\t\t\t\t\t\t<p>Eine Ausstr\u00f6merkugel sorgt f\u00fcr eine gleichm\u00e4\u00dfige Sauerstoffanreicherung in Wasser- und N\u00e4hrstoffl\u00f6sungen. Sie eignet sich perfekt f\u00fcr den Einsatz in Aquaponik-, Hydroponik- und Aquaristik-Systemen und unterst\u00fctzt das gesunde Wachstum von Pflanzen und Fischen.<\/p>\t\t\t\t\t\t\t\t<\/div>\n\t\t\t\t<div class=\"elementor-element elementor-element-99b3ea8 elementor-widget elementor-widget-spacer\" data-id=\"99b3ea8\" data-element_type=\"widget\" data-e-type=\"widget\" data-widget_type=\"spacer.default\">\n\t\t\t\t\t\t\t<div class=\"elementor-spacer\">\n\t\t\t<div class=\"elementor-spacer-inner\"><\/div>\n\t\t<\/div>\n\t\t\t\t\t\t<\/div>\n\t\t\t\t<div class=\"elementor-element elementor-element-43cf4353 elementor-widget elementor-widget-heading\" data-id=\"43cf4353\" data-element_type=\"widget\" data-e-type=\"widget\" data-widget_type=\"heading.default\">\n\t\t\t\t\t<h2 class=\"elementor-heading-title elementor-size-default\">Eigenschaften und Vorteile<\/h2>\t\t\t\t<\/div>\n\t\t\t\t<div class=\"elementor-element elementor-element-74d35670 color-scheme-inherit text-left elementor-widget elementor-widget-text-editor\" data-id=\"74d35670\" data-element_type=\"widget\" data-e-type=\"widget\" data-widget_type=\"text-editor.default\">\n\t\t\t\t\t\t\t\t\t<p>\u2705 <strong>Feine Luftblasen<\/strong> \u2013 Sorgt f\u00fcr eine optimale Sauerstoffverteilung im Wasser<br \/>\u2705 <strong>Effiziente Bel\u00fcftung<\/strong> \u2013 Verbessert die Wasserqualit\u00e4t und verhindert Sauerstoffmangel<br \/>\u2705 <strong>Langlebiges Material<\/strong> \u2013 Robuster, por\u00f6ser Stein mit langer Lebensdauer<br \/>\u2705 <strong>Vielseitig einsetzbar<\/strong> \u2013 Geeignet f\u00fcr Aquarien, Teiche, Hydroponik- und Aquaponiksysteme<br \/>\u2705 <strong>Einfache Anwendung<\/strong> \u2013 Kompatibel mit g\u00e4ngigen Luftpumpen<\/p>\t\t\t\t\t\t\t\t<\/div>\n\t\t\t\t<div class=\"elementor-element elementor-element-2e8709e6 elementor-widget elementor-widget-spacer\" data-id=\"2e8709e6\" data-element_type=\"widget\" data-e-type=\"widget\" data-widget_type=\"spacer.default\">\n\t\t\t\t\t\t\t<div class=\"elementor-spacer\">\n\t\t\t<div class=\"elementor-spacer-inner\"><\/div>\n\t\t<\/div>\n\t\t\t\t\t\t<\/div>\n\t\t\t\t<div class=\"elementor-element elementor-element-6adc9d45 elementor-widget elementor-widget-heading\" data-id=\"6adc9d45\" data-element_type=\"widget\" data-e-type=\"widget\" data-widget_type=\"heading.default\">\n\t\t\t\t\t<h2 class=\"elementor-heading-title elementor-size-default\">Einsatzgebiete<\/h2>\t\t\t\t<\/div>\n\t\t\t\t<div class=\"elementor-element elementor-element-ee8227e color-scheme-inherit text-left elementor-widget elementor-widget-text-editor\" data-id=\"ee8227e\" data-element_type=\"widget\" data-e-type=\"widget\" data-widget_type=\"text-editor.default\">\n\t\t\t\t\t\t\t\t\t<p>\ud83d\udd39 Sauerstoffversorgung in Aquaponik- und Hydroponiksystemen<br \/>\ud83d\udd39 Bel\u00fcftung von Aquarien und Fischzuchtanlagen<br \/>\ud83d\udd39 Unterst\u00fctzung biologischer Filterprozesse<br \/>\ud83d\udd39 Verbesserung der N\u00e4hrstoffaufnahme bei Pflanzen<\/p>\t\t\t\t\t\t\t\t<\/div>\n\t\t\t\t<div class=\"elementor-element elementor-element-16bfdf8a color-scheme-inherit text-left elementor-widget elementor-widget-text-editor\" data-id=\"16bfdf8a\" data-element_type=\"widget\" data-e-type=\"widget\" data-widget_type=\"text-editor.default\">\n\t\t\t\t\t\t\t\t\t<p>Erh\u00e4ltlich in verschiedenen Durchmessern f\u00fcr unterschiedliche Anwendungen.<\/p>\t\t\t\t\t\t\t\t<\/div>\n\t\t\t\t\t<\/div>\n\t\t\t\t<\/div>\n\t\t\t\t<\/div>\n\t\t","protected":false},"excerpt":{"rendered":"<p>Die Ausstr\u00f6merkugel sorgt f\u00fcr eine feine Luftverteilung und verbessert die Sauerstoffversorgung in Aquaponik-, Hydroponik- und Aquaristiksystemen. Durch die gleichm\u00e4\u00dfige Bel\u00fcftung wird die Wasserqualit\u00e4t optimiert und das Wachstum von Pflanzen und Fischen gef\u00f6rdert. Sie ist langlebig, effizient und einfach mit g\u00e4ngigen Luftpumpen zu verbinden. Erh\u00e4ltlich in verschiedenen Gr\u00f6\u00dfen.<\/p>\n","protected":false},"featured_media":17810,"comment_status":"open","ping_status":"closed","template":"","meta":{"_monsterinsights_skip_tracking":false,"_monsterinsights_sitenote_active":false,"_monsterinsights_sitenote_note":"","_monsterinsights_sitenote_category":0},"product_brand":[],"product_cat":[869],"product_tag":[537,877,878,609,879,880,881,882,883,884,874,885,875,1497,263,876],"class_list":{"0":"post-17805","1":"product","2":"type-product","3":"status-publish","4":"has-post-thumbnail","6":"product_cat-ausstroemer","7":"product_tag-belueftung","8":"product_tag-high-oxygen","9":"product_tag-budget","10":"product_tag-hydroponik","11":"product_tag-ausstroemerkugel","12":"product_tag-luftstein","13":"product_tag-sauerstoffversorgung","14":"product_tag-aquaristik","15":"product_tag-luftpumpe","16":"product_tag-wasserbelueftung","17":"product_tag-kugel","18":"product_tag-luftausstroemer","19":"product_tag-ausstroemer","20":"product_tag-lueftersteine","21":"product_tag-aquaponik","22":"product_tag-5cm","23":"pa_hersteller-sibo","25":"first","26":"instock","27":"taxable","28":"shipping-taxable","29":"purchasable","30":"product-type-variable"},"bundled_by":["18665","19233","19247","17340","19368","19379","21213","21225","21228","21233","21240","21243"],"bundle_stock_status":"instock","bundle_stock_quantity":34,"bundle_virtual":false,"bundle_layout":"","bundle_add_to_cart_form_location":"","bundle_editable_in_cart":false,"bundle_sold_individually_context":"","bundle_item_grouping":"","bundle_min_size":"","bundle_max_size":"","bundle_price":[],"bundled_items":[],"bundle_sell_ids":[],"supplier_id":null,"supplier_sku":"","barcode":null,"atum_controlled":true,"out_stock_date":null,"out_stock_threshold":null,"inheritable":true,"inbound_stock":0,"stock_on_hold":0,"sold_today":0,"sales_last_days":1,"reserved_stock":0,"customer_returns":0,"warehouse_damage":0,"lost_in_post":0,"other_logs":0,"out_stock_days":0,"lost_sales":0,"has_location":false,"update_date":"2026-05-02T00:23:03","atum_locations":[],"atum_stock_status":"instock","restock_status":false,"low_stock_amount":"","sales_update_date":"2026-05-02T00:23:03","calc_backorders":null,"tiered_pricing_type":"fixed","tiered_pricing_fixed_rules":[],"tiered_pricing_product_settings":{"layout":"default","base_unit_name":{"singular":null,"plural":null},"default_variation":null},"tiered_pricing_minimum_quantity":null,"tiered_pricing_roles_data":[],"tiered_pricing_percentage_rules":[],"_links":{"self":[{"href":"https:\/\/www.lets-grow.de\/blog\/wp-json\/wp\/v2\/product\/17805","targetHints":{"allow":["GET"]}}],"collection":[{"href":"https:\/\/www.lets-grow.de\/blog\/wp-json\/wp\/v2\/product"}],"about":[{"href":"https:\/\/www.lets-grow.de\/blog\/wp-json\/wp\/v2\/types\/product"}],"replies":[{"embeddable":true,"href":"https:\/\/www.lets-grow.de\/blog\/wp-json\/wp\/v2\/comments?post=17805"}],"version-history":[{"count":1,"href":"https:\/\/www.lets-grow.de\/blog\/wp-json\/wp\/v2\/product\/17805\/revisions"}],"predecessor-version":[{"id":21250,"href":"https:\/\/www.lets-grow.de\/blog\/wp-json\/wp\/v2\/product\/17805\/revisions\/21250"}],"wp:featuredmedia":[{"embeddable":true,"href":"https:\/\/www.lets-grow.de\/blog\/wp-json\/wp\/v2\/media\/17810"}],"wp:attachment":[{"href":"https:\/\/www.lets-grow.de\/blog\/wp-json\/wp\/v2\/media?parent=17805"}],"wp:term":[{"taxonomy":"product_brand","embeddable":true,"href":"https:\/\/www.lets-grow.de\/blog\/wp-json\/wp\/v2\/product_brand?post=17805"},{"taxonomy":"product_cat","embeddable":true,"href":"https:\/\/www.lets-grow.de\/blog\/wp-json\/wp\/v2\/product_cat?post=17805"},{"taxonomy":"product_tag","embeddable":true,"href":"https:\/\/www.lets-grow.de\/blog\/wp-json\/wp\/v2\/product_tag?post=17805"}],"curies":[{"name":"wp","href":"https:\/\/api.w.org\/{rel}","templated":true}]}}