{"id":17790,"date":"2025-02-04T17:39:50","date_gmt":"2025-02-04T16:39:50","guid":{"rendered":"https:\/\/www.lets-grow.de\/blog\/?post_type=product&#038;p=17790"},"modified":"2026-04-29T12:51:26","modified_gmt":"2026-04-29T10:51:26","slug":"nylon-absperrhahn","status":"publish","type":"product","link":"https:\/\/www.lets-grow.de\/blog\/shop\/nylon-absperrhahn\/","title":{"rendered":"Nylon Absperrhahn"},"content":{"rendered":"\t\t<div data-elementor-type=\"product-post\" data-elementor-id=\"17790\" class=\"elementor elementor-17790\" data-elementor-post-type=\"product\">\n\t\t\t\t<div class=\"wd-negative-gap elementor-element elementor-element-7c71a9cc e-flex e-con-boxed e-con e-parent\" data-id=\"7c71a9cc\" data-element_type=\"container\" data-e-type=\"container\">\n\t\t\t\t\t<div class=\"e-con-inner\">\n\t\t\t\t<div class=\"elementor-element elementor-element-7783f070 elementor-widget elementor-widget-heading\" data-id=\"7783f070\" data-element_type=\"widget\" data-e-type=\"widget\" data-widget_type=\"heading.default\">\n\t\t\t\t\t<h2 class=\"elementor-heading-title elementor-size-default\">Nylon Absperrhahn \u2013 Robuster und langlebiger Kugelhahn f\u00fcr viele Anwendungen<\/h2>\t\t\t\t<\/div>\n\t\t\t\t<div class=\"elementor-element elementor-element-2e8ada74 color-scheme-inherit text-left elementor-widget elementor-widget-text-editor\" data-id=\"2e8ada74\" data-element_type=\"widget\" data-e-type=\"widget\" data-widget_type=\"text-editor.default\">\n\t\t\t\t\t\t\t\t\t<p>Ein Nylon Absperrhahn ist die ideale L\u00f6sung, wenn es um eine zuverl\u00e4ssige und korrosionsbest\u00e4ndige Absperrung von Fl\u00fcssigkeiten geht. Dank seines widerstandsf\u00e4higen Kunststoffmaterials eignet er sich hervorragend f\u00fcr den Einsatz in Aquaponik-, Hydroponik- und Bew\u00e4sserungssystemen sowie in industriellen und landwirtschaftlichen Anwendungen.<\/p>\t\t\t\t\t\t\t\t<\/div>\n\t\t\t\t<div class=\"elementor-element elementor-element-41c131b7 elementor-widget elementor-widget-spacer\" data-id=\"41c131b7\" data-element_type=\"widget\" data-e-type=\"widget\" data-widget_type=\"spacer.default\">\n\t\t\t\t\t\t\t<div class=\"elementor-spacer\">\n\t\t\t<div class=\"elementor-spacer-inner\"><\/div>\n\t\t<\/div>\n\t\t\t\t\t\t<\/div>\n\t\t\t\t<div class=\"elementor-element elementor-element-4493792c elementor-widget elementor-widget-heading\" data-id=\"4493792c\" data-element_type=\"widget\" data-e-type=\"widget\" data-widget_type=\"heading.default\">\n\t\t\t\t\t<h2 class=\"elementor-heading-title elementor-size-default\">Eigenschaften und Vorteile<\/h2>\t\t\t\t<\/div>\n\t\t\t\t<div class=\"elementor-element elementor-element-6d673e98 color-scheme-inherit text-left elementor-widget elementor-widget-text-editor\" data-id=\"6d673e98\" data-element_type=\"widget\" data-e-type=\"widget\" data-widget_type=\"text-editor.default\">\n\t\t\t\t\t\t\t\t\t<p>\u2705\u00a0<strong>Langlebiges Material<\/strong> \u2013 Gefertigt aus hochwertigem Nylon, resistent gegen Chemikalien und UV-Strahlung<br \/>\u2705 <strong>Pr\u00e4zise Steuerung<\/strong> \u2013 Kugelhahn-Mechanismus f\u00fcr eine einfache und sichere Regulierung des Durchflusses<br \/>\u2705 <strong>Korrosionsbest\u00e4ndig<\/strong> \u2013 Kein Rosten oder Ablagern von Mineralien, ideal f\u00fcr den Dauereinsatz in feuchten Umgebungen<br \/>\u2705 <strong>Vielseitig einsetzbar<\/strong> \u2013 Perfekt f\u00fcr Wasser-, N\u00e4hrstoff- und Luftleitungen in Hydroponik, Aquaponik, Gartenbau und Technikbereichen<br \/>\u2705 <strong>Einfache Installation<\/strong> \u2013 Mit g\u00e4ngigen Schlauch- oder Gewindeanschl\u00fcssen erh\u00e4ltlich<\/p>\t\t\t\t\t\t\t\t<\/div>\n\t\t\t\t<div class=\"elementor-element elementor-element-6547c0f6 elementor-widget elementor-widget-spacer\" data-id=\"6547c0f6\" data-element_type=\"widget\" data-e-type=\"widget\" data-widget_type=\"spacer.default\">\n\t\t\t\t\t\t\t<div class=\"elementor-spacer\">\n\t\t\t<div class=\"elementor-spacer-inner\"><\/div>\n\t\t<\/div>\n\t\t\t\t\t\t<\/div>\n\t\t\t\t<div class=\"elementor-element elementor-element-257b7ea2 elementor-widget elementor-widget-heading\" data-id=\"257b7ea2\" data-element_type=\"widget\" data-e-type=\"widget\" data-widget_type=\"heading.default\">\n\t\t\t\t\t<h2 class=\"elementor-heading-title elementor-size-default\">Einsatzgebiete<\/h2>\t\t\t\t<\/div>\n\t\t\t\t<div class=\"elementor-element elementor-element-34251a0 color-scheme-inherit text-left elementor-widget elementor-widget-text-editor\" data-id=\"34251a0\" data-element_type=\"widget\" data-e-type=\"widget\" data-widget_type=\"text-editor.default\">\n\t\t\t\t\t\t\t\t\t<p>\ud83d\udd39 Bew\u00e4sserungsanlagen f\u00fcr den Gartenbau<br \/>\ud83d\udd39 Steuerung von N\u00e4hrstoffl\u00f6sungen in Hydroponik- und Aquaponiksystemen<br \/>\ud83d\udd39 Fl\u00fcssigkeitsmanagement in technischen Anlagen und Laboren<br \/>\ud83d\udd39 Landwirtschaftliche Nutzung zur Wasserverteilung<\/p>\t\t\t\t\t\t\t\t<\/div>\n\t\t\t\t<div class=\"elementor-element elementor-element-53d61fb3 elementor-widget elementor-widget-spacer\" data-id=\"53d61fb3\" data-element_type=\"widget\" data-e-type=\"widget\" data-widget_type=\"spacer.default\">\n\t\t\t\t\t\t\t<div class=\"elementor-spacer\">\n\t\t\t<div class=\"elementor-spacer-inner\"><\/div>\n\t\t<\/div>\n\t\t\t\t\t\t<\/div>\n\t\t\t\t<div class=\"elementor-element elementor-element-447a8bab color-scheme-inherit text-left elementor-widget elementor-widget-text-editor\" data-id=\"447a8bab\" data-element_type=\"widget\" data-e-type=\"widget\" data-widget_type=\"text-editor.default\">\n\t\t\t\t\t\t\t\t\t<p>Erh\u00e4ltlich in verschiedenen Gr\u00f6\u00dfen f\u00fcr unterschiedliche Schlauch- oder Rohrdurchmesser.<\/p>\t\t\t\t\t\t\t\t<\/div>\n\t\t\t\t\t<\/div>\n\t\t\t\t<\/div>\n\t\t\t\t<\/div>\n\t\t","protected":false},"excerpt":{"rendered":"<p>Der Nylon Absperrhahn ist ideal f\u00fcr die pr\u00e4zise Steuerung von Fl\u00fcssigkeiten in Hydroponik-, Aquaponik- und Bew\u00e4sserungssystemen. Gefertigt aus hochwertigem, korrosionsbest\u00e4ndigem Nylon, \u00fcberzeugt er durch Langlebigkeit und einfache Installation. Dank Kugelhahn-Mechanismus erm\u00f6glicht er eine zuverl\u00e4ssige Durchflusskontrolle. Erh\u00e4ltlich in verschiedenen Gr\u00f6\u00dfen f\u00fcr vielseitige Anwendungen.<\/p>\n","protected":false},"featured_media":17795,"comment_status":"open","ping_status":"closed","template":"","meta":{"_monsterinsights_skip_tracking":false,"_monsterinsights_sitenote_active":false,"_monsterinsights_sitenote_note":"","_monsterinsights_sitenote_category":0},"product_brand":[],"product_cat":[858],"product_tag":[609,867,657,868,1871,1872,862,863,864,263,865,866],"class_list":{"0":"post-17790","1":"product","2":"type-product","3":"status-publish","4":"has-post-thumbnail","6":"product_cat-dosierung-regelung","7":"product_tag-hydroponik","8":"product_tag-wasserhahn","9":"product_tag-gartenbau","10":"product_tag-durchflussregelung","11":"product_tag-regelventil","12":"product_tag-ventil","13":"product_tag-nylon-absperrhahn","14":"product_tag-kugelhahn","15":"product_tag-bewaesserung","16":"product_tag-aquaponik","17":"product_tag-absperrventil","18":"product_tag-kunststoffventil","19":"pa_hersteller-sibo","21":"first","22":"instock","23":"taxable","24":"shipping-taxable","25":"purchasable","26":"product-type-variable"},"bundled_by":[],"bundle_stock_status":"instock","bundle_stock_quantity":null,"bundle_virtual":false,"bundle_layout":"","bundle_add_to_cart_form_location":"","bundle_editable_in_cart":false,"bundle_sold_individually_context":"","bundle_item_grouping":"","bundle_min_size":"","bundle_max_size":"","bundle_price":[],"bundled_items":[],"bundle_sell_ids":[],"supplier_id":null,"supplier_sku":"","barcode":null,"atum_controlled":true,"out_stock_date":null,"out_stock_threshold":null,"inheritable":true,"inbound_stock":0,"stock_on_hold":0,"sold_today":0,"sales_last_days":0,"reserved_stock":0,"customer_returns":0,"warehouse_damage":0,"lost_in_post":0,"other_logs":0,"out_stock_days":0,"lost_sales":0,"has_location":false,"update_date":"2026-05-01T00:22:58","atum_locations":[],"atum_stock_status":"instock","restock_status":false,"low_stock_amount":"","sales_update_date":"2026-05-01T00:22:58","calc_backorders":null,"tiered_pricing_type":"fixed","tiered_pricing_fixed_rules":[],"tiered_pricing_product_settings":{"layout":"default","base_unit_name":{"singular":null,"plural":null},"default_variation":null},"tiered_pricing_minimum_quantity":null,"tiered_pricing_roles_data":[],"tiered_pricing_percentage_rules":[],"_links":{"self":[{"href":"https:\/\/www.lets-grow.de\/blog\/wp-json\/wp\/v2\/product\/17790","targetHints":{"allow":["GET"]}}],"collection":[{"href":"https:\/\/www.lets-grow.de\/blog\/wp-json\/wp\/v2\/product"}],"about":[{"href":"https:\/\/www.lets-grow.de\/blog\/wp-json\/wp\/v2\/types\/product"}],"replies":[{"embeddable":true,"href":"https:\/\/www.lets-grow.de\/blog\/wp-json\/wp\/v2\/comments?post=17790"}],"version-history":[{"count":1,"href":"https:\/\/www.lets-grow.de\/blog\/wp-json\/wp\/v2\/product\/17790\/revisions"}],"predecessor-version":[{"id":20826,"href":"https:\/\/www.lets-grow.de\/blog\/wp-json\/wp\/v2\/product\/17790\/revisions\/20826"}],"wp:featuredmedia":[{"embeddable":true,"href":"https:\/\/www.lets-grow.de\/blog\/wp-json\/wp\/v2\/media\/17795"}],"wp:attachment":[{"href":"https:\/\/www.lets-grow.de\/blog\/wp-json\/wp\/v2\/media?parent=17790"}],"wp:term":[{"taxonomy":"product_brand","embeddable":true,"href":"https:\/\/www.lets-grow.de\/blog\/wp-json\/wp\/v2\/product_brand?post=17790"},{"taxonomy":"product_cat","embeddable":true,"href":"https:\/\/www.lets-grow.de\/blog\/wp-json\/wp\/v2\/product_cat?post=17790"},{"taxonomy":"product_tag","embeddable":true,"href":"https:\/\/www.lets-grow.de\/blog\/wp-json\/wp\/v2\/product_tag?post=17790"}],"curies":[{"name":"wp","href":"https:\/\/api.w.org\/{rel}","templated":true}]}}