{"id":17758,"date":"2025-02-02T18:16:44","date_gmt":"2025-02-02T17:16:44","guid":{"rendered":"https:\/\/www.lets-grow.de\/blog\/?post_type=product&#038;p=17758"},"modified":"2025-08-02T17:39:30","modified_gmt":"2025-08-02T15:39:30","slug":"topfplatte-50x32x4cm-54-loch","status":"publish","type":"product","link":"https:\/\/www.lets-grow.de\/blog\/shop\/topfplatte-50x32x4cm-54-loch\/","title":{"rendered":"Topfplatte 50x32x4cm &#8211; 54 Loch"},"content":{"rendered":"\t\t<div data-elementor-type=\"product-post\" data-elementor-id=\"17758\" class=\"elementor elementor-17758\" data-elementor-post-type=\"product\">\n\t\t\t\t<div class=\"wd-negative-gap elementor-element elementor-element-7e242009 e-flex e-con-boxed e-con e-parent\" data-id=\"7e242009\" data-element_type=\"container\" data-e-type=\"container\">\n\t\t\t\t\t<div class=\"e-con-inner\">\n\t\t\t\t<div class=\"elementor-element elementor-element-1daaa524 elementor-widget elementor-widget-heading\" data-id=\"1daaa524\" data-element_type=\"widget\" data-e-type=\"widget\" data-widget_type=\"heading.default\">\n\t\t\t\t\t<h2 class=\"elementor-heading-title elementor-size-default\">Topfplatte 50x32x4 cm \u2013 54 Pflanzl\u00f6cher f\u00fcr Anzucht<\/h2>\t\t\t\t<\/div>\n\t\t\t\t<div class=\"elementor-element elementor-element-2b68788 color-scheme-inherit text-left elementor-widget elementor-widget-text-editor\" data-id=\"2b68788\" data-element_type=\"widget\" data-e-type=\"widget\" data-widget_type=\"text-editor.default\">\n\t\t\t\t\t\t\t\t\t<p>Die <strong>Topfplatte 50x32x4 cm<\/strong> von <strong>Romberg<\/strong> ist die ideale L\u00f6sung f\u00fcr eine effiziente <strong>Pflanzenanzucht<\/strong>. Mit <strong>54 runden Pflanzl\u00f6chern<\/strong> (\u00d8 4 cm) bietet sie ausreichend Platz f\u00fcr eine gro\u00dfe Anzahl von <strong>Setzlingen<\/strong> oder <strong>Stecklingen<\/strong>. Sie sorgt f\u00fcr eine <strong>gleichm\u00e4\u00dfige Bewurzelung<\/strong> und erm\u00f6glicht eine einfache Handhabung bei der Aufzucht.<\/p><p>Die robuste Kunststoffplatte ist wiederverwendbar und passt perfekt in handels\u00fcbliche <strong>Anzuchtschalen<\/strong> und <strong>Minigew\u00e4chsh\u00e4user<\/strong>. Ideal f\u00fcr den Einsatz in <strong>Hydroponik, Aquaponik oder klassischer Anzucht<\/strong> mit Erde oder Kokosquelltabletten.<\/p>\t\t\t\t\t\t\t\t<\/div>\n\t\t\t\t<div class=\"elementor-element elementor-element-5c088b57 elementor-widget elementor-widget-spacer\" data-id=\"5c088b57\" data-element_type=\"widget\" data-e-type=\"widget\" data-widget_type=\"spacer.default\">\n\t\t\t\t\t\t\t<div class=\"elementor-spacer\">\n\t\t\t<div class=\"elementor-spacer-inner\"><\/div>\n\t\t<\/div>\n\t\t\t\t\t\t<\/div>\n\t\t\t\t<div class=\"elementor-element elementor-element-4c8678a8 elementor-widget elementor-widget-heading\" data-id=\"4c8678a8\" data-element_type=\"widget\" data-e-type=\"widget\" data-widget_type=\"heading.default\">\n\t\t\t\t\t<h2 class=\"elementor-heading-title elementor-size-default\">Vorteile<\/h2>\t\t\t\t<\/div>\n\t\t\t\t<div class=\"elementor-element elementor-element-61829adb color-scheme-inherit text-left elementor-widget elementor-widget-text-editor\" data-id=\"61829adb\" data-element_type=\"widget\" data-e-type=\"widget\" data-widget_type=\"text-editor.default\">\n\t\t\t\t\t\t\t\t\t<ul><li><strong>54 Pflanzl\u00f6cher<\/strong> (\u00d8 4 cm) f\u00fcr eine platzsparende und gleichm\u00e4\u00dfige Anzucht<\/li><li><strong>Perfekt f\u00fcr Setzlinge, Stecklinge &amp; Quelltabletten<\/strong><\/li><li><strong>Stabil &amp; wiederverwendbar<\/strong>, aus hochwertigem Kunststoff<\/li><li><strong>Passt in die Pikier- &amp; Anzuchtschale von Romberg<\/strong><\/li><li><strong>Ideal f\u00fcr Hydroponik, Aquaponik &amp; Erde\u00a0<\/strong>Je nachdem welches Medium sie verwenden, k\u00f6nnen Sie diese universell einsetzen<\/li><\/ul>\t\t\t\t\t\t\t\t<\/div>\n\t\t\t\t<div class=\"elementor-element elementor-element-286b74a8 elementor-widget elementor-widget-spacer\" data-id=\"286b74a8\" data-element_type=\"widget\" data-e-type=\"widget\" data-widget_type=\"spacer.default\">\n\t\t\t\t\t\t\t<div class=\"elementor-spacer\">\n\t\t\t<div class=\"elementor-spacer-inner\"><\/div>\n\t\t<\/div>\n\t\t\t\t\t\t<\/div>\n\t\t\t\t\t<\/div>\n\t\t\t\t<\/div>\n\t\t\t\t<\/div>\n\t\t","protected":false},"excerpt":{"rendered":"<p>Die <strong>Romberg Topfplatte 50x32x4 cm<\/strong> mit <strong>54 runden Pflanzl\u00f6chern (\u00d8 4 cm)<\/strong> ist ideal f\u00fcr eine gleichm\u00e4\u00dfige <strong>Anzucht von Setzlingen und Stecklingen<\/strong>. Sie passt in handels\u00fcbliche <strong>Anzuchtschalen &amp; Minigew\u00e4chsh\u00e4user<\/strong> und ist perfekt f\u00fcr <strong>Hydroponik, Aquaponik oder Erde<\/strong>. <strong>Robust &amp; wiederverwendbar<\/strong> f\u00fcr eine effiziente Pflanzenaufzucht.<\/p>\n","protected":false},"featured_media":17759,"comment_status":"open","ping_status":"closed","template":"","meta":{"_monsterinsights_skip_tracking":false,"_monsterinsights_sitenote_active":false,"_monsterinsights_sitenote_note":"","_monsterinsights_sitenote_category":0},"product_brand":[],"product_cat":[560],"product_tag":[852,844,846,847,848,849,850,851],"class_list":{"0":"post-17758","1":"product","2":"type-product","3":"status-publish","4":"has-post-thumbnail","6":"product_cat-toepfe-schalen","7":"product_tag-anzuchtplatte","8":"product_tag-anzucht","9":"product_tag-topfplatte","10":"product_tag-anzuchtplatte-54-loecher","11":"product_tag-pflanzplatte-mit-54-loechern","12":"product_tag-stecklingsplatte","13":"product_tag-anzucht-fuer-setzlinge","14":"product_tag-pflanzplatte-fuer-quelltabletten","15":"pa_hersteller-romberg","17":"first","18":"instock","19":"taxable","20":"shipping-taxable","21":"purchasable","22":"product-type-simple"},"bundled_by":["17712"],"bundle_stock_status":"instock","bundle_stock_quantity":13,"bundle_virtual":false,"bundle_layout":"","bundle_add_to_cart_form_location":"","bundle_editable_in_cart":false,"bundle_sold_individually_context":"","bundle_item_grouping":"","bundle_min_size":"","bundle_max_size":"","bundle_price":[],"bundled_items":[],"bundle_sell_ids":[],"supplier_id":null,"supplier_sku":"","barcode":null,"atum_controlled":true,"out_stock_date":null,"out_stock_threshold":null,"inheritable":false,"inbound_stock":0,"stock_on_hold":0,"sold_today":0,"sales_last_days":0,"reserved_stock":0,"customer_returns":0,"warehouse_damage":0,"lost_in_post":0,"other_logs":0,"out_stock_days":0,"lost_sales":0,"has_location":false,"update_date":"2026-04-09T00:45:25","atum_locations":[],"atum_stock_status":"instock","restock_status":false,"low_stock_amount":"","sales_update_date":"2026-04-09T00:45:25","calc_backorders":null,"tiered_pricing_type":"fixed","tiered_pricing_fixed_rules":[],"tiered_pricing_product_settings":{"layout":"default","base_unit_name":{"singular":null,"plural":null},"default_variation":null},"tiered_pricing_minimum_quantity":null,"tiered_pricing_roles_data":[],"tiered_pricing_percentage_rules":[],"_links":{"self":[{"href":"https:\/\/www.lets-grow.de\/blog\/wp-json\/wp\/v2\/product\/17758","targetHints":{"allow":["GET"]}}],"collection":[{"href":"https:\/\/www.lets-grow.de\/blog\/wp-json\/wp\/v2\/product"}],"about":[{"href":"https:\/\/www.lets-grow.de\/blog\/wp-json\/wp\/v2\/types\/product"}],"replies":[{"embeddable":true,"href":"https:\/\/www.lets-grow.de\/blog\/wp-json\/wp\/v2\/comments?post=17758"}],"version-history":[{"count":0,"href":"https:\/\/www.lets-grow.de\/blog\/wp-json\/wp\/v2\/product\/17758\/revisions"}],"wp:featuredmedia":[{"embeddable":true,"href":"https:\/\/www.lets-grow.de\/blog\/wp-json\/wp\/v2\/media\/17759"}],"wp:attachment":[{"href":"https:\/\/www.lets-grow.de\/blog\/wp-json\/wp\/v2\/media?parent=17758"}],"wp:term":[{"taxonomy":"product_brand","embeddable":true,"href":"https:\/\/www.lets-grow.de\/blog\/wp-json\/wp\/v2\/product_brand?post=17758"},{"taxonomy":"product_cat","embeddable":true,"href":"https:\/\/www.lets-grow.de\/blog\/wp-json\/wp\/v2\/product_cat?post=17758"},{"taxonomy":"product_tag","embeddable":true,"href":"https:\/\/www.lets-grow.de\/blog\/wp-json\/wp\/v2\/product_tag?post=17758"}],"curies":[{"name":"wp","href":"https:\/\/api.w.org\/{rel}","templated":true}]}}