{"id":17746,"date":"2025-02-02T17:35:27","date_gmt":"2025-02-02T16:35:27","guid":{"rendered":"https:\/\/www.lets-grow.de\/blog\/?post_type=product&#038;p=17746"},"modified":"2026-04-15T08:59:58","modified_gmt":"2026-04-15T06:59:58","slug":"romberg-kokos-quelltabletten-36mm","status":"publish","type":"product","link":"https:\/\/www.lets-grow.de\/blog\/shop\/romberg-kokos-quelltabletten-36mm\/","title":{"rendered":"Romberg Kokos Quelltabletten 36mm"},"content":{"rendered":"\t\t<div data-elementor-type=\"product-post\" data-elementor-id=\"17746\" class=\"elementor elementor-17746\" data-elementor-post-type=\"product\">\n\t\t\t\t<div class=\"wd-negative-gap elementor-element elementor-element-58edece6 e-flex e-con-boxed e-con e-parent\" data-id=\"58edece6\" data-element_type=\"container\" data-e-type=\"container\">\n\t\t\t\t\t<div class=\"e-con-inner\">\n\t\t\t\t<div class=\"elementor-element elementor-element-4d9d88e8 elementor-widget elementor-widget-heading\" data-id=\"4d9d88e8\" data-element_type=\"widget\" data-e-type=\"widget\" data-widget_type=\"heading.default\">\n\t\t\t\t\t<h2 class=\"elementor-heading-title elementor-size-default\">Kokos-Quelltablette 36 mm \u2013 Nachhaltige Anzucht aus Kokosfaser<\/h2>\t\t\t\t<\/div>\n\t\t\t\t<div class=\"elementor-element elementor-element-6946ee84 color-scheme-inherit text-left elementor-widget elementor-widget-text-editor\" data-id=\"6946ee84\" data-element_type=\"widget\" data-e-type=\"widget\" data-widget_type=\"text-editor.default\">\n\t\t\t\t\t\t\t\t\t<p>Die <strong>Kokos-Quelltabletten 36 mm<\/strong> von <strong>Romberg<\/strong> sind ideal f\u00fcr eine einfache und erfolgreiche <strong>Samenanzucht<\/strong>. Sie bestehen aus <strong>gepresster Kokosfaser<\/strong> und quellen bei Kontakt mit Wasser auf, wodurch sie eine lockere Struktur mit optimaler <strong>Wasser- und Luftspeicherung<\/strong> bieten. Dadurch f\u00f6rdern sie eine gleichm\u00e4\u00dfige Keimung und gesundes Wurzelwachstum.<\/p><p>Dank ihrer <strong>platzsparenden Lagerung<\/strong> k\u00f6nnen die Kokosquelltabletten unkompliziert aufbewahrt werden und sind \u00fcber mehrere Jahre hinweg einsetzbar. Sie sind zudem <strong>biologisch abbaubar<\/strong>, torffrei und passen in handels\u00fcbliche <strong>Anzuchtplatten<\/strong>. Nach dem Aufquellen lassen sie sich direkt in gr\u00f6\u00dfere Pflanzgef\u00e4\u00dfe oder ins Beet umsetzen \u2013 ohne Umtopfstress f\u00fcr die jungen Pflanzen.<\/p>\t\t\t\t\t\t\t\t<\/div>\n\t\t\t\t<div class=\"elementor-element elementor-element-4bb569c7 elementor-widget elementor-widget-spacer\" data-id=\"4bb569c7\" data-element_type=\"widget\" data-e-type=\"widget\" data-widget_type=\"spacer.default\">\n\t\t\t\t\t\t\t<div class=\"elementor-spacer\">\n\t\t\t<div class=\"elementor-spacer-inner\"><\/div>\n\t\t<\/div>\n\t\t\t\t\t\t<\/div>\n\t\t\t\t<div class=\"elementor-element elementor-element-4d17a2fa elementor-widget elementor-widget-heading\" data-id=\"4d17a2fa\" data-element_type=\"widget\" data-e-type=\"widget\" data-widget_type=\"heading.default\">\n\t\t\t\t\t<h2 class=\"elementor-heading-title elementor-size-default\">Vorteile<\/h2>\t\t\t\t<\/div>\n\t\t\t\t<div class=\"elementor-element elementor-element-56e111dd color-scheme-inherit text-left elementor-widget elementor-widget-text-editor\" data-id=\"56e111dd\" data-element_type=\"widget\" data-e-type=\"widget\" data-widget_type=\"text-editor.default\">\n\t\t\t\t\t\t\t\t\t<ul><li><strong>Quellen mit Wasser auf<\/strong> und bieten eine ideale Umgebung f\u00fcr Keimlinge<\/li><li><strong>Hervorragende Wasserspeicherung<\/strong> sorgt f\u00fcr gleichm\u00e4\u00dfige Feuchtigkeit<\/li><li><strong>Optimale Bel\u00fcftung<\/strong> f\u00fcr gesunde Wurzeln und kr\u00e4ftiges Wachstum<\/li><li><strong>100 % Kokosfaser<\/strong>, torffrei und biologisch abbaubar<\/li><li><strong>Platzsparend lagerbar<\/strong> und \u00fcber Jahre haltbar<\/li><li><strong>Perfekt f\u00fcr Anzuchtplatten<\/strong>, Anzuchtgew\u00e4chsh\u00e4user und Direktaussaat<\/li><\/ul>\t\t\t\t\t\t\t\t<\/div>\n\t\t\t\t<div class=\"elementor-element elementor-element-40a8e81 elementor-widget elementor-widget-spacer\" data-id=\"40a8e81\" data-element_type=\"widget\" data-e-type=\"widget\" data-widget_type=\"spacer.default\">\n\t\t\t\t\t\t\t<div class=\"elementor-spacer\">\n\t\t\t<div class=\"elementor-spacer-inner\"><\/div>\n\t\t<\/div>\n\t\t\t\t\t\t<\/div>\n\t\t\t\t<div class=\"elementor-element elementor-element-439560a3 color-scheme-inherit text-left elementor-widget elementor-widget-text-editor\" data-id=\"439560a3\" data-element_type=\"widget\" data-e-type=\"widget\" data-widget_type=\"text-editor.default\">\n\t\t\t\t\t\t\t\t\t<p>Profitieren Sie von unseren Staffelpreisen !<\/p>\t\t\t\t\t\t\t\t<\/div>\n\t\t\t\t\t<\/div>\n\t\t\t\t<\/div>\n\t\t\t\t<\/div>\n\t\t","protected":false},"excerpt":{"rendered":"<p>Die <strong>Kokosquelltabletten 36 mm<\/strong> von <strong>Romberg<\/strong> sind aus gepresster <strong>Kokosfaser<\/strong> gefertigt und quellen bei Wasserzugabe auf. Sie speichern Feuchtigkeit optimal, bieten eine ideale Bel\u00fcftung und sind <strong>platzsparend lagerbar<\/strong>. Perfekt f\u00fcr die <strong>Samenanzucht<\/strong> in Hydroponik, Aquaponik oder Erde. <strong>Torffrei, nachhaltig &amp; biologisch abbaubar<\/strong> \u2013 f\u00fcr kr\u00e4ftige und gesunde Jungpflanzen!<\/p>\n","protected":false},"featured_media":17748,"comment_status":"open","ping_status":"closed","template":"","meta":{"_monsterinsights_skip_tracking":false,"_monsterinsights_sitenote_active":false,"_monsterinsights_sitenote_note":"","_monsterinsights_sitenote_category":0},"product_brand":[],"product_cat":[834],"product_tag":[842,843,844,1771,835,1876,836,1877,837,838,839,840,841],"class_list":{"0":"post-17746","1":"product","2":"type-product","3":"status-publish","4":"has-post-thumbnail","6":"product_cat-substrate","7":"product_tag-torffrei","8":"product_tag-kokosfaser","9":"product_tag-anzucht","10":"product_tag-coco","11":"product_tag-kokos","12":"product_tag-cocoserde","13":"product_tag-kokosquelltablette","14":"product_tag-koko","15":"product_tag-kokos-quelltablette-36mm","16":"product_tag-fuer-samenanzucht","17":"product_tag-nachhaltige-anzucht","18":"product_tag-biologisch-abbaubar","19":"product_tag-quelltabletten","20":"pa_hersteller-romberg","22":"first","23":"instock","24":"taxable","25":"shipping-taxable","26":"purchasable","27":"product-type-simple"},"bundled_by":["18665"],"bundle_stock_status":"instock","bundle_stock_quantity":70,"bundle_virtual":false,"bundle_layout":"","bundle_add_to_cart_form_location":"","bundle_editable_in_cart":false,"bundle_sold_individually_context":"","bundle_item_grouping":"","bundle_min_size":"","bundle_max_size":"","bundle_price":[],"bundled_items":[],"bundle_sell_ids":[],"supplier_id":null,"supplier_sku":"","barcode":null,"atum_controlled":true,"out_stock_date":null,"out_stock_threshold":null,"inheritable":false,"inbound_stock":0,"stock_on_hold":0,"sold_today":0,"sales_last_days":0,"reserved_stock":0,"customer_returns":0,"warehouse_damage":0,"lost_in_post":0,"other_logs":0,"out_stock_days":0,"lost_sales":0,"has_location":false,"update_date":"2026-05-16T00:01:22","atum_locations":[],"atum_stock_status":"instock","restock_status":false,"low_stock_amount":"","sales_update_date":"2026-05-16T00:01:22","calc_backorders":null,"tiered_pricing_type":"fixed","tiered_pricing_fixed_rules":{"25":0.2,"50":0.15,"100":0.1},"tiered_pricing_product_settings":{"layout":"default","base_unit_name":{"singular":null,"plural":null},"default_variation":null},"tiered_pricing_minimum_quantity":null,"tiered_pricing_roles_data":[],"tiered_pricing_percentage_rules":[],"_links":{"self":[{"href":"https:\/\/www.lets-grow.de\/blog\/wp-json\/wp\/v2\/product\/17746","targetHints":{"allow":["GET"]}}],"collection":[{"href":"https:\/\/www.lets-grow.de\/blog\/wp-json\/wp\/v2\/product"}],"about":[{"href":"https:\/\/www.lets-grow.de\/blog\/wp-json\/wp\/v2\/types\/product"}],"replies":[{"embeddable":true,"href":"https:\/\/www.lets-grow.de\/blog\/wp-json\/wp\/v2\/comments?post=17746"}],"version-history":[{"count":1,"href":"https:\/\/www.lets-grow.de\/blog\/wp-json\/wp\/v2\/product\/17746\/revisions"}],"predecessor-version":[{"id":20831,"href":"https:\/\/www.lets-grow.de\/blog\/wp-json\/wp\/v2\/product\/17746\/revisions\/20831"}],"wp:featuredmedia":[{"embeddable":true,"href":"https:\/\/www.lets-grow.de\/blog\/wp-json\/wp\/v2\/media\/17748"}],"wp:attachment":[{"href":"https:\/\/www.lets-grow.de\/blog\/wp-json\/wp\/v2\/media?parent=17746"}],"wp:term":[{"taxonomy":"product_brand","embeddable":true,"href":"https:\/\/www.lets-grow.de\/blog\/wp-json\/wp\/v2\/product_brand?post=17746"},{"taxonomy":"product_cat","embeddable":true,"href":"https:\/\/www.lets-grow.de\/blog\/wp-json\/wp\/v2\/product_cat?post=17746"},{"taxonomy":"product_tag","embeddable":true,"href":"https:\/\/www.lets-grow.de\/blog\/wp-json\/wp\/v2\/product_tag?post=17746"}],"curies":[{"name":"wp","href":"https:\/\/api.w.org\/{rel}","templated":true}]}}