{"id":17568,"date":"2025-01-29T19:54:13","date_gmt":"2025-01-29T18:54:13","guid":{"rendered":"https:\/\/www.lets-grow.de\/blog\/?post_type=product&#038;p=17568"},"modified":"2025-05-21T07:51:22","modified_gmt":"2025-05-21T05:51:22","slug":"growset-100x100x220cm-led-200w","status":"publish","type":"product","link":"https:\/\/www.lets-grow.de\/blog\/shop\/growset-100x100x220cm-led-200w\/","title":{"rendered":"Growset 100x100x220cm &#8211; LED 360W"},"content":{"rendered":"\t\t<div data-elementor-type=\"product-post\" data-elementor-id=\"17568\" class=\"elementor elementor-17568\" data-elementor-post-type=\"product\">\n\t\t\t\t<div class=\"wd-negative-gap elementor-element elementor-element-61ae767e e-flex e-con-boxed e-con e-parent\" data-id=\"61ae767e\" data-element_type=\"container\" data-e-type=\"container\">\n\t\t\t\t\t<div class=\"e-con-inner\">\n\t\t\t\t<div class=\"elementor-element elementor-element-50e7efb2 elementor-widget elementor-widget-heading\" data-id=\"50e7efb2\" data-element_type=\"widget\" data-e-type=\"widget\" data-widget_type=\"heading.default\">\n\t\t\t\t\t<h2 class=\"elementor-heading-title elementor-size-default\">Komplettes Growset 100x100x220cm LED 200W \u2013 Ihr Rundum-sorglos-Paket f\u00fcr den Indoor-Grow<\/h2>\t\t\t\t<\/div>\n\t\t\t\t<div class=\"elementor-element elementor-element-1dc85275 color-scheme-inherit text-left elementor-widget elementor-widget-text-editor\" data-id=\"1dc85275\" data-element_type=\"widget\" data-e-type=\"widget\" data-widget_type=\"text-editor.default\">\n\t\t\t\t\t\t\t\t\t<p>Sie m\u00f6chten erfolgreich Pflanzen in einer kontrollierten Umgebung anbauen? Mit unserem <strong>Growset 100x100x220cm LED 200W<\/strong>\u00a0erhalten Sie ein perfekt abgestimmtes Komplett-Paket, das Ihnen den Einstieg erleichtert und gleichzeitig professionelle Ergebnisse erm\u00f6glicht. Alle Komponenten sind sorgf\u00e4ltig ausgew\u00e4hlt, um optimales Wachstum und maximale Ertr\u00e4ge zu gew\u00e4hrleisten.<\/p>\t\t\t\t\t\t\t\t<\/div>\n\t\t\t\t<div class=\"elementor-element elementor-element-53f5f0f1 elementor-widget elementor-widget-spacer\" data-id=\"53f5f0f1\" data-element_type=\"widget\" data-e-type=\"widget\" data-widget_type=\"spacer.default\">\n\t\t\t\t\t\t\t<div class=\"elementor-spacer\">\n\t\t\t<div class=\"elementor-spacer-inner\"><\/div>\n\t\t<\/div>\n\t\t\t\t\t\t<\/div>\n\t\t\t\t<div class=\"elementor-element elementor-element-6dd18d2d elementor-widget elementor-widget-heading\" data-id=\"6dd18d2d\" data-element_type=\"widget\" data-e-type=\"widget\" data-widget_type=\"heading.default\">\n\t\t\t\t\t<h2 class=\"elementor-heading-title elementor-size-default\">Das ist im Set enthalten<\/h2>\t\t\t\t<\/div>\n\t\t\t\t<div class=\"elementor-element elementor-element-7bcefad color-scheme-inherit text-left elementor-widget elementor-widget-text-editor\" data-id=\"7bcefad\" data-element_type=\"widget\" data-e-type=\"widget\" data-widget_type=\"text-editor.default\">\n\t\t\t\t\t\t\t\t\t<ul><li><strong>Growbox 100x100x220 cm<\/strong> \u2013 Hochwertiges Zelt f\u00fcr optimale Licht- und Klimakontrolle<\/li><li><strong>360W LED-Lampe<\/strong> \u2013 Effiziente Beleuchtung f\u00fcr starkes Wachstum<\/li><li><strong>Abluftset (280 m\u00b3\/h, Kapazit\u00e4t 500 m\u00b3\/h)<\/strong> \u2013 F\u00fcr eine zuverl\u00e4ssige Luftzirkulation<\/li><\/ul>\t\t\t\t\t\t\t\t<\/div>\n\t\t\t\t<div class=\"elementor-element elementor-element-69820d4d elementor-widget elementor-widget-spacer\" data-id=\"69820d4d\" data-element_type=\"widget\" data-e-type=\"widget\" data-widget_type=\"spacer.default\">\n\t\t\t\t\t\t\t<div class=\"elementor-spacer\">\n\t\t\t<div class=\"elementor-spacer-inner\"><\/div>\n\t\t<\/div>\n\t\t\t\t\t\t<\/div>\n\t\t\t\t<div class=\"elementor-element elementor-element-29801c9c elementor-widget elementor-widget-heading\" data-id=\"29801c9c\" data-element_type=\"widget\" data-e-type=\"widget\" data-widget_type=\"heading.default\">\n\t\t\t\t\t<h2 class=\"elementor-heading-title elementor-size-default\">Vorteile des Sets<\/h2>\t\t\t\t<\/div>\n\t\t\t\t<div class=\"elementor-element elementor-element-8c858cd color-scheme-inherit text-left elementor-widget elementor-widget-text-editor\" data-id=\"8c858cd\" data-element_type=\"widget\" data-e-type=\"widget\" data-widget_type=\"text-editor.default\">\n\t\t\t\t\t\t\t\t\t<p>\u2714 <strong>Perfekt aufeinander abgestimmt <\/strong>&#8211; <br \/>Alle enthaltenen Komponenten harmonieren ideal miteinander und sorgen f\u00fcr beste Ergebnisse.<\/p><p>\u2714 <strong>Optimale Klimakontrolle<\/strong> \u2013 <br \/>Dank des Abluftsets mit <strong>280 m\u00b3\/h Durchsatz<\/strong> und einer Kapazit\u00e4t von <strong>500 m\u00b3\/h<\/strong>, einem leistungsstarken Schwenkventilator und einer modernen LED-Beleuchtung bleibt das Klima in der Growbox stets stabil.<\/p><p>\u2714 <strong>Energieeffiziente LED-Technik<\/strong> \u2013 <br \/>Die <strong>360W LED-Lampe<\/strong> sorgt f\u00fcr kr\u00e4ftiges Pflanzenwachstum bei geringem Stromverbrauch.<br \/>Durch ihren Dimmer kann die Lampe auch gedrosselt betrieben werden, was nicht nur der Lebensdauer sondern auch der Temperatur und dem Farbspektrum entgegenkommt.<\/p><p>\u2714 <strong>Flexible N\u00e4hrstoffversorgung<\/strong> \u2013 <br \/>W\u00e4hlen Sie optional den Tripart D\u00fcnger, um zwischen Erde, Kokos oder Hydroponik jederzeit zu w\u00e4hlen \u2013 je nach Ihren individuellen Bed\u00fcrfnissen.<\/p><p>\u2714 <strong>G\u00fcnstiger Paketpreis<\/strong>\u00a0\u2013<br \/>Profitieren Sie von unserem zusammengestellten Komplettpaket nicht nur von der Qualit\u00e4t, sondern auch Preislich<\/p><p>\u2714 <strong>Versandkostenfrei Deutschlandweit<\/strong> \u2013 Wir bieten das Set Versandkostenfrei an, also warten Sie nicht l\u00e4nger.<\/p>\t\t\t\t\t\t\t\t<\/div>\n\t\t\t\t<div class=\"elementor-element elementor-element-dceb9c4 elementor-widget elementor-widget-spacer\" data-id=\"dceb9c4\" data-element_type=\"widget\" data-e-type=\"widget\" data-widget_type=\"spacer.default\">\n\t\t\t\t\t\t\t<div class=\"elementor-spacer\">\n\t\t\t<div class=\"elementor-spacer-inner\"><\/div>\n\t\t<\/div>\n\t\t\t\t\t\t<\/div>\n\t\t\t\t<div class=\"elementor-element elementor-element-dfa5b65 elementor-widget elementor-widget-heading\" data-id=\"dfa5b65\" data-element_type=\"widget\" data-e-type=\"widget\" data-widget_type=\"heading.default\">\n\t\t\t\t\t<h2 class=\"elementor-heading-title elementor-size-default\">Zusammenfassung<\/h2>\t\t\t\t<\/div>\n\t\t\t\t<div class=\"elementor-element elementor-element-db01b4a color-scheme-inherit text-left elementor-widget elementor-widget-text-editor\" data-id=\"db01b4a\" data-element_type=\"widget\" data-e-type=\"widget\" data-widget_type=\"text-editor.default\">\n\t\t\t\t\t\t\t\t\t<p>Unser Grow-Set ist nicht nur f\u00fcr Einsteiger perfekt, sondern bietet auch erfahrenen Growern alles, was sie f\u00fcr einen erfolgreichen Indoor-Anbau ben\u00f6tigen. Es wurde so zusammengestellt, dass alle Komponenten perfekt aufeinander abgestimmt sind.<\/p><ul><li><strong>Komplettl\u00f6sung<\/strong>: Keine weiteren K\u00e4ufe notwendig \u2013 alles, was Sie brauchen, ist im Set enthalten.<\/li><li><strong>Einfache Handhabung<\/strong>: Von der Samenanzucht bis zur Ernte \u2013 leicht verst\u00e4ndlich und ideal f\u00fcr Anf\u00e4nger.<\/li><li><strong>Hochwertige Produkte<\/strong>: Lange Lebensdauer und zuverl\u00e4ssige Ergebnisse.<\/li><\/ul><p>Dieses Set bietet Ihnen alles, was Sie f\u00fcr einen erfolgreichen Indoor-Grow ben\u00f6tigen \u2013 von der Anzucht bis zur Ernte. Dank der hochwertigen Komponenten und der durchdachten Zusammenstellung k\u00f6nnen Sie sich auf ein optimales Wachstum und gesunde Pflanzen verlassen.<\/p><p>Jetzt bestellen und direkt durchstarten!<\/p>\t\t\t\t\t\t\t\t<\/div>\n\t\t\t\t<div class=\"elementor-element elementor-element-7903969a elementor-widget elementor-widget-spacer\" data-id=\"7903969a\" data-element_type=\"widget\" data-e-type=\"widget\" data-widget_type=\"spacer.default\">\n\t\t\t\t\t\t\t<div class=\"elementor-spacer\">\n\t\t\t<div class=\"elementor-spacer-inner\"><\/div>\n\t\t<\/div>\n\t\t\t\t\t\t<\/div>\n\t\t\t\t<div class=\"elementor-element elementor-element-7f2a85a5 elementor-widget elementor-widget-wd_accordion\" data-id=\"7f2a85a5\" data-element_type=\"widget\" data-e-type=\"widget\" data-widget_type=\"wd_accordion.default\">\n\t\t\t\t<div class=\"elementor-widget-container\">\n\t\t\t\t\t\n\t\t<div class=\"wd-accordion wd-style-default wd-titles-left wd-opener-pos-left wd-opener-style-plus\" data-state=\"all_closed\">\n\t\t\t\t\t\t\t\n\t\t\t\t<div class=\"wd-accordion-item\">\n\t\t\t\t\t<div class=\"wd-accordion-title wd-role-btn\" data-accordion-index=\"0\" tabindex=\"0\">\n\t\t\t\t\t\t<div class=\"wd-accordion-title-text\">\n\t\t\t\t\t\t\t\t\t\t\t\t\t\t\t<span class=\"img-wrapper\">\n\t\t\t\t\t\t\t\t\t<i class=\"fas fa-box-open\"><\/i>\t\t\t\t\t\t\t\t<\/span>\n\t\t\t\t\t\t\t\t\t\t\t\t\t\t<span>\n\t\t\t\t\t\t\t\tLieferumfang\t\t\t\t\t\t\t<\/span>\n\t\t\t\t\t\t<\/div>\n\t\t\t\t\t\t<span class=\"wd-accordion-opener\"><\/span>\n\t\t\t\t\t<\/div>\n\n\t\t\t\t\t<div class=\"wd-accordion-content wd-entry-content\" data-accordion-index=\"0\">\n\t\t\t\t\t\t\t\t\t\t\t\t\t\n\t\t\t\t\t\t\t<ul><li><strong>Growbox 100x100x220 cm<\/strong> \u2013 Hochwertiges Zelt f\u00fcr optimale Licht- und Klimakontrolle<\/li><li><strong>360W LED-Lampe<\/strong> \u2013 Effiziente Beleuchtung f\u00fcr starkes Wachstum<\/li><li><strong>Abluftset (280 m\u00b3\/h, Kapazit\u00e4t 500 m\u00b3\/h)<\/strong> \u2013 F\u00fcr eine zuverl\u00e4ssige Luftzirkulation<\/li><\/ul><p><strong>Optionale Komponenten:<\/strong><\/p><ul><li><strong>Schwenkventilator mit zwei Stufen<\/strong> \u2013 Zus\u00e4tzliche Luftbewegung f\u00fcr gesunde Pflanzen<\/li><li><strong>D\u00fcnger-Set<\/strong> \u2013 Wahlweise f\u00fcr Erde, Cocos oder Hydroponik<\/li><li><strong>EC-Messger\u00e4t<\/strong> \u2013 Zur \u00dcberpr\u00fcfung der N\u00e4hrstoffkonzentration<\/li><li><strong>Vierkantt\u00f6pfe (8-25 cm)<\/strong> \u2013 Robuste Pflanzt\u00f6pfe f\u00fcr die gesamte Wachstumsphase<\/li><\/ul>\n\t\t\t\t\t\t\t\t\t\t\t\t\t\t\t\t\t\t<\/div>\n\t\t\t\t<\/div>\n\t\t\t\t\t<\/div>\n\t\t\t\t\t\t<\/div>\n\t\t\t\t<\/div>\n\t\t\t\t\t<\/div>\n\t\t\t\t<\/div>\n\t\t\t\t<\/div>\n\t\t","protected":false},"excerpt":{"rendered":"<p>Dieses praktische Set bietet alles, was du f\u00fcr eine effiziente und platzsparende Anordnung ben\u00f6tigst. Mit einer flexiblen Gr\u00f6\u00dfe und stabiler Konstruktion sorgt es f\u00fcr eine sichere und stilvolle Aufbewahrung. Perfekt geeignet f\u00fcr alle, die Wert auf Ordnung und Design legen<\/p>\n","protected":false},"featured_media":18474,"comment_status":"open","ping_status":"closed","template":"","meta":{"_monsterinsights_skip_tracking":false,"_monsterinsights_sitenote_active":false,"_monsterinsights_sitenote_note":"","_monsterinsights_sitenote_category":0},"product_brand":[],"product_cat":[780],"product_tag":[781,782,783,784],"class_list":{"0":"post-17568","1":"product","2":"type-product","3":"status-publish","4":"has-post-thumbnail","6":"product_cat-komplett-sets","7":"product_tag-growset","8":"product_tag-komplett-set","9":"product_tag-all-in-one","10":"product_tag-komplettpaket","11":"product_shipping_class-versandkostenfrei","13":"first","14":"instock","15":"sale","16":"taxable","17":"shipping-taxable","18":"purchasable","19":"product-type-bundle"},"bundled_by":[],"bundle_stock_status":"instock","bundle_stock_quantity":1,"bundle_virtual":false,"bundle_layout":"tabular","bundle_add_to_cart_form_location":"default","bundle_editable_in_cart":false,"bundle_sold_individually_context":"product","bundle_item_grouping":"parent","bundle_min_size":"","bundle_max_size":"","bundle_price":{"price":{"min":{"incl_tax":"389.99","excl_tax":"327.72"},"max":{"incl_tax":"524.7","excl_tax":"440.92"}},"regular_price":{"min":{"incl_tax":"404.95","excl_tax":"340.29"},"max":{"incl_tax":"549.91","excl_tax":"462.11"}}},"bundled_items":[{"bundled_item_id":1,"product_id":17330,"menu_order":0,"quantity_min":1,"quantity_max":1,"quantity_default":1,"priced_individually":false,"shipped_individually":false,"override_title":false,"title":"Dark Box Growbox","override_description":false,"description":"","optional":false,"hide_thumbnail":false,"discount":"","override_variations":true,"allowed_variations":[17334],"override_default_variation_attributes":true,"default_variation_attributes":[{"id":12,"name":"Gr\u00f6\u00dfe","option":"100x100x220cm"}],"single_product_visibility":"visible","cart_visibility":"visible","order_visibility":"visible","single_product_price_visibility":"visible","cart_price_visibility":"visible","order_price_visibility":"visible","stock_status":"in_stock"},{"bundled_item_id":33,"product_id":17347,"menu_order":1,"quantity_min":1,"quantity_max":1,"quantity_default":1,"priced_individually":false,"shipped_individually":false,"override_title":false,"title":"SpiderKing 360W","override_description":false,"description":"","optional":false,"hide_thumbnail":false,"discount":"","override_variations":false,"allowed_variations":[],"override_default_variation_attributes":false,"default_variation_attributes":[],"single_product_visibility":"visible","cart_visibility":"visible","order_visibility":"visible","single_product_price_visibility":"visible","cart_price_visibility":"visible","order_price_visibility":"visible","stock_status":"in_stock"},{"bundled_item_id":3,"product_id":17178,"menu_order":2,"quantity_min":1,"quantity_max":1,"quantity_default":1,"priced_individually":false,"shipped_individually":false,"override_title":false,"title":"Falcon Aktivkohlefilter","override_description":false,"description":"","optional":false,"hide_thumbnail":false,"discount":"","override_variations":true,"allowed_variations":[17185],"override_default_variation_attributes":true,"default_variation_attributes":[{"id":0,"name":"Durchmesser","option":"125mm"}],"single_product_visibility":"visible","cart_visibility":"visible","order_visibility":"visible","single_product_price_visibility":"visible","cart_price_visibility":"visible","order_price_visibility":"visible","stock_status":"in_stock"},{"bundled_item_id":4,"product_id":17161,"menu_order":3,"quantity_min":1,"quantity_max":1,"quantity_default":1,"priced_individually":false,"shipped_individually":false,"override_title":false,"title":"Vanguard L\u00fcfter - 2 Stufen","override_description":false,"description":"","optional":false,"hide_thumbnail":false,"discount":"","override_variations":true,"allowed_variations":[17221],"override_default_variation_attributes":true,"default_variation_attributes":[{"id":0,"name":"Durchmesser","option":"125mm"}],"single_product_visibility":"visible","cart_visibility":"visible","order_visibility":"visible","single_product_price_visibility":"visible","cart_price_visibility":"visible","order_price_visibility":"visible","stock_status":"in_stock"},{"bundled_item_id":5,"product_id":17298,"menu_order":4,"quantity_min":1,"quantity_max":1,"quantity_default":1,"priced_individually":false,"shipped_individually":false,"override_title":false,"title":"VDL Alu-Flexrohr","override_description":false,"description":"","optional":false,"hide_thumbnail":false,"discount":"","override_variations":true,"allowed_variations":[17299],"override_default_variation_attributes":true,"default_variation_attributes":[{"id":5,"name":"Durchmesser","option":"125mm"}],"single_product_visibility":"visible","cart_visibility":"visible","order_visibility":"visible","single_product_price_visibility":"visible","cart_price_visibility":"visible","order_price_visibility":"visible","stock_status":"in_stock"},{"bundled_item_id":6,"product_id":17308,"menu_order":5,"quantity_min":0,"quantity_max":2,"quantity_default":0,"priced_individually":true,"shipped_individually":false,"override_title":false,"title":"Zyklon Oszillierender Klemmventilator - 20cm \/ 20W","override_description":false,"description":"","optional":false,"hide_thumbnail":false,"discount":"10","override_variations":false,"allowed_variations":[],"override_default_variation_attributes":false,"default_variation_attributes":[],"single_product_visibility":"visible","cart_visibility":"visible","order_visibility":"visible","single_product_price_visibility":"visible","cart_price_visibility":"visible","order_price_visibility":"visible","stock_status":"in_stock"},{"bundled_item_id":7,"product_id":17141,"menu_order":6,"quantity_min":0,"quantity_max":1,"quantity_default":0,"priced_individually":true,"shipped_individually":false,"override_title":false,"title":"Tripart Starterkit f\u00fcr weiches Wasser","override_description":false,"description":"","optional":false,"hide_thumbnail":false,"discount":"10","override_variations":false,"allowed_variations":[],"override_default_variation_attributes":false,"default_variation_attributes":[],"single_product_visibility":"visible","cart_visibility":"visible","order_visibility":"visible","single_product_price_visibility":"visible","cart_price_visibility":"visible","order_price_visibility":"visible","stock_status":"in_stock"},{"bundled_item_id":8,"product_id":17375,"menu_order":7,"quantity_min":0,"quantity_max":1,"quantity_default":0,"priced_individually":true,"shipped_individually":false,"override_title":false,"title":"Bluelab EC-Pen - EC-Messger\u00e4t","override_description":false,"description":"","optional":false,"hide_thumbnail":false,"discount":"5","override_variations":false,"allowed_variations":[],"override_default_variation_attributes":false,"default_variation_attributes":[],"single_product_visibility":"visible","cart_visibility":"visible","order_visibility":"visible","single_product_price_visibility":"visible","cart_price_visibility":"visible","order_price_visibility":"visible","stock_status":"in_stock"},{"bundled_item_id":11,"product_id":17098,"menu_order":8,"quantity_min":0,"quantity_max":4,"quantity_default":0,"priced_individually":true,"shipped_individually":false,"override_title":false,"title":"Vierkantt\u00f6pfe","override_description":false,"description":"","optional":false,"hide_thumbnail":false,"discount":"10","override_variations":false,"allowed_variations":[],"override_default_variation_attributes":false,"default_variation_attributes":[],"single_product_visibility":"visible","cart_visibility":"visible","order_visibility":"visible","single_product_price_visibility":"visible","cart_price_visibility":"visible","order_price_visibility":"visible","stock_status":"in_stock"}],"bundle_sell_ids":[],"supplier_id":null,"supplier_sku":"","barcode":null,"atum_controlled":true,"out_stock_date":null,"out_stock_threshold":null,"inheritable":false,"inbound_stock":0,"stock_on_hold":0,"sold_today":0,"sales_last_days":0,"reserved_stock":0,"customer_returns":0,"warehouse_damage":0,"lost_in_post":0,"other_logs":0,"out_stock_days":0,"lost_sales":0,"has_location":false,"update_date":"2026-04-04T00:43:31","atum_locations":[],"atum_stock_status":"instock","restock_status":false,"low_stock_amount":"","sales_update_date":"2026-04-04T00:43:31","calc_backorders":null,"tiered_pricing_type":"fixed","tiered_pricing_fixed_rules":[],"tiered_pricing_product_settings":{"layout":"default","base_unit_name":{"singular":null,"plural":null},"default_variation":null},"tiered_pricing_minimum_quantity":null,"tiered_pricing_roles_data":[],"tiered_pricing_percentage_rules":[],"_links":{"self":[{"href":"https:\/\/www.lets-grow.de\/blog\/wp-json\/wp\/v2\/product\/17568","targetHints":{"allow":["GET"]}}],"collection":[{"href":"https:\/\/www.lets-grow.de\/blog\/wp-json\/wp\/v2\/product"}],"about":[{"href":"https:\/\/www.lets-grow.de\/blog\/wp-json\/wp\/v2\/types\/product"}],"replies":[{"embeddable":true,"href":"https:\/\/www.lets-grow.de\/blog\/wp-json\/wp\/v2\/comments?post=17568"}],"version-history":[{"count":0,"href":"https:\/\/www.lets-grow.de\/blog\/wp-json\/wp\/v2\/product\/17568\/revisions"}],"wp:featuredmedia":[{"embeddable":true,"href":"https:\/\/www.lets-grow.de\/blog\/wp-json\/wp\/v2\/media\/18474"}],"wp:attachment":[{"href":"https:\/\/www.lets-grow.de\/blog\/wp-json\/wp\/v2\/media?parent=17568"}],"wp:term":[{"taxonomy":"product_brand","embeddable":true,"href":"https:\/\/www.lets-grow.de\/blog\/wp-json\/wp\/v2\/product_brand?post=17568"},{"taxonomy":"product_cat","embeddable":true,"href":"https:\/\/www.lets-grow.de\/blog\/wp-json\/wp\/v2\/product_cat?post=17568"},{"taxonomy":"product_tag","embeddable":true,"href":"https:\/\/www.lets-grow.de\/blog\/wp-json\/wp\/v2\/product_tag?post=17568"}],"curies":[{"name":"wp","href":"https:\/\/api.w.org\/{rel}","templated":true}]}}