{"id":17476,"date":"2025-01-29T17:15:31","date_gmt":"2025-01-29T16:15:31","guid":{"rendered":"https:\/\/www.lets-grow.de\/blog\/?post_type=product&#038;p=17476"},"modified":"2025-10-28T16:01:36","modified_gmt":"2025-10-28T15:01:36","slug":"vanguard-hydroponics-led-growlampe","status":"publish","type":"product","link":"https:\/\/www.lets-grow.de\/blog\/shop\/vanguard-hydroponics-led-growlampe\/","title":{"rendered":"Vanguard Hydroponics LED-Growlampe"},"content":{"rendered":"\t\t<div data-elementor-type=\"product-post\" data-elementor-id=\"17476\" class=\"elementor elementor-17476\" data-elementor-post-type=\"product\">\n\t\t\t\t<div class=\"wd-negative-gap elementor-element elementor-element-3bbd66cb e-flex e-con-boxed e-con e-parent\" data-id=\"3bbd66cb\" data-element_type=\"container\" data-e-type=\"container\">\n\t\t\t\t\t<div class=\"e-con-inner\">\n\t\t\t\t<div class=\"elementor-element elementor-element-46e433f elementor-widget elementor-widget-heading\" data-id=\"46e433f\" data-element_type=\"widget\" data-e-type=\"widget\" data-widget_type=\"heading.default\">\n\t\t\t\t\t<h2 class=\"elementor-heading-title elementor-size-default\">Vanguard Hydroponics LED-Growlampe \u2013 Effiziente Pflanzenbeleuchtung f\u00fcr jeden Bedarf<\/h2>\t\t\t\t<\/div>\n\t\t\t\t<div class=\"elementor-element elementor-element-4c3d2ebd color-scheme-inherit text-left elementor-widget elementor-widget-text-editor\" data-id=\"4c3d2ebd\" data-element_type=\"widget\" data-e-type=\"widget\" data-widget_type=\"text-editor.default\">\n\t\t\t\t\t\t\t\t\t<p>Die <strong>Vanguard Hydroponics LED-Growlampen<\/strong> sind die perfekte L\u00f6sung f\u00fcr den Indoor-Anbau und bieten je nach Anforderung <strong>45W, 65W 120W<\/strong>\u00a0<span style=\"font-family: Lato, sans-serif; font-size: 16px; font-style: normal; font-variant-ligatures: normal; font-variant-caps: normal; font-weight: 600;\">oder<\/span><span style=\"font-family: Lato, sans-serif; font-size: 16px; font-style: normal; font-variant-ligatures: normal; font-variant-caps: normal; font-weight: 600;\">\u00a0150W\u00a0<\/span><span style=\"font-size: 16px;\">Leistung. Diese hochwertigen LEDs liefern ein optimiertes Lichtspektrum f\u00fcr gesundes Pflanzenwachstum bei maximaler Energieeffizienz.<\/span><\/p>\t\t\t\t\t\t\t\t<\/div>\n\t\t\t\t<div class=\"elementor-element elementor-element-765e27df elementor-widget elementor-widget-spacer\" data-id=\"765e27df\" data-element_type=\"widget\" data-e-type=\"widget\" data-widget_type=\"spacer.default\">\n\t\t\t\t\t\t\t<div class=\"elementor-spacer\">\n\t\t\t<div class=\"elementor-spacer-inner\"><\/div>\n\t\t<\/div>\n\t\t\t\t\t\t<\/div>\n\t\t\t\t<div class=\"elementor-element elementor-element-2902ccbd elementor-widget elementor-widget-heading\" data-id=\"2902ccbd\" data-element_type=\"widget\" data-e-type=\"widget\" data-widget_type=\"heading.default\">\n\t\t\t\t\t<h2 class=\"elementor-heading-title elementor-size-default\">Eigenschaften und Vorteile:<\/h2>\t\t\t\t<\/div>\n\t\t\t\t<div class=\"elementor-element elementor-element-54e541a color-scheme-inherit text-left elementor-widget elementor-widget-text-editor\" data-id=\"54e541a\" data-element_type=\"widget\" data-e-type=\"widget\" data-widget_type=\"text-editor.default\">\n\t\t\t\t\t\t\t\t\t<p><strong>\u2705 Effiziente LED-Technologie<\/strong> \u2013 Hohe Lichtausbeute bei geringem Stromverbrauch.<br \/>\u2705 <strong>Volles Lichtspektrum<\/strong> \u2013 F\u00f6rdert Wachstum, Bl\u00fcte und Ertrag.<br \/>\u2705 <strong>Geringe W\u00e4rmeentwicklung<\/strong> \u2013 Kein Risiko von Hitzestress f\u00fcr die Pflanzen.<br \/>\u2705 <strong>Langlebig und zuverl\u00e4ssig<\/strong> \u2013 Hochwertige LEDs mit langer Lebensdauer.<br \/>\u2705 <strong>Dimmfunktion (120W\/150W-Modell)<\/strong> \u2013 Lichtintensit\u00e4t individuell anpassbar f\u00fcr verschiedene Wachstumsphasen.<\/p>\t\t\t\t\t\t\t\t<\/div>\n\t\t\t\t<div class=\"elementor-element elementor-element-7f46d0fb elementor-widget elementor-widget-spacer\" data-id=\"7f46d0fb\" data-element_type=\"widget\" data-e-type=\"widget\" data-widget_type=\"spacer.default\">\n\t\t\t\t\t\t\t<div class=\"elementor-spacer\">\n\t\t\t<div class=\"elementor-spacer-inner\"><\/div>\n\t\t<\/div>\n\t\t\t\t\t\t<\/div>\n\t\t\t\t<div class=\"elementor-element elementor-element-7a4b6e7f elementor-widget elementor-widget-heading\" data-id=\"7a4b6e7f\" data-element_type=\"widget\" data-e-type=\"widget\" data-widget_type=\"heading.default\">\n\t\t\t\t\t<h2 class=\"elementor-heading-title elementor-size-default\">Welche Leistung ist die richtige ?<\/h2>\t\t\t\t<\/div>\n\t\t\t\t<div class=\"elementor-element elementor-element-3e8d1bf color-scheme-inherit text-left elementor-widget elementor-widget-text-editor\" data-id=\"3e8d1bf\" data-element_type=\"widget\" data-e-type=\"widget\" data-widget_type=\"text-editor.default\">\n\t\t\t\t\t\t\t\t\t<p>\u00a0<\/p><p><strong>\ud83d\udca1 45W:<\/strong> Perfekt f\u00fcr kleine Growboxen, Anzucht oder als Zusatzbeleuchtung. Speziell f\u00fcr Salate, Kr\u00e4uter oder aber auch einige wenige Tomaten \/ Chilis<\/p><p>\ud83d\udca1 <strong>65W:<\/strong> Ideal f\u00fcr mittelgro\u00dfe Fl\u00e4chen oder den Einsatz in Wachstum &amp; Bl\u00fcte.<br \/>Kann bereits als dauerhafte Growlampe verwendet werden, oder f\u00fcr die Anzucht gr\u00f6\u00dferer Mengen an Tomaten, Chilis, etc.<\/p><p>\ud83d\udca1 <strong>120W (Dimmbar):<\/strong> Flexible Leistung mit einstellbarer Helligkeit f\u00fcr gr\u00f6\u00dfere Anbaufl\u00e4chen.<br \/>Diese Lampe kann f\u00fcr eine kleine Growbox verwendet werden, oder f\u00fcr die Kultivierung einer Mutterpflanze.<\/p><p><span style=\"font-family: Lato, sans-serif; font-size: 16px; font-style: normal; font-variant-ligatures: normal; font-variant-caps: normal; font-weight: 400;\">\ud83d\udca1\u00a0<\/span><span style=\"font-style: normal; font-variant-ligatures: normal; font-variant-caps: normal; font-weight: 600; font-family: Lato, sans-serif; font-size: 16px;\">150W (Dimmbar):<\/span><span style=\"font-family: Lato, sans-serif; font-size: 16px; font-style: normal; font-variant-ligatures: normal; font-variant-caps: normal; font-weight: 400;\">\u00a0Flexible Leistung mit einstellbarer Helligkeit f\u00fcr gr\u00f6\u00dfere Anbaufl\u00e4chen.<\/span><br \/><span style=\"font-family: Lato, sans-serif; font-size: 16px; font-style: normal; font-variant-ligatures: normal; font-variant-caps: normal; font-weight: 400;\">Diese Lampe kann f\u00fcr eine mittlere Growbox verwendet werden, oder f\u00fcr die Kultivierung einiger Pflanzen.<\/span><\/p><p>Dank der <strong>Dimmfunktion der 120W\/150W-Variante<\/strong> l\u00e4sst sich die Lichtintensit\u00e4t optimal anpassen, was nicht nur den Pflanzen zugutekommt, sondern auch die Lebensdauer der LEDs verl\u00e4ngert und Strom spart.<\/p><p>Die <strong>Vanguard Hydroponics LED-Growlampen<\/strong> sind eine erstklassige Wahl f\u00fcr Grower, die Wert auf Effizienz, Langlebigkeit und optimale Lichtbedingungen legen.<\/p>\t\t\t\t\t\t\t\t<\/div>\n\t\t\t\t<div class=\"elementor-element elementor-element-5b5ba685 elementor-widget elementor-widget-spacer\" data-id=\"5b5ba685\" data-element_type=\"widget\" data-e-type=\"widget\" data-widget_type=\"spacer.default\">\n\t\t\t\t\t\t\t<div class=\"elementor-spacer\">\n\t\t\t<div class=\"elementor-spacer-inner\"><\/div>\n\t\t<\/div>\n\t\t\t\t\t\t<\/div>\n\t\t\t\t<div class=\"elementor-element elementor-element-d465b36 elementor-widget elementor-widget-heading\" data-id=\"d465b36\" data-element_type=\"widget\" data-e-type=\"widget\" data-widget_type=\"heading.default\">\n\t\t\t\t\t<h2 class=\"elementor-heading-title elementor-size-default\">Lieferumfang<\/h2>\t\t\t\t<\/div>\n\t\t\t\t<div class=\"elementor-element elementor-element-02c67a8 elementor-widget elementor-widget-wd_list\" data-id=\"02c67a8\" data-element_type=\"widget\" data-e-type=\"widget\" data-widget_type=\"wd_list.default\">\n\t\t\t\t<div class=\"elementor-widget-container\">\n\t\t\t\t\t\t\t<ul class=\"wd-list color-scheme-custom wd-fontsize-xs wd-type-icon wd-style-default text-left\">\n\t\t\t\t\t\t\t\t\t\t\t<li class=\"elementor-repeater-item-99f70c8\">\n\t\t\t\t\t\t\t\t\t\t\t<span class=\"wd-icon\"><span class=\"fas fa-angle-right\"><\/span><\/span>\t\t\t\t\t\n\t\t\t\t\t<span class=\"wd-list-content list-content\">\n\t\t\t\t\t\t\t\t\t\t\t\t\tLED-Platine in 45W\/65W\/120W\/150W (je nach Auswahl)\t\t\t\t\t\t\t\t\t\t\t<\/span>\n\t\t\t\t<\/li>\n\t\t\t\t\t\t\t\t\t\t\t<li class=\"elementor-repeater-item-158ae74\">\n\t\t\t\t\t\t\t\t\t\t\t<span class=\"wd-icon\"><span class=\"fas fa-angle-right\"><\/span><\/span>\t\t\t\t\t\n\t\t\t\t\t<span class=\"wd-list-content list-content\">\n\t\t\t\t\t\t\t\t\t\t\t\t\tLampenaufh\u00e4ngung\t\t\t\t\t\t\t\t\t\t\t<\/span>\n\t\t\t\t<\/li>\n\t\t\t\t\t\t\t\t\t\t\t<li class=\"elementor-repeater-item-2d6ccb6\">\n\t\t\t\t\t\t\t\t\t\t\t<span class=\"wd-icon\"><span class=\"fas fa-angle-right\"><\/span><\/span>\t\t\t\t\t\n\t\t\t\t\t<span class=\"wd-list-content list-content\">\n\t\t\t\t\t\t\t\t\t\t\t\t\tNetzteil mit Stecker\t\t\t\t\t\t\t\t\t\t\t<\/span>\n\t\t\t\t<\/li>\n\t\t\t\t\t<\/ul>\n\n\t\t\t\t\t\t<\/div>\n\t\t\t\t<\/div>\n\t\t\t\t\t<\/div>\n\t\t\t\t<\/div>\n\t\t\t\t<\/div>\n\t\t","protected":false},"excerpt":{"rendered":"<div class=\"flex-shrink-0 flex flex-col relative items-end\">\n<div>\n<div class=\"pt-0\">\n<div class=\"gizmo-bot-avatar flex h-8 w-8 items-center justify-center overflow-hidden rounded-full\">\n<div class=\"relative p-1 rounded-sm flex items-center justify-center bg-token-main-surface-primary text-token-text-primary h-8 w-8\">Die <strong>Cosmos LED-Growlampen (45W, 65W, 120W &amp; 150W)<\/strong> bieten eine effiziente Pflanzenbeleuchtung f\u00fcr verschiedene Anbaugr\u00f6\u00dfen. Ihr optimiertes Lichtspektrum f\u00f6rdert gesundes Wachstum in allen Phasen. Dank passiver K\u00fchlung sind sie leise und energieeffizient. Die unterschiedlichen Leistungsstufen erm\u00f6glichen flexible Einsatzm\u00f6glichkeiten f\u00fcr Indoor-Grows, Hydroponik und Gew\u00e4chsh\u00e4user.<\/div>\n<\/div>\n<\/div>\n<\/div>\n<\/div>\n","protected":false},"featured_media":17487,"comment_status":"open","ping_status":"closed","template":"","meta":{"_monsterinsights_skip_tracking":false,"_monsterinsights_sitenote_active":false,"_monsterinsights_sitenote_note":"","_monsterinsights_sitenote_category":0},"product_brand":[],"product_cat":[438],"product_tag":[615,802,618,853,619,1770,777,800,801],"class_list":{"0":"post-17476","1":"product","2":"type-product","3":"status-publish","4":"has-post-thumbnail","6":"product_cat-beleuchtung","7":"product_tag-led-grow-lampe","8":"product_tag-120w","9":"product_tag-dimmbar","10":"product_tag-lampen","11":"product_tag-led-lampe","12":"product_tag-150w","13":"product_tag-cosmos","14":"product_tag-45w","15":"product_tag-65w","16":"pa_hersteller-vanguard-hydroponics","18":"first","19":"instock","20":"taxable","21":"shipping-taxable","22":"purchasable","23":"product-type-variable"},"bundled_by":["18665"],"bundle_stock_status":"instock","bundle_stock_quantity":null,"bundle_virtual":false,"bundle_layout":"","bundle_add_to_cart_form_location":"","bundle_editable_in_cart":false,"bundle_sold_individually_context":"","bundle_item_grouping":"","bundle_min_size":"","bundle_max_size":"","bundle_price":[],"bundled_items":[],"bundle_sell_ids":[],"supplier_id":null,"supplier_sku":"","barcode":null,"atum_controlled":true,"out_stock_date":null,"out_stock_threshold":null,"inheritable":true,"inbound_stock":0,"stock_on_hold":0,"sold_today":0,"sales_last_days":0,"reserved_stock":0,"customer_returns":0,"warehouse_damage":0,"lost_in_post":0,"other_logs":0,"out_stock_days":0,"lost_sales":0,"has_location":false,"update_date":"2026-05-02T00:23:01","atum_locations":[],"atum_stock_status":"instock","restock_status":false,"low_stock_amount":"","sales_update_date":"2026-05-02T00:23:01","calc_backorders":null,"tiered_pricing_type":"fixed","tiered_pricing_fixed_rules":[],"tiered_pricing_product_settings":{"layout":"default","base_unit_name":{"singular":null,"plural":null},"default_variation":null},"tiered_pricing_minimum_quantity":null,"tiered_pricing_roles_data":[],"tiered_pricing_percentage_rules":[],"_links":{"self":[{"href":"https:\/\/www.lets-grow.de\/blog\/wp-json\/wp\/v2\/product\/17476","targetHints":{"allow":["GET"]}}],"collection":[{"href":"https:\/\/www.lets-grow.de\/blog\/wp-json\/wp\/v2\/product"}],"about":[{"href":"https:\/\/www.lets-grow.de\/blog\/wp-json\/wp\/v2\/types\/product"}],"replies":[{"embeddable":true,"href":"https:\/\/www.lets-grow.de\/blog\/wp-json\/wp\/v2\/comments?post=17476"}],"version-history":[{"count":1,"href":"https:\/\/www.lets-grow.de\/blog\/wp-json\/wp\/v2\/product\/17476\/revisions"}],"predecessor-version":[{"id":20896,"href":"https:\/\/www.lets-grow.de\/blog\/wp-json\/wp\/v2\/product\/17476\/revisions\/20896"}],"wp:featuredmedia":[{"embeddable":true,"href":"https:\/\/www.lets-grow.de\/blog\/wp-json\/wp\/v2\/media\/17487"}],"wp:attachment":[{"href":"https:\/\/www.lets-grow.de\/blog\/wp-json\/wp\/v2\/media?parent=17476"}],"wp:term":[{"taxonomy":"product_brand","embeddable":true,"href":"https:\/\/www.lets-grow.de\/blog\/wp-json\/wp\/v2\/product_brand?post=17476"},{"taxonomy":"product_cat","embeddable":true,"href":"https:\/\/www.lets-grow.de\/blog\/wp-json\/wp\/v2\/product_cat?post=17476"},{"taxonomy":"product_tag","embeddable":true,"href":"https:\/\/www.lets-grow.de\/blog\/wp-json\/wp\/v2\/product_tag?post=17476"}],"curies":[{"name":"wp","href":"https:\/\/api.w.org\/{rel}","templated":true}]}}