{"id":17464,"date":"2025-01-28T20:29:28","date_gmt":"2025-01-28T19:29:28","guid":{"rendered":"https:\/\/www.lets-grow.de\/blog\/?post_type=product&#038;p=17464"},"modified":"2025-10-28T16:04:35","modified_gmt":"2025-10-28T15:04:35","slug":"rootforce-12-stecklingscloner","status":"publish","type":"product","link":"https:\/\/www.lets-grow.de\/blog\/shop\/rootforce-12-stecklingscloner\/","title":{"rendered":"RootForce 12 &#8211; Stecklingscloner"},"content":{"rendered":"\t\t<div data-elementor-type=\"product-post\" data-elementor-id=\"17464\" class=\"elementor elementor-17464\" data-elementor-post-type=\"product\">\n\t\t\t\t<div class=\"wd-negative-gap elementor-element elementor-element-1deed01 e-flex e-con-boxed e-con e-parent\" data-id=\"1deed01\" data-element_type=\"container\" data-e-type=\"container\">\n\t\t\t\t\t<div class=\"e-con-inner\">\n\t\t\t\t<div class=\"elementor-element elementor-element-027bfe4 elementor-widget elementor-widget-heading\" data-id=\"027bfe4\" data-element_type=\"widget\" data-e-type=\"widget\" data-widget_type=\"heading.default\">\n\t\t\t\t\t<h2 class=\"elementor-heading-title elementor-size-default\">RootForce 12 Stecklingscloner von Lets-Grow \u2013 Effiziente Bewurzelung f\u00fcr Stecklinge<\/h2>\t\t\t\t<\/div>\n\t\t\t\t<div class=\"elementor-element elementor-element-2813c203 color-scheme-inherit text-left elementor-widget elementor-widget-text-editor\" data-id=\"2813c203\" data-element_type=\"widget\" data-e-type=\"widget\" data-widget_type=\"text-editor.default\">\n\t\t\t\t\t\t\t\t\t<p>Der <strong>RootForce 12<\/strong> von <strong>Lets-Grow<\/strong> ist die ideale L\u00f6sung f\u00fcr alle, die ihre Stecklinge effizient, schnell und gesund bewurzeln m\u00f6chten. Mit einer kompakten Bauweise (Ma\u00dfe: <strong>40x30x27 cm<\/strong>) eignet sich dieses System perfekt f\u00fcr kleinere Projekte und begrenzte Platzverh\u00e4ltnisse.<\/p><p>Ausgestattet mit 12 Netzt\u00f6pfen (5 cm Durchmesser), bietet der Cloner Platz f\u00fcr bis zu 12 Stecklinge gleichzeitig. \u00a0<\/p>\t\t\t\t\t\t\t\t<\/div>\n\t\t\t\t<div class=\"elementor-element elementor-element-5ec796d7 elementor-widget elementor-widget-spacer\" data-id=\"5ec796d7\" data-element_type=\"widget\" data-e-type=\"widget\" data-widget_type=\"spacer.default\">\n\t\t\t\t\t\t\t<div class=\"elementor-spacer\">\n\t\t\t<div class=\"elementor-spacer-inner\"><\/div>\n\t\t<\/div>\n\t\t\t\t\t\t<\/div>\n\t\t\t\t<div class=\"elementor-element elementor-element-375f4038 elementor-widget elementor-widget-heading\" data-id=\"375f4038\" data-element_type=\"widget\" data-e-type=\"widget\" data-widget_type=\"heading.default\">\n\t\t\t\t\t<h2 class=\"elementor-heading-title elementor-size-default\">Merkmale<\/h2>\t\t\t\t<\/div>\n\t\t\t\t<div class=\"elementor-element elementor-element-434c1bae color-scheme-inherit text-left elementor-widget elementor-widget-text-editor\" data-id=\"434c1bae\" data-element_type=\"widget\" data-e-type=\"widget\" data-widget_type=\"text-editor.default\">\n\t\t\t\t\t\t\t\t\t<ul><li><strong>Platz f\u00fcr 12 Stecklinge:<\/strong> Ausgestattet mit <strong>12 Netzt\u00f6pfen<\/strong> (je 5 cm Durchmesser) bietet der Cloner ausreichend Kapazit\u00e4t, um bis zu 12 Stecklinge gleichzeitig zu bewurzeln.<\/li><li><strong>Leistungsstarke Wasserpumpe mit 10 D\u00fcsen:<\/strong> Das Herzst\u00fcck des Systems sorgt \u00fcber einen feinen Spr\u00fchnebel f\u00fcr eine konstante und gleichm\u00e4\u00dfige Befeuchtung der Stecklinge.<\/li><li><strong>Optimale Bedingungen f\u00fcr die Wurzelbildung:<\/strong> Der feine Nebel versorgt die Stecklinge kontinuierlich mit Feuchtigkeit und Sauerstoff. Dies minimiert Stress, f\u00f6rdert die Vitalit\u00e4t und beschleunigt das Wachstum der Wurzeln.<\/li><li><strong>Effizient und ressourcenschonend:<\/strong> Der RootForce 12 arbeitet wassersparend und ben\u00f6tigt im Vergleich zu herk\u00f6mmlichen Bewurzelungsmethoden weniger N\u00e4hrstoffe und Pflege.<\/li><\/ul>\t\t\t\t\t\t\t\t<\/div>\n\t\t\t\t<div class=\"elementor-element elementor-element-80e65ec elementor-widget elementor-widget-spacer\" data-id=\"80e65ec\" data-element_type=\"widget\" data-e-type=\"widget\" data-widget_type=\"spacer.default\">\n\t\t\t\t\t\t\t<div class=\"elementor-spacer\">\n\t\t\t<div class=\"elementor-spacer-inner\"><\/div>\n\t\t<\/div>\n\t\t\t\t\t\t<\/div>\n\t\t\t\t<div class=\"elementor-element elementor-element-7c15ac9 elementor-widget elementor-widget-heading\" data-id=\"7c15ac9\" data-element_type=\"widget\" data-e-type=\"widget\" data-widget_type=\"heading.default\">\n\t\t\t\t\t<h2 class=\"elementor-heading-title elementor-size-default\">Perfekt f\u00fcr Einsteiger und Profis in Hydro- und Aquaponik<\/h2>\t\t\t\t<\/div>\n\t\t\t\t<div class=\"elementor-element elementor-element-05a8980 color-scheme-inherit text-left elementor-widget elementor-widget-text-editor\" data-id=\"05a8980\" data-element_type=\"widget\" data-e-type=\"widget\" data-widget_type=\"text-editor.default\">\n\t\t\t\t\t\t\t\t\t<p>Das <strong>RootForce 12<\/strong> Stecklingssystem ist ideal f\u00fcr G\u00e4rtnerinnen und G\u00e4rtner, die den Einstieg in Hydroponik oder Aquaponik wagen m\u00f6chten. Es bietet eine zuverl\u00e4ssige, wartungsarme Methode zur Stecklingsvermehrung und ist somit perfekt f\u00fcr Hobbyisten und Profis gleicherma\u00dfen geeignet.<\/p>\t\t\t\t\t\t\t\t<\/div>\n\t\t\t\t<div class=\"elementor-element elementor-element-182d82b elementor-widget elementor-widget-spacer\" data-id=\"182d82b\" data-element_type=\"widget\" data-e-type=\"widget\" data-widget_type=\"spacer.default\">\n\t\t\t\t\t\t\t<div class=\"elementor-spacer\">\n\t\t\t<div class=\"elementor-spacer-inner\"><\/div>\n\t\t<\/div>\n\t\t\t\t\t\t<\/div>\n\t\t\t\t<div class=\"elementor-element elementor-element-7983975 elementor-widget elementor-widget-heading\" data-id=\"7983975\" data-element_type=\"widget\" data-e-type=\"widget\" data-widget_type=\"heading.default\">\n\t\t\t\t\t<h2 class=\"elementor-heading-title elementor-size-default\">Schnelle Ergebnisse<\/h2>\t\t\t\t<\/div>\n\t\t\t\t<div class=\"elementor-element elementor-element-0dd6119 color-scheme-inherit text-left elementor-widget elementor-widget-text-editor\" data-id=\"0dd6119\" data-element_type=\"widget\" data-e-type=\"widget\" data-widget_type=\"text-editor.default\">\n\t\t\t\t\t\t\t\t\t<p>Bereits nach <strong>7 Tagen<\/strong> kann man die ersten erfolgreichen Wurzeln beobachten \u2013 schneller und effektiver als bei vielen herk\u00f6mmlichen Methoden. Dies spart dir Zeit und maximiert deine Ertr\u00e4ge.<\/p>\t\t\t\t\t\t\t\t<\/div>\n\t\t\t\t<div class=\"elementor-element elementor-element-f2de3fe elementor-widget elementor-widget-wd_image_or_svg\" data-id=\"f2de3fe\" data-element_type=\"widget\" data-e-type=\"widget\" data-widget_type=\"wd_image_or_svg.default\">\n\t\t\t\t<div class=\"elementor-widget-container\">\n\t\t\t\t\t\n\t\t<div class=\"wd-image text-center\">\n\t\t\t\t\t\t\t\t<img decoding=\"async\" width=\"300\" height=\"225\" src=\"https:\/\/www.lets-grow.de\/blog\/wp-content\/uploads\/2025\/01\/63d90d5c-8948-4eda-9d96-236e00f45e61-400x300.jpg\" class=\"attachment-medium size-medium\" alt=\"\" srcset=\"https:\/\/www.lets-grow.de\/blog\/wp-content\/uploads\/2025\/01\/63d90d5c-8948-4eda-9d96-236e00f45e61-400x300.jpg 400w, https:\/\/www.lets-grow.de\/blog\/wp-content\/uploads\/2025\/01\/63d90d5c-8948-4eda-9d96-236e00f45e61-1067x800.jpg 1067w, https:\/\/www.lets-grow.de\/blog\/wp-content\/uploads\/2025\/01\/63d90d5c-8948-4eda-9d96-236e00f45e61-768x576.jpg 768w, https:\/\/www.lets-grow.de\/blog\/wp-content\/uploads\/2025\/01\/63d90d5c-8948-4eda-9d96-236e00f45e61-1536x1152.jpg 1536w, https:\/\/www.lets-grow.de\/blog\/wp-content\/uploads\/2025\/01\/63d90d5c-8948-4eda-9d96-236e00f45e61-1320x990.jpg 1320w, https:\/\/www.lets-grow.de\/blog\/wp-content\/uploads\/2025\/01\/63d90d5c-8948-4eda-9d96-236e00f45e61-800x600.jpg 800w, https:\/\/www.lets-grow.de\/blog\/wp-content\/uploads\/2025\/01\/63d90d5c-8948-4eda-9d96-236e00f45e61-190x143.jpg 190w, https:\/\/www.lets-grow.de\/blog\/wp-content\/uploads\/2025\/01\/63d90d5c-8948-4eda-9d96-236e00f45e61.jpg 2048w\" sizes=\"(max-width: 300px) 100vw, 300px\" \/>\t\t\t\t\t<\/div>\n\n\t\t\t\t\t\t<\/div>\n\t\t\t\t<\/div>\n\t\t\t\t<div class=\"elementor-element elementor-element-4c1073c1 color-scheme-inherit text-left elementor-widget elementor-widget-text-editor\" data-id=\"4c1073c1\" data-element_type=\"widget\" data-e-type=\"widget\" data-widget_type=\"text-editor.default\">\n\t\t\t\t\t\t\t\t\t<p>Die bewurzelten Stecklinge k\u00f6nnen sowohl in\u00a0<strong>Erde<\/strong>,\u00a0<strong>Kokos\u00a0<\/strong>aber auch in einem\u00a0<strong>Hydrosystem\u00a0<\/strong>weiterbetrieben werden.<\/p>\t\t\t\t\t\t\t\t<\/div>\n\t\t\t\t<div class=\"elementor-element elementor-element-ba3a71e elementor-widget elementor-widget-spacer\" data-id=\"ba3a71e\" data-element_type=\"widget\" data-e-type=\"widget\" data-widget_type=\"spacer.default\">\n\t\t\t\t\t\t\t<div class=\"elementor-spacer\">\n\t\t\t<div class=\"elementor-spacer-inner\"><\/div>\n\t\t<\/div>\n\t\t\t\t\t\t<\/div>\n\t\t\t\t<div class=\"elementor-element elementor-element-19e1421 elementor-widget elementor-widget-heading\" data-id=\"19e1421\" data-element_type=\"widget\" data-e-type=\"widget\" data-widget_type=\"heading.default\">\n\t\t\t\t\t<h2 class=\"elementor-heading-title elementor-size-default\">Zusammenfassung<\/h2>\t\t\t\t<\/div>\n\t\t\t\t<div class=\"elementor-element elementor-element-1fd4cef color-scheme-inherit text-left elementor-widget elementor-widget-text-editor\" data-id=\"1fd4cef\" data-element_type=\"widget\" data-e-type=\"widget\" data-widget_type=\"text-editor.default\">\n\t\t\t\t\t\t\t\t\t<ul><li>Kompakte Ma\u00dfe f\u00fcr kleine R\u00e4ume<\/li><li>Einfach zu bedienen und zu warten<\/li><li>Nachhaltig und ressourcenschonend<\/li><li>Gleichm\u00e4\u00dfige Befeuchtung f\u00fcr optimale Wurzelergebnisse<\/li><li>Perfekt f\u00fcr den Einstieg in Hydroponik und Aquaponik<\/li><\/ul>\t\t\t\t\t\t\t\t<\/div>\n\t\t\t\t\t<\/div>\n\t\t\t\t<\/div>\n\t\t\t\t<\/div>\n\t\t","protected":false},"excerpt":{"rendered":"<p>Das\u00a0<strong>RootForce 12<\/strong> Stecklingssystem ist ein praktisches Werkzeug zur Vermehrung von bist zu 12 Stecklingen. Die Stecklinge werden permantent mit Wasser bespr\u00fcht, um die Wurzelbildung anzuregen.<\/p>\n","protected":false},"featured_media":17465,"comment_status":"open","ping_status":"closed","template":"","meta":{"_monsterinsights_skip_tracking":false,"_monsterinsights_sitenote_active":false,"_monsterinsights_sitenote_note":"","_monsterinsights_sitenote_category":0},"product_brand":[],"product_cat":[770],"product_tag":[609,674,1079,1080,1081],"class_list":{"0":"post-17464","1":"product","2":"type-product","3":"status-publish","4":"has-post-thumbnail","6":"product_cat-vermehrung","7":"product_tag-hydroponik","8":"product_tag-stecklinge","9":"product_tag-vermehrung","10":"product_tag-cloner","11":"product_tag-cutting","12":"pa_hersteller-lets-grow","14":"first","15":"instock","16":"taxable","17":"shipping-taxable","18":"purchasable","19":"product-type-simple"},"bundled_by":[],"bundle_stock_status":"instock","bundle_stock_quantity":1,"bundle_virtual":false,"bundle_layout":"","bundle_add_to_cart_form_location":"","bundle_editable_in_cart":false,"bundle_sold_individually_context":"","bundle_item_grouping":"","bundle_min_size":"","bundle_max_size":"","bundle_price":[],"bundled_items":[],"bundle_sell_ids":[],"supplier_id":null,"supplier_sku":"","barcode":null,"atum_controlled":true,"out_stock_date":null,"out_stock_threshold":null,"inheritable":false,"inbound_stock":0,"stock_on_hold":0,"sold_today":0,"sales_last_days":0,"reserved_stock":0,"customer_returns":0,"warehouse_damage":0,"lost_in_post":0,"other_logs":0,"out_stock_days":0,"lost_sales":0,"has_location":false,"update_date":"2026-05-03T00:23:52","atum_locations":[],"atum_stock_status":"instock","restock_status":false,"low_stock_amount":"","sales_update_date":"2026-05-03T00:23:52","calc_backorders":null,"tiered_pricing_type":"fixed","tiered_pricing_fixed_rules":[],"tiered_pricing_product_settings":{"layout":"default","base_unit_name":{"singular":null,"plural":null},"default_variation":null},"tiered_pricing_minimum_quantity":null,"tiered_pricing_roles_data":[],"tiered_pricing_percentage_rules":[],"_links":{"self":[{"href":"https:\/\/www.lets-grow.de\/blog\/wp-json\/wp\/v2\/product\/17464","targetHints":{"allow":["GET"]}}],"collection":[{"href":"https:\/\/www.lets-grow.de\/blog\/wp-json\/wp\/v2\/product"}],"about":[{"href":"https:\/\/www.lets-grow.de\/blog\/wp-json\/wp\/v2\/types\/product"}],"replies":[{"embeddable":true,"href":"https:\/\/www.lets-grow.de\/blog\/wp-json\/wp\/v2\/comments?post=17464"}],"version-history":[{"count":1,"href":"https:\/\/www.lets-grow.de\/blog\/wp-json\/wp\/v2\/product\/17464\/revisions"}],"predecessor-version":[{"id":20900,"href":"https:\/\/www.lets-grow.de\/blog\/wp-json\/wp\/v2\/product\/17464\/revisions\/20900"}],"wp:featuredmedia":[{"embeddable":true,"href":"https:\/\/www.lets-grow.de\/blog\/wp-json\/wp\/v2\/media\/17465"}],"wp:attachment":[{"href":"https:\/\/www.lets-grow.de\/blog\/wp-json\/wp\/v2\/media?parent=17464"}],"wp:term":[{"taxonomy":"product_brand","embeddable":true,"href":"https:\/\/www.lets-grow.de\/blog\/wp-json\/wp\/v2\/product_brand?post=17464"},{"taxonomy":"product_cat","embeddable":true,"href":"https:\/\/www.lets-grow.de\/blog\/wp-json\/wp\/v2\/product_cat?post=17464"},{"taxonomy":"product_tag","embeddable":true,"href":"https:\/\/www.lets-grow.de\/blog\/wp-json\/wp\/v2\/product_tag?post=17464"}],"curies":[{"name":"wp","href":"https:\/\/api.w.org\/{rel}","templated":true}]}}