{"id":17449,"date":"2025-01-28T19:35:25","date_gmt":"2025-01-28T18:35:25","guid":{"rendered":"https:\/\/www.lets-grow.de\/blog\/?post_type=product&#038;p=17449"},"modified":"2025-08-18T13:23:03","modified_gmt":"2025-08-18T11:23:03","slug":"vanguard-hydroponics-bonzai-schere","status":"publish","type":"product","link":"https:\/\/www.lets-grow.de\/blog\/shop\/vanguard-hydroponics-bonzai-schere\/","title":{"rendered":"Vanguard-Hydroponics Bonzai-Schere"},"content":{"rendered":"\t\t<div data-elementor-type=\"product-post\" data-elementor-id=\"17449\" class=\"elementor elementor-17449\" data-elementor-post-type=\"product\">\n\t\t\t\t<div class=\"wd-negative-gap elementor-element elementor-element-7687d01c e-flex e-con-boxed e-con e-parent\" data-id=\"7687d01c\" data-element_type=\"container\" data-e-type=\"container\">\n\t\t\t\t\t<div class=\"e-con-inner\">\n\t\t\t\t<div class=\"elementor-element elementor-element-50e8c203 elementor-widget elementor-widget-heading\" data-id=\"50e8c203\" data-element_type=\"widget\" data-e-type=\"widget\" data-widget_type=\"heading.default\">\n\t\t\t\t\t<h2 class=\"elementor-heading-title elementor-size-default\">Vanguard-Hydroponics Bonzai-Schere 40mm \u2013 Pr\u00e4zision f\u00fcr Ihre Pflanzenpflege<\/h2>\t\t\t\t<\/div>\n\t\t\t\t<div class=\"elementor-element elementor-element-3ec243aa color-scheme-inherit text-left elementor-widget elementor-widget-text-editor\" data-id=\"3ec243aa\" data-element_type=\"widget\" data-e-type=\"widget\" data-widget_type=\"text-editor.default\">\n\t\t\t\t\t\t\t\t\t<p>Optimieren Sie Ihre Pflanzenpflege mit der Vanguard-Hydroponics Bonzai-Schere. Diese hochwertige Schere mit 40 mm Klingenl\u00e4nge ist die ideale Wahl f\u00fcr pr\u00e4zise Schnitte bei einer Vielzahl von Pflanzen, von kleinen Zierstr\u00e4uchern bis zu Kr\u00e4utern und Blumen.<\/p>\t\t\t\t\t\t\t\t<\/div>\n\t\t\t\t<div class=\"elementor-element elementor-element-3080fdde elementor-widget elementor-widget-spacer\" data-id=\"3080fdde\" data-element_type=\"widget\" data-e-type=\"widget\" data-widget_type=\"spacer.default\">\n\t\t\t\t\t\t\t<div class=\"elementor-spacer\">\n\t\t\t<div class=\"elementor-spacer-inner\"><\/div>\n\t\t<\/div>\n\t\t\t\t\t\t<\/div>\n\t\t\t\t<div class=\"elementor-element elementor-element-c56a5ee elementor-widget elementor-widget-heading\" data-id=\"c56a5ee\" data-element_type=\"widget\" data-e-type=\"widget\" data-widget_type=\"heading.default\">\n\t\t\t\t\t<h2 class=\"elementor-heading-title elementor-size-default\">Produktmerkmale<\/h2>\t\t\t\t<\/div>\n\t\t\t\t<div class=\"elementor-element elementor-element-1392482e color-scheme-inherit text-left elementor-widget elementor-widget-text-editor\" data-id=\"1392482e\" data-element_type=\"widget\" data-e-type=\"widget\" data-widget_type=\"text-editor.default\">\n\t\t\t\t\t\t\t\t\t<ul><li><strong>Erstklassige Qualit\u00e4t:<\/strong> Die Schere besteht aus robustem, rostfreiem Edelstahl, der f\u00fcr eine lange Lebensdauer und kontinuierliche Sch\u00e4rfe sorgt.<\/li><li><strong>Ergonomisches Design:<\/strong> Die komfortablen, rutschfesten Griffe bieten sicheren Halt und reduzieren die Erm\u00fcdung bei l\u00e4ngeren Schnittarbeiten.<\/li><li><strong>Pr\u00e4zise Schneidleistung:<\/strong> Mit den 40 mm langen Klingen k\u00f6nnen Sie Ihre Pflanzen pr\u00e4zise und kontrolliert schneiden, um optimale Ergebnisse zu erzielen.<\/li><li><strong>Vielseitig einsetzbar:<\/strong> Ideal f\u00fcr den Einsatz in Hydroponik-Systemen, bei der Pflege von Zierpflanzen und allgemeinen Gartenarbeiten \u2013 f\u00fcr alle Pflanzenarten geeignet.<\/li><\/ul><p>Ob f\u00fcr pr\u00e4zise Schnittarbeiten bei kleinen Zierpflanzen oder f\u00fcr die allgemeine Pflege Ihrer gr\u00fcnen Begleiter, die Vanguard-Hydroponics Bonzai-Schere ist Ihr zuverl\u00e4ssiger Partner. Erleben Sie die Kombination aus Qualit\u00e4t, Pr\u00e4zision und Benutzerfreundlichkeit, die Ihre Pflanzenpflege einfacher und effizienter macht.<\/p>\t\t\t\t\t\t\t\t<\/div>\n\t\t\t\t\t<\/div>\n\t\t\t\t<\/div>\n\t\t\t\t<\/div>\n\t\t","protected":false},"excerpt":{"rendered":"<p>Vanguard-Hydroponics Bonzai-Schere 40mm \u2013 Pr\u00e4zision f\u00fcr Ihre Pflanzenpflege Optimieren Sie Ihre Pflanzenpflege mit der Vanguard-Hydroponics Bonzai-Schere. Diese hochwertige Schere mit<\/p>\n","protected":false},"featured_media":17437,"comment_status":"open","ping_status":"closed","template":"","meta":{"_monsterinsights_skip_tracking":false,"_monsterinsights_sitenote_active":false,"_monsterinsights_sitenote_note":"","_monsterinsights_sitenote_category":0},"product_brand":[],"product_cat":[788],"product_tag":[757,758,1074,759,719,760,750,761,751,762,752,763,753,764,754,765,755,766,756,768],"class_list":{"0":"post-17449","1":"product","2":"type-product","3":"status-publish","4":"has-post-thumbnail","6":"product_cat-erntehelfer","7":"product_tag-gartenwerkzeuge","8":"product_tag-scharfe-pflanzenschneider","9":"product_tag-scheren","10":"product_tag-pflanzenschneider","11":"product_tag-pflanzenpflege","12":"product_tag-bonsai-werkzeuge","13":"product_tag-vanguard-hydroponics","14":"product_tag-hydroponische-pflege","15":"product_tag-bonzai-schere","16":"product_tag-scheren-fuer-kraeuter","17":"product_tag-40mm-schere","18":"product_tag-pflanzenschnittwerkzeuge","19":"product_tag-praezisionsschneider","20":"product_tag-garten-schere","21":"product_tag-hydroponik-werkzeuge","22":"product_tag-schneidwerkzeuge-fuer-pflanzen","23":"product_tag-edelstahl-schere","24":"product_tag-hydrokultur-schere","25":"product_tag-zierpflanzen-pflege","26":"product_tag-gartenpflege-werkzeuge","27":"pa_hersteller-vanguard-hydroponics","29":"first","30":"instock","31":"taxable","32":"shipping-taxable","33":"purchasable","34":"product-type-simple"},"bundled_by":[],"bundle_stock_status":"instock","bundle_stock_quantity":3,"bundle_virtual":false,"bundle_layout":"","bundle_add_to_cart_form_location":"","bundle_editable_in_cart":false,"bundle_sold_individually_context":"","bundle_item_grouping":"","bundle_min_size":"","bundle_max_size":"","bundle_price":[],"bundled_items":[],"bundle_sell_ids":[],"supplier_id":null,"supplier_sku":"","barcode":null,"atum_controlled":true,"out_stock_date":null,"out_stock_threshold":null,"inheritable":false,"inbound_stock":null,"stock_on_hold":0,"sold_today":0,"sales_last_days":0,"reserved_stock":null,"customer_returns":null,"warehouse_damage":null,"lost_in_post":null,"other_logs":null,"out_stock_days":0,"lost_sales":0,"has_location":null,"update_date":"2026-04-17T00:06:01","atum_locations":[],"atum_stock_status":"instock","restock_status":false,"low_stock_amount":"","sales_update_date":"2026-04-17T00:06:01","calc_backorders":null,"tiered_pricing_type":"fixed","tiered_pricing_fixed_rules":[],"tiered_pricing_product_settings":{"layout":"default","base_unit_name":{"singular":null,"plural":null},"default_variation":null},"tiered_pricing_minimum_quantity":null,"tiered_pricing_roles_data":[],"tiered_pricing_percentage_rules":[],"_links":{"self":[{"href":"https:\/\/www.lets-grow.de\/blog\/wp-json\/wp\/v2\/product\/17449","targetHints":{"allow":["GET"]}}],"collection":[{"href":"https:\/\/www.lets-grow.de\/blog\/wp-json\/wp\/v2\/product"}],"about":[{"href":"https:\/\/www.lets-grow.de\/blog\/wp-json\/wp\/v2\/types\/product"}],"replies":[{"embeddable":true,"href":"https:\/\/www.lets-grow.de\/blog\/wp-json\/wp\/v2\/comments?post=17449"}],"version-history":[{"count":0,"href":"https:\/\/www.lets-grow.de\/blog\/wp-json\/wp\/v2\/product\/17449\/revisions"}],"wp:featuredmedia":[{"embeddable":true,"href":"https:\/\/www.lets-grow.de\/blog\/wp-json\/wp\/v2\/media\/17437"}],"wp:attachment":[{"href":"https:\/\/www.lets-grow.de\/blog\/wp-json\/wp\/v2\/media?parent=17449"}],"wp:term":[{"taxonomy":"product_brand","embeddable":true,"href":"https:\/\/www.lets-grow.de\/blog\/wp-json\/wp\/v2\/product_brand?post=17449"},{"taxonomy":"product_cat","embeddable":true,"href":"https:\/\/www.lets-grow.de\/blog\/wp-json\/wp\/v2\/product_cat?post=17449"},{"taxonomy":"product_tag","embeddable":true,"href":"https:\/\/www.lets-grow.de\/blog\/wp-json\/wp\/v2\/product_tag?post=17449"}],"curies":[{"name":"wp","href":"https:\/\/api.w.org\/{rel}","templated":true}]}}