{"id":17382,"date":"2025-01-28T10:41:30","date_gmt":"2025-01-28T09:41:30","guid":{"rendered":"https:\/\/www.lets-grow.de\/blog\/?post_type=product&#038;p=17382"},"modified":"2026-03-20T17:09:42","modified_gmt":"2026-03-20T16:09:42","slug":"bluelab-truncheon-ec-meter","status":"publish","type":"product","link":"https:\/\/www.lets-grow.de\/blog\/shop\/bluelab-truncheon-ec-meter\/","title":{"rendered":"Bluelab Truncheon EC-Meter"},"content":{"rendered":"\t\t<div data-elementor-type=\"product-post\" data-elementor-id=\"17382\" class=\"elementor elementor-17382\" data-elementor-post-type=\"product\">\n\t\t\t\t<div class=\"wd-negative-gap elementor-element elementor-element-62416069 e-flex e-con-boxed e-con e-parent\" data-id=\"62416069\" data-element_type=\"container\" data-e-type=\"container\">\n\t\t\t\t\t<div class=\"e-con-inner\">\n\t\t\t\t<div class=\"elementor-element elementor-element-958da73 elementor-widget elementor-widget-heading\" data-id=\"958da73\" data-element_type=\"widget\" data-e-type=\"widget\" data-widget_type=\"heading.default\">\n\t\t\t\t\t<h2 class=\"elementor-heading-title elementor-size-default\">Bluelab Truncheon EC-Meter - Einfacher, robuster aber sehr genauer Messstab<\/h2>\t\t\t\t<\/div>\n\t\t\t\t<div class=\"elementor-element elementor-element-539e8dd8 color-scheme-inherit text-left elementor-widget elementor-widget-text-editor\" data-id=\"539e8dd8\" data-element_type=\"widget\" data-e-type=\"widget\" data-widget_type=\"text-editor.default\">\n\t\t\t\t\t\t\t\t\t<p>Das Bluelab Truncheon ist das zuverl\u00e4ssige EC-Meter, das bei vielen professionellen Z\u00fcchtern und G\u00e4rtnern weltweit im Einsatz ist. Entwickelt f\u00fcr eine einfache und pr\u00e4zise Messung der Leitf\u00e4higkeit (EC) in N\u00e4hrl\u00f6sungen, eignet sich das Ger\u00e4t ideal f\u00fcr Hydroponik, Aquaponik und traditionelle Gartenbausysteme.<\/p>\t\t\t\t\t\t\t\t<\/div>\n\t\t\t\t<div class=\"elementor-element elementor-element-6c13138a elementor-widget elementor-widget-spacer\" data-id=\"6c13138a\" data-element_type=\"widget\" data-e-type=\"widget\" data-widget_type=\"spacer.default\">\n\t\t\t\t\t\t\t<div class=\"elementor-spacer\">\n\t\t\t<div class=\"elementor-spacer-inner\"><\/div>\n\t\t<\/div>\n\t\t\t\t\t\t<\/div>\n\t\t\t\t<div class=\"elementor-element elementor-element-178a81c2 elementor-widget elementor-widget-heading\" data-id=\"178a81c2\" data-element_type=\"widget\" data-e-type=\"widget\" data-widget_type=\"heading.default\">\n\t\t\t\t\t<h2 class=\"elementor-heading-title elementor-size-default\">Gr\u00fcnde f\u00fcr das Bluelab Truncheon EC-Meter<\/h2>\t\t\t\t<\/div>\n\t\t\t\t<div class=\"elementor-element elementor-element-2a93f43 color-scheme-inherit text-left elementor-widget elementor-widget-text-editor\" data-id=\"2a93f43\" data-element_type=\"widget\" data-e-type=\"widget\" data-widget_type=\"text-editor.default\">\n\t\t\t\t\t\t\t\t\t<p>Das Bluelab Truncheon EC-Meter ist besonders f\u00fcr Anwender geeignet, die eine zuverl\u00e4ssige und genaue Kontrolle ihrer N\u00e4hrstoffl\u00f6sung ben\u00f6tigen. Ob f\u00fcr die Pflanzenaufzucht im Gew\u00e4chshaus oder den Einsatz in einem Hydrokultursystem \u2013 mit dem Truncheon behalten Sie die Kontrolle \u00fcber Ihre N\u00e4hrstoffwerte. Dank der einfachen Handhabung ist es auch f\u00fcr Anf\u00e4nger geeignet, die sich mit der Messung von EC-Werten vertraut machen m\u00f6chten.<\/p>\t\t\t\t\t\t\t\t<\/div>\n\t\t\t\t<div class=\"elementor-element elementor-element-70f392c3 elementor-widget elementor-widget-spacer\" data-id=\"70f392c3\" data-element_type=\"widget\" data-e-type=\"widget\" data-widget_type=\"spacer.default\">\n\t\t\t\t\t\t\t<div class=\"elementor-spacer\">\n\t\t\t<div class=\"elementor-spacer-inner\"><\/div>\n\t\t<\/div>\n\t\t\t\t\t\t<\/div>\n\t\t\t\t<div class=\"elementor-element elementor-element-1223a03c elementor-widget elementor-widget-heading\" data-id=\"1223a03c\" data-element_type=\"widget\" data-e-type=\"widget\" data-widget_type=\"heading.default\">\n\t\t\t\t\t<h2 class=\"elementor-heading-title elementor-size-default\">Produktdetails<\/h2>\t\t\t\t<\/div>\n\t\t\t\t<div class=\"elementor-element elementor-element-3bf62c90 elementor-widget elementor-widget-wd_list\" data-id=\"3bf62c90\" data-element_type=\"widget\" data-e-type=\"widget\" data-widget_type=\"wd_list.default\">\n\t\t\t\t<div class=\"elementor-widget-container\">\n\t\t\t\t\t\t\t<ul class=\"wd-list color-scheme-custom wd-fontsize-xs wd-type-icon wd-style-default text-left\">\n\t\t\t\t\t\t\t\t\t\t\t<li class=\"elementor-repeater-item-77fcfb3\">\n\t\t\t\t\t\t\t\t\t\t\t<span class=\"wd-icon\"><span class=\"fas fa-plus-circle\"><\/span><\/span>\t\t\t\t\t\n\t\t\t\t\t<span class=\"wd-list-content list-content\">\n\t\t\t\t\t\t\t\t\t\t\t\t\t<b>Einfache Bedienung:<\/b> Kein Ein- oder Ausschaltknopf erforderlich. Das EC-Meter ist sofort einsatzbereit und misst die Leitf\u00e4higkeit automatisch beim Eintauchen in die L\u00f6sung.\n\t\t\t\t\t\t\t\t\t\t\t<\/span>\n\t\t\t\t<\/li>\n\t\t\t\t\t\t\t\t\t\t\t<li class=\"elementor-repeater-item-2691cfc\">\n\t\t\t\t\t\t\t\t\t\t\t<span class=\"wd-icon\"><span class=\"fas fa-plus-circle\"><\/span><\/span>\t\t\t\t\t\n\t\t\t\t\t<span class=\"wd-list-content list-content\">\n\t\t\t\t\t\t\t\t\t\t\t\t\t<b>Messbereich:<\/b> Das Ger\u00e4t misst EC-Werte von 0,2 bis 3,6 mS\/cm\u00b2 und zeigt die Ergebnisse in Schritten von 0,2 mS\/cm\u00b2 an. Es ist auch m\u00f6glich, in TDS (Total Dissolved Solids) und PPM (Parts Per Million) zu messen.\n\t\t\t\t\t\t\t\t\t\t\t<\/span>\n\t\t\t\t<\/li>\n\t\t\t\t\t\t\t\t\t\t\t<li class=\"elementor-repeater-item-56666e0\">\n\t\t\t\t\t\t\t\t\t\t\t<span class=\"wd-icon\"><span class=\"fas fa-plus-circle\"><\/span><\/span>\t\t\t\t\t\n\t\t\t\t\t<span class=\"wd-list-content list-content\">\n\t\t\t\t\t\t\t\t\t\t\t\t\t<b>Robust und langlebig:<\/b> Mit einem spritzwassergesch\u00fctzten Geh\u00e4use und stabiler Bauweise ist das Truncheon besonders langlebig und f\u00fcr den harten Einsatz geeignet.\nAutomatische Kalibrierung: Keine Notwendigkeit f\u00fcr regelm\u00e4\u00dfige Kalibrierungen, da das Ger\u00e4t automatisch kalibriert ist.\n\t\t\t\t\t\t\t\t\t\t\t<\/span>\n\t\t\t\t<\/li>\n\t\t\t\t\t\t\t\t\t\t\t<li class=\"elementor-repeater-item-3b48bff\">\n\t\t\t\t\t\t\t\t\t\t\t<span class=\"wd-icon\"><span class=\"fas fa-plus-circle\"><\/span><\/span>\t\t\t\t\t\n\t\t\t\t\t<span class=\"wd-list-content list-content\">\n\t\t\t\t\t\t\t\t\t\t\t\t\t<b>LED-Anzeige:<\/b> Die Ergebnisse werden mit klaren LED-Lichtern angezeigt, was das Ablesen der Werte auch bei schlechten Lichtverh\u00e4ltnissen erleichtert.\nBatteriebetrieben: Das Ger\u00e4t ben\u00f6tigt 3x AA-Batterien, die im Lieferumfang enthalten sind.\t\t\t\t\t\t\t\t\t\t\t<\/span>\n\t\t\t\t<\/li>\n\t\t\t\t\t<\/ul>\n\n\t\t\t\t\t\t<\/div>\n\t\t\t\t<\/div>\n\t\t\t\t<div class=\"elementor-element elementor-element-56ec4076 elementor-widget elementor-widget-spacer\" data-id=\"56ec4076\" data-element_type=\"widget\" data-e-type=\"widget\" data-widget_type=\"spacer.default\">\n\t\t\t\t\t\t\t<div class=\"elementor-spacer\">\n\t\t\t<div class=\"elementor-spacer-inner\"><\/div>\n\t\t<\/div>\n\t\t\t\t\t\t<\/div>\n\t\t\t\t<div class=\"elementor-element elementor-element-f7b03d0 elementor-widget elementor-widget-heading\" data-id=\"f7b03d0\" data-element_type=\"widget\" data-e-type=\"widget\" data-widget_type=\"heading.default\">\n\t\t\t\t\t<h2 class=\"elementor-heading-title elementor-size-default\">Anwendungsempfehlung<\/h2>\t\t\t\t<\/div>\n\t\t\t\t<div class=\"elementor-element elementor-element-ecbe25e color-scheme-inherit text-left elementor-widget elementor-widget-text-editor\" data-id=\"ecbe25e\" data-element_type=\"widget\" data-e-type=\"widget\" data-widget_type=\"text-editor.default\">\n\t\t\t\t\t\t\t\t\t<ul><li>Sp\u00fclen Sie das EC-Meter nach jeder Verwendung mit sauberem Wasser ab, um Ablagerungen zu vermeiden.<\/li><li>Bewahren Sie es an einem trockenen Ort auf, um die Lebensdauer zu maximieren.<\/li><li>Pr\u00fcfen Sie regelm\u00e4\u00dfig die Batterien<\/li><\/ul>\t\t\t\t\t\t\t\t<\/div>\n\t\t\t\t<div class=\"elementor-element elementor-element-09f0c47 elementor-widget elementor-widget-spacer\" data-id=\"09f0c47\" data-element_type=\"widget\" data-e-type=\"widget\" data-widget_type=\"spacer.default\">\n\t\t\t\t\t\t\t<div class=\"elementor-spacer\">\n\t\t\t<div class=\"elementor-spacer-inner\"><\/div>\n\t\t<\/div>\n\t\t\t\t\t\t<\/div>\n\t\t\t\t<div class=\"elementor-element elementor-element-4405676 elementor-widget elementor-widget-heading\" data-id=\"4405676\" data-element_type=\"widget\" data-e-type=\"widget\" data-widget_type=\"heading.default\">\n\t\t\t\t\t<h2 class=\"elementor-heading-title elementor-size-default\">Lieferumfang:<\/h2>\t\t\t\t<\/div>\n\t\t\t\t<div class=\"elementor-element elementor-element-278f412 color-scheme-inherit text-left elementor-widget elementor-widget-text-editor\" data-id=\"278f412\" data-element_type=\"widget\" data-e-type=\"widget\" data-widget_type=\"text-editor.default\">\n\t\t\t\t\t\t\t\t\t<ul><li>1 x Bluelab Truncheon EC-Meter<\/li><li>3 x AA-Batterien (inklusive)<\/li><li>Bedienungsanleitung<\/li><\/ul>\t\t\t\t\t\t\t\t<\/div>\n\t\t\t\t\t<\/div>\n\t\t\t\t<\/div>\n\t\t\t\t<\/div>\n\t\t","protected":false},"excerpt":{"rendered":"<p>Bluelab Truncheon EC-Meter &#8211; Einfacher, robuster aber sehr genauer Messstab Das Bluelab Truncheon ist das zuverl\u00e4ssige EC-Meter, das bei vielen<\/p>\n","protected":false},"featured_media":17384,"comment_status":"open","ping_status":"closed","template":"","meta":{"_monsterinsights_skip_tracking":false,"_monsterinsights_sitenote_active":false,"_monsterinsights_sitenote_note":"","_monsterinsights_sitenote_category":0},"product_brand":[],"product_cat":[633],"product_tag":[663,653,664,654,665,655,666,263,656,667,657,603,658,609,659,660,661,651,662,652],"class_list":{"0":"post-17382","1":"product","2":"type-product","3":"status-publish","4":"has-post-thumbnail","6":"product_cat-messgeraete","7":"product_tag-bluelab-leitfaehigkeitsmessgeraet","8":"product_tag-leitfaehigkeitsmessgeraet","9":"product_tag-naehrstoffkontrolle","10":"product_tag-tds-messgeraet","11":"product_tag-bluelab-zubehoer","12":"product_tag-ppm-messgeraet","13":"product_tag-ec-messgeraet-kaufen","14":"product_tag-aquaponik","15":"product_tag-naehrstoffmessung","16":"product_tag-bluelab-truncheon-kaufen","17":"product_tag-gartenbau","18":"product_tag-pflanzenzucht","19":"product_tag-ec-wert-messen","20":"product_tag-hydroponik","21":"product_tag-naehrloesung-messen","22":"product_tag-bluelab-ec-meter","23":"product_tag-leitfaehigkeit-messen","24":"product_tag-bluelab-truncheon","25":"product_tag-messgeraet-fuer-hydroponik","26":"product_tag-ec-meter","27":"pa_hersteller-bluelab","29":"first","30":"instock","31":"taxable","32":"shipping-taxable","33":"purchasable","34":"product-type-simple"},"bundled_by":[],"bundle_stock_status":"instock","bundle_stock_quantity":6,"bundle_virtual":false,"bundle_layout":"","bundle_add_to_cart_form_location":"","bundle_editable_in_cart":false,"bundle_sold_individually_context":"","bundle_item_grouping":"","bundle_min_size":"","bundle_max_size":"","bundle_price":[],"bundled_items":[],"bundle_sell_ids":[],"supplier_id":null,"supplier_sku":"","barcode":null,"atum_controlled":true,"out_stock_date":null,"out_stock_threshold":null,"inheritable":false,"inbound_stock":0,"stock_on_hold":0,"sold_today":0,"sales_last_days":0,"reserved_stock":0,"customer_returns":0,"warehouse_damage":0,"lost_in_post":0,"other_logs":0,"out_stock_days":0,"lost_sales":0,"has_location":false,"update_date":"2026-04-23T00:13:19","atum_locations":[],"atum_stock_status":"instock","restock_status":false,"low_stock_amount":"","sales_update_date":"2026-04-23T00:13:19","calc_backorders":null,"tiered_pricing_type":"fixed","tiered_pricing_fixed_rules":[],"tiered_pricing_product_settings":{"layout":"default","base_unit_name":{"singular":null,"plural":null},"default_variation":null},"tiered_pricing_minimum_quantity":null,"tiered_pricing_roles_data":[],"tiered_pricing_percentage_rules":[],"_links":{"self":[{"href":"https:\/\/www.lets-grow.de\/blog\/wp-json\/wp\/v2\/product\/17382","targetHints":{"allow":["GET"]}}],"collection":[{"href":"https:\/\/www.lets-grow.de\/blog\/wp-json\/wp\/v2\/product"}],"about":[{"href":"https:\/\/www.lets-grow.de\/blog\/wp-json\/wp\/v2\/types\/product"}],"replies":[{"embeddable":true,"href":"https:\/\/www.lets-grow.de\/blog\/wp-json\/wp\/v2\/comments?post=17382"}],"version-history":[{"count":1,"href":"https:\/\/www.lets-grow.de\/blog\/wp-json\/wp\/v2\/product\/17382\/revisions"}],"predecessor-version":[{"id":21290,"href":"https:\/\/www.lets-grow.de\/blog\/wp-json\/wp\/v2\/product\/17382\/revisions\/21290"}],"wp:featuredmedia":[{"embeddable":true,"href":"https:\/\/www.lets-grow.de\/blog\/wp-json\/wp\/v2\/media\/17384"}],"wp:attachment":[{"href":"https:\/\/www.lets-grow.de\/blog\/wp-json\/wp\/v2\/media?parent=17382"}],"wp:term":[{"taxonomy":"product_brand","embeddable":true,"href":"https:\/\/www.lets-grow.de\/blog\/wp-json\/wp\/v2\/product_brand?post=17382"},{"taxonomy":"product_cat","embeddable":true,"href":"https:\/\/www.lets-grow.de\/blog\/wp-json\/wp\/v2\/product_cat?post=17382"},{"taxonomy":"product_tag","embeddable":true,"href":"https:\/\/www.lets-grow.de\/blog\/wp-json\/wp\/v2\/product_tag?post=17382"}],"curies":[{"name":"wp","href":"https:\/\/api.w.org\/{rel}","templated":true}]}}