{"id":17340,"date":"2025-01-26T19:57:55","date_gmt":"2025-01-26T18:57:55","guid":{"rendered":"https:\/\/www.lets-grow.de\/blog\/?post_type=product&#038;p=17340"},"modified":"2026-02-18T18:49:57","modified_gmt":"2026-02-18T17:49:57","slug":"dwc-eimersystem-30l","status":"publish","type":"product","link":"https:\/\/www.lets-grow.de\/blog\/shop\/dwc-eimersystem-30l\/","title":{"rendered":"DWC-Eimersystem 30L"},"content":{"rendered":"\t\t<div data-elementor-type=\"product-post\" data-elementor-id=\"17340\" class=\"elementor elementor-17340\" data-elementor-post-type=\"product\">\n\t\t\t\t<div class=\"wd-negative-gap elementor-element elementor-element-1bd6c467 e-flex e-con-boxed e-con e-parent\" data-id=\"1bd6c467\" data-element_type=\"container\" data-e-type=\"container\">\n\t\t\t\t\t<div class=\"e-con-inner\">\n\t\t\t\t<div class=\"elementor-element elementor-element-57b7c2ea elementor-widget elementor-widget-heading\" data-id=\"57b7c2ea\" data-element_type=\"widget\" data-e-type=\"widget\" data-widget_type=\"heading.default\">\n\t\t\t\t\t<h2 class=\"elementor-heading-title elementor-size-default\">30L DWC-Eimersystem \u2013 Dein perfekter Einstieg in die Welt der Hydroponik<\/h2>\t\t\t\t<\/div>\n\t\t\t\t<div class=\"elementor-element elementor-element-5478ca34 color-scheme-inherit text-left elementor-widget elementor-widget-text-editor\" data-id=\"5478ca34\" data-element_type=\"widget\" data-e-type=\"widget\" data-widget_type=\"text-editor.default\">\n\t\t\t\t\t\t\t\t\t<p>Das <strong>30L DWC-Eimersystem<\/strong> (Deep Water Culture) ist die ideale L\u00f6sung f\u00fcr alle, die ihre Pflanzen hydroponisch kultivieren m\u00f6chten \u2013 ganz egal, ob du ein Einsteiger oder erfahrener Grower bist. Dieses Komplettsystem erm\u00f6glicht dir den einfachen Umstieg von der klassischen Erdkultur auf die innovative Hydrokultur.<\/p>\t\t\t\t\t\t\t\t<\/div>\n\t\t\t\t<div class=\"elementor-element elementor-element-55c61228 elementor-widget elementor-widget-spacer\" data-id=\"55c61228\" data-element_type=\"widget\" data-e-type=\"widget\" data-widget_type=\"spacer.default\">\n\t\t\t\t\t\t\t<div class=\"elementor-spacer\">\n\t\t\t<div class=\"elementor-spacer-inner\"><\/div>\n\t\t<\/div>\n\t\t\t\t\t\t<\/div>\n\t\t\t\t<div class=\"elementor-element elementor-element-324f4a3a elementor-widget elementor-widget-heading\" data-id=\"324f4a3a\" data-element_type=\"widget\" data-e-type=\"widget\" data-widget_type=\"heading.default\">\n\t\t\t\t\t<h2 class=\"elementor-heading-title elementor-size-default\">Warum ist dieses System perfekt f\u00fcr Einsteiger?<\/h2>\t\t\t\t<\/div>\n\t\t\t\t<div class=\"elementor-element elementor-element-6ca86107 color-scheme-inherit text-left elementor-widget elementor-widget-text-editor\" data-id=\"6ca86107\" data-element_type=\"widget\" data-e-type=\"widget\" data-widget_type=\"text-editor.default\">\n\t\t\t\t\t\t\t\t\t<p>Das 30L DWC-Eimersystem wurde speziell f\u00fcr Grower entwickelt, die bisher nur in Erde angebaut haben und ihre ersten Schritte in der Hydrokultur machen m\u00f6chten. Es ist einfach aufzubauen, wartungsarm und bietet schnelle Ergebnisse. Durch den integrierten Wasserstandsanzeiger wei\u00dft du immer, wie viel N\u00e4hrl\u00f6sung enthalten ist \u2013 das erleichtert die Pflege und gibt Sicherheit bei den ersten Versuchen.<\/p>\t\t\t\t\t\t\t\t<\/div>\n\t\t\t\t<div class=\"elementor-element elementor-element-9c3ebd6 elementor-widget elementor-widget-spacer\" data-id=\"9c3ebd6\" data-element_type=\"widget\" data-e-type=\"widget\" data-widget_type=\"spacer.default\">\n\t\t\t\t\t\t\t<div class=\"elementor-spacer\">\n\t\t\t<div class=\"elementor-spacer-inner\"><\/div>\n\t\t<\/div>\n\t\t\t\t\t\t<\/div>\n\t\t\t\t<div class=\"elementor-element elementor-element-9174050 elementor-widget elementor-widget-heading\" data-id=\"9174050\" data-element_type=\"widget\" data-e-type=\"widget\" data-widget_type=\"heading.default\">\n\t\t\t\t\t<h2 class=\"elementor-heading-title elementor-size-default\">Vorteile des 30L DWC-Eimersystems:<\/h2>\t\t\t\t<\/div>\n\t\t\t\t<div class=\"elementor-element elementor-element-3c13e825 elementor-widget elementor-widget-wd_list\" data-id=\"3c13e825\" data-element_type=\"widget\" data-e-type=\"widget\" data-widget_type=\"wd_list.default\">\n\t\t\t\t<div class=\"elementor-widget-container\">\n\t\t\t\t\t\t\t<ul class=\"wd-list color-scheme-custom wd-fontsize-xs wd-type-icon wd-style-default text-left\">\n\t\t\t\t\t\t\t\t\t\t\t<li class=\"elementor-repeater-item-77fcfb3\">\n\t\t\t\t\t\t\t\t\t\t\t<span class=\"wd-icon\"><span class=\"fas fa-angle-right\"><\/span><\/span>\t\t\t\t\t\n\t\t\t\t\t<span class=\"wd-list-content list-content\">\n\t\t\t\t\t\t\t\t\t\t\t\t\tPerfekte Sauerstoffversorgung: Die Membranpumpe und der Sprudelstein sorgen f\u00fcr eine optimale Bel\u00fcftung der Wurzeln.\n\t\t\t\t\t\t\t\t\t\t\t<\/span>\n\t\t\t\t<\/li>\n\t\t\t\t\t\t\t\t\t\t\t<li class=\"elementor-repeater-item-2691cfc\">\n\t\t\t\t\t\t\t\t\t\t\t<span class=\"wd-icon\"><span class=\"fas fa-angle-right\"><\/span><\/span>\t\t\t\t\t\n\t\t\t\t\t<span class=\"wd-list-content list-content\">\n\t\t\t\t\t\t\t\t\t\t\t\t\tKontrolle des Wasserstands: Dank des Wasserstandsanzeigers hast du den \u00dcberblick \u00fcber den N\u00e4hrl\u00f6sungsstand \u2013 ideal f\u00fcr Anf\u00e4nger.\n\t\t\t\t\t\t\t\t\t\t\t<\/span>\n\t\t\t\t<\/li>\n\t\t\t\t\t\t\t\t\t\t\t<li class=\"elementor-repeater-item-56666e0\">\n\t\t\t\t\t\t\t\t\t\t\t<span class=\"wd-icon\"><span class=\"fas fa-angle-right\"><\/span><\/span>\t\t\t\t\t\n\t\t\t\t\t<span class=\"wd-list-content list-content\">\n\t\t\t\t\t\t\t\t\t\t\t\t\tEffiziente N\u00e4hrstoffversorgung: Die Wurzeln nehmen die N\u00e4hrstoffe direkt aus der L\u00f6sung auf, was zu schnellerem Wachstum f\u00fchrt.\n\t\t\t\t\t\t\t\t\t\t\t<\/span>\n\t\t\t\t<\/li>\n\t\t\t\t\t\t\t\t\t\t\t<li class=\"elementor-repeater-item-b54a39f\">\n\t\t\t\t\t\t\t\t\t\t\t<span class=\"wd-icon\"><span class=\"fas fa-angle-right\"><\/span><\/span>\t\t\t\t\t\n\t\t\t\t\t<span class=\"wd-list-content list-content\">\n\t\t\t\t\t\t\t\t\t\t\t\t\tF\u00fcr Einsteiger und Profis: Ein unkomplizierter Start in die Welt der Hydroponik, ohne dass Vorkenntnisse n\u00f6tig sind.\t\t\t\t\t\t\t\t\t\t\t<\/span>\n\t\t\t\t<\/li>\n\t\t\t\t\t\t\t\t\t\t\t<li class=\"elementor-repeater-item-8c5e5fa\">\n\t\t\t\t\t\t\t\t\t\t\t<span class=\"wd-icon\"><span class=\"fas fa-angle-right\"><\/span><\/span>\t\t\t\t\t\n\t\t\t\t\t<span class=\"wd-list-content list-content\">\n\t\t\t\t\t\t\t\t\t\t\t\t\tEinfache Handhabung: Das System ist leicht aufzubauen, zu reinigen und f\u00fcr viele Pflanzenarten geeignet.\t\t\t\t\t\t\t\t\t\t\t<\/span>\n\t\t\t\t<\/li>\n\t\t\t\t\t\t\t\t\t\t\t<li class=\"elementor-repeater-item-420189c\">\n\t\t\t\t\t\t\t\t\t\t\t<span class=\"wd-icon\"><span class=\"fas fa-angle-right\"><\/span><\/span>\t\t\t\t\t\n\t\t\t\t\t<span class=\"wd-list-content list-content\">\n\t\t\t\t\t\t\t\t\t\t\t\t\tUnabh\u00e4ngig: Im Vergleich zu anderen Systemen kann man das DWC-Eimersystem bequem an einen anderen Ort bringen.\t\t\t\t\t\t\t\t\t\t\t<\/span>\n\t\t\t\t<\/li>\n\t\t\t\t\t\t\t\t\t\t\t<li class=\"elementor-repeater-item-a667c66\">\n\t\t\t\t\t\t\t\t\t\t\t<span class=\"wd-icon\"><span class=\"fas fa-angle-right\"><\/span><\/span>\t\t\t\t\t\n\t\t\t\t\t<span class=\"wd-list-content list-content\">\n\t\t\t\t\t\t\t\t\t\t\t\t\tSaisonaler Betrieb: Mehrj\u00e4hrige Pflanzen k\u00f6nnen so vom Garten in den Keller zur \u00dcberwinterung gebracht werden.\t\t\t\t\t\t\t\t\t\t\t<\/span>\n\t\t\t\t<\/li>\n\t\t\t\t\t<\/ul>\n\n\t\t\t\t\t\t<\/div>\n\t\t\t\t<\/div>\n\t\t\t\t<div class=\"elementor-element elementor-element-283e091a elementor-widget elementor-widget-spacer\" data-id=\"283e091a\" data-element_type=\"widget\" data-e-type=\"widget\" data-widget_type=\"spacer.default\">\n\t\t\t\t\t\t\t<div class=\"elementor-spacer\">\n\t\t\t<div class=\"elementor-spacer-inner\"><\/div>\n\t\t<\/div>\n\t\t\t\t\t\t<\/div>\n\t\t\t\t<div class=\"elementor-element elementor-element-f65cc00 elementor-widget elementor-widget-heading\" data-id=\"f65cc00\" data-element_type=\"widget\" data-e-type=\"widget\" data-widget_type=\"heading.default\">\n\t\t\t\t\t<h2 class=\"elementor-heading-title elementor-size-default\">Warum Hydroponik ausprobieren?<\/h2>\t\t\t\t<\/div>\n\t\t\t\t<div class=\"elementor-element elementor-element-77c50f8 color-scheme-inherit text-left elementor-widget elementor-widget-text-editor\" data-id=\"77c50f8\" data-element_type=\"widget\" data-e-type=\"widget\" data-widget_type=\"text-editor.default\">\n\t\t\t\t\t\t\t\t\t<p>Hydrokultur ist eine innovative Anbaumethode, die auf Erde verzichtet und stattdessen auf eine n\u00e4hrstoffreiche L\u00f6sung setzt. Das 30L DWC-Eimersystem bietet dir eine einfache M\u00f6glichkeit, die Vorteile der Hydroponik zu entdecken: schnellere Wachstumszyklen, weniger Sch\u00e4dlingsbefall und eine effizientere Nutzung von Wasser und N\u00e4hrstoffen.<\/p><p>Bringe deinen Anbau auf das n\u00e4chste Level und entdecke, wie einfach und erfolgreich der Einstieg in die Hydroponik sein kann \u2013 mit dem <strong>30L DWC-Eimersystem<\/strong>!<\/p>\t\t\t\t\t\t\t\t<\/div>\n\t\t\t\t<div class=\"elementor-element elementor-element-987c101 elementor-widget elementor-widget-spacer\" data-id=\"987c101\" data-element_type=\"widget\" data-e-type=\"widget\" data-widget_type=\"spacer.default\">\n\t\t\t\t\t\t\t<div class=\"elementor-spacer\">\n\t\t\t<div class=\"elementor-spacer-inner\"><\/div>\n\t\t<\/div>\n\t\t\t\t\t\t<\/div>\n\t\t\t\t<div class=\"elementor-element elementor-element-f5908c4 elementor-widget elementor-widget-heading\" data-id=\"f5908c4\" data-element_type=\"widget\" data-e-type=\"widget\" data-widget_type=\"heading.default\">\n\t\t\t\t\t<h2 class=\"elementor-heading-title elementor-size-default\">Was ist DWC und warum ist es so effektiv?<\/h2>\t\t\t\t<\/div>\n\t\t\t\t<div class=\"elementor-element elementor-element-a4264f7 color-scheme-inherit text-left elementor-widget elementor-widget-text-editor\" data-id=\"a4264f7\" data-element_type=\"widget\" data-e-type=\"widget\" data-widget_type=\"text-editor.default\">\n\t\t\t\t\t\t\t\t\t<p>DWC steht f\u00fcr <strong>Deep Water Culture<\/strong> und ist eine der einfachsten und zugleich effektivsten Methoden der Hydroponik. Bei diesem System wachsen die Pflanzen in Netzt\u00f6pfen, die \u00fcber einem mit N\u00e4hrl\u00f6sung gef\u00fcllten Reservoir h\u00e4ngen. Die Wurzeln tauchen direkt in die N\u00e4hrl\u00f6sung ein, w\u00e4hrend eine Membranpumpe und ein Sprudelstein das Wasser kontinuierlich mit Sauerstoff anreichern.<\/p>\t\t\t\t\t\t\t\t<\/div>\n\t\t\t\t<div class=\"elementor-element elementor-element-d6a717a color-scheme-inherit text-left elementor-widget elementor-widget-text-editor\" data-id=\"d6a717a\" data-element_type=\"widget\" data-e-type=\"widget\" data-widget_type=\"text-editor.default\">\n\t\t\t\t\t\t\t\t\t<p>DWC ist besonders f\u00fcr Einsteiger ideal, da es einfach aufzubauen und zu betreiben ist. Gleichzeitig bietet es auch f\u00fcr erfahrene Grower die M\u00f6glichkeit, schnell und effizient beeindruckende Ergebnisse zu erzielen. Die kontinuierliche Sauerstoffversorgung und die direkte Aufnahme der N\u00e4hrstoffe sorgen daf\u00fcr, dass deine Pflanzen ihr volles Potenzial aussch\u00f6pfen k\u00f6nnen.<\/p>\t\t\t\t\t\t\t\t<\/div>\n\t\t\t\t<div class=\"elementor-element elementor-element-3d1d6a1 elementor-widget elementor-widget-spacer\" data-id=\"3d1d6a1\" data-element_type=\"widget\" data-e-type=\"widget\" data-widget_type=\"spacer.default\">\n\t\t\t\t\t\t\t<div class=\"elementor-spacer\">\n\t\t\t<div class=\"elementor-spacer-inner\"><\/div>\n\t\t<\/div>\n\t\t\t\t\t\t<\/div>\n\t\t\t\t<div class=\"elementor-element elementor-element-ba1aef1 elementor-widget elementor-widget-heading\" data-id=\"ba1aef1\" data-element_type=\"widget\" data-e-type=\"widget\" data-widget_type=\"heading.default\">\n\t\t\t\t\t<h2 class=\"elementor-heading-title elementor-size-default\">Vorteile von DWC:<\/h2>\t\t\t\t<\/div>\n\t\t\t\t<div class=\"elementor-element elementor-element-59d309e elementor-widget elementor-widget-wd_list\" data-id=\"59d309e\" data-element_type=\"widget\" data-e-type=\"widget\" data-widget_type=\"wd_list.default\">\n\t\t\t\t<div class=\"elementor-widget-container\">\n\t\t\t\t\t\t\t<ul class=\"wd-list color-scheme-custom wd-fontsize-xs wd-type-icon wd-style-default text-left\">\n\t\t\t\t\t\t\t\t\t\t\t<li class=\"elementor-repeater-item-77fcfb3\">\n\t\t\t\t\t\t\t\t\t\t\t<span class=\"wd-icon\"><span class=\"fas fa-plus\"><\/span><\/span>\t\t\t\t\t\n\t\t\t\t\t<span class=\"wd-list-content list-content\">\n\t\t\t\t\t\t\t\t\t\t\t\t\t<b>Optimale N\u00e4hrstoffversorgung:<\/b> Da die Wurzeln st\u00e4ndig von der N\u00e4hrl\u00f6sung umgeben sind, k\u00f6nnen die Pflanzen jederzeit alle ben\u00f6tigten N\u00e4hrstoffe aufnehmen. Dies f\u00fchrt zu schnellerem Wachstum und h\u00f6heren Ertr\u00e4gen im Vergleich zur Erdkultur.\t\t\t\t\t\t\t\t\t\t\t<\/span>\n\t\t\t\t<\/li>\n\t\t\t\t\t\t\t\t\t\t\t<li class=\"elementor-repeater-item-2691cfc\">\n\t\t\t\t\t\t\t\t\t\t\t<span class=\"wd-icon\"><span class=\"fas fa-plus\"><\/span><\/span>\t\t\t\t\t\n\t\t\t\t\t<span class=\"wd-list-content list-content\">\n\t\t\t\t\t\t\t\t\t\t\t\t\t<b>Konstante Sauerstoffzufuhr:<\/b> Durch die Bel\u00fcftung der N\u00e4hrl\u00f6sung wird Sauerstoff direkt an die Wurzeln gebracht, was F\u00e4ulnis verhindert und das Wurzelwachstum f\u00f6rdert. Gesunde Wurzeln bedeuten gesunde Pflanzen!\t\t\t\t\t\t\t\t\t\t\t<\/span>\n\t\t\t\t<\/li>\n\t\t\t\t\t\t\t\t\t\t\t<li class=\"elementor-repeater-item-56666e0\">\n\t\t\t\t\t\t\t\t\t\t\t<span class=\"wd-icon\"><span class=\"fas fa-plus\"><\/span><\/span>\t\t\t\t\t\n\t\t\t\t\t<span class=\"wd-list-content list-content\">\n\t\t\t\t\t\t\t\t\t\t\t\t\t<b>Wassereffizienz:<\/b> DWC-Systeme ben\u00f6tigen deutlich weniger Wasser als herk\u00f6mmliche Anbaumethoden, da das Wasser im Reservoir bleibt und nicht verdunstet oder versickert.\t\t\t\t\t\t\t\t\t\t\t<\/span>\n\t\t\t\t<\/li>\n\t\t\t\t\t\t\t\t\t\t\t<li class=\"elementor-repeater-item-b54a39f\">\n\t\t\t\t\t\t\t\t\t\t\t<span class=\"wd-icon\"><span class=\"fas fa-plus\"><\/span><\/span>\t\t\t\t\t\n\t\t\t\t\t<span class=\"wd-list-content list-content\">\n\t\t\t\t\t\t\t\t\t\t\t\t\t<b>Weniger Sch\u00e4dlingsprobleme:<\/b> Da keine Erde verwendet wird, sind DWC-Systeme weniger anf\u00e4llig f\u00fcr Bodensch\u00e4dlinge und Krankheiten.\t\t\t\t\t\t\t\t\t\t\t<\/span>\n\t\t\t\t<\/li>\n\t\t\t\t\t\t\t\t\t\t\t<li class=\"elementor-repeater-item-8c5e5fa\">\n\t\t\t\t\t\t\t\t\t\t\t<span class=\"wd-icon\"><span class=\"fas fa-plus\"><\/span><\/span>\t\t\t\t\t\n\t\t\t\t\t<span class=\"wd-list-content list-content\">\n\t\t\t\t\t\t\t\t\t\t\t\t\t<b>Wachstumskontrolle:<\/b> Mit einem Wasserstandsanzeiger und der M\u00f6glichkeit, die N\u00e4hrstoffkonzentration exakt zu dosieren, hast du die volle Kontrolle \u00fcber die Bedingungen f\u00fcr deine Pflanzen.\t\t\t\t\t\t\t\t\t\t\t<\/span>\n\t\t\t\t<\/li>\n\t\t\t\t\t<\/ul>\n\n\t\t\t\t\t\t<\/div>\n\t\t\t\t<\/div>\n\t\t\t\t<div class=\"elementor-element elementor-element-3163f46 elementor-widget elementor-widget-spacer\" data-id=\"3163f46\" data-element_type=\"widget\" data-e-type=\"widget\" data-widget_type=\"spacer.default\">\n\t\t\t\t\t\t\t<div class=\"elementor-spacer\">\n\t\t\t<div class=\"elementor-spacer-inner\"><\/div>\n\t\t<\/div>\n\t\t\t\t\t\t<\/div>\n\t\t\t\t<div class=\"elementor-element elementor-element-26ceff2 elementor-widget elementor-widget-heading\" data-id=\"26ceff2\" data-element_type=\"widget\" data-e-type=\"widget\" data-widget_type=\"heading.default\">\n\t\t\t\t\t<h2 class=\"elementor-heading-title elementor-size-default\">Technische Daten:<\/h2>\t\t\t\t<\/div>\n\t\t\t\t<div class=\"elementor-element elementor-element-18faf49 elementor-widget elementor-widget-wd_list\" data-id=\"18faf49\" data-element_type=\"widget\" data-e-type=\"widget\" data-widget_type=\"wd_list.default\">\n\t\t\t\t<div class=\"elementor-widget-container\">\n\t\t\t\t\t\t\t<ul class=\"wd-list color-scheme-custom wd-fontsize-xs wd-type-icon wd-style-default text-left\">\n\t\t\t\t\t\t\t\t\t\t\t<li class=\"elementor-repeater-item-77fcfb3\">\n\t\t\t\t\t\t\t\t\t\t\t<span class=\"wd-icon\"><span class=\"fas fa-minus\"><\/span><\/span>\t\t\t\t\t\n\t\t\t\t\t<span class=\"wd-list-content list-content\">\n\t\t\t\t\t\t\t\t\t\t\t\t\tVolumen: 30 Liter\n\t\t\t\t\t\t\t\t\t\t\t<\/span>\n\t\t\t\t<\/li>\n\t\t\t\t\t\t\t\t\t\t\t<li class=\"elementor-repeater-item-2691cfc\">\n\t\t\t\t\t\t\t\t\t\t\t<span class=\"wd-icon\"><span class=\"fas fa-minus\"><\/span><\/span>\t\t\t\t\t\n\t\t\t\t\t<span class=\"wd-list-content list-content\">\n\t\t\t\t\t\t\t\t\t\t\t\t\tNetztopfgr\u00f6\u00dfe: 13 cm Durchmesser\n\n\t\t\t\t\t\t\t\t\t\t\t<\/span>\n\t\t\t\t<\/li>\n\t\t\t\t\t\t\t\t\t\t\t<li class=\"elementor-repeater-item-56666e0\">\n\t\t\t\t\t\t\t\t\t\t\t<span class=\"wd-icon\"><span class=\"fas fa-minus\"><\/span><\/span>\t\t\t\t\t\n\t\t\t\t\t<span class=\"wd-list-content list-content\">\n\t\t\t\t\t\t\t\t\t\t\t\t\tLuftschlauch: 4\/6 mm Durchmesser\n\t\t\t\t\t\t\t\t\t\t\t<\/span>\n\t\t\t\t<\/li>\n\t\t\t\t\t\t\t\t\t\t\t<li class=\"elementor-repeater-item-b54a39f\">\n\t\t\t\t\t\t\t\t\t\t\t<span class=\"wd-icon\"><span class=\"fas fa-minus\"><\/span><\/span>\t\t\t\t\t\n\t\t\t\t\t<span class=\"wd-list-content list-content\">\n\t\t\t\t\t\t\t\t\t\t\t\t\tSprudelstein: 5 cm Durchmesser\t\t\t\t\t\t\t\t\t\t\t<\/span>\n\t\t\t\t<\/li>\n\t\t\t\t\t\t\t\t\t\t\t<li class=\"elementor-repeater-item-8c5e5fa\">\n\t\t\t\t\t\t\t\t\t\t\t<span class=\"wd-icon\"><span class=\"fas fa-minus\"><\/span><\/span>\t\t\t\t\t\n\t\t\t\t\t<span class=\"wd-list-content list-content\">\n\t\t\t\t\t\t\t\t\t\t\t\t\tSubstrat: Bl\u00e4hton (8\/16 mm K\u00f6rnung)\t\t\t\t\t\t\t\t\t\t\t<\/span>\n\t\t\t\t<\/li>\n\t\t\t\t\t\t\t\t\t\t\t<li class=\"elementor-repeater-item-6a42b3f\">\n\t\t\t\t\t\t\t\t\t\t\t<span class=\"wd-icon\"><span class=\"fas fa-minus\"><\/span><\/span>\t\t\t\t\t\n\t\t\t\t\t<span class=\"wd-list-content list-content\">\n\t\t\t\t\t\t\t\t\t\t\t\t\tWasserstandanzeiger: 12\/16mm Schlauch f\u00fcr den F\u00fcllstand\t\t\t\t\t\t\t\t\t\t\t<\/span>\n\t\t\t\t<\/li>\n\t\t\t\t\t<\/ul>\n\n\t\t\t\t\t\t<\/div>\n\t\t\t\t<\/div>\n\t\t\t\t<div class=\"elementor-element elementor-element-d71d7c6 elementor-widget elementor-widget-spacer\" data-id=\"d71d7c6\" data-element_type=\"widget\" data-e-type=\"widget\" data-widget_type=\"spacer.default\">\n\t\t\t\t\t\t\t<div class=\"elementor-spacer\">\n\t\t\t<div class=\"elementor-spacer-inner\"><\/div>\n\t\t<\/div>\n\t\t\t\t\t\t<\/div>\n\t\t\t\t<div class=\"elementor-element elementor-element-8dcd38f elementor-widget elementor-widget-heading\" data-id=\"8dcd38f\" data-element_type=\"widget\" data-e-type=\"widget\" data-widget_type=\"heading.default\">\n\t\t\t\t\t<h2 class=\"elementor-heading-title elementor-size-default\">Erkl\u00e4rvideo:<\/h2>\t\t\t\t<\/div>\n\t\t\t\t<div class=\"elementor-element elementor-element-2277ecd wd-width-100 elementor-widget elementor-widget-wd_video\" data-id=\"2277ecd\" data-element_type=\"widget\" data-e-type=\"widget\" data-widget_type=\"wd_video.default\">\n\t\t\t\t<div class=\"elementor-widget-container\">\n\t\t\t\t\t\n\t\t<div class=\"wd-el-video wd-action-without wd-video-hosted\">\n\t\t\t\t\t\t\t<video src=\"https:\/\/www.lets-grow.de\/blog\/wp-content\/uploads\/2025\/01\/Die_Zukunft_des_Gaertnerns.mp4\" playsinline controls preload=\"metadata\"><\/video>\t\t\t\n\t\t\t\n\t\t\t\n\t\t\t\t\t<\/div>\n\t\t\t\t\t\t<\/div>\n\t\t\t\t<\/div>\n\t\t\t\t<div class=\"elementor-element elementor-element-c9d564b color-scheme-inherit text-left elementor-widget elementor-widget-text-editor\" data-id=\"c9d564b\" data-element_type=\"widget\" data-e-type=\"widget\" data-widget_type=\"text-editor.default\">\n\t\t\t\t\t\t\t\t\t<p>Dieses Video wurde KI-gest\u00fctzt aus unseren Shopinformationen erstellt.<\/p>\t\t\t\t\t\t\t\t<\/div>\n\t\t\t\t\t<\/div>\n\t\t\t\t<\/div>\n\t\t\t\t<\/div>\n\t\t","protected":false},"excerpt":{"rendered":"<p>Der <strong data-start=\"2220\" data-end=\"2253\">DWC-Eimersystem 30L \u2013 <\/strong>ist ein kleines Hydroponik-System. Das Set enth\u00e4lt einen <strong data-start=\"2313\" data-end=\"2379\">30L Eimer, Wasserstandsanzeiger &amp; 13 cm Gittertopf mit Bl\u00e4hton,<\/strong>\u00a0<strong data-start=\"2406\" data-end=\"2478\">Luftschlauch, Sprudelstein, Membranluftpumpe<\/strong>. Stellen Sie Ihr System individuell zusammen \u2013 f\u00fcr schnelles, gesundes Pflanzenwachstum!<\/p>\n","protected":false},"featured_media":17341,"comment_status":"open","ping_status":"closed","template":"","meta":{"_monsterinsights_skip_tracking":false,"_monsterinsights_sitenote_active":false,"_monsterinsights_sitenote_note":"","_monsterinsights_sitenote_category":0},"product_brand":[],"product_cat":[608],"product_tag":[1999,603,1832,1963,609,1971,610,1975,611,1993,612,1994,613,1995,263,1996,844,1997,864,1998,953],"class_list":{"0":"post-17340","1":"product","2":"type-product","3":"status-publish","4":"has-post-thumbnail","6":"product_cat-hydrosysteme","7":"product_tag-wurzelsystem","8":"product_tag-pflanzenzucht","9":"product_tag-indoor","10":"product_tag-profi","11":"product_tag-hydroponik","12":"product_tag-kraeuter","13":"product_tag-eimersystem","14":"product_tag-gemuese","15":"product_tag-30l","16":"product_tag-naehrloesung","17":"product_tag-dwc","18":"product_tag-pflanzeneimer","19":"product_tag-deep-water-culture","20":"product_tag-system","21":"product_tag-aquaponik","22":"product_tag-tomaten","23":"product_tag-anzucht","24":"product_tag-gurken","25":"product_tag-bewaesserung","26":"product_tag-kultur","27":"product_tag-grow","29":"first","30":"instock","31":"sale","32":"taxable","33":"shipping-taxable","34":"purchasable","35":"product-type-bundle"},"bundled_by":[],"bundle_stock_status":"instock","bundle_stock_quantity":11,"bundle_virtual":false,"bundle_layout":"default","bundle_add_to_cart_form_location":"default","bundle_editable_in_cart":false,"bundle_sold_individually_context":"product","bundle_item_grouping":"parent","bundle_min_size":"","bundle_max_size":"","bundle_price":{"price":{"min":{"incl_tax":"29.99","excl_tax":"25.201681"},"max":{"incl_tax":"29.99","excl_tax":"25.201681"}},"regular_price":{"min":{"incl_tax":"39.99","excl_tax":"33.605042"},"max":{"incl_tax":"39.99","excl_tax":"33.605042"}}},"bundled_items":[{"bundled_item_id":74,"product_id":19233,"menu_order":0,"quantity_min":1,"quantity_max":1,"quantity_default":1,"priced_individually":false,"shipped_individually":false,"override_title":false,"title":"DWC-Eimersystem 30L \u2013 Basisset","override_description":false,"description":"Basisset (Eimer, Netztopf, Wasserstandsanzeiger und Bl\u00e4hton)","optional":false,"hide_thumbnail":false,"discount":"","override_variations":true,"allowed_variations":[20132],"override_default_variation_attributes":false,"default_variation_attributes":[],"single_product_visibility":"visible","cart_visibility":"hidden","order_visibility":"visible","single_product_price_visibility":"visible","cart_price_visibility":"visible","order_price_visibility":"visible","stock_status":"in_stock"},{"bundled_item_id":75,"product_id":19220,"menu_order":1,"quantity_min":1,"quantity_max":1,"quantity_default":1,"priced_individually":false,"shipped_individually":false,"override_title":false,"title":"Water Master Membranluftpumpe","override_description":false,"description":"Membranpumpe","optional":false,"hide_thumbnail":false,"discount":"","override_variations":true,"allowed_variations":[19221],"override_default_variation_attributes":true,"default_variation_attributes":[{"id":14,"name":"Variante","option":"1-ausgang"}],"single_product_visibility":"visible","cart_visibility":"hidden","order_visibility":"visible","single_product_price_visibility":"visible","cart_price_visibility":"visible","order_price_visibility":"visible","stock_status":"in_stock"},{"bundled_item_id":76,"product_id":17805,"menu_order":2,"quantity_min":1,"quantity_max":1,"quantity_default":1,"priced_individually":false,"shipped_individually":false,"override_title":false,"title":"Ausstr\u00f6merkugel","override_description":false,"description":"Ausstr\u00f6merkugel 5cm","optional":false,"hide_thumbnail":false,"discount":"","override_variations":true,"allowed_variations":[17808],"override_default_variation_attributes":true,"default_variation_attributes":[{"id":14,"name":"Variante","option":"budget"}],"single_product_visibility":"visible","cart_visibility":"hidden","order_visibility":"visible","single_product_price_visibility":"visible","cart_price_visibility":"visible","order_price_visibility":"visible","stock_status":"in_stock"},{"bundled_item_id":77,"product_id":18657,"menu_order":3,"quantity_min":1,"quantity_max":1,"quantity_default":1,"priced_individually":false,"shipped_individually":false,"override_title":false,"title":"Luftschlauch transparent 4\/6mm","override_description":false,"description":"Luftschlauch 1m","optional":false,"hide_thumbnail":false,"discount":"","override_variations":true,"allowed_variations":[19254],"override_default_variation_attributes":true,"default_variation_attributes":[{"id":9,"name":"L\u00e4nge","option":"1m"}],"single_product_visibility":"visible","cart_visibility":"hidden","order_visibility":"visible","single_product_price_visibility":"visible","cart_price_visibility":"visible","order_price_visibility":"visible","stock_status":"in_stock"}],"bundle_sell_ids":[],"supplier_id":null,"supplier_sku":"","barcode":null,"atum_controlled":true,"out_stock_date":null,"out_stock_threshold":null,"inheritable":true,"inbound_stock":0,"stock_on_hold":0,"sold_today":0,"sales_last_days":0,"reserved_stock":0,"customer_returns":0,"warehouse_damage":0,"lost_in_post":0,"other_logs":0,"out_stock_days":0,"lost_sales":0,"has_location":false,"update_date":"2026-05-03T00:23:52","atum_locations":[],"atum_stock_status":"instock","restock_status":false,"low_stock_amount":"","sales_update_date":"2026-05-03T00:23:52","calc_backorders":null,"tiered_pricing_type":"fixed","tiered_pricing_fixed_rules":[],"tiered_pricing_product_settings":{"layout":"default","base_unit_name":{"singular":null,"plural":null},"default_variation":null},"tiered_pricing_minimum_quantity":null,"tiered_pricing_roles_data":[],"tiered_pricing_percentage_rules":[],"_links":{"self":[{"href":"https:\/\/www.lets-grow.de\/blog\/wp-json\/wp\/v2\/product\/17340","targetHints":{"allow":["GET"]}}],"collection":[{"href":"https:\/\/www.lets-grow.de\/blog\/wp-json\/wp\/v2\/product"}],"about":[{"href":"https:\/\/www.lets-grow.de\/blog\/wp-json\/wp\/v2\/types\/product"}],"replies":[{"embeddable":true,"href":"https:\/\/www.lets-grow.de\/blog\/wp-json\/wp\/v2\/comments?post=17340"}],"version-history":[{"count":4,"href":"https:\/\/www.lets-grow.de\/blog\/wp-json\/wp\/v2\/product\/17340\/revisions"}],"predecessor-version":[{"id":21050,"href":"https:\/\/www.lets-grow.de\/blog\/wp-json\/wp\/v2\/product\/17340\/revisions\/21050"}],"wp:featuredmedia":[{"embeddable":true,"href":"https:\/\/www.lets-grow.de\/blog\/wp-json\/wp\/v2\/media\/17341"}],"wp:attachment":[{"href":"https:\/\/www.lets-grow.de\/blog\/wp-json\/wp\/v2\/media?parent=17340"}],"wp:term":[{"taxonomy":"product_brand","embeddable":true,"href":"https:\/\/www.lets-grow.de\/blog\/wp-json\/wp\/v2\/product_brand?post=17340"},{"taxonomy":"product_cat","embeddable":true,"href":"https:\/\/www.lets-grow.de\/blog\/wp-json\/wp\/v2\/product_cat?post=17340"},{"taxonomy":"product_tag","embeddable":true,"href":"https:\/\/www.lets-grow.de\/blog\/wp-json\/wp\/v2\/product_tag?post=17340"}],"curies":[{"name":"wp","href":"https:\/\/api.w.org\/{rel}","templated":true}]}}