{"id":17330,"date":"2025-01-26T18:54:08","date_gmt":"2025-01-26T17:54:08","guid":{"rendered":"https:\/\/www.lets-grow.de\/blog\/?post_type=product&#038;p=17330"},"modified":"2026-04-16T17:53:18","modified_gmt":"2026-04-16T15:53:18","slug":"dark-box-growbox","status":"publish","type":"product","link":"https:\/\/www.lets-grow.de\/blog\/shop\/dark-box-growbox\/","title":{"rendered":"Dark Box Growbox"},"content":{"rendered":"\t\t<div data-elementor-type=\"product-post\" data-elementor-id=\"17330\" class=\"elementor elementor-17330\" data-elementor-post-type=\"product\">\n\t\t\t\t<div class=\"wd-negative-gap elementor-element elementor-element-51b2ed6d e-flex e-con-boxed e-con e-parent\" data-id=\"51b2ed6d\" data-element_type=\"container\" data-e-type=\"container\">\n\t\t\t\t\t<div class=\"e-con-inner\">\n\t\t\t\t<div class=\"elementor-element elementor-element-2a56c39 elementor-widget elementor-widget-heading\" data-id=\"2a56c39\" data-element_type=\"widget\" data-e-type=\"widget\" data-widget_type=\"heading.default\">\n\t\t\t\t\t<h2 class=\"elementor-heading-title elementor-size-default\">Greenhouse DarkBox: Die Preis-Leistungs-Sensation f\u00fcr Indoor-Grower<\/h2>\t\t\t\t<\/div>\n\t\t\t\t<div class=\"elementor-element elementor-element-1eff4ddd color-scheme-inherit text-left elementor-widget elementor-widget-text-editor\" data-id=\"1eff4ddd\" data-element_type=\"widget\" data-e-type=\"widget\" data-widget_type=\"text-editor.default\">\n\t\t\t\t\t\t\t\t\t<p>Entdecken Sie unsere Dark Box \u2013 die perfekte L\u00f6sung f\u00fcr ambitionierte Indoor-Grower, die Wert auf Qualit\u00e4t und Effizienz legen, ohne dabei tief in die Tasche greifen zu m\u00fcssen. Diese Growbox vereint hochwertige Materialien und durchdachtes Design mit einem unschlagbaren Preis, der sie zur idealen Wahl f\u00fcr Einsteiger und Profis gleicherma\u00dfen macht.<\/p>\t\t\t\t\t\t\t\t<\/div>\n\t\t\t\t<div class=\"elementor-element elementor-element-67575315 elementor-widget elementor-widget-spacer\" data-id=\"67575315\" data-element_type=\"widget\" data-e-type=\"widget\" data-widget_type=\"spacer.default\">\n\t\t\t\t\t\t\t<div class=\"elementor-spacer\">\n\t\t\t<div class=\"elementor-spacer-inner\"><\/div>\n\t\t<\/div>\n\t\t\t\t\t\t<\/div>\n\t\t\t\t<div class=\"elementor-element elementor-element-76e9aa72 elementor-widget elementor-widget-heading\" data-id=\"76e9aa72\" data-element_type=\"widget\" data-e-type=\"widget\" data-widget_type=\"heading.default\">\n\t\t\t\t\t<h2 class=\"elementor-heading-title elementor-size-default\">Produktdetails<\/h2>\t\t\t\t<\/div>\n\t\t\t\t<div class=\"elementor-element elementor-element-32a0b2e8 elementor-widget elementor-widget-wd_list\" data-id=\"32a0b2e8\" data-element_type=\"widget\" data-e-type=\"widget\" data-widget_type=\"wd_list.default\">\n\t\t\t\t<div class=\"elementor-widget-container\">\n\t\t\t\t\t\t\t<ul class=\"wd-list color-scheme-custom wd-fontsize-xs wd-type-icon wd-style-default text-left\">\n\t\t\t\t\t\t\t\t\t\t\t<li class=\"elementor-repeater-item-77fcfb3\">\n\t\t\t\t\t\t\t\t\t\t\t<span class=\"wd-icon\"><span class=\"fas fa-plus-circle\"><\/span><\/span>\t\t\t\t\t\n\t\t\t\t\t<span class=\"wd-list-content list-content\">\n\t\t\t\t\t\t\t\t\t\t\t\t\t<b>Optimale Gr\u00f6\u00dfe:<\/b> Mit ihren gro\u00dfz\u00fcgigen Abmessungen bietet die DarkBox ausreichend Platz f\u00fcr eine Vielzahl von Pflanzen und erm\u00f6glicht eine effiziente Nutzung des verf\u00fcgbaren Raums.\n\t\t\t\t\t\t\t\t\t\t\t<\/span>\n\t\t\t\t<\/li>\n\t\t\t\t\t\t\t\t\t\t\t<li class=\"elementor-repeater-item-2691cfc\">\n\t\t\t\t\t\t\t\t\t\t\t<span class=\"wd-icon\"><span class=\"fas fa-plus-circle\"><\/span><\/span>\t\t\t\t\t\n\t\t\t\t\t<span class=\"wd-list-content list-content\">\n\t\t\t\t\t\t\t\t\t\t\t\t\t<b>Robuste Konstruktion:<\/b> Die DarkBox besteht aus stabilen, langlebigen Materialien, die eine langfristige Nutzung garantieren und Ihre Pflanzen optimal sch\u00fctzen.\n\t\t\t\t\t\t\t\t\t\t\t<\/span>\n\t\t\t\t<\/li>\n\t\t\t\t\t\t\t\t\t\t\t<li class=\"elementor-repeater-item-56666e0\">\n\t\t\t\t\t\t\t\t\t\t\t<span class=\"wd-icon\"><span class=\"fas fa-plus-circle\"><\/span><\/span>\t\t\t\t\t\n\t\t\t\t\t<span class=\"wd-list-content list-content\">\n\t\t\t\t\t\t\t\t\t\t\t\t\t<b>Hochreflektierendes Innenmaterial:<\/b> Das Innenmaterial der Box ist hochreflektierend und sorgt f\u00fcr eine gleichm\u00e4\u00dfige Lichtverteilung, was das Pflanzenwachstum erheblich f\u00f6rdert.\n\t\t\t\t\t\t\t\t\t\t\t<\/span>\n\t\t\t\t<\/li>\n\t\t\t\t\t\t\t\t\t\t\t<li class=\"elementor-repeater-item-96b0c25\">\n\t\t\t\t\t\t\t\t\t\t\t<span class=\"wd-icon\"><span class=\"fas fa-plus-circle\"><\/span><\/span>\t\t\t\t\t\n\t\t\t\t\t<span class=\"wd-list-content list-content\">\n\t\t\t\t\t\t\t\t\t\t\t\t\t<b>Einfache Montage:<\/b> Dank des durchdachten Designs ist die DarkBox schnell und unkompliziert aufzubauen \u2013 ideal f\u00fcr alle, die sofort loslegen m\u00f6chten.\n\t\t\t\t\t\t\t\t\t\t\t<\/span>\n\t\t\t\t<\/li>\n\t\t\t\t\t\t\t\t\t\t\t<li class=\"elementor-repeater-item-6ff63ea\">\n\t\t\t\t\t\t\t\t\t\t\t<span class=\"wd-icon\"><span class=\"fas fa-plus-circle\"><\/span><\/span>\t\t\t\t\t\n\t\t\t\t\t<span class=\"wd-list-content list-content\">\n\t\t\t\t\t\t\t\t\t\t\t\t\t<b>Effektive Bel\u00fcftung:<\/b> Mit mehreren \u00d6ffnungen f\u00fcr L\u00fcftungsschl\u00e4uche und Kabel bietet die DarkBox eine ausgezeichnete Luftzirkulation, die f\u00fcr gesunde Pflanzen unerl\u00e4sslich ist.\t\t\t\t\t\t\t\t\t\t\t<\/span>\n\t\t\t\t<\/li>\n\t\t\t\t\t<\/ul>\n\n\t\t\t\t\t\t<\/div>\n\t\t\t\t<\/div>\n\t\t\t\t<div class=\"elementor-element elementor-element-2671b8b2 elementor-widget elementor-widget-spacer\" data-id=\"2671b8b2\" data-element_type=\"widget\" data-e-type=\"widget\" data-widget_type=\"spacer.default\">\n\t\t\t\t\t\t\t<div class=\"elementor-spacer\">\n\t\t\t<div class=\"elementor-spacer-inner\"><\/div>\n\t\t<\/div>\n\t\t\t\t\t\t<\/div>\n\t\t\t\t<div class=\"elementor-element elementor-element-c110030 elementor-widget elementor-widget-heading\" data-id=\"c110030\" data-element_type=\"widget\" data-e-type=\"widget\" data-widget_type=\"heading.default\">\n\t\t\t\t\t<h2 class=\"elementor-heading-title elementor-size-default\">Drei gute Gr\u00fcnde f\u00fcr die Dark Box<\/h2>\t\t\t\t<\/div>\n\t\t\t\t<div class=\"elementor-element elementor-element-dafa70c elementor-widget elementor-widget-wd_list\" data-id=\"dafa70c\" data-element_type=\"widget\" data-e-type=\"widget\" data-widget_type=\"wd_list.default\">\n\t\t\t\t<div class=\"elementor-widget-container\">\n\t\t\t\t\t\t\t<ul class=\"wd-list color-scheme-custom wd-fontsize-xs wd-type-icon wd-style-default text-left\">\n\t\t\t\t\t\t\t\t\t\t\t<li class=\"elementor-repeater-item-77fcfb3\">\n\t\t\t\t\t\t\t\t\t\t\t<span class=\"wd-icon\"><span class=\"fas fa-plus-circle\"><\/span><\/span>\t\t\t\t\t\n\t\t\t\t\t<span class=\"wd-list-content list-content\">\n\t\t\t\t\t\t\t\t\t\t\t\t\t<b>Wirtschaftlich:<\/b> Ideal f\u00fcr Grower, die ihr Budget im Blick behalten m\u00f6chten, ohne auf Qualit\u00e4t zu verzichten.\n\t\t\t\t\t\t\t\t\t\t\t<\/span>\n\t\t\t\t<\/li>\n\t\t\t\t\t\t\t\t\t\t\t<li class=\"elementor-repeater-item-2691cfc\">\n\t\t\t\t\t\t\t\t\t\t\t<span class=\"wd-icon\"><span class=\"fas fa-plus-circle\"><\/span><\/span>\t\t\t\t\t\n\t\t\t\t\t<span class=\"wd-list-content list-content\">\n\t\t\t\t\t\t\t\t\t\t\t\t\t<b>Effizient:<\/b> Dank der durchdachten Bauweise und hochwertigen Materialien maximiert die DarkBox das Pflanzenwachstum und die Ertr\u00e4ge.\n\t\t\t\t\t\t\t\t\t\t\t<\/span>\n\t\t\t\t<\/li>\n\t\t\t\t\t\t\t\t\t\t\t<li class=\"elementor-repeater-item-56666e0\">\n\t\t\t\t\t\t\t\t\t\t\t<span class=\"wd-icon\"><span class=\"fas fa-plus-circle\"><\/span><\/span>\t\t\t\t\t\n\t\t\t\t\t<span class=\"wd-list-content list-content\">\n\t\t\t\t\t\t\t\t\t\t\t\t\t<b>Flexibel:<\/b> Perfekt f\u00fcr verschiedene Pflanzenarten und Anbautechniken geeignet.\t\t\t\t\t\t\t\t\t\t\t<\/span>\n\t\t\t\t<\/li>\n\t\t\t\t\t<\/ul>\n\n\t\t\t\t\t\t<\/div>\n\t\t\t\t<\/div>\n\t\t\t\t<div class=\"elementor-element elementor-element-40f7960 elementor-widget elementor-widget-spacer\" data-id=\"40f7960\" data-element_type=\"widget\" data-e-type=\"widget\" data-widget_type=\"spacer.default\">\n\t\t\t\t\t\t\t<div class=\"elementor-spacer\">\n\t\t\t<div class=\"elementor-spacer-inner\"><\/div>\n\t\t<\/div>\n\t\t\t\t\t\t<\/div>\n\t\t\t\t<div class=\"elementor-element elementor-element-1a2a7f5 elementor-widget elementor-widget-heading\" data-id=\"1a2a7f5\" data-element_type=\"widget\" data-e-type=\"widget\" data-widget_type=\"heading.default\">\n\t\t\t\t\t<h2 class=\"elementor-heading-title elementor-size-default\">Preis-Leistungs-Verh\u00e4ltnis:<\/h2>\t\t\t\t<\/div>\n\t\t\t\t<div class=\"elementor-element elementor-element-6b18d8d1 color-scheme-inherit text-left elementor-widget elementor-widget-text-editor\" data-id=\"6b18d8d1\" data-element_type=\"widget\" data-e-type=\"widget\" data-widget_type=\"text-editor.default\">\n\t\t\t\t\t\t\t\t\t<p>Die Dark Box ist nicht nur eine kosteng\u00fcnstige Alternative zur Homebox, sondern \u00fcberzeugt auch durch ihre beeindruckende Effektivit\u00e4t. Trotz des niedrigeren Preises m\u00fcssen Sie keine Kompromisse bei der Qualit\u00e4t eingehen.\u00a0<\/p><p>Die Dark Box bietet eine hervorragende Umgebung f\u00fcr Ihre Pflanzen und erm\u00f6glicht es Ihnen, optimale Ergebnisse zu erzielen.<\/p>\t\t\t\t\t\t\t\t<\/div>\n\t\t\t\t<div class=\"elementor-element elementor-element-8cb3b42 elementor-widget elementor-widget-spacer\" data-id=\"8cb3b42\" data-element_type=\"widget\" data-e-type=\"widget\" data-widget_type=\"spacer.default\">\n\t\t\t\t\t\t\t<div class=\"elementor-spacer\">\n\t\t\t<div class=\"elementor-spacer-inner\"><\/div>\n\t\t<\/div>\n\t\t\t\t\t\t<\/div>\n\t\t\t\t<div class=\"elementor-element elementor-element-f0dc94c color-scheme-inherit text-left elementor-widget elementor-widget-text-editor\" data-id=\"f0dc94c\" data-element_type=\"widget\" data-e-type=\"widget\" data-widget_type=\"text-editor.default\">\n\t\t\t\t\t\t\t\t\t<p>Investieren Sie in die Dark Box und erleben Sie eine Growbox, die durch ihren Preis und ihre Leistung \u00fcberzeugt. Bestellen Sie noch heute und starten Sie Ihr Indoor-Growing-Projekt mit einer Box, die Ihren Anspr\u00fcchen gerecht wird und Ihr Budget schont.<\/p>\t\t\t\t\t\t\t\t<\/div>\n\t\t\t\t\t<\/div>\n\t\t\t\t<\/div>\n\t\t\t\t<\/div>\n\t\t","protected":false},"excerpt":{"rendered":"<p>Greenhouse DarkBox: Die Preis-Leistungs-Sensation f\u00fcr Indoor-Grower Entdecken Sie unsere Dark Box \u2013 die perfekte L\u00f6sung f\u00fcr ambitionierte Indoor-Grower, die Wert<\/p>\n","protected":false},"featured_media":17332,"comment_status":"open","ping_status":"closed","template":"","meta":{"_monsterinsights_skip_tracking":false,"_monsterinsights_sitenote_active":false,"_monsterinsights_sitenote_note":"","_monsterinsights_sitenote_category":0},"product_brand":[],"product_cat":[588],"product_tag":[604,537,605,606,599,600,601,602,603],"class_list":{"0":"post-17330","1":"product","2":"type-product","3":"status-publish","4":"has-post-thumbnail","6":"product_cat-growboxen-zelte","7":"product_tag-homebox-alternative","8":"product_tag-belueftung","9":"product_tag-guenstige-growbox","10":"product_tag-indoor-gartenbau","11":"product_tag-growbox","12":"product_tag-darkbox","13":"product_tag-indoor-growing","14":"product_tag-80x80x200cm","15":"product_tag-pflanzenzucht","16":"pa_hersteller-dark-box","18":"first","19":"instock","20":"taxable","21":"shipping-taxable","22":"purchasable","23":"product-type-variable","24":"has-default-attributes"},"bundled_by":["17568","17877"],"bundle_stock_status":"instock","bundle_stock_quantity":null,"bundle_virtual":false,"bundle_layout":"","bundle_add_to_cart_form_location":"","bundle_editable_in_cart":false,"bundle_sold_individually_context":"","bundle_item_grouping":"","bundle_min_size":"","bundle_max_size":"","bundle_price":[],"bundled_items":[],"bundle_sell_ids":[],"supplier_id":null,"supplier_sku":"","barcode":null,"atum_controlled":true,"out_stock_date":null,"out_stock_threshold":null,"inheritable":false,"inbound_stock":0,"stock_on_hold":0,"sold_today":0,"sales_last_days":0,"reserved_stock":0,"customer_returns":0,"warehouse_damage":0,"lost_in_post":0,"other_logs":0,"out_stock_days":0,"lost_sales":0,"has_location":false,"update_date":"2026-05-02T00:23:03","atum_locations":[],"atum_stock_status":"instock","restock_status":false,"low_stock_amount":"","sales_update_date":"2026-05-02T00:23:03","calc_backorders":null,"tiered_pricing_type":"fixed","tiered_pricing_fixed_rules":[],"tiered_pricing_product_settings":{"layout":"default","base_unit_name":{"singular":null,"plural":null},"default_variation":null},"tiered_pricing_minimum_quantity":null,"tiered_pricing_roles_data":[],"tiered_pricing_percentage_rules":[],"_links":{"self":[{"href":"https:\/\/www.lets-grow.de\/blog\/wp-json\/wp\/v2\/product\/17330","targetHints":{"allow":["GET"]}}],"collection":[{"href":"https:\/\/www.lets-grow.de\/blog\/wp-json\/wp\/v2\/product"}],"about":[{"href":"https:\/\/www.lets-grow.de\/blog\/wp-json\/wp\/v2\/types\/product"}],"replies":[{"embeddable":true,"href":"https:\/\/www.lets-grow.de\/blog\/wp-json\/wp\/v2\/comments?post=17330"}],"version-history":[{"count":0,"href":"https:\/\/www.lets-grow.de\/blog\/wp-json\/wp\/v2\/product\/17330\/revisions"}],"wp:featuredmedia":[{"embeddable":true,"href":"https:\/\/www.lets-grow.de\/blog\/wp-json\/wp\/v2\/media\/17332"}],"wp:attachment":[{"href":"https:\/\/www.lets-grow.de\/blog\/wp-json\/wp\/v2\/media?parent=17330"}],"wp:term":[{"taxonomy":"product_brand","embeddable":true,"href":"https:\/\/www.lets-grow.de\/blog\/wp-json\/wp\/v2\/product_brand?post=17330"},{"taxonomy":"product_cat","embeddable":true,"href":"https:\/\/www.lets-grow.de\/blog\/wp-json\/wp\/v2\/product_cat?post=17330"},{"taxonomy":"product_tag","embeddable":true,"href":"https:\/\/www.lets-grow.de\/blog\/wp-json\/wp\/v2\/product_tag?post=17330"}],"curies":[{"name":"wp","href":"https:\/\/api.w.org\/{rel}","templated":true}]}}