{"id":17298,"date":"2025-01-26T11:28:32","date_gmt":"2025-01-26T10:28:32","guid":{"rendered":"https:\/\/www.lets-grow.de\/blog\/?post_type=product&#038;p=17298"},"modified":"2026-05-05T20:42:41","modified_gmt":"2026-05-05T18:42:41","slug":"vdl-alu-flexrohr","status":"publish","type":"product","link":"https:\/\/www.lets-grow.de\/blog\/shop\/vdl-alu-flexrohr\/","title":{"rendered":"VDL Alu-Flexrohr"},"content":{"rendered":"\t\t<div data-elementor-type=\"product-post\" data-elementor-id=\"17298\" class=\"elementor elementor-17298\" data-elementor-post-type=\"product\">\n\t\t\t\t<div class=\"wd-negative-gap elementor-element elementor-element-1759cc14 e-flex e-con-boxed e-con e-parent\" data-id=\"1759cc14\" data-element_type=\"container\" data-e-type=\"container\">\n\t\t\t\t\t<div class=\"e-con-inner\">\n\t\t\t\t<div class=\"elementor-element elementor-element-a349e2e color-scheme-inherit text-left elementor-widget elementor-widget-text-editor\" data-id=\"a349e2e\" data-element_type=\"widget\" data-e-type=\"widget\" data-widget_type=\"text-editor.default\">\n\t\t\t\t\t\t\t\t\t<p>Das VDL Alu-Flexrohr mit einem Durchmesser von 125mm und einer L\u00e4nge von 5 Metern ist die perfekte Wahl f\u00fcr Anwendungen im Gartenbau, hydroponischen Anbau, Aquaponik und den allgemeinen Growbedarf. Dieses flexible L\u00fcftungsrohr erm\u00f6glicht eine effiziente Luftzirkulation und Bel\u00fcftung in verschiedenen Anbausystemen, um optimale Wachstumsbedingungen zu schaffen.<\/p>\t\t\t\t\t\t\t\t<\/div>\n\t\t\t\t<div class=\"elementor-element elementor-element-64abd260 elementor-widget elementor-widget-spacer\" data-id=\"64abd260\" data-element_type=\"widget\" data-e-type=\"widget\" data-widget_type=\"spacer.default\">\n\t\t\t\t\t\t\t<div class=\"elementor-spacer\">\n\t\t\t<div class=\"elementor-spacer-inner\"><\/div>\n\t\t<\/div>\n\t\t\t\t\t\t<\/div>\n\t\t\t\t<div class=\"elementor-element elementor-element-59a7c5d3 elementor-widget elementor-widget-heading\" data-id=\"59a7c5d3\" data-element_type=\"widget\" data-e-type=\"widget\" data-widget_type=\"heading.default\">\n\t\t\t\t\t<h2 class=\"elementor-heading-title elementor-size-default\">Vorteile f\u00fcr Garten, Hydroponik, Aquaponik und Growbedarf:<\/h2>\t\t\t\t<\/div>\n\t\t\t\t<div class=\"elementor-element elementor-element-31dfe3aa elementor-widget elementor-widget-wd_list\" data-id=\"31dfe3aa\" data-element_type=\"widget\" data-e-type=\"widget\" data-widget_type=\"wd_list.default\">\n\t\t\t\t<div class=\"elementor-widget-container\">\n\t\t\t\t\t\t\t<ul class=\"wd-list color-scheme-custom wd-fontsize-xs wd-type-icon wd-style-default text-left\">\n\t\t\t\t\t\t\t\t\t\t\t<li class=\"elementor-repeater-item-77fcfb3\">\n\t\t\t\t\t\t\t\t\t\t\t<span class=\"wd-icon\"><span class=\"fas fa-plus-circle\"><\/span><\/span>\t\t\t\t\t\n\t\t\t\t\t<span class=\"wd-list-content list-content\">\n\t\t\t\t\t\t\t\t\t\t\t\t\t<b>Optimale Luftzirkulation:<\/b> Das Alu-Flexrohr sorgt f\u00fcr eine gleichm\u00e4\u00dfige Bel\u00fcftung und vermeidet die Bildung von Hotspots in Anbaufl\u00e4chen.\n\t\t\t\t\t\t\t\t\t\t\t<\/span>\n\t\t\t\t<\/li>\n\t\t\t\t\t\t\t\t\t\t\t<li class=\"elementor-repeater-item-2691cfc\">\n\t\t\t\t\t\t\t\t\t\t\t<span class=\"wd-icon\"><span class=\"fas fa-plus-circle\"><\/span><\/span>\t\t\t\t\t\n\t\t\t\t\t<span class=\"wd-list-content list-content\">\n\t\t\t\t\t\t\t\t\t\t\t\t\t<b>Vielseitiger Einsatz:<\/b> Ideal f\u00fcr die Bel\u00fcftung von Growboxen, Gew\u00e4chsh\u00e4usern und hydroponischen Systemen, um das Pflanzenwachstum zu f\u00f6rdern.\n\n\t\t\t\t\t\t\t\t\t\t\t<\/span>\n\t\t\t\t<\/li>\n\t\t\t\t\t\t\t\t\t\t\t<li class=\"elementor-repeater-item-56666e0\">\n\t\t\t\t\t\t\t\t\t\t\t<span class=\"wd-icon\"><span class=\"fas fa-plus-circle\"><\/span><\/span>\t\t\t\t\t\n\t\t\t\t\t<span class=\"wd-list-content list-content\">\n\t\t\t\t\t\t\t\t\t\t\t\t\t<b>Hohe Flexibilit\u00e4t:<\/b> L\u00e4sst sich problemlos an unterschiedliche Platzverh\u00e4ltnisse anpassen und ist f\u00fcr komplexe L\u00fcftungsinstallationen geeignet.\t\t\t\t\t\t\t\t\t\t\t<\/span>\n\t\t\t\t<\/li>\n\t\t\t\t\t\t\t\t\t\t\t<li class=\"elementor-repeater-item-48325e1\">\n\t\t\t\t\t\t\t\t\t\t\t<span class=\"wd-icon\"><span class=\"fas fa-plus-circle\"><\/span><\/span>\t\t\t\t\t\n\t\t\t\t\t<span class=\"wd-list-content list-content\">\n\t\t\t\t\t\t\t\t\t\t\t\t\t<b>Langlebigkeit und Robustheit:<\/b> Dank der Aluminiumkonstruktion ist das Rohr widerstandsf\u00e4hig gegen Feuchtigkeit, Temperaturwechsel und mechanische Beanspruchung.\t\t\t\t\t\t\t\t\t\t\t<\/span>\n\t\t\t\t<\/li>\n\t\t\t\t\t<\/ul>\n\n\t\t\t\t\t\t<\/div>\n\t\t\t\t<\/div>\n\t\t\t\t<div class=\"elementor-element elementor-element-238760d4 elementor-widget elementor-widget-spacer\" data-id=\"238760d4\" data-element_type=\"widget\" data-e-type=\"widget\" data-widget_type=\"spacer.default\">\n\t\t\t\t\t\t\t<div class=\"elementor-spacer\">\n\t\t\t<div class=\"elementor-spacer-inner\"><\/div>\n\t\t<\/div>\n\t\t\t\t\t\t<\/div>\n\t\t\t\t<div class=\"elementor-element elementor-element-66274070 color-scheme-inherit text-left elementor-widget elementor-widget-text-editor\" data-id=\"66274070\" data-element_type=\"widget\" data-e-type=\"widget\" data-widget_type=\"text-editor.default\">\n\t\t\t\t\t\t\t\t\t<p>Dieses Alu-Flexrohr ist ein unverzichtbares Zubeh\u00f6r f\u00fcr alle, die im Gartenbau, Hydroponik, Aquaponik oder im allgemeinen Growbereich aktiv sind. Es hilft dabei, eine gesunde Umgebung f\u00fcr Pflanzen zu schaffen, indem es eine optimale Bel\u00fcftung und Luftzirkulation erm\u00f6glicht, was entscheidend f\u00fcr das Wachstum und die Entwicklung von Kulturen ist. Besonders f\u00fcr Grower bietet es eine flexible und langlebige L\u00f6sung, um Abluftsysteme in Growboxen oder Gew\u00e4chsh\u00e4usern effizient zu gestalten und so das Mikroklima f\u00fcr ein erfolgreiches Pflanzenwachstum zu optimieren.<\/p>\t\t\t\t\t\t\t\t<\/div>\n\t\t\t\t<div class=\"elementor-element elementor-element-0ec2e3e elementor-widget elementor-widget-spacer\" data-id=\"0ec2e3e\" data-element_type=\"widget\" data-e-type=\"widget\" data-widget_type=\"spacer.default\">\n\t\t\t\t\t\t\t<div class=\"elementor-spacer\">\n\t\t\t<div class=\"elementor-spacer-inner\"><\/div>\n\t\t<\/div>\n\t\t\t\t\t\t<\/div>\n\t\t\t\t<div class=\"elementor-element elementor-element-4bdedcf elementor-widget elementor-widget-heading\" data-id=\"4bdedcf\" data-element_type=\"widget\" data-e-type=\"widget\" data-widget_type=\"heading.default\">\n\t\t\t\t\t<h2 class=\"elementor-heading-title elementor-size-default\">Varianten:<\/h2>\t\t\t\t<\/div>\n\t\t\t\t<div class=\"elementor-element elementor-element-6673c2a elementor-widget elementor-widget-wd_pricing_tables\" data-id=\"6673c2a\" data-element_type=\"widget\" data-e-type=\"widget\" data-widget_type=\"wd_pricing_tables.default\">\n\t\t\t\t<div class=\"elementor-widget-container\">\n\t\t\t\t\t\t\t<div class=\"pricing-tables-wrapper\">\n\t\t\t<div class=\"pricing-tables wd-grid-f-stretch\" style=\"--wd-gap-lg:20px;\">\n\t\t\t\t\t\t\t\t\t\t\t\t\t\t<div class=\"wd-price-table wd-col price-style-default price-with-label label-color-green\">\n\t\t\t\t\t\t<div class=\"wd-plan\">\n\t\t\t\t\t\t\t<div class=\"wd-plan-name\">\n\t\t\t\t\t\t\t\t<span class=\"wd-plan-title title\">\n\t\t\t\t\t\t\t\t\t100mm\t\t\t\t\t\t\t\t<\/span>\n\t\t\t\t\t\t\t<\/div>\n\t\t\t\t\t\t<\/div>\n\n\t\t\t\t\t\t<div class=\"wd-plan-inner\">\n\t\t\t\t\t\t\t\t\t\t\t\t\t\t\t<div class=\"wd-plan-label price-label\">\n\t\t\t\t\t\t\t\t\t<span>\n\t\t\t\t\t\t\t\t\t\t102mm\t\t\t\t\t\t\t\t\t<\/span>\n\t\t\t\t\t\t\t\t<\/div>\n\t\t\t\t\t\t\t\n\t\t\t\t\t\t\t<div class=\"wd-plan-price\" style=\"\">\n\t\t\t\t\t\t\t\t\t\t\t\t\t\t\t\t\n\t\t\t\t\t\t\t\t\t\t\t\t\t\t\t\t\t<span class=\"wd-price-value\">\n\t\t\t\t\t\t\t\t\t\t3,99\u20ac\t\t\t\t\t\t\t\t\t<\/span>\n\t\t\t\t\t\t\t\t\t\t\t\t\t\t\t\t\n\t\t\t\t\t\t\t\t\t\t\t\t\t\t\t<\/div>\n\n\t\t\t\t\t\t\t\t\t\t\t\t\t\t\t<div class=\"wd-plan-features\">\n\t\t\t\t\t\t\t\t\t\t\t\t\t\t\t\t\t\t\t<div class=\"wd-plan-feature\">\n\t\t\t\t\t\t\t\t\t\t\tDurchmesser: 102mm\t\t\t\t\t\t\t\t\t\t<\/div>\n\t\t\t\t\t\t\t\t\t\t\t\t\t\t\t\t\t\t\t<div class=\"wd-plan-feature\">\n\t\t\t\t\t\t\t\t\t\t\tL\u00e4nge: 5m\t\t\t\t\t\t\t\t\t\t<\/div>\n\t\t\t\t\t\t\t\t\t\t\t\t\t\t\t\t\t<\/div>\n\t\t\t\t\t\t\t\n\t\t\t\t\t\t\t<div class=\"wd-plan-footer\">\n\t\t\t\t\t\t\t\t\t\t\t\t\t\t\t\t\t\t\t\t\t\t\t\t\t\t\t<a  href=\"?add-to-cart=17302\" class=\"button price-plan-btn\">\n\t\t\t\t\t\t\t\t\t\t\tIn den Warenkorb\t\t\t\t\t\t\t\t\t\t<\/a>\n\t\t\t\t\t\t\t\t\t\t\t\t\t\t\t\t\t\t\t\t\t\t\t\t<\/div>\n\t\t\t\t\t\t<\/div>\n\t\t\t\t\t<\/div>\n\t\t\t\t\t\t\t\t\t\t\t\t\t\t<div class=\"wd-price-table wd-col price-style-default price-with-label label-color-yellow\">\n\t\t\t\t\t\t<div class=\"wd-plan\">\n\t\t\t\t\t\t\t<div class=\"wd-plan-name\">\n\t\t\t\t\t\t\t\t<span class=\"wd-plan-title title\">\n\t\t\t\t\t\t\t\t\t125mm\t\t\t\t\t\t\t\t<\/span>\n\t\t\t\t\t\t\t<\/div>\n\t\t\t\t\t\t<\/div>\n\n\t\t\t\t\t\t<div class=\"wd-plan-inner\">\n\t\t\t\t\t\t\t\t\t\t\t\t\t\t\t<div class=\"wd-plan-label price-label\">\n\t\t\t\t\t\t\t\t\t<span>\n\t\t\t\t\t\t\t\t\t\t127mm\t\t\t\t\t\t\t\t\t<\/span>\n\t\t\t\t\t\t\t\t<\/div>\n\t\t\t\t\t\t\t\n\t\t\t\t\t\t\t<div class=\"wd-plan-price\" style=\"\">\n\t\t\t\t\t\t\t\t\t\t\t\t\t\t\t\t\n\t\t\t\t\t\t\t\t\t\t\t\t\t\t\t\t\t<span class=\"wd-price-value\">\n\t\t\t\t\t\t\t\t\t\t4,99\u20ac\t\t\t\t\t\t\t\t\t<\/span>\n\t\t\t\t\t\t\t\t\t\t\t\t\t\t\t\t\n\t\t\t\t\t\t\t\t\t\t\t\t\t\t\t<\/div>\n\n\t\t\t\t\t\t\t\t\t\t\t\t\t\t\t<div class=\"wd-plan-features\">\n\t\t\t\t\t\t\t\t\t\t\t\t\t\t\t\t\t\t\t<div class=\"wd-plan-feature\">\n\t\t\t\t\t\t\t\t\t\t\tDurchmesser: 127mm\t\t\t\t\t\t\t\t\t\t<\/div>\n\t\t\t\t\t\t\t\t\t\t\t\t\t\t\t\t\t\t\t<div class=\"wd-plan-feature\">\n\t\t\t\t\t\t\t\t\t\t\tL\u00e4nge: 5m\t\t\t\t\t\t\t\t\t\t<\/div>\n\t\t\t\t\t\t\t\t\t\t\t\t\t\t\t\t\t<\/div>\n\t\t\t\t\t\t\t\n\t\t\t\t\t\t\t<div class=\"wd-plan-footer\">\n\t\t\t\t\t\t\t\t\t\t\t\t\t\t\t\t\t\t\t\t\t\t\t\t\t\t\t<a  href=\"?add-to-cart=17299\" class=\"button price-plan-btn\">\n\t\t\t\t\t\t\t\t\t\t\tIn den Warenkorb\t\t\t\t\t\t\t\t\t\t<\/a>\n\t\t\t\t\t\t\t\t\t\t\t\t\t\t\t\t\t\t\t\t\t\t\t\t<\/div>\n\t\t\t\t\t\t<\/div>\n\t\t\t\t\t<\/div>\n\t\t\t\t\t\t\t<\/div>\n\t\t<\/div>\n\t\t\n\t\t\t\t\t\t<\/div>\n\t\t\t\t<\/div>\n\t\t\t\t\t<\/div>\n\t\t\t\t<\/div>\n\t\t\t\t<\/div>\n\t\t","protected":false},"excerpt":{"rendered":"<p>Das VDL Alu-Flexrohr mit einem Durchmesser von 125mm und einer L\u00e4nge von 5 Metern ist die perfekte Wahl f\u00fcr Anwendungen<\/p>\n","protected":false},"featured_media":17307,"comment_status":"open","ping_status":"closed","template":"","meta":{"_monsterinsights_skip_tracking":false,"_monsterinsights_sitenote_active":false,"_monsterinsights_sitenote_note":"","_monsterinsights_sitenote_category":0},"product_brand":[],"product_cat":[790],"product_tag":[263,1743,2007,537,1744,2008,2009,1942,2010,2000,2001,586,2002,609,2003,2004,953,2005,959,2006],"class_list":{"0":"post-17298","1":"product","2":"type-product","3":"status-publish","4":"has-post-thumbnail","6":"product_cat-klimatisierung","7":"product_tag-aquaponik","8":"product_tag-rohrsystem","9":"product_tag-haustechnik","10":"product_tag-belueftung","11":"product_tag-rohrleitung","12":"product_tag-luftkanal","13":"product_tag-installation","14":"product_tag-rohr","15":"product_tag-zubehoer","16":"product_tag-vdl","17":"product_tag-alu-flexrohr","18":"product_tag-flexrohr","19":"product_tag-aluminium","20":"product_tag-hydroponik","21":"product_tag-lueftung","22":"product_tag-abluft","23":"product_tag-grow","24":"product_tag-zuluft","25":"product_tag-garten","26":"product_tag-klima","27":"pa_hersteller-vdl","29":"first","30":"instock","31":"taxable","32":"shipping-taxable","33":"purchasable","34":"product-type-variable"},"bundled_by":["17568","17877"],"bundle_stock_status":"instock","bundle_stock_quantity":null,"bundle_virtual":false,"bundle_layout":"","bundle_add_to_cart_form_location":"","bundle_editable_in_cart":false,"bundle_sold_individually_context":"","bundle_item_grouping":"","bundle_min_size":"","bundle_max_size":"","bundle_price":[],"bundled_items":[],"bundle_sell_ids":[],"supplier_id":null,"supplier_sku":"","barcode":null,"atum_controlled":true,"out_stock_date":null,"out_stock_threshold":null,"inheritable":true,"inbound_stock":0,"stock_on_hold":0,"sold_today":0,"sales_last_days":0,"reserved_stock":0,"customer_returns":0,"warehouse_damage":0,"lost_in_post":0,"other_logs":0,"out_stock_days":0,"lost_sales":0,"has_location":false,"update_date":"2026-05-09T00:28:53","atum_locations":[],"atum_stock_status":"instock","restock_status":false,"low_stock_amount":"","sales_update_date":"2026-05-09T00:28:53","calc_backorders":null,"tiered_pricing_type":"fixed","tiered_pricing_fixed_rules":[],"tiered_pricing_product_settings":{"layout":"default","base_unit_name":{"singular":null,"plural":null},"default_variation":null},"tiered_pricing_minimum_quantity":null,"tiered_pricing_roles_data":[],"tiered_pricing_percentage_rules":[],"_links":{"self":[{"href":"https:\/\/www.lets-grow.de\/blog\/wp-json\/wp\/v2\/product\/17298","targetHints":{"allow":["GET"]}}],"collection":[{"href":"https:\/\/www.lets-grow.de\/blog\/wp-json\/wp\/v2\/product"}],"about":[{"href":"https:\/\/www.lets-grow.de\/blog\/wp-json\/wp\/v2\/types\/product"}],"replies":[{"embeddable":true,"href":"https:\/\/www.lets-grow.de\/blog\/wp-json\/wp\/v2\/comments?post=17298"}],"version-history":[{"count":1,"href":"https:\/\/www.lets-grow.de\/blog\/wp-json\/wp\/v2\/product\/17298\/revisions"}],"predecessor-version":[{"id":21075,"href":"https:\/\/www.lets-grow.de\/blog\/wp-json\/wp\/v2\/product\/17298\/revisions\/21075"}],"wp:featuredmedia":[{"embeddable":true,"href":"https:\/\/www.lets-grow.de\/blog\/wp-json\/wp\/v2\/media\/17307"}],"wp:attachment":[{"href":"https:\/\/www.lets-grow.de\/blog\/wp-json\/wp\/v2\/media?parent=17298"}],"wp:term":[{"taxonomy":"product_brand","embeddable":true,"href":"https:\/\/www.lets-grow.de\/blog\/wp-json\/wp\/v2\/product_brand?post=17298"},{"taxonomy":"product_cat","embeddable":true,"href":"https:\/\/www.lets-grow.de\/blog\/wp-json\/wp\/v2\/product_cat?post=17298"},{"taxonomy":"product_tag","embeddable":true,"href":"https:\/\/www.lets-grow.de\/blog\/wp-json\/wp\/v2\/product_tag?post=17298"}],"curies":[{"name":"wp","href":"https:\/\/api.w.org\/{rel}","templated":true}]}}