{"id":17141,"date":"2024-10-24T21:52:38","date_gmt":"2024-10-24T19:52:38","guid":{"rendered":"https:\/\/www.lets-grow.de\/blog\/?post_type=product&#038;p=17141"},"modified":"2026-04-21T08:40:34","modified_gmt":"2026-04-21T06:40:34","slug":"tripart-starterkit-fuer-weiches-wasser","status":"publish","type":"product","link":"https:\/\/www.lets-grow.de\/blog\/shop\/tripart-starterkit-fuer-weiches-wasser\/","title":{"rendered":"Tripart Starterkit"},"content":{"rendered":"\t\t<div data-elementor-type=\"product-post\" data-elementor-id=\"17141\" class=\"elementor elementor-17141\" data-elementor-post-type=\"product\">\n\t\t\t\t<div class=\"wd-negative-gap elementor-element elementor-element-17bfbb1f e-flex e-con-boxed e-con e-parent\" data-id=\"17bfbb1f\" data-element_type=\"container\" data-e-type=\"container\">\n\t\t\t\t\t<div class=\"e-con-inner\">\n\t\t\t\t<div class=\"elementor-element elementor-element-72b4875 elementor-widget elementor-widget-heading\" data-id=\"72b4875\" data-element_type=\"widget\" data-e-type=\"widget\" data-widget_type=\"heading.default\">\n\t\t\t\t\t<h2 class=\"elementor-heading-title elementor-size-default\">Tripart Starterkit 3x 500ml  - inkl. 25g ph Down<\/h2>\t\t\t\t<\/div>\n\t\t\t\t<div class=\"elementor-element elementor-element-1ad26104 color-scheme-inherit text-left elementor-widget elementor-widget-text-editor\" data-id=\"1ad26104\" data-element_type=\"widget\" data-e-type=\"widget\" data-widget_type=\"text-editor.default\">\n\t\t\t\t\t\t\t\t\t<p data-pm-slice=\"1 1 []\">Das <strong>Tripart Starterkit 3x 500ml<\/strong> von <strong>Terra Aquatica<\/strong> bietet ein umfassendes, pr\u00e4zise abgestimmtes N\u00e4hrstoffsystem f\u00fcr Pflanzen in jeder Wachstumsphase. Die drei Komponenten <strong>Grow, Bloom und Micro<\/strong> versorgen deine Pflanzen von der Keimung bis zur Ernte mit allen essenziellen Makro- und Mikron\u00e4hrstoffen. Zus\u00e4tzlich enth\u00e4lt das Set <strong>25g pH Down<\/strong>, um die N\u00e4hrl\u00f6sung optimal anzupassen.<\/p>\t\t\t\t\t\t\t\t<\/div>\n\t\t\t\t<div class=\"elementor-element elementor-element-75614682 elementor-widget elementor-widget-spacer\" data-id=\"75614682\" data-element_type=\"widget\" data-e-type=\"widget\" data-widget_type=\"spacer.default\">\n\t\t\t\t\t\t\t<div class=\"elementor-spacer\">\n\t\t\t<div class=\"elementor-spacer-inner\"><\/div>\n\t\t<\/div>\n\t\t\t\t\t\t<\/div>\n\t\t\t\t<div class=\"elementor-element elementor-element-2295959f elementor-widget elementor-widget-heading\" data-id=\"2295959f\" data-element_type=\"widget\" data-e-type=\"widget\" data-widget_type=\"heading.default\">\n\t\t\t\t\t<h2 class=\"elementor-heading-title elementor-size-default\">Grow<\/h2>\t\t\t\t<\/div>\n\t\t\t\t<div class=\"elementor-element elementor-element-5e4464bf color-scheme-inherit text-left elementor-widget elementor-widget-text-editor\" data-id=\"5e4464bf\" data-element_type=\"widget\" data-e-type=\"widget\" data-widget_type=\"text-editor.default\">\n\t\t\t\t\t\t\t\t\t<p data-pm-slice=\"1 1 []\">\u2705 F\u00f6rdert kr\u00e4ftiges Blattwachstum und eine starke Pflanzenstruktur<br \/>\u2705 Unterst\u00fctzt die Wurzelentwicklung f\u00fcr optimale N\u00e4hrstoffaufnahme<br \/>\u2705 Ideal f\u00fcr die Wachstumsphase, sorgt f\u00fcr gesunde und widerstandsf\u00e4hige Pflanzen<\/p>\t\t\t\t\t\t\t\t<\/div>\n\t\t\t\t<div class=\"elementor-element elementor-element-3dad18a elementor-widget elementor-widget-heading\" data-id=\"3dad18a\" data-element_type=\"widget\" data-e-type=\"widget\" data-widget_type=\"heading.default\">\n\t\t\t\t\t<h2 class=\"elementor-heading-title elementor-size-default\">Bloom<\/h2>\t\t\t\t<\/div>\n\t\t\t\t<div class=\"elementor-element elementor-element-5f3eefd color-scheme-inherit text-left elementor-widget elementor-widget-text-editor\" data-id=\"5f3eefd\" data-element_type=\"widget\" data-e-type=\"widget\" data-widget_type=\"text-editor.default\">\n\t\t\t\t\t\t\t\t\t<p data-pm-slice=\"1 1 []\">\u2705 Steigert die Bl\u00fcten- und Fruchtbildung f\u00fcr h\u00f6here Ertr\u00e4ge<br \/>\u2705 F\u00f6rdert die N\u00e4hrstoffaufnahme w\u00e4hrend der Bl\u00fctephase<br \/>\u2705 Unterst\u00fctzt eine ausgepr\u00e4gte Aromabildung und Qualit\u00e4t der Ernte<\/p>\t\t\t\t\t\t\t\t<\/div>\n\t\t\t\t<div class=\"elementor-element elementor-element-3b334c8 elementor-widget elementor-widget-heading\" data-id=\"3b334c8\" data-element_type=\"widget\" data-e-type=\"widget\" data-widget_type=\"heading.default\">\n\t\t\t\t\t<h2 class=\"elementor-heading-title elementor-size-default\">Micro<\/h2>\t\t\t\t<\/div>\n\t\t\t\t<div class=\"elementor-element elementor-element-52cfc23 color-scheme-inherit text-left elementor-widget elementor-widget-text-editor\" data-id=\"52cfc23\" data-element_type=\"widget\" data-e-type=\"widget\" data-widget_type=\"text-editor.default\">\n\t\t\t\t\t\t\t\t\t<p data-pm-slice=\"1 1 []\">\u2705 Enth\u00e4lt essenzielle Mikron\u00e4hrstoffe f\u00fcr eine ausgewogene Ern\u00e4hrung<br \/>\u2705 St\u00e4rkt die Pflanzen in allen Entwicklungsstadien<br \/>\u2705 Die &#8222;Hartes Wasser&#8220;-Variante ist f\u00fcr Leitungswasser mit <strong>\u00fcber 70 mg\/L Calcium<\/strong> geeignet, w\u00e4hrend die &#8222;Weiches Wasser&#8220;-Version f\u00fcr weicheres Wasser ideal ist<\/p>\t\t\t\t\t\t\t\t<\/div>\n\t\t\t\t<div class=\"elementor-element elementor-element-ba83b39 elementor-widget elementor-widget-spacer\" data-id=\"ba83b39\" data-element_type=\"widget\" data-e-type=\"widget\" data-widget_type=\"spacer.default\">\n\t\t\t\t\t\t\t<div class=\"elementor-spacer\">\n\t\t\t<div class=\"elementor-spacer-inner\"><\/div>\n\t\t<\/div>\n\t\t\t\t\t\t<\/div>\n\t\t\t\t<div class=\"elementor-element elementor-element-20341a9a elementor-widget elementor-widget-heading\" data-id=\"20341a9a\" data-element_type=\"widget\" data-e-type=\"widget\" data-widget_type=\"heading.default\">\n\t\t\t\t\t<h2 class=\"elementor-heading-title elementor-size-default\">Anwendungsgebiete<\/h2>\t\t\t\t<\/div>\n\t\t\t\t<div class=\"elementor-element elementor-element-57aefcd8 elementor-widget elementor-widget-wd_list\" data-id=\"57aefcd8\" data-element_type=\"widget\" data-e-type=\"widget\" data-widget_type=\"wd_list.default\">\n\t\t\t\t<div class=\"elementor-widget-container\">\n\t\t\t\t\t\t\t<ul class=\"wd-list color-scheme-custom wd-fontsize-xs wd-type-icon wd-style-default text-left\">\n\t\t\t\t\t\t\t\t\t\t\t<li class=\"elementor-repeater-item-77fcfb3\">\n\t\t\t\t\t\t\t\t\t\t\t<span class=\"wd-icon\"><span class=\"fas fa-plus-circle\"><\/span><\/span>\t\t\t\t\t\n\t\t\t\t\t<span class=\"wd-list-content list-content\">\n\t\t\t\t\t\t\t\t\t\t\t\t\t<b>Hydroponik:<\/b> Optimal f\u00fcr den Einsatz in hydroponischen Systemen, wo pr\u00e4zise N\u00e4hrstoffkontrolle entscheidend ist.\t\t\t\t\t\t\t\t\t\t\t<\/span>\n\t\t\t\t<\/li>\n\t\t\t\t\t\t\t\t\t\t\t<li class=\"elementor-repeater-item-2691cfc\">\n\t\t\t\t\t\t\t\t\t\t\t<span class=\"wd-icon\"><span class=\"fas fa-plus-circle\"><\/span><\/span>\t\t\t\t\t\n\t\t\t\t\t<span class=\"wd-list-content list-content\">\n\t\t\t\t\t\t\t\t\t\t\t\t\t<b>Erde:<\/b> Sorgt f\u00fcr ein kr\u00e4ftiges Wurzelwachstum und eine \u00fcppige Bl\u00fctenpracht in erdgebundenen Kulturen.\t\t\t\t\t\t\t\t\t\t\t<\/span>\n\t\t\t\t<\/li>\n\t\t\t\t\t\t\t\t\t\t\t<li class=\"elementor-repeater-item-56666e0\">\n\t\t\t\t\t\t\t\t\t\t\t<span class=\"wd-icon\"><span class=\"fas fa-plus-circle\"><\/span><\/span>\t\t\t\t\t\n\t\t\t\t\t<span class=\"wd-list-content list-content\">\n\t\t\t\t\t\t\t\t\t\t\t\t\t<b>Kokos:<\/b>Ideal f\u00fcr den Einsatz in Kokossubstraten, da es alle notwendigen N\u00e4hrstoffe bereitstellt.\t\t\t\t\t\t\t\t\t\t\t<\/span>\n\t\t\t\t<\/li>\n\t\t\t\t\t<\/ul>\n\n\t\t\t\t\t\t<\/div>\n\t\t\t\t<\/div>\n\t\t\t\t<div class=\"elementor-element elementor-element-c4d2f1a elementor-widget elementor-widget-spacer\" data-id=\"c4d2f1a\" data-element_type=\"widget\" data-e-type=\"widget\" data-widget_type=\"spacer.default\">\n\t\t\t\t\t\t\t<div class=\"elementor-spacer\">\n\t\t\t<div class=\"elementor-spacer-inner\"><\/div>\n\t\t<\/div>\n\t\t\t\t\t\t<\/div>\n\t\t\t\t<div class=\"elementor-element elementor-element-79cb773 elementor-widget elementor-widget-heading\" data-id=\"79cb773\" data-element_type=\"widget\" data-e-type=\"widget\" data-widget_type=\"heading.default\">\n\t\t\t\t\t<h2 class=\"elementor-heading-title elementor-size-default\">Dosierungen<\/h2>\t\t\t\t<\/div>\n\t\t\t\t<div class=\"elementor-element elementor-element-31269a7 elementor-widget elementor-widget-wd_list\" data-id=\"31269a7\" data-element_type=\"widget\" data-e-type=\"widget\" data-widget_type=\"wd_list.default\">\n\t\t\t\t<div class=\"elementor-widget-container\">\n\t\t\t\t\t\t\t<ul class=\"wd-list color-scheme-custom wd-fontsize-xs wd-type-icon wd-style-default text-left\">\n\t\t\t\t\t\t\t\t\t\t\t<li class=\"elementor-repeater-item-77fcfb3\">\n\t\t\t\t\t\t\t\t\t\t\t<span class=\"wd-icon\"><span class=\"fas fa-plus-circle\"><\/span><\/span>\t\t\t\t\t\n\t\t\t\t\t<span class=\"wd-list-content list-content\">\n\t\t\t\t\t\t\t\t\t\t\t\t\t<b>Grow:<\/b>\u00a00,2- 2\u00a0ml\/L je nach Wachstumsphase.\t\t\t\t\t\t\t\t\t\t\t<\/span>\n\t\t\t\t<\/li>\n\t\t\t\t\t\t\t\t\t\t\t<li class=\"elementor-repeater-item-2691cfc\">\n\t\t\t\t\t\t\t\t\t\t\t<span class=\"wd-icon\"><span class=\"fas fa-plus-circle\"><\/span><\/span>\t\t\t\t\t\n\t\t\t\t\t<span class=\"wd-list-content list-content\">\n\t\t\t\t\t\t\t\t\t\t\t\t\t<b>Bloom:<\/b> 0,2 -2\u00a0ml\/L zur Unterst\u00fctzung der Bl\u00fcte- und Fruchtbildung.\t\t\t\t\t\t\t\t\t\t\t<\/span>\n\t\t\t\t<\/li>\n\t\t\t\t\t\t\t\t\t\t\t<li class=\"elementor-repeater-item-56666e0\">\n\t\t\t\t\t\t\t\t\t\t\t<span class=\"wd-icon\"><span class=\"fas fa-plus-circle\"><\/span><\/span>\t\t\t\t\t\n\t\t\t\t\t<span class=\"wd-list-content list-content\">\n\t\t\t\t\t\t\t\t\t\t\t\t\t<b>Micro:<\/b> 0,2 -2,5 ml\/L f\u00fcr eine ausgewogene N\u00e4hrstoffzufuhr.\t\t\t\t\t\t\t\t\t\t\t<\/span>\n\t\t\t\t<\/li>\n\t\t\t\t\t<\/ul>\n\n\t\t\t\t\t\t<\/div>\n\t\t\t\t<\/div>\n\t\t\t\t<div class=\"elementor-element elementor-element-3adfdfc3 color-scheme-inherit text-left elementor-widget elementor-widget-text-editor\" data-id=\"3adfdfc3\" data-element_type=\"widget\" data-e-type=\"widget\" data-widget_type=\"text-editor.default\">\n\t\t\t\t\t\t\t\t\t<p><strong>Hinweis:<\/strong> Es wird empfohlen, die Dosierungen entsprechend den spezifischen Bed\u00fcrfnissen deiner Pflanzen und den jeweiligen Wachstumsbedingungen anzupassen.<\/p>\t\t\t\t\t\t\t\t<\/div>\n\t\t\t\t<div class=\"elementor-element elementor-element-3d86443 elementor-widget elementor-widget-spacer\" data-id=\"3d86443\" data-element_type=\"widget\" data-e-type=\"widget\" data-widget_type=\"spacer.default\">\n\t\t\t\t\t\t\t<div class=\"elementor-spacer\">\n\t\t\t<div class=\"elementor-spacer-inner\"><\/div>\n\t\t<\/div>\n\t\t\t\t\t\t<\/div>\n\t\t\t\t<div class=\"elementor-element elementor-element-d6608b7 elementor-widget elementor-widget-heading\" data-id=\"d6608b7\" data-element_type=\"widget\" data-e-type=\"widget\" data-widget_type=\"heading.default\">\n\t\t\t\t\t<h2 class=\"elementor-heading-title elementor-size-default\">Lagerung:<\/h2>\t\t\t\t<\/div>\n\t\t\t\t<div class=\"elementor-element elementor-element-afa2de8 elementor-widget elementor-widget-wd_list\" data-id=\"afa2de8\" data-element_type=\"widget\" data-e-type=\"widget\" data-widget_type=\"wd_list.default\">\n\t\t\t\t<div class=\"elementor-widget-container\">\n\t\t\t\t\t\t\t<ul class=\"wd-list color-scheme-custom wd-fontsize-xs wd-type-icon wd-style-default text-left\">\n\t\t\t\t\t\t\t\t\t\t\t<li class=\"elementor-repeater-item-77fcfb3\">\n\t\t\t\t\t\t\t\t\t\t\t<span class=\"wd-icon\"><span class=\"far fa-arrow-alt-circle-right\"><\/span><\/span>\t\t\t\t\t\n\t\t\t\t\t<span class=\"wd-list-content list-content\">\n\t\t\t\t\t\t\t\t\t\t\t\t\t<b>K\u00fchl und trocken lagern:<\/b> Bewahre das D\u00fcngerset an einem k\u00fchlen, trockenen Ort auf, um die Qualit\u00e4t der N\u00e4hrstoffe zu erhalten.\t\t\t\t\t\t\t\t\t\t\t<\/span>\n\t\t\t\t<\/li>\n\t\t\t\t\t\t\t\t\t\t\t<li class=\"elementor-repeater-item-2691cfc\">\n\t\t\t\t\t\t\t\t\t\t\t<span class=\"wd-icon\"><span class=\"far fa-arrow-alt-circle-right\"><\/span><\/span>\t\t\t\t\t\n\t\t\t\t\t<span class=\"wd-list-content list-content\">\n\t\t\t\t\t\t\t\t\t\t\t\t\t<b>Sonneneinstrahlung<\/b>: Direkte Sonneneinstrahlung kann die Wirksamkeit der D\u00fcngemittel beeintr\u00e4chtigen.\t\t\t\t\t\t\t\t\t\t\t<\/span>\n\t\t\t\t<\/li>\n\t\t\t\t\t\t\t\t\t\t\t<li class=\"elementor-repeater-item-56666e0\">\n\t\t\t\t\t\t\t\t\t\t\t<span class=\"wd-icon\"><span class=\"far fa-arrow-alt-circle-right\"><\/span><\/span>\t\t\t\t\t\n\t\t\t\t\t<span class=\"wd-list-content list-content\">\n\t\t\t\t\t\t\t\t\t\t\t\t\t<b>Gut verschlossen halten:<\/b> Achte darauf, die Flaschen nach jedem Gebrauch fest zu verschlie\u00dfen, um Verunreinigungen und Verdunstung zu verhindern.\t\t\t\t\t\t\t\t\t\t\t<\/span>\n\t\t\t\t<\/li>\n\t\t\t\t\t\t\t\t\t\t\t<li class=\"elementor-repeater-item-b4608e4\">\n\t\t\t\t\t\t\t\t\t\t\t<span class=\"wd-icon\"><span class=\"far fa-arrow-alt-circle-right\"><\/span><\/span>\t\t\t\t\t\n\t\t\t\t\t<span class=\"wd-list-content list-content\">\n\t\t\t\t\t\t\t\t\t\t\t\t\t<b>Frost vermeiden:<\/b> Lagere das Set nicht bei Temperaturen unter dem Gefrierpunkt.\t\t\t\t\t\t\t\t\t\t\t<\/span>\n\t\t\t\t<\/li>\n\t\t\t\t\t<\/ul>\n\n\t\t\t\t\t\t<\/div>\n\t\t\t\t<\/div>\n\t\t\t\t<div class=\"elementor-element elementor-element-1a59516 elementor-widget elementor-widget-spacer\" data-id=\"1a59516\" data-element_type=\"widget\" data-e-type=\"widget\" data-widget_type=\"spacer.default\">\n\t\t\t\t\t\t\t<div class=\"elementor-spacer\">\n\t\t\t<div class=\"elementor-spacer-inner\"><\/div>\n\t\t<\/div>\n\t\t\t\t\t\t<\/div>\n\t\t\t\t<div class=\"elementor-element elementor-element-f1c6e4d elementor-widget elementor-widget-heading\" data-id=\"f1c6e4d\" data-element_type=\"widget\" data-e-type=\"widget\" data-widget_type=\"heading.default\">\n\t\t\t\t\t<h2 class=\"elementor-heading-title elementor-size-default\">Warum Tripart ?<\/h2>\t\t\t\t<\/div>\n\t\t\t\t<div class=\"elementor-element elementor-element-56a6241 color-scheme-inherit text-left elementor-widget elementor-widget-text-editor\" data-id=\"56a6241\" data-element_type=\"widget\" data-e-type=\"widget\" data-widget_type=\"text-editor.default\">\n\t\t\t\t\t\t\t\t\t<p>Tripart ist vielseitig einsetzbar in Hydroponik, Erde und Kokos und l\u00e4sst sich an jede Wachstums- und Bl\u00fctephase anpassen. Es erfordert geringe Dosiermengen pro Liter Wasser und bietet mit seinem einfachen Schema eine unkomplizierte Anwendung. Dank der wenigen Komponenten ist es ideal f\u00fcr Einsteiger und fortgeschrittene G\u00e4rtner, die eine effektive N\u00e4hrstoffversorgung bei minimalem Aufwand suchen.<\/p>\t\t\t\t\t\t\t\t<\/div>\n\t\t\t\t\t<\/div>\n\t\t\t\t<\/div>\n\t\t\t\t<\/div>\n\t\t","protected":false},"excerpt":{"rendered":"<p>Tripart Starterkit 3x 500ml &#8211; inkl. 25g ph Down Das Tripart Starterkit 3x 500ml von Terra Aquatica bietet ein umfassendes,<\/p>\n","protected":false},"featured_media":17150,"comment_status":"open","ping_status":"closed","template":"","meta":{"_monsterinsights_skip_tracking":false,"_monsterinsights_sitenote_active":false,"_monsterinsights_sitenote_note":"","_monsterinsights_sitenote_category":0},"product_brand":[],"product_cat":[589],"product_tag":[960,2027,568,2028,1832,603,1866,609,1890,719,1971,263,844,1975,864,1980,931,1993,953,2026],"class_list":{"0":"post-17141","1":"product","2":"type-product","3":"status-publish","4":"has-post-thumbnail","6":"product_cat-duenger-naehrstoffe","7":"product_tag-tripart","8":"product_tag-anzuchtsystem","9":"product_tag-pflanzen","10":"product_tag-starterpaket","11":"product_tag-indoor","12":"product_tag-pflanzenzucht","13":"product_tag-set","14":"product_tag-hydroponik","15":"product_tag-jungpflanzen","16":"product_tag-pflanzenpflege","17":"product_tag-kraeuter","18":"product_tag-aquaponik","19":"product_tag-anzucht","20":"product_tag-gemuese","21":"product_tag-bewaesserung","22":"product_tag-diy","23":"product_tag-komplettset","24":"product_tag-naehrloesung","25":"product_tag-grow","26":"product_tag-starterkit","27":"pa_hersteller-terra-aquatica","29":"first","30":"instock","31":"taxable","32":"shipping-taxable","33":"purchasable","34":"product-type-variable","35":"has-default-attributes"},"bundled_by":["17568","17877","18709","19233","19247","21225","21233","21243"],"bundle_stock_status":"instock","bundle_stock_quantity":null,"bundle_virtual":false,"bundle_layout":"","bundle_add_to_cart_form_location":"","bundle_editable_in_cart":false,"bundle_sold_individually_context":"","bundle_item_grouping":"","bundle_min_size":"","bundle_max_size":"","bundle_price":[],"bundled_items":[],"bundle_sell_ids":[],"supplier_id":null,"supplier_sku":"","barcode":null,"atum_controlled":true,"out_stock_date":null,"out_stock_threshold":null,"inheritable":true,"inbound_stock":0,"stock_on_hold":0,"sold_today":0,"sales_last_days":1,"reserved_stock":0,"customer_returns":0,"warehouse_damage":0,"lost_in_post":0,"other_logs":0,"out_stock_days":0,"lost_sales":0,"has_location":false,"update_date":"2026-05-02T00:23:07","atum_locations":[],"atum_stock_status":"instock","restock_status":false,"low_stock_amount":"","sales_update_date":"2026-05-02T00:23:07","calc_backorders":null,"tiered_pricing_type":"fixed","tiered_pricing_fixed_rules":[],"tiered_pricing_product_settings":{"layout":"default","base_unit_name":{"singular":null,"plural":null},"default_variation":null},"tiered_pricing_minimum_quantity":null,"tiered_pricing_roles_data":[],"tiered_pricing_percentage_rules":[],"_links":{"self":[{"href":"https:\/\/www.lets-grow.de\/blog\/wp-json\/wp\/v2\/product\/17141","targetHints":{"allow":["GET"]}}],"collection":[{"href":"https:\/\/www.lets-grow.de\/blog\/wp-json\/wp\/v2\/product"}],"about":[{"href":"https:\/\/www.lets-grow.de\/blog\/wp-json\/wp\/v2\/types\/product"}],"replies":[{"embeddable":true,"href":"https:\/\/www.lets-grow.de\/blog\/wp-json\/wp\/v2\/comments?post=17141"}],"version-history":[{"count":1,"href":"https:\/\/www.lets-grow.de\/blog\/wp-json\/wp\/v2\/product\/17141\/revisions"}],"predecessor-version":[{"id":21077,"href":"https:\/\/www.lets-grow.de\/blog\/wp-json\/wp\/v2\/product\/17141\/revisions\/21077"}],"wp:featuredmedia":[{"embeddable":true,"href":"https:\/\/www.lets-grow.de\/blog\/wp-json\/wp\/v2\/media\/17150"}],"wp:attachment":[{"href":"https:\/\/www.lets-grow.de\/blog\/wp-json\/wp\/v2\/media?parent=17141"}],"wp:term":[{"taxonomy":"product_brand","embeddable":true,"href":"https:\/\/www.lets-grow.de\/blog\/wp-json\/wp\/v2\/product_brand?post=17141"},{"taxonomy":"product_cat","embeddable":true,"href":"https:\/\/www.lets-grow.de\/blog\/wp-json\/wp\/v2\/product_cat?post=17141"},{"taxonomy":"product_tag","embeddable":true,"href":"https:\/\/www.lets-grow.de\/blog\/wp-json\/wp\/v2\/product_tag?post=17141"}],"curies":[{"name":"wp","href":"https:\/\/api.w.org\/{rel}","templated":true}]}}