{"id":17098,"date":"2024-10-23T20:52:06","date_gmt":"2024-10-23T18:52:06","guid":{"rendered":"https:\/\/www.lets-grow.de\/blog\/?post_type=product&#038;p=17098"},"modified":"2026-04-30T16:18:24","modified_gmt":"2026-04-30T14:18:24","slug":"vierkanttoepfe-in-diversen-groessen","status":"publish","type":"product","link":"https:\/\/www.lets-grow.de\/blog\/shop\/vierkanttoepfe-in-diversen-groessen\/","title":{"rendered":"Vierkantt\u00f6pfe"},"content":{"rendered":"\t\t<div data-elementor-type=\"product-post\" data-elementor-id=\"17098\" class=\"elementor elementor-17098\" data-elementor-post-type=\"product\">\n\t\t\t\t<div class=\"wd-negative-gap elementor-element elementor-element-7841cd44 e-flex e-con-boxed e-con e-parent\" data-id=\"7841cd44\" data-element_type=\"container\" data-e-type=\"container\">\n\t\t\t\t\t<div class=\"e-con-inner\">\n\t\t\t\t<div class=\"elementor-element elementor-element-171637e elementor-widget elementor-widget-heading\" data-id=\"171637e\" data-element_type=\"widget\" data-e-type=\"widget\" data-widget_type=\"heading.default\">\n\t\t\t\t\t<h2 class=\"elementor-heading-title elementor-size-default\">Vierkantt\u00f6pfe \u2013 Perfekt f\u00fcr Erde &amp; Hydroponik<\/h2>\t\t\t\t<\/div>\n\t\t\t\t<div class=\"elementor-element elementor-element-3c0a5fb1 color-scheme-inherit text-left elementor-widget elementor-widget-text-editor\" data-id=\"3c0a5fb1\" data-element_type=\"widget\" data-e-type=\"widget\" data-widget_type=\"text-editor.default\">\n\t\t\t\t\t\t\t\t\t<p>Die richtigen Pflanzbeh\u00e4lter sind entscheidend f\u00fcr gesundes Wachstum. Unsere Vierkantt\u00f6pfe sind in verschiedenen Gr\u00f6\u00dfen erh\u00e4ltlich und bieten die optimale L\u00f6sung f\u00fcr Hobbyg\u00e4rtner und professionelle Z\u00fcchter. Sie eignen sich sowohl f\u00fcr den klassischen Erdanbau als auch f\u00fcr hydroponische Systeme. Dank ihrer quadratischen Form wird der Platz ideal genutzt, w\u00e4hrend das durchdachte Design ein gesundes Wurzelwachstum f\u00f6rdert.<\/p>\t\t\t\t\t\t\t\t<\/div>\n\t\t\t\t<div class=\"elementor-element elementor-element-f54811f elementor-widget elementor-widget-spacer\" data-id=\"f54811f\" data-element_type=\"widget\" data-e-type=\"widget\" data-widget_type=\"spacer.default\">\n\t\t\t\t\t\t\t<div class=\"elementor-spacer\">\n\t\t\t<div class=\"elementor-spacer-inner\"><\/div>\n\t\t<\/div>\n\t\t\t\t\t\t<\/div>\n\t\t\t\t<div class=\"elementor-element elementor-element-24a266ec elementor-widget elementor-widget-heading\" data-id=\"24a266ec\" data-element_type=\"widget\" data-e-type=\"widget\" data-widget_type=\"heading.default\">\n\t\t\t\t\t<h2 class=\"elementor-heading-title elementor-size-default\">Vielseitige Anwendungsm\u00f6glichkeiten<\/h2>\t\t\t\t<\/div>\n\t\t\t\t<div class=\"elementor-element elementor-element-7488f77a color-scheme-inherit text-left elementor-widget elementor-widget-text-editor\" data-id=\"7488f77a\" data-element_type=\"widget\" data-e-type=\"widget\" data-widget_type=\"text-editor.default\">\n\t\t\t\t\t\t\t\t\t<p>Egal, ob Gem\u00fcse, Kr\u00e4uter oder Zierpflanzen \u2013 diese T\u00f6pfe sind universell einsetzbar. Sie bieten gen\u00fcgend Raum f\u00fcr die Wurzeln und erm\u00f6glichen eine gleichm\u00e4\u00dfige Versorgung mit Wasser und N\u00e4hrstoffen. Besonders in Hydroponiksystemen tragen sie zu maximalem Wachstum und Ertr\u00e4gen bei.<\/p>\t\t\t\t\t\t\t\t<\/div>\n\t\t\t\t<div class=\"elementor-element elementor-element-1c7fab1c elementor-widget elementor-widget-spacer\" data-id=\"1c7fab1c\" data-element_type=\"widget\" data-e-type=\"widget\" data-widget_type=\"spacer.default\">\n\t\t\t\t\t\t\t<div class=\"elementor-spacer\">\n\t\t\t<div class=\"elementor-spacer-inner\"><\/div>\n\t\t<\/div>\n\t\t\t\t\t\t<\/div>\n\t\t\t\t<div class=\"elementor-element elementor-element-5f4b550a elementor-widget elementor-widget-heading\" data-id=\"5f4b550a\" data-element_type=\"widget\" data-e-type=\"widget\" data-widget_type=\"heading.default\">\n\t\t\t\t\t<h2 class=\"elementor-heading-title elementor-size-default\">Robustes und langlebiges Material<\/h2>\t\t\t\t<\/div>\n\t\t\t\t<div class=\"elementor-element elementor-element-b262b7a color-scheme-inherit text-left elementor-widget elementor-widget-text-editor\" data-id=\"b262b7a\" data-element_type=\"widget\" data-e-type=\"widget\" data-widget_type=\"text-editor.default\">\n\t\t\t\t\t\t\t\t\t<p>Unsere Vierkantt\u00f6pfe bestehen aus UV-best\u00e4ndigem, hochwertigem Kunststoff. Sie sind leicht, stabil und widerstandsf\u00e4hig gegen Witterungseinfl\u00fcsse. Das Material sorgt f\u00fcr eine lange Lebensdauer, sowohl im Innen- als auch im Au\u00dfenbereich.<\/p>\t\t\t\t\t\t\t\t<\/div>\n\t\t\t\t<div class=\"elementor-element elementor-element-1ed4208e elementor-widget elementor-widget-spacer\" data-id=\"1ed4208e\" data-element_type=\"widget\" data-e-type=\"widget\" data-widget_type=\"spacer.default\">\n\t\t\t\t\t\t\t<div class=\"elementor-spacer\">\n\t\t\t<div class=\"elementor-spacer-inner\"><\/div>\n\t\t<\/div>\n\t\t\t\t\t\t<\/div>\n\t\t\t\t<div class=\"elementor-element elementor-element-b7b840b elementor-widget elementor-widget-heading\" data-id=\"b7b840b\" data-element_type=\"widget\" data-e-type=\"widget\" data-widget_type=\"heading.default\">\n\t\t\t\t\t<h2 class=\"elementor-heading-title elementor-size-default\">Optimale Drainage f\u00fcr gesundes Wurzelwachstum<\/h2>\t\t\t\t<\/div>\n\t\t\t\t<div class=\"elementor-element elementor-element-33e2a05 color-scheme-inherit text-left elementor-widget elementor-widget-text-editor\" data-id=\"33e2a05\" data-element_type=\"widget\" data-e-type=\"widget\" data-widget_type=\"text-editor.default\">\n\t\t\t\t\t\t\t\t\t<p>Ein durchdachtes Drainagesystem mit mehreren Abflussl\u00f6chern verhindert Staun\u00e4sse und beugt Wurzelf\u00e4ule vor. Dies ist besonders in hydroponischen Anwendungen essenziell, um eine optimale N\u00e4hrstoffaufnahme zu gew\u00e4hrleisten.<\/p>\t\t\t\t\t\t\t\t<\/div>\n\t\t\t\t<div class=\"elementor-element elementor-element-c1e15b5 elementor-widget elementor-widget-spacer\" data-id=\"c1e15b5\" data-element_type=\"widget\" data-e-type=\"widget\" data-widget_type=\"spacer.default\">\n\t\t\t\t\t\t\t<div class=\"elementor-spacer\">\n\t\t\t<div class=\"elementor-spacer-inner\"><\/div>\n\t\t<\/div>\n\t\t\t\t\t\t<\/div>\n\t\t\t\t<div class=\"elementor-element elementor-element-d4ef5d4 elementor-widget elementor-widget-heading\" data-id=\"d4ef5d4\" data-element_type=\"widget\" data-e-type=\"widget\" data-widget_type=\"heading.default\">\n\t\t\t\t\t<h2 class=\"elementor-heading-title elementor-size-default\">Ansprechendes Design f\u00fcr jeden Garten<\/h2>\t\t\t\t<\/div>\n\t\t\t\t<div class=\"elementor-element elementor-element-64a6149 color-scheme-inherit text-left elementor-widget elementor-widget-text-editor\" data-id=\"64a6149\" data-element_type=\"widget\" data-e-type=\"widget\" data-widget_type=\"text-editor.default\">\n\t\t\t\t\t\t\t\t\t<p>Dank der quadratischen Form lassen sich die T\u00f6pfe effizient nebeneinanderstellen, wodurch sie sich ideal f\u00fcr gr\u00f6\u00dfere Anbaufl\u00e4chen eignen. Das schlichte, moderne Design f\u00fcgt sich harmonisch in jedes Garten-, Gew\u00e4chshaus- oder Balkon-Setup ein.<\/p>\t\t\t\t\t\t\t\t<\/div>\n\t\t\t\t<div class=\"elementor-element elementor-element-27b6218 elementor-widget elementor-widget-spacer\" data-id=\"27b6218\" data-element_type=\"widget\" data-e-type=\"widget\" data-widget_type=\"spacer.default\">\n\t\t\t\t\t\t\t<div class=\"elementor-spacer\">\n\t\t\t<div class=\"elementor-spacer-inner\"><\/div>\n\t\t<\/div>\n\t\t\t\t\t\t<\/div>\n\t\t\t\t<div class=\"elementor-element elementor-element-1135964 elementor-widget elementor-widget-heading\" data-id=\"1135964\" data-element_type=\"widget\" data-e-type=\"widget\" data-widget_type=\"heading.default\">\n\t\t\t\t\t<h2 class=\"elementor-heading-title elementor-size-default\">Verf\u00fcgbare Gr\u00f6\u00dfen:<\/h2>\t\t\t\t<\/div>\n\t\t\t\t<div class=\"elementor-element elementor-element-00e90ce color-scheme-inherit text-left elementor-widget elementor-widget-text-editor\" data-id=\"00e90ce\" data-element_type=\"widget\" data-e-type=\"widget\" data-widget_type=\"text-editor.default\">\n\t\t\t\t\t\t\t\t\t<ul><li><strong>8x8x8,5 cm<\/strong> \u2013 Ideal f\u00fcr die Anzucht von S\u00e4mlingen &amp; Stecklingen<\/li><li><strong>9x9x9,5 cm<\/strong> \u2013 Perfekt f\u00fcr Jungpflanzen &amp; kleine Kr\u00e4uter<\/li><li><strong>11x11x11 cm<\/strong> \u2013 Geeignet f\u00fcr die Weiterkultur &amp; mittlere Pflanzen<\/li><li><strong>13x13x13 cm<\/strong> \u2013 Mehr Platz f\u00fcr st\u00e4rkere Wurzelsysteme<\/li><li><strong>22x22x26 cm (11L)<\/strong> \u2013 Optimal f\u00fcr gr\u00f6\u00dfere Pflanzen &amp; Endstadien<\/li><\/ul>\t\t\t\t\t\t\t\t<\/div>\n\t\t\t\t<div class=\"elementor-element elementor-element-1f966e8 elementor-widget elementor-widget-spacer\" data-id=\"1f966e8\" data-element_type=\"widget\" data-e-type=\"widget\" data-widget_type=\"spacer.default\">\n\t\t\t\t\t\t\t<div class=\"elementor-spacer\">\n\t\t\t<div class=\"elementor-spacer-inner\"><\/div>\n\t\t<\/div>\n\t\t\t\t\t\t<\/div>\n\t\t\t\t<div class=\"elementor-element elementor-element-cafcdce elementor-widget elementor-widget-heading\" data-id=\"cafcdce\" data-element_type=\"widget\" data-e-type=\"widget\" data-widget_type=\"heading.default\">\n\t\t\t\t\t<h2 class=\"elementor-heading-title elementor-size-default\">Fazit<\/h2>\t\t\t\t<\/div>\n\t\t\t\t<div class=\"elementor-element elementor-element-f85066a color-scheme-inherit text-left elementor-widget elementor-widget-text-editor\" data-id=\"f85066a\" data-element_type=\"widget\" data-e-type=\"widget\" data-widget_type=\"text-editor.default\">\n\t\t\t\t\t\t\t\t\t<p>Unsere Vierkantt\u00f6pfe bieten h\u00f6chste Flexibilit\u00e4t f\u00fcr verschiedene Anbaumethoden. Sie sind langlebig, funktional und unterst\u00fctzen ein gesundes Pflanzenwachstum. Egal, ob Erde oder Hydroponik \u2013 mit diesen T\u00f6pfen treffen Sie die richtige Wahl!<\/p>\t\t\t\t\t\t\t\t<\/div>\n\t\t\t\t\t<\/div>\n\t\t\t\t<\/div>\n\t\t\t\t<\/div>\n\t\t","protected":false},"excerpt":{"rendered":"<p>Die <strong>Vierkantt\u00f6pfe <\/strong>sind ideal f\u00fcr den Anbau in Erde und hydroponischen Systemen. Dank ihrer quadratischen Form nutzen sie den verf\u00fcgbaren Platz optimal aus. Das robuste Material sorgt f\u00fcr Langlebigkeit, w\u00e4hrend der durchdachte Boden eine gute Drainage gew\u00e4hrleistet. Perfekt f\u00fcr Indoor- &amp; Outdoor-Growing sowie f\u00fcr Aquaponik- und Hydroponikanwendungen.<\/p>\n","protected":false},"featured_media":17866,"comment_status":"open","ping_status":"closed","template":"","meta":{"_monsterinsights_skip_tracking":false,"_monsterinsights_sitenote_active":false,"_monsterinsights_sitenote_note":"","_monsterinsights_sitenote_category":0},"product_brand":[],"product_cat":[560],"product_tag":[923,924,876,925,926,927,920,921,562,922,563],"class_list":{"0":"post-17098","1":"product","2":"type-product","3":"status-publish","4":"has-post-thumbnail","6":"product_cat-toepfe-schalen","7":"product_tag-8x8x8","8":"product_tag-9x9x9","9":"product_tag-5cm","10":"product_tag-11x11x11cm","11":"product_tag-13x13x13cm","12":"product_tag-22x22x26cm","13":"product_tag-vierkanttopf","14":"product_tag-vierkanttoepfe","15":"product_tag-topf","16":"product_tag-blumentopf","17":"product_tag-11l","18":"pa_hersteller-hortitec","20":"first","21":"instock","22":"taxable","23":"shipping-taxable","24":"purchasable","25":"product-type-variable"},"bundled_by":["17568","17877","18665"],"bundle_stock_status":"instock","bundle_stock_quantity":null,"bundle_virtual":false,"bundle_layout":"","bundle_add_to_cart_form_location":"","bundle_editable_in_cart":false,"bundle_sold_individually_context":"","bundle_item_grouping":"","bundle_min_size":"","bundle_max_size":"","bundle_price":[],"bundled_items":[],"bundle_sell_ids":[],"supplier_id":null,"supplier_sku":"","barcode":null,"atum_controlled":true,"out_stock_date":null,"out_stock_threshold":null,"inheritable":true,"inbound_stock":0,"stock_on_hold":0,"sold_today":0,"sales_last_days":0,"reserved_stock":0,"customer_returns":0,"warehouse_damage":0,"lost_in_post":0,"other_logs":0,"out_stock_days":0,"lost_sales":0,"has_location":false,"update_date":"2026-05-03T00:23:55","atum_locations":[],"atum_stock_status":"instock","restock_status":false,"low_stock_amount":"","sales_update_date":"2026-05-03T00:23:55","calc_backorders":null,"tiered_pricing_type":"fixed","tiered_pricing_fixed_rules":[],"tiered_pricing_product_settings":{"layout":"default","base_unit_name":{"singular":null,"plural":null},"default_variation":null},"tiered_pricing_minimum_quantity":null,"tiered_pricing_roles_data":[],"tiered_pricing_percentage_rules":[],"_links":{"self":[{"href":"https:\/\/www.lets-grow.de\/blog\/wp-json\/wp\/v2\/product\/17098","targetHints":{"allow":["GET"]}}],"collection":[{"href":"https:\/\/www.lets-grow.de\/blog\/wp-json\/wp\/v2\/product"}],"about":[{"href":"https:\/\/www.lets-grow.de\/blog\/wp-json\/wp\/v2\/types\/product"}],"replies":[{"embeddable":true,"href":"https:\/\/www.lets-grow.de\/blog\/wp-json\/wp\/v2\/comments?post=17098"}],"version-history":[{"count":0,"href":"https:\/\/www.lets-grow.de\/blog\/wp-json\/wp\/v2\/product\/17098\/revisions"}],"wp:featuredmedia":[{"embeddable":true,"href":"https:\/\/www.lets-grow.de\/blog\/wp-json\/wp\/v2\/media\/17866"}],"wp:attachment":[{"href":"https:\/\/www.lets-grow.de\/blog\/wp-json\/wp\/v2\/media?parent=17098"}],"wp:term":[{"taxonomy":"product_brand","embeddable":true,"href":"https:\/\/www.lets-grow.de\/blog\/wp-json\/wp\/v2\/product_brand?post=17098"},{"taxonomy":"product_cat","embeddable":true,"href":"https:\/\/www.lets-grow.de\/blog\/wp-json\/wp\/v2\/product_cat?post=17098"},{"taxonomy":"product_tag","embeddable":true,"href":"https:\/\/www.lets-grow.de\/blog\/wp-json\/wp\/v2\/product_tag?post=17098"}],"curies":[{"name":"wp","href":"https:\/\/api.w.org\/{rel}","templated":true}]}}