{"id":16994,"date":"2024-10-22T20:08:54","date_gmt":"2024-10-22T18:08:54","guid":{"rendered":"https:\/\/www.lets-grow.de\/blog\/?post_type=product&#038;p=16994"},"modified":"2025-12-04T18:16:29","modified_gmt":"2025-12-04T17:16:29","slug":"multitopfpalette-104-loch-32mm","status":"publish","type":"product","link":"https:\/\/www.lets-grow.de\/blog\/shop\/multitopfpalette-104-loch-32mm\/","title":{"rendered":"Multitopfpalette 104 Loch \/ 32mm"},"content":{"rendered":"\t\t<div data-elementor-type=\"product-post\" data-elementor-id=\"16994\" class=\"elementor elementor-16994\" data-elementor-post-type=\"product\">\n\t\t\t\t<div class=\"wd-negative-gap elementor-element elementor-element-5d3551dc e-flex e-con-boxed e-con e-parent\" data-id=\"5d3551dc\" data-element_type=\"container\" data-e-type=\"container\">\n\t\t\t\t\t<div class=\"e-con-inner\">\n\t\t\t\t<div class=\"elementor-element elementor-element-ad246a8 color-scheme-inherit text-left elementor-widget elementor-widget-text-editor\" data-id=\"ad246a8\" data-element_type=\"widget\" data-e-type=\"widget\" data-widget_type=\"text-editor.default\">\n\t\t\t\t\t\t\t\t\t<p>Multitopfpalette mit 32mm L\u00f6chern und 104 F\u00e4chern sind perfekt geeignet f\u00fcr die Anzucht von Jungpflanzen in verschiedenen Substraten wie Kokos, Perlite, Anzuchterde oder direkt mit Growcoons. Diese Paletten erm\u00f6glichen eine effiziente Keimung und Bewurzelung, da sie ausreichend Platz bieten, um gesunde Wurzelsysteme zu entwickeln, ohne dass die Pflanzen zu fr\u00fch in gr\u00f6\u00dfere T\u00f6pfe umgepflanzt werden m\u00fcssen.<\/p><p>Die 32mm gro\u00dfen L\u00f6cher sorgen f\u00fcr eine gute Bel\u00fcftung der Wurzeln und eine ideale Drainage, um Staun\u00e4sse zu vermeiden. Dank der gleichm\u00e4\u00dfigen Verteilung der 104 L\u00f6cher lassen sich viele Pflanzen auf kleinem Raum gleichzeitig kultivieren. Kombiniert mit Growcoons, bieten die Paletten eine umweltfreundliche und biologisch abbaubare L\u00f6sung, die sich nahtlos in verschiedene Substratarten integrieren l\u00e4sst.<\/p>\t\t\t\t\t\t\t\t<\/div>\n\t\t\t\t<div class=\"elementor-element elementor-element-0805b29 elementor-widget elementor-widget-spacer\" data-id=\"0805b29\" data-element_type=\"widget\" data-e-type=\"widget\" data-widget_type=\"spacer.default\">\n\t\t\t\t\t\t\t<div class=\"elementor-spacer\">\n\t\t\t<div class=\"elementor-spacer-inner\"><\/div>\n\t\t<\/div>\n\t\t\t\t\t\t<\/div>\n\t\t\t\t<div class=\"elementor-element elementor-element-b621722 elementor-widget elementor-widget-heading\" data-id=\"b621722\" data-element_type=\"widget\" data-e-type=\"widget\" data-widget_type=\"heading.default\">\n\t\t\t\t\t<h2 class=\"elementor-heading-title elementor-size-default\">Anwendungen der Multitopfpalette<\/h2>\t\t\t\t<\/div>\n\t\t\t\t<div class=\"elementor-element elementor-element-f412f18 color-scheme-inherit text-left elementor-widget elementor-widget-text-editor\" data-id=\"f412f18\" data-element_type=\"widget\" data-e-type=\"widget\" data-widget_type=\"text-editor.default\">\n\t\t\t\t\t\t\t\t\t<p>Die Multitopfpalette mit 32mm L\u00f6chern und 104 F\u00e4chern bietet vielseitige Anwendungsm\u00f6glichkeiten in der Pflanzenanzucht und ist besonders f\u00fcr folgende Einsatzbereiche geeignet:<\/p>\t\t\t\t\t\t\t\t<\/div>\n\t\t\t\t<div class=\"elementor-element elementor-element-1c32ed8 elementor-widget elementor-widget-wd_list\" data-id=\"1c32ed8\" data-element_type=\"widget\" data-e-type=\"widget\" data-widget_type=\"wd_list.default\">\n\t\t\t\t<div class=\"elementor-widget-container\">\n\t\t\t\t\t\t\t<ul class=\"wd-list color-scheme-custom wd-fontsize-xs wd-type-icon wd-style-default text-left\">\n\t\t\t\t\t\t\t\t\t\t\t<li class=\"elementor-repeater-item-d8994c0\">\n\t\t\t\t\t\t\t\t\t\t\t<span class=\"wd-icon\"><span class=\"fas fa-star\"><\/span><\/span>\t\t\t\t\t\n\t\t\t\t\t<span class=\"wd-list-content list-content\">\n\t\t\t\t\t\t\t\t\t\t\t\t\t<b>Gartenbau und Hobbyg\u00e4rtnerei:<\/b> Ideal f\u00fcr die Anzucht von Gem\u00fcse, Kr\u00e4utern, Blumen und anderen Pflanzenarten. Die Multitopfpalette bietet eine kompakte L\u00f6sung, um viele Jungpflanzen gleichzeitig vorzuziehen und sp\u00e4ter ins Freiland oder ins Gew\u00e4chshaus umzupflanzen.\t\t\t\t\t\t\t\t\t\t\t<\/span>\n\t\t\t\t<\/li>\n\t\t\t\t\t\t\t\t\t\t\t<li class=\"elementor-repeater-item-47c54b7\">\n\t\t\t\t\t\t\t\t\t\t\t<span class=\"wd-icon\"><span class=\"fas fa-star\"><\/span><\/span>\t\t\t\t\t\n\t\t\t\t\t<span class=\"wd-list-content list-content\">\n\t\t\t\t\t\t\t\t\t\t\t\t\t<b>Hydroponische Systeme:<\/b> F\u00fcr den Einsatz in hydroponischen Kulturen ist die Palette perfekt geeignet, um S\u00e4mlinge in verschiedenen Substraten wie Kokos, Perlite oder Growcoons vorzuziehen. Die gleichm\u00e4\u00dfigen L\u00f6cher sorgen f\u00fcr eine optimale Bew\u00e4sserung und Bel\u00fcftung der Wurzeln.\t\t\t\t\t\t\t\t\t\t\t<\/span>\n\t\t\t\t<\/li>\n\t\t\t\t\t\t\t\t\t\t\t<li class=\"elementor-repeater-item-d30bb09\">\n\t\t\t\t\t\t\t\t\t\t\t<span class=\"wd-icon\"><span class=\"fas fa-star\"><\/span><\/span>\t\t\t\t\t\n\t\t\t\t\t<span class=\"wd-list-content list-content\">\n\t\t\t\t\t\t\t\t\t\t\t\t\t<b>Aquaponik-Anlagen:<\/b> In Kombination mit Growcoons oder geeigneten Substraten lassen sich Pflanzen f\u00fcr Aquaponik-Systeme erfolgreich vorziehen. Die Palette erleichtert die Handhabung und das Umpflanzen in die Aquaponik-Betten.\t\t\t\t\t\t\t\t\t\t\t<\/span>\n\t\t\t\t<\/li>\n\t\t\t\t\t\t\t\t\t\t\t<li class=\"elementor-repeater-item-d770d08\">\n\t\t\t\t\t\t\t\t\t\t\t<span class=\"wd-icon\"><span class=\"fas fa-star\"><\/span><\/span>\t\t\t\t\t\n\t\t\t\t\t<span class=\"wd-list-content list-content\">\n\t\t\t\t\t\t\t\t\t\t\t\t\t<b>Gew\u00e4chshausanbau:<\/b> Die Palette erm\u00f6glicht eine platzsparende Anordnung von Jungpflanzen in Gew\u00e4chsh\u00e4usern. Sie l\u00e4sst sich einfach auf Tischen oder Regalen platzieren und bietet eine optimale Nutzung des verf\u00fcgbaren Platzes.\t\t\t\t\t\t\t\t\t\t\t<\/span>\n\t\t\t\t<\/li>\n\t\t\t\t\t\t\t\t\t\t\t<li class=\"elementor-repeater-item-4474e48\">\n\t\t\t\t\t\t\t\t\t\t\t<span class=\"wd-icon\"><span class=\"fas fa-star\"><\/span><\/span>\t\t\t\t\t\n\t\t\t\t\t<span class=\"wd-list-content list-content\">\n\t\t\t\t\t\t\t\t\t\t\t\t\t<b>Pflanzenproduktion im professionellen Bereich:<\/b> F\u00fcr G\u00e4rtnereien und Baumschulen, die eine gro\u00dfe Anzahl an Pflanzen aufziehen, bieten die Multitopfpaletten eine effiziente L\u00f6sung zur Erh\u00f6hung der Keim- und Bewurzelungsraten.\t\t\t\t\t\t\t\t\t\t\t<\/span>\n\t\t\t\t<\/li>\n\t\t\t\t\t\t\t\t\t\t\t<li class=\"elementor-repeater-item-4e83e3b\">\n\t\t\t\t\t\t\t\t\t\t\t<span class=\"wd-icon\"><span class=\"fas fa-star\"><\/span><\/span>\t\t\t\t\t\n\t\t\t\t\t<span class=\"wd-list-content list-content\">\n\t\t\t\t\t\t\t\t\t\t\t\t\t<b>Stecklingsvermehrung:<\/b> Die Palette eignet sich auch f\u00fcr die Anzucht von Stecklingen. Das Substrat im 32mm Loch gibt den Stecklingen Stabilit\u00e4t und f\u00f6rdert die schnelle Bildung neuer Wurzeln.\t\t\t\t\t\t\t\t\t\t\t<\/span>\n\t\t\t\t<\/li>\n\t\t\t\t\t<\/ul>\n\n\t\t\t\t\t\t<\/div>\n\t\t\t\t<\/div>\n\t\t\t\t<div class=\"elementor-element elementor-element-1e4e769 wd-width-100 elementor-widget elementor-widget-wd_images_gallery\" data-id=\"1e4e769\" data-element_type=\"widget\" data-e-type=\"widget\" data-widget_type=\"wd_images_gallery.default\">\n\t\t\t\t<div class=\"elementor-widget-container\">\n\t\t\t\t\t\t\t<div class=\"wd-images-gallery photoswipe-images\" style=\"--wd-align-items:center; --wd-justify-content:center;\">\n\t\t\t\t\t\t<div class=\"wd-grid-g\" style=\"--wd-col-lg:3;--wd-col-md:3;--wd-col-sm:1;--wd-gap-lg:0px;\" >\n\t\t\t\t\t\t\t\t\t\t\t\t\t\t\t\t\t\t<div class=\"wd-gallery-item wd-col\">\n\t\t\t\t\t\t\t\t\t\t\t\t\t<a  href=\"https:\/\/www.lets-grow.de\/blog\/wp-content\/uploads\/2024\/10\/anzuchtschale.png\" data-width=\"600\" data-height=\"600\" data-index=\"1\" data-elementor-open-lightbox=\"no\">\n\t\t\t\t\t\t\n\t\t\t\t\t\t<img decoding=\"async\" width=\"300\" height=\"300\" src=\"https:\/\/www.lets-grow.de\/blog\/wp-content\/uploads\/2024\/10\/anzuchtschale-300x300.png\" class=\"attachment-medium size-medium\" alt=\"Multitopfpalette\" srcset=\"https:\/\/www.lets-grow.de\/blog\/wp-content\/uploads\/2024\/10\/anzuchtschale-300x300.png 300w, https:\/\/www.lets-grow.de\/blog\/wp-content\/uploads\/2024\/10\/anzuchtschale-430x430.png 430w, https:\/\/www.lets-grow.de\/blog\/wp-content\/uploads\/2024\/10\/anzuchtschale-190x190.png 190w, https:\/\/www.lets-grow.de\/blog\/wp-content\/uploads\/2024\/10\/anzuchtschale-150x150.png 150w, https:\/\/www.lets-grow.de\/blog\/wp-content\/uploads\/2024\/10\/anzuchtschale-120x120.png 120w, https:\/\/www.lets-grow.de\/blog\/wp-content\/uploads\/2024\/10\/anzuchtschale.png 600w\" sizes=\"(max-width: 300px) 100vw, 300px\" \/>\n\t\t\t\t\t\t\t\t\t\t\t\t\t<\/a>\n\t\t\t\t\t\t\t\t\t\t\t<\/div>\n\t\t\t\t\t\t\t\t\t\t\t\t\t\t\t<div class=\"wd-gallery-item wd-col\">\n\t\t\t\t\t\t\t\t\t\t\t\t\t<a  href=\"https:\/\/www.lets-grow.de\/blog\/wp-content\/uploads\/2020\/05\/20200519_181514.jpg\" data-width=\"800\" data-height=\"679\" data-index=\"2\" data-elementor-open-lightbox=\"no\">\n\t\t\t\t\t\t\n\t\t\t\t\t\t<img decoding=\"async\" width=\"300\" height=\"255\" src=\"https:\/\/www.lets-grow.de\/blog\/wp-content\/uploads\/2020\/05\/20200519_181514-300x255.jpg\" class=\"attachment-medium size-medium\" alt=\"H\u00e4ufig gestellte Fragen Pflanzen\" srcset=\"https:\/\/www.lets-grow.de\/blog\/wp-content\/uploads\/2020\/05\/20200519_181514-300x255.jpg 300w, https:\/\/www.lets-grow.de\/blog\/wp-content\/uploads\/2020\/05\/20200519_181514-190x161.jpg 190w, https:\/\/www.lets-grow.de\/blog\/wp-content\/uploads\/2020\/05\/20200519_181514-700x594.jpg 700w, https:\/\/www.lets-grow.de\/blog\/wp-content\/uploads\/2020\/05\/20200519_181514-768x652.jpg 768w, https:\/\/www.lets-grow.de\/blog\/wp-content\/uploads\/2020\/05\/20200519_181514.jpg 800w\" sizes=\"(max-width: 300px) 100vw, 300px\" \/>\n\t\t\t\t\t\t\t\t\t\t\t\t\t<\/a>\n\t\t\t\t\t\t\t\t\t\t\t<\/div>\n\t\t\t\t\t\t\t\t\t\t\t\t\t\t\t<div class=\"wd-gallery-item wd-col\">\n\t\t\t\t\t\t\t\t\t\t\t\t\t<a  href=\"https:\/\/www.lets-grow.de\/blog\/wp-content\/uploads\/2011\/06\/salat03.jpg\" data-width=\"600\" data-height=\"450\" data-index=\"3\" data-elementor-open-lightbox=\"no\">\n\t\t\t\t\t\t\n\t\t\t\t\t\t<img decoding=\"async\" width=\"300\" height=\"225\" src=\"https:\/\/www.lets-grow.de\/blog\/wp-content\/uploads\/2011\/06\/salat03-300x225.jpg\" class=\"attachment-medium size-medium\" alt=\"salat03\" srcset=\"https:\/\/www.lets-grow.de\/blog\/wp-content\/uploads\/2011\/06\/salat03-300x225.jpg 300w, https:\/\/www.lets-grow.de\/blog\/wp-content\/uploads\/2011\/06\/salat03-190x143.jpg 190w, https:\/\/www.lets-grow.de\/blog\/wp-content\/uploads\/2011\/06\/salat03-350x263.jpg 350w, https:\/\/www.lets-grow.de\/blog\/wp-content\/uploads\/2011\/06\/salat03.jpg 600w\" sizes=\"(max-width: 300px) 100vw, 300px\" \/>\n\t\t\t\t\t\t\t\t\t\t\t\t\t<\/a>\n\t\t\t\t\t\t\t\t\t\t\t<\/div>\n\t\t\t\t\t\t\t\t\t\t\t\t\t<\/div>\n\t\t\t\t\t<\/div>\n\t\t\t\t\t\t<\/div>\n\t\t\t\t<\/div>\n\t\t\t\t<div class=\"elementor-element elementor-element-885738e color-scheme-inherit text-left elementor-widget elementor-widget-text-editor\" data-id=\"885738e\" data-element_type=\"widget\" data-e-type=\"widget\" data-widget_type=\"text-editor.default\">\n\t\t\t\t\t\t\t\t\t<p>Mit diesen vielseitigen Anwendungsm\u00f6glichkeiten ist die Multitopfpalette ein unverzichtbares Hilfsmittel f\u00fcr jeden Pflanzenliebhaber und professionellen G\u00e4rtner.<\/p>\t\t\t\t\t\t\t\t<\/div>\n\t\t\t\t<div class=\"elementor-element elementor-element-d3f6446 elementor-widget elementor-widget-spacer\" data-id=\"d3f6446\" data-element_type=\"widget\" data-e-type=\"widget\" data-widget_type=\"spacer.default\">\n\t\t\t\t\t\t\t<div class=\"elementor-spacer\">\n\t\t\t<div class=\"elementor-spacer-inner\"><\/div>\n\t\t<\/div>\n\t\t\t\t\t\t<\/div>\n\t\t\t\t<div class=\"elementor-element elementor-element-20f7e84 elementor-widget elementor-widget-heading\" data-id=\"20f7e84\" data-element_type=\"widget\" data-e-type=\"widget\" data-widget_type=\"heading.default\">\n\t\t\t\t\t<h2 class=\"elementor-heading-title elementor-size-default\">Produktdetails<\/h2>\t\t\t\t<\/div>\n\t\t\t\t<div class=\"elementor-element elementor-element-3720b1f elementor-widget elementor-widget-wd_list\" data-id=\"3720b1f\" data-element_type=\"widget\" data-e-type=\"widget\" data-widget_type=\"wd_list.default\">\n\t\t\t\t<div class=\"elementor-widget-container\">\n\t\t\t\t\t\t\t<ul class=\"wd-list color-scheme-custom wd-fontsize-xs wd-type-icon wd-style-default text-left\">\n\t\t\t\t\t\t\t\t\t\t\t<li class=\"elementor-repeater-item-77fcfb3\">\n\t\t\t\t\t\t\t\t\t\t\t<span class=\"wd-icon\"><span class=\"fas fa-plus-circle\"><\/span><\/span>\t\t\t\t\t\n\t\t\t\t\t<span class=\"wd-list-content list-content\">\n\t\t\t\t\t\t\t\t\t\t\t\t\t<b>Lochanzahl:<\/b> 104 L\u00f6cher in 8 Reihen\t\t\t\t\t\t\t\t\t\t\t<\/span>\n\t\t\t\t<\/li>\n\t\t\t\t\t\t\t\t\t\t\t<li class=\"elementor-repeater-item-2691cfc\">\n\t\t\t\t\t\t\t\t\t\t\t<span class=\"wd-icon\"><span class=\"fas fa-plus-circle\"><\/span><\/span>\t\t\t\t\t\n\t\t\t\t\t<span class=\"wd-list-content list-content\">\n\t\t\t\t\t\t\t\t\t\t\t\t\t<b>Robustes Material:<\/b> Hergestellt aus einem hochwertigen Kunststoff\t\t\t\t\t\t\t\t\t\t\t<\/span>\n\t\t\t\t<\/li>\n\t\t\t\t\t\t\t\t\t\t\t<li class=\"elementor-repeater-item-56666e0\">\n\t\t\t\t\t\t\t\t\t\t\t<span class=\"wd-icon\"><span class=\"fas fa-plus-circle\"><\/span><\/span>\t\t\t\t\t\n\t\t\t\t\t<span class=\"wd-list-content list-content\">\n\t\t\t\t\t\t\t\t\t\t\t\t\t<b>Wiederverwendbar:<\/b> Nach der Anzucht einfach s\u00e4ubern und wiederverwenden\t\t\t\t\t\t\t\t\t\t\t<\/span>\n\t\t\t\t<\/li>\n\t\t\t\t\t<\/ul>\n\n\t\t\t\t\t\t<\/div>\n\t\t\t\t<\/div>\n\t\t\t\t<div class=\"elementor-element elementor-element-711b767 elementor-widget elementor-widget-spacer\" data-id=\"711b767\" data-element_type=\"widget\" data-e-type=\"widget\" data-widget_type=\"spacer.default\">\n\t\t\t\t\t\t\t<div class=\"elementor-spacer\">\n\t\t\t<div class=\"elementor-spacer-inner\"><\/div>\n\t\t<\/div>\n\t\t\t\t\t\t<\/div>\n\t\t\t\t<div class=\"elementor-element elementor-element-b9e1403 color-scheme-inherit text-left elementor-widget elementor-widget-text-editor\" data-id=\"b9e1403\" data-element_type=\"widget\" data-e-type=\"widget\" data-widget_type=\"text-editor.default\">\n\t\t\t\t\t\t\t\t\t<p>Egal, ob Sie Jungpflanzen f\u00fcr den Garten, den hydroponischen Anbau oder das Gew\u00e4chshaus vorbereiten, die Multitopfpaletten sind eine zuverl\u00e4ssige und vielseitige Wahl f\u00fcr eine erfolgreiche Anzucht.<\/p>\t\t\t\t\t\t\t\t<\/div>\n\t\t\t\t\t<\/div>\n\t\t\t\t<\/div>\n\t\t\t\t<\/div>\n\t\t","protected":false},"excerpt":{"rendered":"<p>Anzuchtplatte aus stabilem Kunststoff, ideal in Kombination mit Kokos, Perlite oder unserer Anzuchterde<\/p>\n","protected":false},"featured_media":16995,"comment_status":"open","ping_status":"closed","template":"","meta":{"_monsterinsights_skip_tracking":false,"_monsterinsights_sitenote_active":false,"_monsterinsights_sitenote_note":"","_monsterinsights_sitenote_category":0},"product_brand":[],"product_cat":[560],"product_tag":[1167,2037,263,1546,2038,1832,2039,1890,603,1971,609,1975,844,1982,852,1996,864,1997,959,2035,1066,2036],"class_list":{"0":"post-16994","1":"product","2":"type-product","3":"status-publish","4":"has-post-thumbnail","6":"product_cat-toepfe-schalen","7":"product_tag-gewaechshaus","8":"product_tag-anzuchtpalette","9":"product_tag-aquaponik","10":"product_tag-setzlinge","11":"product_tag-pflanzentoepfe","12":"product_tag-indoor","13":"product_tag-pflanzenset","14":"product_tag-jungpflanzen","15":"product_tag-pflanzenzucht","16":"product_tag-kraeuter","17":"product_tag-hydroponik","18":"product_tag-gemuese","19":"product_tag-anzucht","20":"product_tag-stapelbar","21":"product_tag-anzuchtplatte","22":"product_tag-tomaten","23":"product_tag-bewaesserung","24":"product_tag-gurken","25":"product_tag-garten","26":"product_tag-104-loch","27":"product_tag-multitopfpalette","28":"product_tag-32-mm","30":"first","31":"instock","32":"taxable","33":"shipping-taxable","34":"purchasable","35":"product-type-simple"},"bundled_by":[],"bundle_stock_status":"instock","bundle_stock_quantity":10,"bundle_virtual":false,"bundle_layout":"","bundle_add_to_cart_form_location":"","bundle_editable_in_cart":false,"bundle_sold_individually_context":"","bundle_item_grouping":"","bundle_min_size":"","bundle_max_size":"","bundle_price":[],"bundled_items":[],"bundle_sell_ids":[],"supplier_id":null,"supplier_sku":"","barcode":null,"atum_controlled":true,"out_stock_date":null,"out_stock_threshold":null,"inheritable":false,"inbound_stock":0,"stock_on_hold":0,"sold_today":0,"sales_last_days":0,"reserved_stock":0,"customer_returns":0,"warehouse_damage":0,"lost_in_post":0,"other_logs":0,"out_stock_days":0,"lost_sales":0,"has_location":false,"update_date":"2026-04-29T00:21:32","atum_locations":[],"atum_stock_status":"instock","restock_status":false,"low_stock_amount":"","sales_update_date":"2026-04-29T00:21:32","calc_backorders":null,"tiered_pricing_type":"fixed","tiered_pricing_fixed_rules":[],"tiered_pricing_product_settings":{"layout":"default","base_unit_name":{"singular":null,"plural":null},"default_variation":null},"tiered_pricing_minimum_quantity":null,"tiered_pricing_roles_data":[],"tiered_pricing_percentage_rules":[],"_links":{"self":[{"href":"https:\/\/www.lets-grow.de\/blog\/wp-json\/wp\/v2\/product\/16994","targetHints":{"allow":["GET"]}}],"collection":[{"href":"https:\/\/www.lets-grow.de\/blog\/wp-json\/wp\/v2\/product"}],"about":[{"href":"https:\/\/www.lets-grow.de\/blog\/wp-json\/wp\/v2\/types\/product"}],"replies":[{"embeddable":true,"href":"https:\/\/www.lets-grow.de\/blog\/wp-json\/wp\/v2\/comments?post=16994"}],"version-history":[{"count":1,"href":"https:\/\/www.lets-grow.de\/blog\/wp-json\/wp\/v2\/product\/16994\/revisions"}],"predecessor-version":[{"id":21078,"href":"https:\/\/www.lets-grow.de\/blog\/wp-json\/wp\/v2\/product\/16994\/revisions\/21078"}],"wp:featuredmedia":[{"embeddable":true,"href":"https:\/\/www.lets-grow.de\/blog\/wp-json\/wp\/v2\/media\/16995"}],"wp:attachment":[{"href":"https:\/\/www.lets-grow.de\/blog\/wp-json\/wp\/v2\/media?parent=16994"}],"wp:term":[{"taxonomy":"product_brand","embeddable":true,"href":"https:\/\/www.lets-grow.de\/blog\/wp-json\/wp\/v2\/product_brand?post=16994"},{"taxonomy":"product_cat","embeddable":true,"href":"https:\/\/www.lets-grow.de\/blog\/wp-json\/wp\/v2\/product_cat?post=16994"},{"taxonomy":"product_tag","embeddable":true,"href":"https:\/\/www.lets-grow.de\/blog\/wp-json\/wp\/v2\/product_tag?post=16994"}],"curies":[{"name":"wp","href":"https:\/\/api.w.org\/{rel}","templated":true}]}}