{"id":16989,"date":"2024-10-22T19:35:39","date_gmt":"2024-10-22T17:35:39","guid":{"rendered":"https:\/\/www.lets-grow.de\/blog\/?post_type=product&#038;p=16989"},"modified":"2026-04-30T09:26:51","modified_gmt":"2026-04-30T07:26:51","slug":"aquaforte_ap-serie_kompressor","status":"publish","type":"product","link":"https:\/\/www.lets-grow.de\/blog\/shop\/aquaforte_ap-serie_kompressor\/","title":{"rendered":"Aquaforte AP-Serie"},"content":{"rendered":"\t\t<div data-elementor-type=\"product-post\" data-elementor-id=\"16989\" class=\"elementor elementor-16989\" data-elementor-post-type=\"product\">\n\t\t\t\t<div class=\"wd-negative-gap elementor-element elementor-element-27e40432 e-flex e-con-boxed e-con e-parent\" data-id=\"27e40432\" data-element_type=\"container\" data-e-type=\"container\">\n\t\t\t\t\t<div class=\"e-con-inner\">\n\t\t\t\t<div class=\"elementor-element elementor-element-32457da color-scheme-inherit text-left elementor-widget elementor-widget-text-editor\" data-id=\"32457da\" data-element_type=\"widget\" data-e-type=\"widget\" data-widget_type=\"text-editor.default\">\n\t\t\t\t\t\t\t\t\t<p>Die Aquaforte AP-Serie ist unser Luxusmodell unter den Membrankompressoren, welches wir f\u00fcr alle Systeme mit hohen Anforderungen an die Sauerstoffanreicherung des Wassers legen.<\/p><p>Ob f\u00fcr die Bel\u00fcftung vom Raft, den Betrieb von Lufthebern, Bel\u00fcftung des Biofilters oder der Sicherstellung von ausreichend Sauerstoff f\u00fcr die Wasserbewohner, f\u00fcr alles ist die Aquaforte AP-Serie perfekt ausgelegt.<\/p><p>Diese Ger\u00e4te kombinieren herausragende Leistung, Energieeffizienz und Benutzerfreundlichkeit, um optimale Ergebnisse in verschiedenen Anwendungen zu gew\u00e4hrleisten.<\/p>\t\t\t\t\t\t\t\t<\/div>\n\t\t\t\t<div class=\"elementor-element elementor-element-417d320d elementor-widget elementor-widget-spacer\" data-id=\"417d320d\" data-element_type=\"widget\" data-e-type=\"widget\" data-widget_type=\"spacer.default\">\n\t\t\t\t\t\t\t<div class=\"elementor-spacer\">\n\t\t\t<div class=\"elementor-spacer-inner\"><\/div>\n\t\t<\/div>\n\t\t\t\t\t\t<\/div>\n\t\t\t\t<div class=\"elementor-element elementor-element-1afb5aaf elementor-widget elementor-widget-heading\" data-id=\"1afb5aaf\" data-element_type=\"widget\" data-e-type=\"widget\" data-widget_type=\"heading.default\">\n\t\t\t\t\t<h2 class=\"elementor-heading-title elementor-size-default\">Vorteile der Aquaforte AP-Serie<\/h2>\t\t\t\t<\/div>\n\t\t\t\t<div class=\"elementor-element elementor-element-fbc5cec wd-width-100 elementor-widget elementor-widget-wd_title\" data-id=\"fbc5cec\" data-element_type=\"widget\" data-e-type=\"widget\" data-widget_type=\"wd_title.default\">\n\t\t\t\t<div class=\"elementor-widget-container\">\n\t\t\t\t\t\t\t<div class=\"title-wrapper wd-set-mb reset-last-child wd-title-color-default wd-title-style-default wd-title-size-default text-left\">\n\n\t\t\t\n\t\t\t<div class=\"liner-continer\">\n\t\t\t\t<h4 class=\"woodmart-title-container title wd-fontsize-l\">1. Hohe Energieeffizienz<\/h4> \n\t\t\t\t\t\t\t<\/div>\n\n\t\t\t\t\t\t\t<div class=\"title-after_title reset-last-child wd-fontsize-xs\">\n\t\t\t\t\t<p>Die AP-Serie \u00fcberzeugt durch ihre Energieeffizienz. Membrankompressoren sind bekannt f\u00fcr ihren niedrigen Stromverbrauch im Vergleich zu herk\u00f6mmlichen Kompressoren. Dadurch reduzieren sie nicht nur die Betriebskosten, sondern tragen auch zu einer umweltfreundlicheren L\u00f6sung bei, indem sie den CO2-Aussto\u00df minimieren.<\/p>\t\t\t\t<\/div>\n\t\t\t\t\t<\/div>\n\t\t\t\t\t\t<\/div>\n\t\t\t\t<\/div>\n\t\t\t\t<div class=\"elementor-element elementor-element-e3628de wd-width-100 elementor-widget elementor-widget-wd_title\" data-id=\"e3628de\" data-element_type=\"widget\" data-e-type=\"widget\" data-widget_type=\"wd_title.default\">\n\t\t\t\t<div class=\"elementor-widget-container\">\n\t\t\t\t\t\t\t<div class=\"title-wrapper wd-set-mb reset-last-child wd-title-color-default wd-title-style-default wd-title-size-default text-left\">\n\n\t\t\t\n\t\t\t<div class=\"liner-continer\">\n\t\t\t\t<h4 class=\"woodmart-title-container title wd-fontsize-l\">2. Vielseitige Anwendungsm\u00f6glichkeiten<\/h4> \n\t\t\t\t\t\t\t<\/div>\n\n\t\t\t\t\t\t\t<div class=\"title-after_title reset-last-child wd-fontsize-xs\">\n\t\t\t\t\t<p>Die Aquaforte AP-Serie ist \u00e4u\u00dferst vielseitig und eignet sich f\u00fcr zahlreiche Anwendungen. Ob zur Bel\u00fcftung von Aquarien, zur Sauerstoffversorgung von Teichen oder zur Luftzufuhr in Gew\u00e4chsh\u00e4usern \u2013 die Membrankompressoren dieser Serie sind f\u00fcr eine breite Palette von Umgebungen konzipiert. Sie gew\u00e4hrleisten eine gleichm\u00e4\u00dfige und zuverl\u00e4ssige Luftzirkulation, die f\u00fcr das Wohlbefinden von Pflanzen und Tieren entscheidend ist.<\/p>\t\t\t\t<\/div>\n\t\t\t\t\t<\/div>\n\t\t\t\t\t\t<\/div>\n\t\t\t\t<\/div>\n\t\t\t\t<div class=\"elementor-element elementor-element-069aa1c wd-width-100 elementor-widget elementor-widget-wd_title\" data-id=\"069aa1c\" data-element_type=\"widget\" data-e-type=\"widget\" data-widget_type=\"wd_title.default\">\n\t\t\t\t<div class=\"elementor-widget-container\">\n\t\t\t\t\t\t\t<div class=\"title-wrapper wd-set-mb reset-last-child wd-title-color-default wd-title-style-default wd-title-size-default text-left\">\n\n\t\t\t\n\t\t\t<div class=\"liner-continer\">\n\t\t\t\t<h4 class=\"woodmart-title-container title wd-fontsize-l\">3. Einfache Installation und Bedienung<\/h4> \n\t\t\t\t\t\t\t<\/div>\n\n\t\t\t\t\t\t\t<div class=\"title-after_title reset-last-child wd-fontsize-xs\">\n\t\t\t\t\t<p>Ein weiteres Highlight der AP-Serie ist die einfache Installation. Dank des benutzerfreundlichen Designs und der klaren Anleitungen k\u00f6nnen Sie den Kompressor schnell in Betrieb nehmen. Die intuitive Steuerung erm\u00f6glicht eine pr\u00e4zise Einstellung der gew\u00fcnschten Luftmenge, sodass Sie sich keine Gedanken \u00fcber komplizierte Einstellungen machen m\u00fcssen.<\/p>\t\t\t\t<\/div>\n\t\t\t\t\t<\/div>\n\t\t\t\t\t\t<\/div>\n\t\t\t\t<\/div>\n\t\t\t\t<div class=\"elementor-element elementor-element-f7008d0 wd-width-100 elementor-widget elementor-widget-wd_title\" data-id=\"f7008d0\" data-element_type=\"widget\" data-e-type=\"widget\" data-widget_type=\"wd_title.default\">\n\t\t\t\t<div class=\"elementor-widget-container\">\n\t\t\t\t\t\t\t<div class=\"title-wrapper wd-set-mb reset-last-child wd-title-color-default wd-title-style-default wd-title-size-default text-left\">\n\n\t\t\t\n\t\t\t<div class=\"liner-continer\">\n\t\t\t\t<h4 class=\"woodmart-title-container title wd-fontsize-l\">4. Robuste Bauweise und Langlebigkeit<\/h4> \n\t\t\t\t\t\t\t<\/div>\n\n\t\t\t\t\t\t\t<div class=\"title-after_title reset-last-child wd-fontsize-xs\">\n\t\t\t\t\t<p>Aquaforte legt gro\u00dfen Wert auf Qualit\u00e4t. Die Membrankompressoren der AP-Serie sind aus hochwertigen, witterungsbest\u00e4ndigen Materialien gefertigt, die eine lange Lebensdauer garantieren. Selbst unter anspruchsvollen Bedingungen arbeiten sie zuverl\u00e4ssig und effizient.<\/p>\t\t\t\t<\/div>\n\t\t\t\t\t<\/div>\n\t\t\t\t\t\t<\/div>\n\t\t\t\t<\/div>\n\t\t\t\t<div class=\"elementor-element elementor-element-02bb540 wd-width-100 elementor-widget elementor-widget-wd_title\" data-id=\"02bb540\" data-element_type=\"widget\" data-e-type=\"widget\" data-widget_type=\"wd_title.default\">\n\t\t\t\t<div class=\"elementor-widget-container\">\n\t\t\t\t\t\t\t<div class=\"title-wrapper wd-set-mb reset-last-child wd-title-color-default wd-title-style-default wd-title-size-default text-left\">\n\n\t\t\t\n\t\t\t<div class=\"liner-continer\">\n\t\t\t\t<h4 class=\"woodmart-title-container title wd-fontsize-l\">5. Ger\u00e4uscharm<\/h4> \n\t\t\t\t\t\t\t<\/div>\n\n\t\t\t\t\t\t\t<div class=\"title-after_title reset-last-child wd-fontsize-xs\">\n\t\t\t\t\t<p>Die AP-Serie arbeitet \u00e4u\u00dferst leise, was sie ideal f\u00fcr den Einsatz in Wohngebieten oder in der N\u00e4he von empfindlichen Tieren macht. Dank der innovativen Ger\u00e4uschd\u00e4mpfungstechnologie k\u00f6nnen Sie die Vorteile der Bel\u00fcftung genie\u00dfen, ohne durch laute Betriebsger\u00e4usche gest\u00f6rt zu werden.<\/p>\t\t\t\t<\/div>\n\t\t\t\t\t<\/div>\n\t\t\t\t\t\t<\/div>\n\t\t\t\t<\/div>\n\t\t\t\t<div class=\"elementor-element elementor-element-f495294 elementor-widget elementor-widget-spacer\" data-id=\"f495294\" data-element_type=\"widget\" data-e-type=\"widget\" data-widget_type=\"spacer.default\">\n\t\t\t\t\t\t\t<div class=\"elementor-spacer\">\n\t\t\t<div class=\"elementor-spacer-inner\"><\/div>\n\t\t<\/div>\n\t\t\t\t\t\t<\/div>\n\t\t\t\t<div class=\"elementor-element elementor-element-b410e27 elementor-widget elementor-widget-heading\" data-id=\"b410e27\" data-element_type=\"widget\" data-e-type=\"widget\" data-widget_type=\"heading.default\">\n\t\t\t\t\t<h2 class=\"elementor-heading-title elementor-size-default\">Technische Spezifikationen<\/h2>\t\t\t\t<\/div>\n\t\t\t\t<div class=\"elementor-element elementor-element-5813024 color-scheme-inherit text-left elementor-widget elementor-widget-text-editor\" data-id=\"5813024\" data-element_type=\"widget\" data-e-type=\"widget\" data-widget_type=\"text-editor.default\">\n\t\t\t\t\t\t\t\t\t<p>Die AP-Serie umfasst verschiedene Modelle, die auf unterschiedliche Anforderungen abgestimmt sind. Hier sind einige der technischen Spezifikationen:<\/p>\t\t\t\t\t\t\t\t<\/div>\n\t\t\t\t<div class=\"elementor-element elementor-element-a304460 elementor-widget elementor-widget-wd_list\" data-id=\"a304460\" data-element_type=\"widget\" data-e-type=\"widget\" data-widget_type=\"wd_list.default\">\n\t\t\t\t<div class=\"elementor-widget-container\">\n\t\t\t\t\t\t\t<ul class=\"wd-list color-scheme-custom wd-fontsize-xs wd-type-icon wd-style-default text-left\">\n\t\t\t\t\t\t\t\t\t\t\t<li class=\"elementor-repeater-item-93d7039\">\n\t\t\t\t\t\t\t\t\t\t\t<span class=\"wd-icon\"><span class=\"far fa-check-circle\"><\/span><\/span>\t\t\t\t\t\n\t\t\t\t\t<span class=\"wd-list-content list-content\">\n\t\t\t\t\t\t\t\t\t\t\t\t\t<b>Leistungsbereich:<\/b> je nach Modell von 35 bis 200 l\/min, ideal f\u00fcr kleine bis gro\u00dfe Anlagen und Teiche.\t\t\t\t\t\t\t\t\t\t\t<\/span>\n\t\t\t\t<\/li>\n\t\t\t\t\t\t\t\t\t\t\t<li class=\"elementor-repeater-item-cb6afbf\">\n\t\t\t\t\t\t\t\t\t\t\t<span class=\"wd-icon\"><span class=\"far fa-check-circle\"><\/span><\/span>\t\t\t\t\t\n\t\t\t\t\t<span class=\"wd-list-content list-content\">\n\t\t\t\t\t\t\t\t\t\t\t\t\t<b>Betriebstemperatur:<\/b< Entwickelt f\u00fcr den Einsatz bei Au\u00dfentemperaturen von -10 \u00b0C bis +40 \u00b0C.\t\t\t\t\t\t\t\t\t\t\t<\/span>\n\t\t\t\t<\/li>\n\t\t\t\t\t\t\t\t\t\t\t<li class=\"elementor-repeater-item-310daed\">\n\t\t\t\t\t\t\t\t\t\t\t<span class=\"wd-icon\"><span class=\"far fa-check-circle\"><\/span><\/span>\t\t\t\t\t\n\t\t\t\t\t<span class=\"wd-list-content list-content\">\n\t\t\t\t\t\t\t\t\t\t\t\t\t<b>Material:<\/b> Robuste, witterungsbest\u00e4ndige Geh\u00e4use f\u00fcr den Innen- und Au\u00dfeneinsatz.\t\t\t\t\t\t\t\t\t\t\t<\/span>\n\t\t\t\t<\/li>\n\t\t\t\t\t<\/ul>\n\n\t\t\t\t\t\t<\/div>\n\t\t\t\t<\/div>\n\t\t\t\t<div class=\"elementor-element elementor-element-22f6b93 elementor-hidden-desktop elementor-hidden-tablet elementor-hidden-mobile elementor-widget elementor-widget-html\" data-id=\"22f6b93\" data-element_type=\"widget\" data-e-type=\"widget\" data-widget_type=\"html.default\">\n\t\t\t\t\t<table>\n    <tr>\n        <td><b>Variante<\/b><\/td>\n        <td><b>Leistung in Watt<\/b><\/td>\n        <td><b>L\/min in 1m Tiefe<\/b><\/td>\n        <td><b>L\/min in 2m Tiefe<\/b><\/td>\n        <td><b>Ausgang<\/b><\/td>\n        <td><b>Schlauchanschluss<\/b><\/td>\n    <\/tr>\n    <tr>\n        <td>AP-35<\/td>\n        <td>20W<\/td>\n        <td>30L<\/td>\n        <td>13L<\/td>\n        <td>16,5mm<\/td>\n        <td>9mm<\/td>\n    <\/tr>\n    <tr>\n        <td>AP-45<\/td>\n        <td>25W<\/td>\n        <td>47L<\/td>\n        <td>24L<\/td>\n        <td>16,5mm<\/td>\n        <td>9mm<\/td>\n    <\/tr>\n    <tr>\n        <td>AP-60<\/td>\n        <td>38W<\/td>\n        <td>73L<\/td>\n        <td>46L<\/td>\n        <td>18mm<\/td>\n        <td>9mm<\/td>\n    <\/tr>\n    <tr>\n        <td>AP-80<\/td>\n        <td>55W<\/td>\n        <td>84L<\/td>\n        <td>53L<\/td>\n        <td>18mm<\/td>\n        <td>9mm<\/td>\n    <\/tr>\n    <tr>\n        <td>AP-100<\/td>\n        <td>65W<\/td>\n        <td>106L<\/td>\n        <td>70L<\/td>\n        <td>18mm<\/td>\n        <td>9mm<\/td>\n    <\/tr>\n    <tr>\n        <td>AP-150<\/td>\n        <td>120W<\/td>\n        <td>190L<\/td>\n        <td>150L<\/td>\n        <td>18mm<\/td>\n        <td>12mm<\/td>\n    <\/tr>\n    <tr>\n        <td>AP-200<\/td>\n        <td>180W<\/td>\n        <td>250L<\/td>\n        <td>180L<\/td>\n        <td>18mm<\/td>\n        <td>12mm<\/td>\n    <\/tr>\n<\/table>\t\t\t\t<\/div>\n\t\t\t\t<div class=\"elementor-element elementor-element-b895392 elementor-widget elementor-widget-spacer\" data-id=\"b895392\" data-element_type=\"widget\" data-e-type=\"widget\" data-widget_type=\"spacer.default\">\n\t\t\t\t\t\t\t<div class=\"elementor-spacer\">\n\t\t\t<div class=\"elementor-spacer-inner\"><\/div>\n\t\t<\/div>\n\t\t\t\t\t\t<\/div>\n\t\t\t\t<div class=\"elementor-element elementor-element-3292b68 elementor-widget elementor-widget-heading\" data-id=\"3292b68\" data-element_type=\"widget\" data-e-type=\"widget\" data-widget_type=\"heading.default\">\n\t\t\t\t\t<h2 class=\"elementor-heading-title elementor-size-default\">Fazit<\/h2>\t\t\t\t<\/div>\n\t\t\t\t<div class=\"elementor-element elementor-element-ba6a72e color-scheme-inherit text-left elementor-widget elementor-widget-text-editor\" data-id=\"ba6a72e\" data-element_type=\"widget\" data-e-type=\"widget\" data-widget_type=\"text-editor.default\">\n\t\t\t\t\t\t\t\t\t<p>Die Aquaforte AP-Serie stellt eine hervorragende L\u00f6sung f\u00fcr alle dar, die eine zuverl\u00e4ssige und effiziente Bel\u00fcftung ben\u00f6tigen. Ob f\u00fcr den Einsatz in Aquarien, Teichen oder Gew\u00e4chsh\u00e4usern \u2013 diese Membrankompressoren \u00fcberzeugen durch ihre Vielseitigkeit, Energieeffizienz und einfache Handhabung.<\/p><p>Investieren Sie in die Zukunft Ihrer Aquarien- und Gartenpflege mit der Aquaforte AP-Serie und erleben Sie den Unterschied, den moderne Technologie bei der Luftzufuhr machen kann. Informieren Sie sich noch heute \u00fcber die verf\u00fcgbaren Modelle und finden Sie den perfekten Kompressor f\u00fcr Ihre Bed\u00fcrfnisse!<\/p>\t\t\t\t\t\t\t\t<\/div>\n\t\t\t\t\t<\/div>\n\t\t\t\t<\/div>\n\t\t\t\t<\/div>\n\t\t","protected":false},"excerpt":{"rendered":"<p><strong>AquaForte AP-Serie \u2013 Leistungsstarke Membran-Kompressoren f\u00fcr Teiche und Aquakultur<\/strong><\/p>\n<p>Die <strong>AquaForte AP-Serie<\/strong> besteht aus hochwertigen Membran-Kompressoren, die sich ideal f\u00fcr Teiche, Aquaponik- und Hydroponiksysteme sowie Aquakulturen eignen. Sie liefern eine zuverl\u00e4ssige und konstante Luftzufuhr zur Bel\u00fcftung von Wasser und zur Sauerstoffversorgung. Dank ihres robusten Designs sind sie langlebig, wartungsarm und energieeffizient. Die verschiedenen Modelle bieten Luftmengen von <strong>bis zu 200 Litern pro Minute<\/strong> und eignen sich f\u00fcr unterschiedliche Anwendungsbereiche.<\/p>\n","protected":false},"featured_media":17078,"comment_status":"open","ping_status":"closed","template":"","meta":{"_monsterinsights_skip_tracking":false,"_monsterinsights_sitenote_active":false,"_monsterinsights_sitenote_note":"","_monsterinsights_sitenote_category":0},"product_brand":[],"product_cat":[431],"product_tag":[1928,1929,795,796,797,798,799,1925,1926,1927],"class_list":{"0":"post-16989","1":"product","2":"type-product","3":"status-publish","4":"has-post-thumbnail","6":"product_cat-kompressoren-luftpumpen","7":"product_tag-aquaforte-kompressor","8":"product_tag-ap","9":"product_tag-kompressor","10":"product_tag-membranpumpe","11":"product_tag-membrankompressor","12":"product_tag-beluefter","13":"product_tag-ap-serie","14":"product_tag-ap-kompressor","15":"product_tag-apkompressor","16":"product_tag-aquaforte-ap","17":"pa_hersteller-aquaforte","19":"first","20":"instock","21":"taxable","22":"shipping-taxable","23":"purchasable","24":"product-type-variable"},"bundled_by":[],"bundle_stock_status":"instock","bundle_stock_quantity":null,"bundle_virtual":false,"bundle_layout":"","bundle_add_to_cart_form_location":"","bundle_editable_in_cart":false,"bundle_sold_individually_context":"","bundle_item_grouping":"","bundle_min_size":"","bundle_max_size":"","bundle_price":[],"bundled_items":[],"bundle_sell_ids":[],"supplier_id":null,"supplier_sku":"","barcode":null,"atum_controlled":true,"out_stock_date":null,"out_stock_threshold":null,"inheritable":true,"inbound_stock":0,"stock_on_hold":0,"sold_today":0,"sales_last_days":0,"reserved_stock":0,"customer_returns":0,"warehouse_damage":0,"lost_in_post":0,"other_logs":0,"out_stock_days":0,"lost_sales":0,"has_location":false,"update_date":"2026-05-03T00:23:56","atum_locations":[],"atum_stock_status":"instock","restock_status":false,"low_stock_amount":"","sales_update_date":"2026-05-03T00:23:56","calc_backorders":null,"tiered_pricing_type":"fixed","tiered_pricing_fixed_rules":[],"tiered_pricing_product_settings":{"layout":"default","base_unit_name":{"singular":null,"plural":null},"default_variation":null},"tiered_pricing_minimum_quantity":null,"tiered_pricing_roles_data":[],"tiered_pricing_percentage_rules":[],"_links":{"self":[{"href":"https:\/\/www.lets-grow.de\/blog\/wp-json\/wp\/v2\/product\/16989","targetHints":{"allow":["GET"]}}],"collection":[{"href":"https:\/\/www.lets-grow.de\/blog\/wp-json\/wp\/v2\/product"}],"about":[{"href":"https:\/\/www.lets-grow.de\/blog\/wp-json\/wp\/v2\/types\/product"}],"replies":[{"embeddable":true,"href":"https:\/\/www.lets-grow.de\/blog\/wp-json\/wp\/v2\/comments?post=16989"}],"version-history":[{"count":1,"href":"https:\/\/www.lets-grow.de\/blog\/wp-json\/wp\/v2\/product\/16989\/revisions"}],"predecessor-version":[{"id":21027,"href":"https:\/\/www.lets-grow.de\/blog\/wp-json\/wp\/v2\/product\/16989\/revisions\/21027"}],"wp:featuredmedia":[{"embeddable":true,"href":"https:\/\/www.lets-grow.de\/blog\/wp-json\/wp\/v2\/media\/17078"}],"wp:attachment":[{"href":"https:\/\/www.lets-grow.de\/blog\/wp-json\/wp\/v2\/media?parent=16989"}],"wp:term":[{"taxonomy":"product_brand","embeddable":true,"href":"https:\/\/www.lets-grow.de\/blog\/wp-json\/wp\/v2\/product_brand?post=16989"},{"taxonomy":"product_cat","embeddable":true,"href":"https:\/\/www.lets-grow.de\/blog\/wp-json\/wp\/v2\/product_cat?post=16989"},{"taxonomy":"product_tag","embeddable":true,"href":"https:\/\/www.lets-grow.de\/blog\/wp-json\/wp\/v2\/product_tag?post=16989"}],"curies":[{"name":"wp","href":"https:\/\/api.w.org\/{rel}","templated":true}]}}