{"id":16971,"date":"2024-10-22T19:04:58","date_gmt":"2024-10-22T17:04:58","guid":{"rendered":"https:\/\/www.lets-grow.de\/blog\/?post_type=product&#038;p=16971"},"modified":"2025-12-21T19:50:44","modified_gmt":"2025-12-21T18:50:44","slug":"vdl-pro-grip-light-seilzugrollen","status":"publish","type":"product","link":"https:\/\/www.lets-grow.de\/blog\/shop\/vdl-pro-grip-light-seilzugrollen\/","title":{"rendered":"VDL Pro Grip Light Seilzugrollen"},"content":{"rendered":"\t\t<div data-elementor-type=\"product-post\" data-elementor-id=\"16971\" class=\"elementor elementor-16971\" data-elementor-post-type=\"product\">\n\t\t\t\t<div class=\"wd-negative-gap elementor-element elementor-element-606d75a e-flex e-con-boxed e-con e-parent\" data-id=\"606d75a\" data-element_type=\"container\" data-e-type=\"container\">\n\t\t\t\t\t<div class=\"e-con-inner\">\n\t\t\t\t<div class=\"elementor-element elementor-element-ac8773b color-scheme-inherit text-left elementor-widget elementor-widget-text-editor\" data-id=\"ac8773b\" data-element_type=\"widget\" data-e-type=\"widget\" data-widget_type=\"text-editor.default\">\n\t\t\t\t\t\t\t\t\t<p>Erleben Sie die Pro Grip Seilzugrollen, die perfekte L\u00f6sung f\u00fcr eine sichere und m\u00fchelose Aufh\u00e4ngung schwerer Beleuchtungsger\u00e4te, Reflektoren, Filter, Bel\u00fcftungsger\u00e4te und anderer Ausstattungen in Ihrem Gew\u00e4chshaus oder Ihrer Growbox. Mit diesen Seilzugrollen k\u00f6nnen Sie Ger\u00e4te schnell und zuverl\u00e4ssig fixieren, um eine stabile Aufh\u00e4ngung zu gew\u00e4hrleisten.<\/p>\t\t\t\t\t\t\t\t<\/div>\n\t\t\t\t<div class=\"elementor-element elementor-element-5a63444 elementor-widget elementor-widget-spacer\" data-id=\"5a63444\" data-element_type=\"widget\" data-e-type=\"widget\" data-widget_type=\"spacer.default\">\n\t\t\t\t\t\t\t<div class=\"elementor-spacer\">\n\t\t\t<div class=\"elementor-spacer-inner\"><\/div>\n\t\t<\/div>\n\t\t\t\t\t\t<\/div>\n\t\t\t\t<div class=\"elementor-element elementor-element-acc2b0d elementor-widget elementor-widget-heading\" data-id=\"acc2b0d\" data-element_type=\"widget\" data-e-type=\"widget\" data-widget_type=\"heading.default\">\n\t\t\t\t\t<h2 class=\"elementor-heading-title elementor-size-default\">Anwendungen der Pro Grip Light Seilzugrollen<\/h2>\t\t\t\t<\/div>\n\t\t\t\t<div class=\"elementor-element elementor-element-f007200 color-scheme-inherit text-left elementor-widget elementor-widget-text-editor\" data-id=\"f007200\" data-element_type=\"widget\" data-e-type=\"widget\" data-widget_type=\"text-editor.default\">\n\t\t\t\t\t\t\t\t\t<p>Die Pro Grip Seilzugrollen sind ideal zum Aufh\u00e4ngen von schweren Reflektoren, Filtern, Beleuchtungsanlagen, L\u00fcftungseinrichtungen und in Growboxen verwendeten Ger\u00e4ten. Besonders empfehlenswert f\u00fcr die Aufh\u00e4ngung von gro\u00dfen Lampen und anderen technischen Ger\u00e4ten, die eine stabile und sichere Befestigung ben\u00f6tigen.<\/p>\t\t\t\t\t\t\t\t<\/div>\n\t\t\t\t<div class=\"elementor-element elementor-element-663330c elementor-widget elementor-widget-spacer\" data-id=\"663330c\" data-element_type=\"widget\" data-e-type=\"widget\" data-widget_type=\"spacer.default\">\n\t\t\t\t\t\t\t<div class=\"elementor-spacer\">\n\t\t\t<div class=\"elementor-spacer-inner\"><\/div>\n\t\t<\/div>\n\t\t\t\t\t\t<\/div>\n\t\t\t\t<div class=\"elementor-element elementor-element-bb4682b elementor-widget elementor-widget-heading\" data-id=\"bb4682b\" data-element_type=\"widget\" data-e-type=\"widget\" data-widget_type=\"heading.default\">\n\t\t\t\t\t<h2 class=\"elementor-heading-title elementor-size-default\">Produktdetails<\/h2>\t\t\t\t<\/div>\n\t\t\t\t<div class=\"elementor-element elementor-element-b6d4a60 elementor-widget elementor-widget-wd_list\" data-id=\"b6d4a60\" data-element_type=\"widget\" data-e-type=\"widget\" data-widget_type=\"wd_list.default\">\n\t\t\t\t<div class=\"elementor-widget-container\">\n\t\t\t\t\t\t\t<ul class=\"wd-list color-scheme-custom wd-fontsize-xs wd-type-icon wd-style-default text-left\">\n\t\t\t\t\t\t\t\t\t\t\t<li class=\"elementor-repeater-item-77fcfb3\">\n\t\t\t\t\t\t\t\t\t\t\t<span class=\"wd-icon\"><span class=\"fas fa-plus-circle\"><\/span><\/span>\t\t\t\t\t\n\t\t\t\t\t<span class=\"wd-list-content list-content\">\n\t\t\t\t\t\t\t\t\t\t\t\t\t<b>Light Rollenset:<\/b> Ideal f\u00fcr\u00a0Reflektoren und Ger\u00e4te bis 5 kg.\t\t\t\t\t\t\t\t\t\t\t<\/span>\n\t\t\t\t<\/li>\n\t\t\t\t\t\t\t\t\t\t\t<li class=\"elementor-repeater-item-2691cfc\">\n\t\t\t\t\t\t\t\t\t\t\t<span class=\"wd-icon\"><span class=\"fas fa-plus-circle\"><\/span><\/span>\t\t\t\t\t\n\t\t\t\t\t<span class=\"wd-list-content list-content\">\n\t\t\t\t\t\t\t\t\t\t\t\t\t<b>Robustes Material:<\/b> Hergestellt aus einem speziellen Verbundmaterial, das farb- und k\u00e4ltebest\u00e4ndig ist.\t\t\t\t\t\t\t\t\t\t\t<\/span>\n\t\t\t\t<\/li>\n\t\t\t\t\t\t\t\t\t\t\t<li class=\"elementor-repeater-item-56666e0\">\n\t\t\t\t\t\t\t\t\t\t\t<span class=\"wd-icon\"><span class=\"fas fa-plus-circle\"><\/span><\/span>\t\t\t\t\t\n\t\t\t\t\t<span class=\"wd-list-content list-content\">\n\t\t\t\t\t\t\t\t\t\t\t\t\t<b>Langlebige Seile:<\/b> Geflochtenes Polypropylen f\u00fcr zuverl\u00e4ssige Stabilit\u00e4t und lange Haltbarkeit.\t\t\t\t\t\t\t\t\t\t\t<\/span>\n\t\t\t\t<\/li>\n\t\t\t\t\t<\/ul>\n\n\t\t\t\t\t\t<\/div>\n\t\t\t\t<\/div>\n\t\t\t\t<div class=\"elementor-element elementor-element-8f3e456 elementor-widget elementor-widget-spacer\" data-id=\"8f3e456\" data-element_type=\"widget\" data-e-type=\"widget\" data-widget_type=\"spacer.default\">\n\t\t\t\t\t\t\t<div class=\"elementor-spacer\">\n\t\t\t<div class=\"elementor-spacer-inner\"><\/div>\n\t\t<\/div>\n\t\t\t\t\t\t<\/div>\n\t\t\t\t<div class=\"elementor-element elementor-element-e1c11a8 color-scheme-inherit text-left elementor-widget elementor-widget-text-editor\" data-id=\"e1c11a8\" data-element_type=\"widget\" data-e-type=\"widget\" data-widget_type=\"text-editor.default\">\n\t\t\t\t\t\t\t\t\t<p>Die Pro Grip Seilzugrollen bieten Ihnen eine effiziente L\u00f6sung f\u00fcr die sichere Befestigung schwerer Ger\u00e4te sowohl in Ihrem Gew\u00e4chshaus als auch in Ihrer Growbox. Vertrauen Sie auf Qualit\u00e4t und Funktionalit\u00e4t, um Ihre Ausr\u00fcstung zuverl\u00e4ssig zu unterst\u00fctzen und eine optimale Umgebung f\u00fcr Ihre Pflanzen zu schaffen.<\/p><p><strong>Bestellen Sie jetzt Ihre Pro Grip Light Seilzugrollen und sichern Sie sich die ideale L\u00f6sung f\u00fcr Ihre Aufh\u00e4ngungsbed\u00fcrfnisse!<\/strong><\/p>\t\t\t\t\t\t\t\t<\/div>\n\t\t\t\t\t<\/div>\n\t\t\t\t<\/div>\n\t\t\t\t<\/div>\n\t\t","protected":false},"excerpt":{"rendered":"<p>Die VDL Pro Grip Light Seilzugrollen bieten eine zuverl\u00e4ssige und einfache L\u00f6sung f\u00fcr die sichere Aufh\u00e4ngung schwerer Ger\u00e4te in Gew\u00e4chsh\u00e4usern und Growboxen.<\/p>\n","protected":false},"featured_media":16986,"comment_status":"open","ping_status":"closed","template":"","meta":{"_monsterinsights_skip_tracking":false,"_monsterinsights_sitenote_active":false,"_monsterinsights_sitenote_note":"","_monsterinsights_sitenote_category":0},"product_brand":[],"product_cat":[438],"product_tag":[1870,1060,1061,1062,1063,1064,1065,1869],"class_list":{"0":"post-16971","1":"product","2":"type-product","3":"status-publish","4":"has-post-thumbnail","6":"product_cat-beleuchtung","7":"product_tag-lampenseil","8":"product_tag-seilzugrolle","9":"product_tag-lampenhalterung","10":"product_tag-aufhaengung","11":"product_tag-lampenaufhaengung","12":"product_tag-seilzug","13":"product_tag-verstellbare-seilzugrollen","14":"product_tag-flaschenzug","15":"pa_hersteller-vdl","17":"first","18":"instock","19":"taxable","20":"shipping-taxable","21":"purchasable","22":"product-type-simple"},"bundled_by":[],"bundle_stock_status":"instock","bundle_stock_quantity":5,"bundle_virtual":false,"bundle_layout":"","bundle_add_to_cart_form_location":"","bundle_editable_in_cart":false,"bundle_sold_individually_context":"","bundle_item_grouping":"","bundle_min_size":"","bundle_max_size":"","bundle_price":[],"bundled_items":[],"bundle_sell_ids":[],"supplier_id":null,"supplier_sku":"","barcode":null,"atum_controlled":true,"out_stock_date":null,"out_stock_threshold":null,"inheritable":false,"inbound_stock":0,"stock_on_hold":0,"sold_today":0,"sales_last_days":0,"reserved_stock":0,"customer_returns":0,"warehouse_damage":0,"lost_in_post":0,"other_logs":0,"out_stock_days":0,"lost_sales":0,"has_location":false,"update_date":"2026-04-21T00:10:40","atum_locations":[],"atum_stock_status":"instock","restock_status":false,"low_stock_amount":"","sales_update_date":"2026-04-21T00:10:40","calc_backorders":null,"tiered_pricing_type":"fixed","tiered_pricing_fixed_rules":[],"tiered_pricing_product_settings":{"layout":"default","base_unit_name":{"singular":null,"plural":null},"default_variation":null},"tiered_pricing_minimum_quantity":null,"tiered_pricing_roles_data":[],"tiered_pricing_percentage_rules":[],"_links":{"self":[{"href":"https:\/\/www.lets-grow.de\/blog\/wp-json\/wp\/v2\/product\/16971","targetHints":{"allow":["GET"]}}],"collection":[{"href":"https:\/\/www.lets-grow.de\/blog\/wp-json\/wp\/v2\/product"}],"about":[{"href":"https:\/\/www.lets-grow.de\/blog\/wp-json\/wp\/v2\/types\/product"}],"replies":[{"embeddable":true,"href":"https:\/\/www.lets-grow.de\/blog\/wp-json\/wp\/v2\/comments?post=16971"}],"version-history":[{"count":1,"href":"https:\/\/www.lets-grow.de\/blog\/wp-json\/wp\/v2\/product\/16971\/revisions"}],"predecessor-version":[{"id":20825,"href":"https:\/\/www.lets-grow.de\/blog\/wp-json\/wp\/v2\/product\/16971\/revisions\/20825"}],"wp:featuredmedia":[{"embeddable":true,"href":"https:\/\/www.lets-grow.de\/blog\/wp-json\/wp\/v2\/media\/16986"}],"wp:attachment":[{"href":"https:\/\/www.lets-grow.de\/blog\/wp-json\/wp\/v2\/media?parent=16971"}],"wp:term":[{"taxonomy":"product_brand","embeddable":true,"href":"https:\/\/www.lets-grow.de\/blog\/wp-json\/wp\/v2\/product_brand?post=16971"},{"taxonomy":"product_cat","embeddable":true,"href":"https:\/\/www.lets-grow.de\/blog\/wp-json\/wp\/v2\/product_cat?post=16971"},{"taxonomy":"product_tag","embeddable":true,"href":"https:\/\/www.lets-grow.de\/blog\/wp-json\/wp\/v2\/product_tag?post=16971"}],"curies":[{"name":"wp","href":"https:\/\/api.w.org\/{rel}","templated":true}]}}