{"id":16563,"date":"2024-10-15T14:58:21","date_gmt":"2024-10-15T12:58:21","guid":{"rendered":"https:\/\/www.lets-grow.de\/blog\/?post_type=product&#038;p=16563"},"modified":"2026-04-17T13:20:39","modified_gmt":"2026-04-17T11:20:39","slug":"aquaforte-dm-vario-s","status":"publish","type":"product","link":"https:\/\/www.lets-grow.de\/blog\/shop\/aquaforte-dm-vario-s\/","title":{"rendered":"Aquaforte DM-Vario S"},"content":{"rendered":"\t\t<div data-elementor-type=\"product-post\" data-elementor-id=\"16563\" class=\"elementor elementor-16563\" data-elementor-post-type=\"product\">\n\t\t\t\t<div class=\"wd-negative-gap elementor-element elementor-element-d69f87f e-flex e-con-boxed e-con e-parent\" data-id=\"d69f87f\" data-element_type=\"container\" data-e-type=\"container\">\n\t\t\t\t\t<div class=\"e-con-inner\">\n\t\t\t\t<div class=\"elementor-element elementor-element-dc4b49b elementor-widget elementor-widget-heading\" data-id=\"dc4b49b\" data-element_type=\"widget\" data-e-type=\"widget\" data-widget_type=\"heading.default\">\n\t\t\t\t\t<h2 class=\"elementor-heading-title elementor-size-default\">Die neue DM-Vario Pumpenserie \u2013 leistungsstark, flexibel und preiswert!<\/h2>\t\t\t\t<\/div>\n\t\t\t\t<div class=\"elementor-element elementor-element-8e16940 color-scheme-inherit text-left elementor-widget elementor-widget-text-editor\" data-id=\"8e16940\" data-element_type=\"widget\" data-e-type=\"widget\" data-widget_type=\"text-editor.default\">\n\t\t\t\t\t\t\t\t\t<p>Die Aquaforte DM-Vario Pumpen bieten eine ideale L\u00f6sung f\u00fcr flexible Wasserkreisl\u00e4ufe, sowohl im Innen- als auch im Au\u00dfenbereich. Dank ihrer robusten Bauweise sind sie f\u00fcr den Einsatz im Freien geeignet und k\u00f6nnen sowohl nass als auch trocken installiert werden.<\/p>\t\t\t\t\t\t\t\t<\/div>\n\t\t\t\t<div class=\"elementor-element elementor-element-77b69ac elementor-widget elementor-widget-spacer\" data-id=\"77b69ac\" data-element_type=\"widget\" data-e-type=\"widget\" data-widget_type=\"spacer.default\">\n\t\t\t\t\t\t\t<div class=\"elementor-spacer\">\n\t\t\t<div class=\"elementor-spacer-inner\"><\/div>\n\t\t<\/div>\n\t\t\t\t\t\t<\/div>\n\t\t\t\t<div class=\"elementor-element elementor-element-3336cf4 elementor-widget elementor-widget-heading\" data-id=\"3336cf4\" data-element_type=\"widget\" data-e-type=\"widget\" data-widget_type=\"heading.default\">\n\t\t\t\t\t<h2 class=\"elementor-heading-title elementor-size-default\">Flexible Steuerung f\u00fcr optimierte Leistung<\/h2>\t\t\t\t<\/div>\n\t\t\t\t<div class=\"elementor-element elementor-element-79b74ea color-scheme-inherit text-left elementor-widget elementor-widget-text-editor\" data-id=\"79b74ea\" data-element_type=\"widget\" data-e-type=\"widget\" data-widget_type=\"text-editor.default\">\n\t\t\t\t\t\t\t\t\t<p>Mit dem mitgelieferten externen Controller l\u00e4sst sich der Durchfluss der\u00a0<span style=\"font-family: Raleway, sans-serif; font-size: 16px; font-style: normal; font-variant-ligatures: normal; font-variant-caps: normal; font-weight: 400; color: var( --e-global-color-62bef98 ); text-align: var(--text-align);\">Aquaforte DM-Vario<\/span><span style=\"font-size: 16px; color: var( --e-global-color-62bef98 ); text-align: var(--text-align);\">\u00a0stufenlos von 30 % bis 100 % einstellen, was eine pr\u00e4zise Anpassung des Wasserflusses und eine Reduzierung des Stromverbrauchs erm\u00f6glicht. Ein integrierter Pausenknopf bietet zus\u00e4tzlich die M\u00f6glichkeit, die Pumpe einfach zu stoppen, ohne die Stromversorgung zu unterbrechen.<\/span><\/p>\t\t\t\t\t\t\t\t<\/div>\n\t\t\t\t<div class=\"elementor-element elementor-element-79251b1 elementor-widget elementor-widget-spacer\" data-id=\"79251b1\" data-element_type=\"widget\" data-e-type=\"widget\" data-widget_type=\"spacer.default\">\n\t\t\t\t\t\t\t<div class=\"elementor-spacer\">\n\t\t\t<div class=\"elementor-spacer-inner\"><\/div>\n\t\t<\/div>\n\t\t\t\t\t\t<\/div>\n\t\t\t\t<div class=\"elementor-element elementor-element-58753fa elementor-widget elementor-widget-heading\" data-id=\"58753fa\" data-element_type=\"widget\" data-e-type=\"widget\" data-widget_type=\"heading.default\">\n\t\t\t\t\t<h2 class=\"elementor-heading-title elementor-size-default\">Effiziente Technologie f\u00fcr Langlebigkeit<\/h2>\t\t\t\t<\/div>\n\t\t\t\t<div class=\"elementor-element elementor-element-80e30b7 color-scheme-inherit text-left elementor-widget elementor-widget-text-editor\" data-id=\"80e30b7\" data-element_type=\"widget\" data-e-type=\"widget\" data-widget_type=\"text-editor.default\">\n\t\t\t\t\t\t\t\t\t<p>Ausgestattet mit einem synchronen Motor und einer verschlei\u00dfarmen Keramikachse, sorgt die Aquaforte DM-Vario Pumpe f\u00fcr eine zuverl\u00e4ssige und langlebige Leistung. Ein integrierter Trockenlaufschutz schaltet die Pumpe automatisch ab, wenn nicht ausreichend Wasser zum Rotor gelangt, um Sch\u00e4den zu verhindern. Sollte der Impeller blockieren, geht die Pumpe in den &#8222;Lock&#8220;-Modus und verbraucht keinen weiteren Strom, bis die Blockade behoben ist \u2013 so wird eine \u00dcberhitzung des Motors vermieden.<\/p>\t\t\t\t\t\t\t\t<\/div>\n\t\t\t\t<div class=\"elementor-element elementor-element-959eeba elementor-widget elementor-widget-spacer\" data-id=\"959eeba\" data-element_type=\"widget\" data-e-type=\"widget\" data-widget_type=\"spacer.default\">\n\t\t\t\t\t\t\t<div class=\"elementor-spacer\">\n\t\t\t<div class=\"elementor-spacer-inner\"><\/div>\n\t\t<\/div>\n\t\t\t\t\t\t<\/div>\n\t\t\t\t<div class=\"elementor-element elementor-element-c5934d9 elementor-widget elementor-widget-heading\" data-id=\"c5934d9\" data-element_type=\"widget\" data-e-type=\"widget\" data-widget_type=\"heading.default\">\n\t\t\t\t\t<h2 class=\"elementor-heading-title elementor-size-default\">Perfekt f\u00fcr ganzj\u00e4hrige Systeme<\/h2>\t\t\t\t<\/div>\n\t\t\t\t<div class=\"elementor-element elementor-element-28564e3 color-scheme-inherit text-left elementor-widget elementor-widget-text-editor\" data-id=\"28564e3\" data-element_type=\"widget\" data-e-type=\"widget\" data-widget_type=\"text-editor.default\">\n\t\t\t\t\t\t\t\t\t<p>Diese Pumpe ist ideal f\u00fcr Anwendungen, die das ganze Jahr \u00fcber laufen, oder Systeme, in denen die Belastung variiert. Durch die einfache Justierung des Durchflusses kann jederzeit auf unterschiedliche Wasserbelastungen oder \u00c4nderungen im Systembestand reagiert werden.<\/p>\t\t\t\t\t\t\t\t<\/div>\n\t\t\t\t<div class=\"elementor-element elementor-element-4ddfa0d elementor-widget elementor-widget-spacer\" data-id=\"4ddfa0d\" data-element_type=\"widget\" data-e-type=\"widget\" data-widget_type=\"spacer.default\">\n\t\t\t\t\t\t\t<div class=\"elementor-spacer\">\n\t\t\t<div class=\"elementor-spacer-inner\"><\/div>\n\t\t<\/div>\n\t\t\t\t\t\t<\/div>\n\t\t\t\t\t<\/div>\n\t\t\t\t<\/div>\n\t\t\t\t<\/div>\n\t\t","protected":false},"excerpt":{"rendered":"<p>Die neue DM-Vario Pumpenserie \u2013 leistungsstark, flexibel und preiswert! Die Aquaforte DM-Vario Pumpen bieten eine ideale L\u00f6sung f\u00fcr flexible Wasserkreisl\u00e4ufe,<\/p>\n","protected":false},"featured_media":16565,"comment_status":"open","ping_status":"closed","template":"","meta":{"_monsterinsights_skip_tracking":false,"_monsterinsights_sitenote_active":false,"_monsterinsights_sitenote_note":"","_monsterinsights_sitenote_category":0},"product_brand":[],"product_cat":[432],"product_tag":[1875,2046,1963,263,2019,2033,2034,609,2040,959,2041,1210,2042,1507,2043,1795,2044,1874,2045],"class_list":{"0":"post-16563","1":"product","2":"type-product","3":"status-publish","4":"has-post-thumbnail","6":"product_cat-filterpumpe","7":"product_tag-teichpumpe","8":"product_tag-wasserpflege","9":"product_tag-profi","10":"product_tag-aquaponik","11":"product_tag-energieeffizient","12":"product_tag-wassertechnik","13":"product_tag-filter","14":"product_tag-hydroponik","15":"product_tag-dm-vario-s","16":"product_tag-garten","17":"product_tag-springbrunnen","18":"product_tag-aquaforte","19":"product_tag-wasserfall","20":"product_tag-foerderpumpe","21":"product_tag-pumpensystem","22":"product_tag-teich","23":"product_tag-variabel","24":"product_tag-tauchpumpe","25":"product_tag-zirkulation","26":"pa_hersteller-aquaforte","28":"first","29":"instock","30":"taxable","31":"shipping-taxable","32":"purchasable","33":"product-type-variable"},"bundled_by":[],"bundle_stock_status":"instock","bundle_stock_quantity":null,"bundle_virtual":false,"bundle_layout":"","bundle_add_to_cart_form_location":"","bundle_editable_in_cart":false,"bundle_sold_individually_context":"","bundle_item_grouping":"","bundle_min_size":"","bundle_max_size":"","bundle_price":[],"bundled_items":[],"bundle_sell_ids":[],"supplier_id":null,"supplier_sku":"","barcode":null,"atum_controlled":true,"out_stock_date":null,"out_stock_threshold":null,"inheritable":true,"inbound_stock":0,"stock_on_hold":0,"sold_today":0,"sales_last_days":0,"reserved_stock":0,"customer_returns":0,"warehouse_damage":0,"lost_in_post":0,"other_logs":0,"out_stock_days":0,"lost_sales":0,"has_location":false,"update_date":"2026-04-29T00:21:32","atum_locations":[],"atum_stock_status":"instock","restock_status":false,"low_stock_amount":"","sales_update_date":"2026-04-29T00:21:32","calc_backorders":null,"tiered_pricing_type":"fixed","tiered_pricing_fixed_rules":[],"tiered_pricing_product_settings":{"layout":"default","base_unit_name":{"singular":null,"plural":null},"default_variation":null},"tiered_pricing_minimum_quantity":null,"tiered_pricing_roles_data":[],"tiered_pricing_percentage_rules":[],"_links":{"self":[{"href":"https:\/\/www.lets-grow.de\/blog\/wp-json\/wp\/v2\/product\/16563","targetHints":{"allow":["GET"]}}],"collection":[{"href":"https:\/\/www.lets-grow.de\/blog\/wp-json\/wp\/v2\/product"}],"about":[{"href":"https:\/\/www.lets-grow.de\/blog\/wp-json\/wp\/v2\/types\/product"}],"replies":[{"embeddable":true,"href":"https:\/\/www.lets-grow.de\/blog\/wp-json\/wp\/v2\/comments?post=16563"}],"version-history":[{"count":1,"href":"https:\/\/www.lets-grow.de\/blog\/wp-json\/wp\/v2\/product\/16563\/revisions"}],"predecessor-version":[{"id":21079,"href":"https:\/\/www.lets-grow.de\/blog\/wp-json\/wp\/v2\/product\/16563\/revisions\/21079"}],"wp:featuredmedia":[{"embeddable":true,"href":"https:\/\/www.lets-grow.de\/blog\/wp-json\/wp\/v2\/media\/16565"}],"wp:attachment":[{"href":"https:\/\/www.lets-grow.de\/blog\/wp-json\/wp\/v2\/media?parent=16563"}],"wp:term":[{"taxonomy":"product_brand","embeddable":true,"href":"https:\/\/www.lets-grow.de\/blog\/wp-json\/wp\/v2\/product_brand?post=16563"},{"taxonomy":"product_cat","embeddable":true,"href":"https:\/\/www.lets-grow.de\/blog\/wp-json\/wp\/v2\/product_cat?post=16563"},{"taxonomy":"product_tag","embeddable":true,"href":"https:\/\/www.lets-grow.de\/blog\/wp-json\/wp\/v2\/product_tag?post=16563"}],"curies":[{"name":"wp","href":"https:\/\/api.w.org\/{rel}","templated":true}]}}