{"id":16540,"date":"2024-10-15T13:55:14","date_gmt":"2024-10-15T11:55:14","guid":{"rendered":"https:\/\/www.lets-grow.de\/blog\/?post_type=product&#038;p=16540"},"modified":"2026-04-29T12:47:24","modified_gmt":"2026-04-29T10:47:24","slug":"aquaforte-ec-serie","status":"publish","type":"product","link":"https:\/\/www.lets-grow.de\/blog\/shop\/aquaforte-ec-serie\/","title":{"rendered":"Aquaforte EC-Serie"},"content":{"rendered":"\t\t<div data-elementor-type=\"product-post\" data-elementor-id=\"16540\" class=\"elementor elementor-16540\" data-elementor-post-type=\"product\">\n\t\t\t\t<div class=\"wd-negative-gap elementor-element elementor-element-27b9fdf e-flex e-con-boxed e-con e-parent\" data-id=\"27b9fdf\" data-element_type=\"container\" data-e-type=\"container\">\n\t\t\t\t\t<div class=\"e-con-inner\">\n\t\t\t\t<div class=\"elementor-element elementor-element-e95ac06 elementor-widget elementor-widget-heading\" data-id=\"e95ac06\" data-element_type=\"widget\" data-e-type=\"widget\" data-widget_type=\"heading.default\">\n\t\t\t\t\t<h2 class=\"elementor-heading-title elementor-size-default\">Sparen Sie Energie und Kosten<\/h2>\t\t\t\t<\/div>\n\t\t\t\t<div class=\"elementor-element elementor-element-37428bc color-scheme-inherit text-left elementor-widget elementor-widget-text-editor\" data-id=\"37428bc\" data-element_type=\"widget\" data-e-type=\"widget\" data-widget_type=\"text-editor.default\">\n\t\t\t\t\t\t\t\t\t<p>Reduzieren Sie Ihre Betriebskosten um bis zu 50 % mit der Aquaforte EC-Serie Energiesparpumpe ECO. Diese Pumpe ist die ideale Wahl f\u00fcr umweltbewusste Gartenbesitzer, die nicht nur ihre Energiekosten senken, sondern auch einen Beitrag zum Umweltschutz leisten m\u00f6chten. Dank ihrer herausragenden Energieeffizienz sparen Sie im Vergleich zu herk\u00f6mmlichen Teichpumpen bis zu 50 % Energie.<\/p>\t\t\t\t\t\t\t\t<\/div>\n\t\t\t\t<div class=\"elementor-element elementor-element-05cb91f elementor-widget elementor-widget-spacer\" data-id=\"05cb91f\" data-element_type=\"widget\" data-e-type=\"widget\" data-widget_type=\"spacer.default\">\n\t\t\t\t\t\t\t<div class=\"elementor-spacer\">\n\t\t\t<div class=\"elementor-spacer-inner\"><\/div>\n\t\t<\/div>\n\t\t\t\t\t\t<\/div>\n\t\t\t\t<div class=\"elementor-element elementor-element-ad61a9a elementor-widget elementor-widget-heading\" data-id=\"ad61a9a\" data-element_type=\"widget\" data-e-type=\"widget\" data-widget_type=\"heading.default\">\n\t\t\t\t\t<h2 class=\"elementor-heading-title elementor-size-default\">Vielseitig einsetzbar \u2013 Flexibilit\u00e4t f\u00fcr jeden Anwendungsbereich<\/h2>\t\t\t\t<\/div>\n\t\t\t\t<div class=\"elementor-element elementor-element-3b2f8eb color-scheme-inherit text-left elementor-widget elementor-widget-text-editor\" data-id=\"3b2f8eb\" data-element_type=\"widget\" data-e-type=\"widget\" data-widget_type=\"text-editor.default\">\n\t\t\t\t\t\t\t\t\t<p>Die Aquaforte EC-Serie Energiesparpumpe ist ein wahres Multitalent. Egal, ob Sie sie in Schwerkraftsystemen, Rieselfiltern oder Bogensieben einsetzen m\u00f6chten \u2013 die EC-Serie passt sich Ihren Bed\u00fcrfnissen an. Der 360\u00b0 schwenkbare Anschluss und die mitgelieferte Stufent\u00fclle (\u00d8 25\/32\/40 mm) sorgen f\u00fcr maximale Flexibilit\u00e4t und einfache Installation.<\/p>\t\t\t\t\t\t\t\t<\/div>\n\t\t\t\t<div class=\"elementor-element elementor-element-04bd731 elementor-widget elementor-widget-spacer\" data-id=\"04bd731\" data-element_type=\"widget\" data-e-type=\"widget\" data-widget_type=\"spacer.default\">\n\t\t\t\t\t\t\t<div class=\"elementor-spacer\">\n\t\t\t<div class=\"elementor-spacer-inner\"><\/div>\n\t\t<\/div>\n\t\t\t\t\t\t<\/div>\n\t\t\t\t<div class=\"elementor-element elementor-element-eaff2ce elementor-widget elementor-widget-heading\" data-id=\"eaff2ce\" data-element_type=\"widget\" data-e-type=\"widget\" data-widget_type=\"heading.default\">\n\t\t\t\t\t<h2 class=\"elementor-heading-title elementor-size-default\">Zuverl\u00e4ssig und langlebig \u2013 Entwickelt f\u00fcr den Langzeiteinsatz<\/h2>\t\t\t\t<\/div>\n\t\t\t\t<div class=\"elementor-element elementor-element-308591f color-scheme-inherit text-left elementor-widget elementor-widget-text-editor\" data-id=\"308591f\" data-element_type=\"widget\" data-e-type=\"widget\" data-widget_type=\"text-editor.default\">\n\t\t\t\t\t\t\t\t\t<p>Diese robuste Pumpe ist f\u00fcr den Dauerbetrieb ausgelegt und bietet h\u00f6chste Zuverl\u00e4ssigkeit. Sie kann sowohl im Wasser als auch au\u00dferhalb, unterhalb des Wasserspiegels installiert werden (zus\u00e4tzliche Kunststoffteile erforderlich). Beachten Sie jedoch, dass die Pumpe\u00a0<strong>nicht\u00a0<\/strong>selbstansaugend ist und daher unterhalb des Wasserspiegels platziert werden muss.<\/p>\t\t\t\t\t\t\t\t<\/div>\n\t\t\t\t<div class=\"elementor-element elementor-element-65f270b elementor-widget elementor-widget-spacer\" data-id=\"65f270b\" data-element_type=\"widget\" data-e-type=\"widget\" data-widget_type=\"spacer.default\">\n\t\t\t\t\t\t\t<div class=\"elementor-spacer\">\n\t\t\t<div class=\"elementor-spacer-inner\"><\/div>\n\t\t<\/div>\n\t\t\t\t\t\t<\/div>\n\t\t\t\t<div class=\"elementor-element elementor-element-be6486c elementor-widget elementor-widget-heading\" data-id=\"be6486c\" data-element_type=\"widget\" data-e-type=\"widget\" data-widget_type=\"heading.default\">\n\t\t\t\t\t<h2 class=\"elementor-heading-title elementor-size-default\">Effektive Schmutzfilterung \u2013 Sauberes Wasser garantiert<\/h2>\t\t\t\t<\/div>\n\t\t\t\t<div class=\"elementor-element elementor-element-cb799d8 color-scheme-inherit text-left elementor-widget elementor-widget-text-editor\" data-id=\"cb799d8\" data-element_type=\"widget\" data-e-type=\"widget\" data-widget_type=\"text-editor.default\">\n\t\t\t\t\t\t\t\t\t<p>Dank des gro\u00dffl\u00e4chigen Filterkorbs kann die Pumpe Schmutzpartikel bis zu einer Gr\u00f6\u00dfe von 6 mm problemlos aufnehmen. Dies gew\u00e4hrleistet kristallklares Wasser bei minimalem Wartungsaufwand und macht die EC-Serie perfekt f\u00fcr Aquaponik-Systeme und andere Anwendungen, die sauberes Wasser erfordern.<\/p>\t\t\t\t\t\t\t\t<\/div>\n\t\t\t\t<div class=\"elementor-element elementor-element-3468e61 elementor-widget elementor-widget-spacer\" data-id=\"3468e61\" data-element_type=\"widget\" data-e-type=\"widget\" data-widget_type=\"spacer.default\">\n\t\t\t\t\t\t\t<div class=\"elementor-spacer\">\n\t\t\t<div class=\"elementor-spacer-inner\"><\/div>\n\t\t<\/div>\n\t\t\t\t\t\t<\/div>\n\t\t\t\t<div class=\"elementor-element elementor-element-4726a47 elementor-widget elementor-widget-heading\" data-id=\"4726a47\" data-element_type=\"widget\" data-e-type=\"widget\" data-widget_type=\"heading.default\">\n\t\t\t\t\t<h2 class=\"elementor-heading-title elementor-size-default\">Produkt-Highlights:<\/h2>\t\t\t\t<\/div>\n\t\t\t\t<div class=\"elementor-element elementor-element-9c866ae elementor-widget elementor-widget-wd_list\" data-id=\"9c866ae\" data-element_type=\"widget\" data-e-type=\"widget\" data-widget_type=\"wd_list.default\">\n\t\t\t\t<div class=\"elementor-widget-container\">\n\t\t\t\t\t\t\t<ul class=\"wd-list color-scheme-custom wd-fontsize-xs wd-type-icon wd-style-default text-left\">\n\t\t\t\t\t\t\t\t\t\t\t<li class=\"elementor-repeater-item-0fb9ad6\">\n\t\t\t\t\t\t\t\t\t\t\t<span class=\"wd-icon\"><span class=\"fas fa-plus-circle\"><\/span><\/span>\t\t\t\t\t\n\t\t\t\t\t<span class=\"wd-list-content list-content\">\n\t\t\t\t\t\t\t\t\t\t\t\t\tHohe F\u00f6rderleistung f\u00fcr optimale Wasserzirkulation.\n\t\t\t\t\t\t\t\t\t\t\t<\/span>\n\t\t\t\t<\/li>\n\t\t\t\t\t\t\t\t\t\t\t<li class=\"elementor-repeater-item-35c3769\">\n\t\t\t\t\t\t\t\t\t\t\t<span class=\"wd-icon\"><span class=\"fas fa-plus-circle\"><\/span><\/span>\t\t\t\t\t\n\t\t\t\t\t<span class=\"wd-list-content list-content\">\n\t\t\t\t\t\t\t\t\t\t\t\t\tEnergiesparender Asynchron-Motor f\u00fcr maximale Effizienz.\n\t\t\t\t\t\t\t\t\t\t\t<\/span>\n\t\t\t\t<\/li>\n\t\t\t\t\t\t\t\t\t\t\t<li class=\"elementor-repeater-item-b1430f1\">\n\t\t\t\t\t\t\t\t\t\t\t<span class=\"wd-icon\"><span class=\"fas fa-plus-circle\"><\/span><\/span>\t\t\t\t\t\n\t\t\t\t\t<span class=\"wd-list-content list-content\">\n\t\t\t\t\t\t\t\t\t\t\t\t\tFlexible Anschl\u00fcsse f\u00fcr vielseitige Einsatzm\u00f6glichkeiten.\n\t\t\t\t\t\t\t\t\t\t\t<\/span>\n\t\t\t\t<\/li>\n\t\t\t\t\t\t\t\t\t\t\t<li class=\"elementor-repeater-item-36379f6\">\n\t\t\t\t\t\t\t\t\t\t\t<span class=\"wd-icon\"><span class=\"fas fa-plus-circle\"><\/span><\/span>\t\t\t\t\t\n\t\t\t\t\t<span class=\"wd-list-content list-content\">\n\t\t\t\t\t\t\t\t\t\t\t\t\tRobustes Design f\u00fcr den Dauerbetrieb im und au\u00dferhalb des Wassers.\n\t\t\t\t\t\t\t\t\t\t\t<\/span>\n\t\t\t\t<\/li>\n\t\t\t\t\t\t\t\t\t\t\t<li class=\"elementor-repeater-item-a44dbc4\">\n\t\t\t\t\t\t\t\t\t\t\t<span class=\"wd-icon\"><span class=\"fas fa-plus-circle\"><\/span><\/span>\t\t\t\t\t\n\t\t\t\t\t<span class=\"wd-list-content list-content\">\n\t\t\t\t\t\t\t\t\t\t\t\t\tEffiziente Schmutzfilterung f\u00fcr kristallklares Wasser.\t\t\t\t\t\t\t\t\t\t\t<\/span>\n\t\t\t\t<\/li>\n\t\t\t\t\t<\/ul>\n\n\t\t\t\t\t\t<\/div>\n\t\t\t\t<\/div>\n\t\t\t\t\t<\/div>\n\t\t\t\t<\/div>\n\t\t\t\t<\/div>\n\t\t","protected":false},"excerpt":{"rendered":"<p>Sparen Sie Energie und Kosten Reduzieren Sie Ihre Betriebskosten um bis zu 50 % mit der Aquaforte EC-Serie Energiesparpumpe ECO.<\/p>\n","protected":false},"featured_media":16575,"comment_status":"open","ping_status":"closed","template":"","meta":{"_monsterinsights_skip_tracking":false,"_monsterinsights_sitenote_active":false,"_monsterinsights_sitenote_note":"","_monsterinsights_sitenote_category":0},"product_brand":[],"product_cat":[432],"product_tag":[2043,1210,2044,263,1507,2045,1795,2046,536,1874,544,1875,545,1963,546,2019,2033,2041,609,2042,959],"class_list":{"0":"post-16540","1":"product","2":"type-product","3":"status-publish","4":"has-post-thumbnail","6":"product_cat-filterpumpe","7":"product_tag-pumpensystem","8":"product_tag-aquaforte","9":"product_tag-variabel","10":"product_tag-aquaponik","11":"product_tag-foerderpumpe","12":"product_tag-zirkulation","13":"product_tag-teich","14":"product_tag-wasserpflege","15":"product_tag-technik","16":"product_tag-tauchpumpe","17":"product_tag-pumpe","18":"product_tag-teichpumpe","19":"product_tag-filterpumpe","20":"product_tag-profi","21":"product_tag-ec-serie","22":"product_tag-energieeffizient","23":"product_tag-wassertechnik","24":"product_tag-springbrunnen","25":"product_tag-hydroponik","26":"product_tag-wasserfall","27":"product_tag-garten","28":"pa_hersteller-aquaforte","30":"first","31":"instock","32":"taxable","33":"shipping-taxable","34":"purchasable","35":"product-type-variable"},"bundled_by":["18665"],"bundle_stock_status":"instock","bundle_stock_quantity":null,"bundle_virtual":false,"bundle_layout":"","bundle_add_to_cart_form_location":"","bundle_editable_in_cart":false,"bundle_sold_individually_context":"","bundle_item_grouping":"","bundle_min_size":"","bundle_max_size":"","bundle_price":[],"bundled_items":[],"bundle_sell_ids":[],"supplier_id":null,"supplier_sku":"","barcode":null,"atum_controlled":true,"out_stock_date":null,"out_stock_threshold":null,"inheritable":true,"inbound_stock":0,"stock_on_hold":0,"sold_today":0,"sales_last_days":2,"reserved_stock":0,"customer_returns":0,"warehouse_damage":0,"lost_in_post":0,"other_logs":0,"out_stock_days":0,"lost_sales":0,"has_location":false,"update_date":"2026-04-29T10:47:25","atum_locations":[],"atum_stock_status":"instock","restock_status":false,"low_stock_amount":"","sales_update_date":"2026-04-29T00:21:37","calc_backorders":null,"tiered_pricing_type":"fixed","tiered_pricing_fixed_rules":[],"tiered_pricing_product_settings":{"layout":"default","base_unit_name":{"singular":null,"plural":null},"default_variation":null},"tiered_pricing_minimum_quantity":null,"tiered_pricing_roles_data":[],"tiered_pricing_percentage_rules":[],"_links":{"self":[{"href":"https:\/\/www.lets-grow.de\/blog\/wp-json\/wp\/v2\/product\/16540","targetHints":{"allow":["GET"]}}],"collection":[{"href":"https:\/\/www.lets-grow.de\/blog\/wp-json\/wp\/v2\/product"}],"about":[{"href":"https:\/\/www.lets-grow.de\/blog\/wp-json\/wp\/v2\/types\/product"}],"replies":[{"embeddable":true,"href":"https:\/\/www.lets-grow.de\/blog\/wp-json\/wp\/v2\/comments?post=16540"}],"version-history":[{"count":1,"href":"https:\/\/www.lets-grow.de\/blog\/wp-json\/wp\/v2\/product\/16540\/revisions"}],"predecessor-version":[{"id":21080,"href":"https:\/\/www.lets-grow.de\/blog\/wp-json\/wp\/v2\/product\/16540\/revisions\/21080"}],"wp:featuredmedia":[{"embeddable":true,"href":"https:\/\/www.lets-grow.de\/blog\/wp-json\/wp\/v2\/media\/16575"}],"wp:attachment":[{"href":"https:\/\/www.lets-grow.de\/blog\/wp-json\/wp\/v2\/media?parent=16540"}],"wp:term":[{"taxonomy":"product_brand","embeddable":true,"href":"https:\/\/www.lets-grow.de\/blog\/wp-json\/wp\/v2\/product_brand?post=16540"},{"taxonomy":"product_cat","embeddable":true,"href":"https:\/\/www.lets-grow.de\/blog\/wp-json\/wp\/v2\/product_cat?post=16540"},{"taxonomy":"product_tag","embeddable":true,"href":"https:\/\/www.lets-grow.de\/blog\/wp-json\/wp\/v2\/product_tag?post=16540"}],"curies":[{"name":"wp","href":"https:\/\/api.w.org\/{rel}","templated":true}]}}