{"id":16132,"date":"2024-10-07T12:47:52","date_gmt":"2024-10-07T10:47:52","guid":{"rendered":"https:\/\/www.lets-grow.de\/blog\/?post_type=product&#038;p=16132"},"modified":"2025-12-04T18:17:57","modified_gmt":"2025-12-04T17:17:57","slug":"mironglas-mit-dichtung-deckel","status":"publish","type":"product","link":"https:\/\/www.lets-grow.de\/blog\/shop\/mironglas-mit-dichtung-deckel\/","title":{"rendered":"Mironglas mit Dichtung und Schraubdeckel"},"content":{"rendered":"\t\t<div data-elementor-type=\"product-post\" data-elementor-id=\"16132\" class=\"elementor elementor-16132\" data-elementor-post-type=\"product\">\n\t\t\t\t<div class=\"wd-negative-gap elementor-element elementor-element-54086fc e-flex e-con-boxed e-con e-parent\" data-id=\"54086fc\" data-element_type=\"container\" data-e-type=\"container\">\n\t\t\t\t\t<div class=\"e-con-inner\">\n\t\t\t\t<div class=\"elementor-element elementor-element-74feaf4 elementor-widget elementor-widget-heading\" data-id=\"74feaf4\" data-element_type=\"widget\" data-e-type=\"widget\" data-widget_type=\"heading.default\">\n\t\t\t\t\t<h2 class=\"elementor-heading-title elementor-size-default\">Mironglas \u2013 Perfekte Aufbewahrung f\u00fcr Frische und Qualit\u00e4t<\/h2>\t\t\t\t<\/div>\n\t\t\t\t<div class=\"elementor-element elementor-element-cb98042 elementor-widget elementor-widget-wd_text_block\" data-id=\"cb98042\" data-element_type=\"widget\" data-e-type=\"widget\" data-widget_type=\"wd_text_block.default\">\n\t\t\t\t<div class=\"elementor-widget-container\">\n\t\t\t\t\t\t\t<div class=\"wd-text-block reset-last-child text-left\">\n\t\t\t\n\t\t\t<p>Das Mironglas ist ideal zur Aufbewahrung von Kr\u00e4utern, Pflanzenextrakten und Lebensmitteln. Das lichtundurchl\u00e4ssige Glas bietet optimalen Schutz vor sch\u00e4dlichen UV-Strahlen, wodurch die wertvollen Inhaltsstoffe und \u00e4therischen \u00d6le erhalten bleiben. Gleichzeitig sorgt der hochwertige Schraubdeckel mit einer zus\u00e4tzlichen Dichtung f\u00fcr eine luftdichte Versiegelung, die Frische und Qualit\u00e4t langfristig garantiert.<\/p><p>Dank der speziellen biophotonischen Eigenschaften bleiben Aromen, Farben und N\u00e4hrstoffe l\u00e4nger intakt. Das Mironglas eignet sich nicht nur f\u00fcr den privaten Gebrauch, sondern auch f\u00fcr professionelle Anwendungen, bei denen Haltbarkeit und Inhaltsstoffschutz im Fokus stehen.<\/p><p>Wir bieten das Mironglas in vier verschiedenen Gr\u00f6\u00dfen an, um all Ihre Kundenanforderungen zu erf\u00fcllen.<br \/>W\u00e4hlen Sie bequem aus den Gr\u00f6\u00dfen 150ml, 300ml, 500ml oder 1000ml Ihr passendes Mironglas aus.<\/p>\n\t\t\t\t\t<\/div>\n\t\t\t\t\t\t<\/div>\n\t\t\t\t<\/div>\n\t\t\t\t<div class=\"elementor-element elementor-element-30e36f0 elementor-widget elementor-widget-spacer\" data-id=\"30e36f0\" data-element_type=\"widget\" data-e-type=\"widget\" data-widget_type=\"spacer.default\">\n\t\t\t\t\t\t\t<div class=\"elementor-spacer\">\n\t\t\t<div class=\"elementor-spacer-inner\"><\/div>\n\t\t<\/div>\n\t\t\t\t\t\t<\/div>\n\t\t\t\t<div class=\"elementor-element elementor-element-f54029f elementor-widget elementor-widget-heading\" data-id=\"f54029f\" data-element_type=\"widget\" data-e-type=\"widget\" data-widget_type=\"heading.default\">\n\t\t\t\t\t<h2 class=\"elementor-heading-title elementor-size-default\">Eigenschaften<\/h2>\t\t\t\t<\/div>\n\t\t\t\t<div class=\"elementor-element elementor-element-ddc9fe0 elementor-widget elementor-widget-wd_list\" data-id=\"ddc9fe0\" data-element_type=\"widget\" data-e-type=\"widget\" data-widget_type=\"wd_list.default\">\n\t\t\t\t<div class=\"elementor-widget-container\">\n\t\t\t\t\t\t\t<ul class=\"wd-list color-scheme- wd-fontsize-xs wd-type-unordered wd-style-default text-left\">\n\t\t\t\t\t\t\t\t\t\t\t<li class=\"elementor-repeater-item-9f0964d\">\n\t\t\t\t\t\t\t\t\t\t\t<span class=\"wd-icon\"><\/span>\t\t\t\t\t\n\t\t\t\t\t<span class=\"wd-list-content list-content\">\n\t\t\t\t\t\t\t\t\t\t\t\t\tFassungsverm\u00f6gen:&nbsp;150ml, 300ml, 500ml & 1000ml\t\t\t\t\t\t\t\t\t\t\t<\/span>\n\t\t\t\t<\/li>\n\t\t\t\t\t\t\t\t\t\t\t<li class=\"elementor-repeater-item-cec5ab1\">\n\t\t\t\t\t\t\t\t\t\t\t<span class=\"wd-icon\"><\/span>\t\t\t\t\t\n\t\t\t\t\t<span class=\"wd-list-content list-content\">\n\t\t\t\t\t\t\t\t\t\t\t\t\tMaterial:\u00a0Hochwertiges, lichtundurchl\u00e4ssiges Mironglas\t\t\t\t\t\t\t\t\t\t\t<\/span>\n\t\t\t\t<\/li>\n\t\t\t\t\t\t\t\t\t\t\t<li class=\"elementor-repeater-item-0b7c00b\">\n\t\t\t\t\t\t\t\t\t\t\t<span class=\"wd-icon\"><\/span>\t\t\t\t\t\n\t\t\t\t\t<span class=\"wd-list-content list-content\">\n\t\t\t\t\t\t\t\t\t\t\t\t\tDeckel:\u00a0Schraubdeckel mit Dichtung f\u00fcr luftdichte Versiegelung\n\t\t\t\t\t\t\t\t\t\t\t<\/span>\n\t\t\t\t<\/li>\n\t\t\t\t\t\t\t\t\t\t\t<li class=\"elementor-repeater-item-8d6ee29\">\n\t\t\t\t\t\t\t\t\t\t\t<span class=\"wd-icon\"><\/span>\t\t\t\t\t\n\t\t\t\t\t<span class=\"wd-list-content list-content\">\n\t\t\t\t\t\t\t\t\t\t\t\t\tVerwendung:\u00a0Optimal f\u00fcr Kr\u00e4uter, Pflanzenextrakte und Lebensmittel\t\t\t\t\t\t\t\t\t\t\t<\/span>\n\t\t\t\t<\/li>\n\t\t\t\t\t<\/ul>\n\n\t\t\t\t\t\t<\/div>\n\t\t\t\t<\/div>\n\t\t\t\t<div class=\"elementor-element elementor-element-f4fab69 elementor-widget elementor-widget-spacer\" data-id=\"f4fab69\" data-element_type=\"widget\" data-e-type=\"widget\" data-widget_type=\"spacer.default\">\n\t\t\t\t\t\t\t<div class=\"elementor-spacer\">\n\t\t\t<div class=\"elementor-spacer-inner\"><\/div>\n\t\t<\/div>\n\t\t\t\t\t\t<\/div>\n\t\t\t\t<div class=\"elementor-element elementor-element-82420fb elementor-widget elementor-widget-heading\" data-id=\"82420fb\" data-element_type=\"widget\" data-e-type=\"widget\" data-widget_type=\"heading.default\">\n\t\t\t\t\t<h2 class=\"elementor-heading-title elementor-size-default\">Vorteile<\/h2>\t\t\t\t<\/div>\n\t\t\t\t<div class=\"elementor-element elementor-element-e5e8ed4 elementor-widget elementor-widget-wd_list\" data-id=\"e5e8ed4\" data-element_type=\"widget\" data-e-type=\"widget\" data-widget_type=\"wd_list.default\">\n\t\t\t\t<div class=\"elementor-widget-container\">\n\t\t\t\t\t\t\t<ul class=\"wd-list color-scheme- wd-fontsize-xs wd-type-unordered wd-style-default text-left\">\n\t\t\t\t\t\t\t\t\t\t\t<li class=\"elementor-repeater-item-9f0964d\">\n\t\t\t\t\t\t\t\t\t\t\t<span class=\"wd-icon\"><\/span>\t\t\t\t\t\n\t\t\t\t\t<span class=\"wd-list-content list-content\">\n\t\t\t\t\t\t\t\t\t\t\t\t\tLichtschutz:\u00a0Sch\u00fctzt vor sch\u00e4dlichen UV-Strahlen\t\t\t\t\t\t\t\t\t\t\t<\/span>\n\t\t\t\t<\/li>\n\t\t\t\t\t\t\t\t\t\t\t<li class=\"elementor-repeater-item-cec5ab1\">\n\t\t\t\t\t\t\t\t\t\t\t<span class=\"wd-icon\"><\/span>\t\t\t\t\t\n\t\t\t\t\t<span class=\"wd-list-content list-content\">\n\t\t\t\t\t\t\t\t\t\t\t\t\tInhaltsstoffe bleiben erhalten:\u00a0Bewahrt Frische und Wirksamkeit der Kr\u00e4uter\t\t\t\t\t\t\t\t\t\t\t<\/span>\n\t\t\t\t<\/li>\n\t\t\t\t\t\t\t\t\t\t\t<li class=\"elementor-repeater-item-0b7c00b\">\n\t\t\t\t\t\t\t\t\t\t\t<span class=\"wd-icon\"><\/span>\t\t\t\t\t\n\t\t\t\t\t<span class=\"wd-list-content list-content\">\n\t\t\t\t\t\t\t\t\t\t\t\t\tFarberhalt:\u00a0Kr\u00e4uter behalten ihre nat\u00fcrliche Farbe\t\t\t\t\t\t\t\t\t\t\t<\/span>\n\t\t\t\t<\/li>\n\t\t\t\t\t\t\t\t\t\t\t<li class=\"elementor-repeater-item-8d6ee29\">\n\t\t\t\t\t\t\t\t\t\t\t<span class=\"wd-icon\"><\/span>\t\t\t\t\t\n\t\t\t\t\t<span class=\"wd-list-content list-content\">\n\t\t\t\t\t\t\t\t\t\t\t\t\tSchutz \u00e4therischer \u00d6le:\u00a0Erh\u00e4lt die \u00e4therischen \u00d6le und deren Wirkung\t\t\t\t\t\t\t\t\t\t\t<\/span>\n\t\t\t\t<\/li>\n\t\t\t\t\t\t\t\t\t\t\t<li class=\"elementor-repeater-item-69db828\">\n\t\t\t\t\t\t\t\t\t\t\t<span class=\"wd-icon\"><\/span>\t\t\t\t\t\n\t\t\t\t\t<span class=\"wd-list-content list-content\">\n\t\t\t\t\t\t\t\t\t\t\t\t\tLuftdicht:\u00a0Bewahrt Frische und Qualit\u00e4t\t\t\t\t\t\t\t\t\t\t\t<\/span>\n\t\t\t\t<\/li>\n\t\t\t\t\t\t\t\t\t\t\t<li class=\"elementor-repeater-item-9b1d670\">\n\t\t\t\t\t\t\t\t\t\t\t<span class=\"wd-icon\"><\/span>\t\t\t\t\t\n\t\t\t\t\t<span class=\"wd-list-content list-content\">\n\t\t\t\t\t\t\t\t\t\t\t\t\tVielseitig:\u00a0Ideal f\u00fcr die Aufbewahrung von Kr\u00e4utern, Pflanzenextrakten und Lebensmitteln\t\t\t\t\t\t\t\t\t\t\t<\/span>\n\t\t\t\t<\/li>\n\t\t\t\t\t<\/ul>\n\n\t\t\t\t\t\t<\/div>\n\t\t\t\t<\/div>\n\t\t\t\t<div class=\"elementor-element elementor-element-7bcc084 elementor-widget elementor-widget-spacer\" data-id=\"7bcc084\" data-element_type=\"widget\" data-e-type=\"widget\" data-widget_type=\"spacer.default\">\n\t\t\t\t\t\t\t<div class=\"elementor-spacer\">\n\t\t\t<div class=\"elementor-spacer-inner\"><\/div>\n\t\t<\/div>\n\t\t\t\t\t\t<\/div>\n\t\t\t\t<div class=\"elementor-element elementor-element-5df47a1 elementor-widget elementor-widget-wd_text_block\" data-id=\"5df47a1\" data-element_type=\"widget\" data-e-type=\"widget\" data-widget_type=\"wd_text_block.default\">\n\t\t\t\t<div class=\"elementor-widget-container\">\n\t\t\t\t\t\t\t<div class=\"wd-text-block reset-last-child text-left\">\n\t\t\t\n\t\t\t<p>Wir verwenden die Mirongl\u00e4ser selbst f\u00fcr die Lagerung unserer getrockneten Heilpflanzen wie z.B. den <a href=\"https:\/\/www.lets-grow.de\/blog\/einjaehrigen-beifuss-in-aquaponik\/\" target=\"_blank\" rel=\"noopener\">einj\u00e4hrigen Beifuss<\/a><\/p>\n\t\t\t\t\t<\/div>\n\t\t\t\t\t\t<\/div>\n\t\t\t\t<\/div>\n\t\t\t\t\t<\/div>\n\t\t\t\t<\/div>\n\t\t\t\t<\/div>\n\t\t","protected":false},"excerpt":{"rendered":"<p>Das Mironglas sch\u00fctzt vor UV-Strahlen und erh\u00e4lt mit dem luftdichten Deckel die Frische sowie \u00e4therische \u00d6le von Kr\u00e4utern, Extrakten und Lebensmitteln.<\/p>\n","protected":false},"featured_media":16137,"comment_status":"open","ping_status":"closed","template":"","meta":{"_monsterinsights_skip_tracking":false,"_monsterinsights_sitenote_active":false,"_monsterinsights_sitenote_note":"","_monsterinsights_sitenote_category":0},"product_brand":[],"product_cat":[786],"product_tag":[2050,2051,609,2052,700,2053,263,2054,1971,2055,531,1972,2056,1979,2057,535,2047,2058,2048,2059,2049],"class_list":{"0":"post-16132","1":"product","2":"type-product","3":"status-publish","4":"has-post-thumbnail","6":"product_cat-lagerung","7":"product_tag-luftdicht","8":"product_tag-dichtung","9":"product_tag-hydroponik","10":"product_tag-vorratsglas","11":"product_tag-aromaschutz","12":"product_tag-tee","13":"product_tag-aquaponik","14":"product_tag-gewuerze","15":"product_tag-kraeuter","16":"product_tag-pulver","17":"product_tag-lagerung","18":"product_tag-samen","19":"product_tag-apothekerglas","20":"product_tag-lebensmittel","21":"product_tag-glasbehaelter","22":"product_tag-aufbewahrung","23":"product_tag-mironglas","24":"product_tag-kuechenaufbewahrung","25":"product_tag-glas","26":"product_tag-dekoglas","27":"product_tag-schraubdeckel","28":"product_shipping_class-standard","29":"pa_hersteller-miron","31":"first","32":"instock","33":"taxable","34":"shipping-taxable","35":"purchasable","36":"product-type-variable"},"bundled_by":[],"bundle_stock_status":"instock","bundle_stock_quantity":null,"bundle_virtual":false,"bundle_layout":"","bundle_add_to_cart_form_location":"","bundle_editable_in_cart":false,"bundle_sold_individually_context":"","bundle_item_grouping":"","bundle_min_size":"","bundle_max_size":"","bundle_price":[],"bundled_items":[],"bundle_sell_ids":[],"supplier_id":null,"supplier_sku":"","barcode":null,"atum_controlled":true,"out_stock_date":null,"out_stock_threshold":null,"inheritable":true,"inbound_stock":0,"stock_on_hold":0,"sold_today":0,"sales_last_days":0,"reserved_stock":0,"customer_returns":0,"warehouse_damage":0,"lost_in_post":0,"other_logs":0,"out_stock_days":0,"lost_sales":0,"has_location":false,"update_date":"2026-05-02T00:23:00","atum_locations":[],"atum_stock_status":"instock","restock_status":false,"low_stock_amount":"","sales_update_date":"2026-05-02T00:23:00","calc_backorders":null,"tiered_pricing_type":"fixed","tiered_pricing_fixed_rules":{"3":4.49,"5":3.99},"tiered_pricing_product_settings":{"layout":"default","base_unit_name":{"singular":null,"plural":null},"default_variation":null},"tiered_pricing_minimum_quantity":null,"tiered_pricing_roles_data":[],"tiered_pricing_percentage_rules":[],"_links":{"self":[{"href":"https:\/\/www.lets-grow.de\/blog\/wp-json\/wp\/v2\/product\/16132","targetHints":{"allow":["GET"]}}],"collection":[{"href":"https:\/\/www.lets-grow.de\/blog\/wp-json\/wp\/v2\/product"}],"about":[{"href":"https:\/\/www.lets-grow.de\/blog\/wp-json\/wp\/v2\/types\/product"}],"replies":[{"embeddable":true,"href":"https:\/\/www.lets-grow.de\/blog\/wp-json\/wp\/v2\/comments?post=16132"}],"version-history":[{"count":1,"href":"https:\/\/www.lets-grow.de\/blog\/wp-json\/wp\/v2\/product\/16132\/revisions"}],"predecessor-version":[{"id":21081,"href":"https:\/\/www.lets-grow.de\/blog\/wp-json\/wp\/v2\/product\/16132\/revisions\/21081"}],"wp:featuredmedia":[{"embeddable":true,"href":"https:\/\/www.lets-grow.de\/blog\/wp-json\/wp\/v2\/media\/16137"}],"wp:attachment":[{"href":"https:\/\/www.lets-grow.de\/blog\/wp-json\/wp\/v2\/media?parent=16132"}],"wp:term":[{"taxonomy":"product_brand","embeddable":true,"href":"https:\/\/www.lets-grow.de\/blog\/wp-json\/wp\/v2\/product_brand?post=16132"},{"taxonomy":"product_cat","embeddable":true,"href":"https:\/\/www.lets-grow.de\/blog\/wp-json\/wp\/v2\/product_cat?post=16132"},{"taxonomy":"product_tag","embeddable":true,"href":"https:\/\/www.lets-grow.de\/blog\/wp-json\/wp\/v2\/product_tag?post=16132"}],"curies":[{"name":"wp","href":"https:\/\/api.w.org\/{rel}","templated":true}]}}