{"id":77,"date":"2012-04-11T21:26:03","date_gmt":"2012-04-11T19:26:03","guid":{"rendered":"http:\/\/wp.lets-grow.de\/?page_id=77"},"modified":"2015-04-23T08:26:22","modified_gmt":"2015-04-23T06:26:22","slug":"warum-aquaponik","status":"publish","type":"page","link":"https:\/\/www.lets-grow.de\/blog\/warum-aquaponik\/","title":{"rendered":"Warum Aquaponik"},"content":{"rendered":"<p><span style=\"text-decoration: underline;\"><b>Beweggr\u00fcnde:<\/b><\/span><br \/>\nAlso uns (meiner Frau und mir) geht es darum, den Leuten zu zeigen das es nicht so schwer ist, sich gesund zu ern\u00e4hren.<br \/>\nUnd sich mit eigenem Gem\u00fcse und Fisch zu versorgen, auch wenn man keinen eigenen Garten hat.<br \/>\nOder einem die Zeit f\u00fcr intensive Gartenarbeit fehlt, ein laufendes System braucht 10 Minuten am Tag (Fisch f\u00fcttern und Sichtkontrolle), und w\u00f6chentlich einige Wasserkontrollen ob man genug f\u00fcttert oder mehr oder weniger f\u00fcttern sollte.<br \/>\nFische wachsen, Pflanzen wachsen, und man sollte regelm\u00e4\u00dfig pr\u00fcfen ob man das Gleichgewicht beibeh\u00e4lt.<\/p>\n<p>Wir befinden uns in Zeiten der Skandale und des Kommerz, jeder versucht nur noch Geld zu machen.<br \/>\nEine Familie mit 3-4 Kindern ist doch heute nicht mehr in der Lage, im Bioladen einkaufen zu k\u00f6nnen.<br \/>\nKilopreise in Biom\u00e4rkten von 49\u20ac f\u00fcr Forelle aus dem Ausland sind doch schon aktuell.<\/p>\n<p>Viele Menschen auf der Welt erleiden Hunger w\u00e4hrend andere Brot in Tonnen verheizen, Ackerfl\u00e4chen f\u00fcr Mais f\u00fcr Biogas verwenden, oder neuerdings Ackerfl\u00e4chen f\u00fcr Geb\u00e4ude oder Solarkollektoren weichen m\u00fcssen.<br \/>\nWir wollen einmal in der Lage sein (Grage des Geldes leider) diesen Menschen zu helfen, indem man Ihnen zeigt wie sie selbst so ein System aufbauen und betreuen k\u00f6nnen.<\/p>\n<p>Seltene Tomatensorten die es fr\u00fcher einmal gab, heute nicht mehr zu haben sind, wachsen bei uns im Gew\u00e4chshaus.<br \/>\nMan hat die Freiheit Fischsorten, Gem\u00fcsesorten, Kr\u00e4uter oder sogar Obstsorten anzubauen, die in Vergessenheit geraten sind.<br \/>\nWelcher junge Mensch wei\u00df das es 30 Sorten Minze gibt, 1100 Sorten Salbei und \u00fcber 900 Sorten Tomaten.<br \/>\nAuch subtropisches Gem\u00fcse wie Chili lassen sich so anbauen.<\/p>\n<p>Krankheiten und Sch\u00e4dlinge die in der Erde leben, Unkr\u00e4uter die einem den letzten Nerv rauben bleiben in einem AP-System aus.<br \/>\nEs gibt <span style=\"text-decoration: underline;\">keinerlei<\/span> Nachteile.<\/p>\n<p><span style=\"text-decoration: underline;\"><b>Zur Funktionsweise:<\/b><\/span><br \/>\nDie Fische leben im so genannten Fischtank und erfreuen sich nicht zu hoher Besatzdichten, wie das in der kommerziellen Fischzucht \u00fcblich ist.<br \/>\nDie Ausscheidungen des Futters gelangen \u00fcber eine Pumpe die zyklisch l\u00e4uft, in die Pflanzenbeete (bei uns Kiesbeete).<br \/>\nDort leben die Bakterien der Art Nitrosoma und Nitrobacter die unter Verwendung von Sauerstoff, ihre Arbeit verrichten und so die f\u00fcr die<br \/>\nFische belastenden N\u00e4hrstoffe aus dem Wasser in Pflanzenverf\u00fcgbare N\u00e4hrstoffe umwandeln.<br \/>\nDen Kreislauf vom Ammonium \u00fcbers Nitrit zum Nitrat nennt man Stickstoffkreislauf.<\/p>\n<p>Wie auch f\u00fcr Menschen ist das Zwischenprodukt, welches gerade zu Beginn eines neuen Systems entsteht, das Nitrit hochgradig giftig und ist Grund f\u00fcr das Fischsterben in vielen Seen und Fl\u00fcssen.<br \/>\nNitrit hindert die Fische daran Sauerstoff aufzunehmen, man kennt das aus dem Aquarium oder Teich, wenn die Fische an der Wasseroberfl\u00e4che nach Luft schnappen.<br \/>\nIm eingelaufenen Systemen (6 Wochen ohne Startbakterien aus einem bestehenden System, bzw. 4 Wochen bei einbringen von Bakterienkulturen) haben die Fische gefiltertes Wasser.<br \/>\nDie Feststoffe (Kot) lagern sich im Pflanzenbeet an, wird dort von Regenw\u00fcrmern zersetzt, und so den Pflanzen ebenfalls verf\u00fcgbar gemacht.<br \/>\nDas Wasser flie\u00dft nach abschalten der Pumpe (15-30min) zur\u00fcck in den Fischbeh\u00e4lter.<br \/>\nDen Fischen bleibt w\u00e4hrend der ganzen Pumpzeit ausreichend Wasser im Fischbeh\u00e4lter erhalten.<\/p>\n<p>In einem perfekten \u00d6kosystem wie es die Natur seit Jahrtausenden macht, ist es nicht anders.<br \/>\nErst durch eingreifen der Menschen ger\u00e4t die Balance aus dem Ruder.<br \/>\nEin See beherbergt viele Fische und Pflanzen.<br \/>\nDie Population richtet sich nach der Nahrung die vorhanden ist.<br \/>\nParallel dazu entwickelt sich, nach der Menge an Nahrung im Wasser, die Flora um den See.<br \/>\nB\u00e4ume ziehen Wasser und N\u00e4hrstoffe aus dem Wasser. Fr\u00fcchte vom <span class=\"il\">Baum<\/span>, Bl\u00e4tter und \u00c4ste fallen daf\u00fcr auch in den See, wovon<br \/>\nsich kleine Lebewesen ern\u00e4hren, die wiederum von gr\u00f6\u00dferen Fischen gefressen werden, und diese von B\u00e4ren, V\u00f6gel oder anderen R\u00e4ubern, der Kreislauf beginnt von vorn.<\/p>\n<p>Der Mensch greift aber ein, erh\u00f6ht die Fischmenge, f\u00fcttert spezielles Futter und die Natur ist nicht in der Lage die Menge abzubauen.<br \/>\nSo werden Fl\u00fcsse umgeleitet, um die Schadstoffe aus dem See zu sp\u00fclen.<\/p>\n<p>Das als kleiner Ausflug warum wir das machen, und was unser Ziel ist.<\/p>\n<p>Wir bieten daher von der Beratung, Planung, Konzeptionierung, Fischzucht, Jungpflanzenzucht und geeignetem Fischfutter eigentlich die komplette Bandbreite an.<\/p>\n","protected":false},"excerpt":{"rendered":"<p>Beweggr\u00fcnde: Also uns (meiner Frau und mir) geht es darum, den Leuten zu zeigen das es nicht so schwer ist,<\/p>\n","protected":false},"author":1,"featured_media":0,"parent":0,"menu_order":0,"comment_status":"closed","ping_status":"open","template":"","meta":{"_monsterinsights_skip_tracking":false,"_monsterinsights_sitenote_active":false,"_monsterinsights_sitenote_note":"","_monsterinsights_sitenote_category":0,"footnotes":""},"class_list":["post-77","page","type-page","status-publish","hentry"],"_links":{"self":[{"href":"https:\/\/www.lets-grow.de\/blog\/wp-json\/wp\/v2\/pages\/77","targetHints":{"allow":["GET"]}}],"collection":[{"href":"https:\/\/www.lets-grow.de\/blog\/wp-json\/wp\/v2\/pages"}],"about":[{"href":"https:\/\/www.lets-grow.de\/blog\/wp-json\/wp\/v2\/types\/page"}],"author":[{"embeddable":true,"href":"https:\/\/www.lets-grow.de\/blog\/wp-json\/wp\/v2\/users\/1"}],"replies":[{"embeddable":true,"href":"https:\/\/www.lets-grow.de\/blog\/wp-json\/wp\/v2\/comments?post=77"}],"version-history":[{"count":0,"href":"https:\/\/www.lets-grow.de\/blog\/wp-json\/wp\/v2\/pages\/77\/revisions"}],"wp:attachment":[{"href":"https:\/\/www.lets-grow.de\/blog\/wp-json\/wp\/v2\/media?parent=77"}],"curies":[{"name":"wp","href":"https:\/\/api.w.org\/{rel}","templated":true}]}}