{"id":1209,"date":"2019-01-18T08:51:34","date_gmt":"2019-01-18T07:51:34","guid":{"rendered":"https:\/\/www.lets-grow.de\/blog\/?page_id=1209"},"modified":"2020-11-18T11:13:38","modified_gmt":"2020-11-18T10:13:38","slug":"naechster-workshop","status":"publish","type":"page","link":"https:\/\/www.lets-grow.de\/blog\/startseite\/naechster-workshop\/","title":{"rendered":"N\u00e4chster Workshop 2019"},"content":{"rendered":"<p>Hallo Freunde der Aquaponik,<br \/>\ndie Nachfrage nach dem Workshop ist weiterhin hoch, daher steht der n\u00e4chste Termin bereits fest.<\/p>\n<h5>Datum:<\/h5>\n<p>Daher haben wir als neuen Termin f\u00fcr den Workshop 2019 den <span style=\"color: #ff0000;\"><strong>22.03. bis 24.03.2019<\/strong><\/span>\u00a0angesetzt.<br \/>\nDie Parameter haben sich nicht ver\u00e4ndert, daher starten wir jeweils am<br \/>\nSamstag und Sonntag um\u00a0<span style=\"color: #ff0000;\">10 Uhr<\/span> und Ende ist wieder gegen <span style=\"color: #ff0000;\">18 Uhr<\/span> angepeilt.<br \/>\nWas sich ge\u00e4ndert hat, ist die Dauer des Workshops,\u00a0denn der Workshop geht nach der positiven R\u00fcckmeldung erneut \u00fcber\u00a0<strong>zwei ganze Tage.<\/strong><br \/>\nEs soll wieder eine kleine Gruppe werden, die sich rund um das Thema Aquaponik informieren kann.<br \/>\nThemen wie beispielsweise Filterung, Besatzfische, Besatzdichte, Futter, Futtermenge, sowie die wichtigsten Wasserwerte uvm. stehen ebenfalls wieder auf der Agenda.<\/p>\n<h5>Teilnehmerzahl:<\/h5>\n<p>Wir planen das dieses mal im Forsthaus L\u00fcsche wo auch alle \u00fcbernachten k\u00f6nnen.<br \/>\nHier der\u00a0<a href=\"http:\/\/www.forsthaus-luesche.com\/\" target=\"_blank\" rel=\"nofollow noopener noreferrer\">Link zur Homepage<\/a>.<\/p>\n<p>Es ist ein Kunde der ein Schullandheim f\u00fchrt und dank des Workshops sich auch eine tolle Anlage aufgebaut hat die wir nat\u00fcrlich auch besichtigen werden.<\/p>\n<p><a href=\"http:\/\/www.forsthaus-luesche.com\/\" target=\"_blank\" rel=\"nofollow noopener noreferrer\" data-saferedirecturl=\"https:\/\/www.google.com\/url?hl=de&amp;q=http:\/\/www.forsthaus-luesche.com&amp;source=gmail&amp;ust=1510046002928000&amp;usg=AFQjCNGb0s8xucxHuTvJgdNini4AauhDKQ\">www.forsthaus-luesche.com<\/a><\/p>\n<p>Der Inhaber des Forsthauses ist ein Kunde von uns, der mittels des Workshops seine Anlage geplant, und danach realisiert hat.<br \/>\nDa alle unter einem Dach sind, bietet es sich an<strong> bereits am Freitag<\/strong> anzureisen, damit wir schon zusammen Abendbrot essen k\u00f6nnen, und am Samstag nach dem gemeinsamen Fr\u00fchst\u00fcck p\u00fcnktlich starten k\u00f6nnen.<\/p>\n<p><strong>Der Unkostenbeitrag betr\u00e4gt 250,00 &#8211; 350,00\u20ac inklusive Verpflegung und \u00dcbernachtung (je nach Zimmer).<\/strong><\/p>\n<p>Im Paket ist das Abendessen am Freitag (22.03.2019)<br \/>\nFr\u00fchst\u00fcck, Mittag und Abendessen am Samstag (23.03.2019)<br \/>\nsowie Fr\u00fchst\u00fcck und Mittagessen am Sonntag (24.03.2019), sowie die zwei \u00dcbernachtungen.<\/p>\n<p>Das Forsthaus hat in Summe 13 Zimmer.<br \/>\nBesonderheit das es neben Ein- und Zweibettzimmer auch noch Vier- und F\u00fcnfbett Zimmer gibt.<br \/>\nWir haben daher entschieden den Preis an den Zimmern zu orientieren.<br \/>\nWer keine Kontakt\u00e4ngste hat, und bereit ist das Zimmer zu teilen, hat den besten Preis.<br \/>\nHintergrund sind die r\u00e4umliche Gegebenheit.<br \/>\n<strong><\/p>\n<p>Beispiel:<br \/>\n<\/strong>Sie kommen alleine, dann buchen Sie das Einbettzimmer.<\/p>\n<p>Sie kommen zu Zweit, und buchen dann zweimal das Zweibettzimmer.<br \/>\nBuchen Sie aufgrund der Tatsache, das kein Einbettzimmer mehr frei ist, das Zweibettzimmer, kommen allerdings alleine, zahlen Sie den Preis vom Einbettzimmer.<br \/>\nDas ist f\u00fcr die Vier- und F\u00fcnfbettzimmer leider nicht m\u00f6glich, es wird dann fortlaufend aufgef\u00fcllt.<br \/>\nIm Anhang finden Sie die Raumaufteilung, Zimmer 7 ist f\u00fcr die Workshop-Leitung bereits belegt.<\/p>\n<p><span class=\"text_exposed_show\">Sollte es Unvertr\u00e4glichkeiten, oder besondere Anforderungen an das Essen geben, bitte rechtzeitig mitteile<\/span><span class=\"text_exposed_show\">n.<\/span><\/p>\n<h4>Buchung vom Workshop:<\/h4>\n<p><span class=\"text_exposed_show\">Zur besseren Planung w\u00fcrden wir Euch bitten, daher den Workshop im <a href=\"http:\/\/www.lets-grow.de\/shop\/support\/47\/aquaponik-workshop\" target=\"_blank\" rel=\"noopener noreferrer\">Shop <\/a><strong><span style=\"color: #ff0000;\">verbindlich<\/span> <\/strong>zu buchen.<br \/>\nEinfach in der Auswahlbox die Zimmerart, und die Anzahl der Teilnehmer ausw\u00e4hlen.<br \/>\nDer Workshop findet nur statt, falls die Mindestteilnehmerzahl von sechs Teilnehmer erreicht ist.<\/span><\/p>\n<div class=\"text_exposed_show\">\nWir w\u00fcrden uns sehr freuen Euch bei uns begr\u00fc\u00dfen zu d\u00fcrfen.<\/p>\n<h5>Die Agenda vom Workshop:<\/h5>\n<ul>\n<li>Was ist Aquaponik<\/li>\n<li>Bestandteile<\/li>\n<li>Stickstoffkreislauf<\/li>\n<li>Filtermedien<\/li>\n<li>Aufbau eines Filters<\/li>\n<li>Einlaufphase<\/li>\n<li>Fischarten<\/li>\n<li>Besatzdichte<\/li>\n<li>Futtermenge<\/li>\n<li>Wasserchemie (N, P, K, Fe, pH, Mg, Ca, etc)<\/li>\n<li>Optimierung des Systems<\/li>\n<li>Bau von Systemkomponenten<\/li>\n<li>Unterschied der einzelnen Komponenten<\/li>\n<li>Aussaat von Sorten<\/li>\n<li>Pikieren<\/li>\n<li>Nitratfilter<\/li>\n<li>Energiemanagement<\/li>\n<\/ul>\n<h5>Lokalit\u00e4t des Workshops:<\/h5>\n<p>Der Workshop findet bei unserem Kunden in Steinhorst statt.<br \/>\nAdresse ist:<\/p>\n<p><strong>Forsthaus L\u00fcsche Schulungs- und Freizeitheim<\/strong><br \/>\nSteinhorster Str. 2<br \/>\n29367 Steinhorst<\/p>\n<p><a href=\"http:\/\/www.lets-grow.de\/blog\/wp-content\/uploads\/2016\/11\/luesche.jpg\"><img decoding=\"async\" class=\"alignnone wp-image-1116 size-medium\" title=\"Raumplan Workshop\" src=\"https:\/\/www.lets-grow.de\/blog\/wp-content\/uploads\/2016\/11\/luesche-300x208.jpg\" alt=\"Raumplan Workshop\" width=\"300\" height=\"208\" srcset=\"https:\/\/www.lets-grow.de\/blog\/wp-content\/uploads\/2016\/11\/luesche-300x208.jpg 300w, https:\/\/www.lets-grow.de\/blog\/wp-content\/uploads\/2016\/11\/luesche-190x132.jpg 190w, https:\/\/www.lets-grow.de\/blog\/wp-content\/uploads\/2016\/11\/luesche-700x485.jpg 700w, https:\/\/www.lets-grow.de\/blog\/wp-content\/uploads\/2016\/11\/luesche.jpg 721w\" sizes=\"(max-width: 300px) 100vw, 300px\" \/><\/a><\/p>\n<p>Wir freuen uns auf den Workshop mit Ihnen\/Euch, bisher war jeder Workshop ein voller Erfolg.<br \/>\nDie beiden Tage sind nur f\u00fcr Sie\/Euch, daher gestalten wir diese nach Ihren\/Euren W\u00fcnschen.<br \/>\nFehlen Themen bitte vorher kurz mitteilen, dann versuchen wir diese mit aufzunehmen.<br \/>\nBisher hatten wir allerdings immer mehr als genug Inhalte f\u00fcr die beiden Tage (16h)<\/p>\n<p>Bei Nahrungsmittelunvertr\u00e4glichkeiten bitte rechtzeitig vor dem Termin\u00a0bescheid geben, damit wir gegebenenfalls alternativen parat haben k\u00f6nnen.<\/p>\n<p>Sonnige\u00a0Gr\u00fc\u00dfe<br \/>\nKarin Weber<\/p>\n<p><a href=\"https:\/\/www.lets-grow.de\/shop\/support\/47\/aquaponik-workshop-september-2018\"><img decoding=\"async\" class=\"alignnone size-full wp-image-1213\" src=\"https:\/\/www.lets-grow.de\/blog\/wp-content\/uploads\/2019\/01\/18-01-2019-09-13-23.png\" alt=\"\" width=\"161\" height=\"73\" \/><\/a><\/p>\n<\/div>\n","protected":false},"excerpt":{"rendered":"<p>Hallo Freunde der Aquaponik, die Nachfrage nach dem Workshop ist weiterhin hoch, daher steht der n\u00e4chste Termin bereits fest. Datum:<\/p>\n","protected":false},"author":1,"featured_media":0,"parent":1025,"menu_order":0,"comment_status":"closed","ping_status":"closed","template":"","meta":{"_monsterinsights_skip_tracking":false,"_monsterinsights_sitenote_active":false,"_monsterinsights_sitenote_note":"","_monsterinsights_sitenote_category":0,"footnotes":""},"class_list":["post-1209","page","type-page","status-publish","hentry"],"_links":{"self":[{"href":"https:\/\/www.lets-grow.de\/blog\/wp-json\/wp\/v2\/pages\/1209","targetHints":{"allow":["GET"]}}],"collection":[{"href":"https:\/\/www.lets-grow.de\/blog\/wp-json\/wp\/v2\/pages"}],"about":[{"href":"https:\/\/www.lets-grow.de\/blog\/wp-json\/wp\/v2\/types\/page"}],"author":[{"embeddable":true,"href":"https:\/\/www.lets-grow.de\/blog\/wp-json\/wp\/v2\/users\/1"}],"replies":[{"embeddable":true,"href":"https:\/\/www.lets-grow.de\/blog\/wp-json\/wp\/v2\/comments?post=1209"}],"version-history":[{"count":0,"href":"https:\/\/www.lets-grow.de\/blog\/wp-json\/wp\/v2\/pages\/1209\/revisions"}],"up":[{"embeddable":true,"href":"https:\/\/www.lets-grow.de\/blog\/wp-json\/wp\/v2\/pages\/1025"}],"wp:attachment":[{"href":"https:\/\/www.lets-grow.de\/blog\/wp-json\/wp\/v2\/media?parent=1209"}],"curies":[{"name":"wp","href":"https:\/\/api.w.org\/{rel}","templated":true}]}}