{"id":1025,"date":"2016-08-29T14:42:37","date_gmt":"2016-08-29T12:42:37","guid":{"rendered":"http:\/\/www.lets-grow.de\/blog\/?page_id=1025"},"modified":"2020-11-26T10:31:35","modified_gmt":"2020-11-26T09:31:35","slug":"startseite","status":"publish","type":"page","link":"https:\/\/www.lets-grow.de\/blog\/startseite\/","title":{"rendered":"Startseite von Lets-Grow"},"content":{"rendered":"<h5>Hallo und herzlich Willkommen auf unserer Webseite.<\/h5>\n<p>Auf diesen Seiten dreht sich alles um die Aquaponik von Lets-Grow&nbsp;(engl. Aquaponic).<\/p>\n<p><a href=\"http:\/\/www.lets-grow.de\/blog\/wp-content\/uploads\/2016\/06\/IMG_1836.jpg\"><img decoding=\"async\" class=\"alignnone size-medium wp-image-396\" src=\"http:\/\/www.lets-grow.de\/blog\/wp-content\/uploads\/2016\/06\/IMG_1836-200x300.jpg\" alt=\"IMG_1836\" width=\"200\" height=\"300\" srcset=\"https:\/\/www.lets-grow.de\/blog\/wp-content\/uploads\/2016\/06\/IMG_1836-200x300.jpg 200w, https:\/\/www.lets-grow.de\/blog\/wp-content\/uploads\/2016\/06\/IMG_1836-190x285.jpg 190w, https:\/\/www.lets-grow.de\/blog\/wp-content\/uploads\/2016\/06\/IMG_1836-350x525.jpg 350w, https:\/\/www.lets-grow.de\/blog\/wp-content\/uploads\/2016\/06\/IMG_1836.jpg 400w\" sizes=\"(max-width: 200px) 100vw, 200px\" \/><\/a><\/p>\n<h5>Dazu geh\u00f6ren nat\u00fcrlich viele Unterkomponenten:<\/h5>\n<ul>\n<li>Anzucht von Jungpflanzen<\/li>\n<li>Besatzfische<\/li>\n<li>Fischfutter<\/li>\n<li>Filtermedien<\/li>\n<li>Pflanzen<\/li>\n<li>Substrate und Netzt\u00f6pfe<\/li>\n<li>Pumpen<\/li>\n<li>Rohre<\/li>\n<li>Verschraubungen sowie Zubeh\u00f6r<\/li>\n<li>Wasserchemie<\/li>\n<\/ul>\n<h5>Was&nbsp;Aquaponik von Lets-Grow Ihnen bietet:<\/h5>\n<p>Wir wollen versuchen, Sie mit dieser Webseite zu Unterst\u00fctzen.<br \/>\nIn Deutschland w\u00e4chst immer mehr das Interesse an eigenen Nahrungsmitteln, wie Fisch und Gem\u00fcse.<br \/>\nWir wollen Ihnen zeigen was Aquaponik ist, was es kann, wie es funktioniert und was man dazu alles braucht.<br \/>\nGerne unterst\u00fctzen wir Sie nat\u00fcrlich auch bei der Umsetzung <strong>Ihres<\/strong> eigenen <strong>Systems<\/strong>.<br \/>\nWir stammen und leben in der Region Braunschweig im Herzen des Bundesland Niedersachsen von Deutschland, genauer gesagt leben wir in Westerlinde ein kleines Dorf mit viel Platz f\u00fcr Fisch- und Gem\u00fcsezucht.<\/p>\n<p>Erste Referenzanlagen, die wir betreuen, aufbauen und unterst\u00fctzen sind auch bereits auf unserer Seite dokumentiert.<br \/>\nZu unsere Kunden z\u00e4hlen neben Kinderg\u00e4rten, Schulen, Universit\u00e4ten, kleinen Firmen nat\u00fcrlich auch eine gro\u00dfe Gemeinde an Privatpersonen, die sich intensiv mit der Kultivierung von Fischen und Pflanzen besch\u00e4ftigen.<\/p>\n<p><b><\/b>Bei den Fischen die wir selbst z\u00fcchten, handelt sich um eine Tilapienart, die auch bereits h\u00e4ufig in den Tiefk\u00fchltruhen der Superm\u00e4rkte zu finden ist.<br \/>\nSehr gerne beliefern wir Sie mit Besatzfischen, um damit Ihr eigenes System zu starten.<br \/>\nDie Tilapien geh\u00f6ren zur Familie der Buntbarsche.<\/p>\n<p>Die Gattung Tilapia besteht im Grunde aus drei Untergruppen:<\/p>\n<ul>\n<li>Oreochromis<\/li>\n<li>Tilapia<\/li>\n<li>Sarotherodon<\/li>\n<\/ul>\n<p>Seit einger Zeit besch\u00e4ftigen wir uns mit der Haltung und Zucht von folgender Tilapienart:<\/p>\n<ul>\n<li>Oreochromis Niloticus<br \/>\n<a href=\"http:\/\/www.lets-grow.de\/blog\/wp-content\/uploads\/2015\/04\/bock3.jpg\"><img decoding=\"async\" class=\"alignnone size-medium wp-image-56\" src=\"http:\/\/www.lets-grow.de\/blog\/wp-content\/uploads\/2015\/04\/bock3-300x153.jpg\" alt=\"bock3\" width=\"300\" height=\"153\" srcset=\"https:\/\/www.lets-grow.de\/blog\/wp-content\/uploads\/2015\/04\/bock3-300x153.jpg 300w, https:\/\/www.lets-grow.de\/blog\/wp-content\/uploads\/2015\/04\/bock3-190x97.jpg 190w, https:\/\/www.lets-grow.de\/blog\/wp-content\/uploads\/2015\/04\/bock3.jpg 400w\" sizes=\"(max-width: 300px) 100vw, 300px\" \/><\/a>&nbsp;<a href=\"http:\/\/www.lets-grow.de\/blog\/wp-content\/uploads\/2011\/12\/fisch_geschlachtet_33cm.jpg\"><img decoding=\"async\" class=\"alignnone size-medium wp-image-787\" src=\"http:\/\/www.lets-grow.de\/blog\/wp-content\/uploads\/2011\/12\/fisch_geschlachtet_33cm-300x225.jpg\" alt=\"Geschlachteter Niltilapia (Oreochromis niloticus)\" width=\"300\" height=\"225\" srcset=\"https:\/\/www.lets-grow.de\/blog\/wp-content\/uploads\/2011\/12\/fisch_geschlachtet_33cm-300x225.jpg 300w, https:\/\/www.lets-grow.de\/blog\/wp-content\/uploads\/2011\/12\/fisch_geschlachtet_33cm-190x143.jpg 190w, https:\/\/www.lets-grow.de\/blog\/wp-content\/uploads\/2011\/12\/fisch_geschlachtet_33cm-250x188.jpg 250w, https:\/\/www.lets-grow.de\/blog\/wp-content\/uploads\/2011\/12\/fisch_geschlachtet_33cm-350x263.jpg 350w, https:\/\/www.lets-grow.de\/blog\/wp-content\/uploads\/2011\/12\/fisch_geschlachtet_33cm.jpg 400w\" sizes=\"(max-width: 300px) 100vw, 300px\" \/><\/a><\/li>\n<\/ul>\n<p>Oreochromis Niloticus w\u00e4chst im Gegensatz zu vielen anderen Tilapiensorten extrem schnell,<br \/>\nund hat eine sehr hohe Futterverwertung.<\/p>\n<p>Tilapien z\u00e4hlen zu den Warmwasserfischen, kommen aus afrikanischen Gew\u00e4ssern&nbsp;und sind je nach Art Maulbr\u00fcter bzw Offenbr\u00fcter.<br \/>\nSie erreichen schnell eine Gr\u00f6\u00dfe von 30-40cm K\u00f6rperl\u00e4nge bei bis zu 4kg, und sind beliebte Speisefische.<\/p>\n<p><b>N\u00e4hrwerte und Energie von Tilapiafilet (100g)<\/b><\/p>\n<table border=\"1\" width=\"350px\">\n<tbody>\n<tr>\n<td><b>Inhaltsstoff<\/b><\/td>\n<td><b>Menge<\/b><\/td>\n<\/tr>\n<tr>\n<td>Wasser<\/td>\n<td>79,5g<\/td>\n<\/tr>\n<tr>\n<td>Eiwei\u00df<\/td>\n<td>19,5g<\/td>\n<\/tr>\n<tr>\n<td>Fett<\/td>\n<td>1,0g<\/td>\n<\/tr>\n<tr>\n<td>davon Omega-3 Fett<\/td>\n<td>0,9g<\/td>\n<\/tr>\n<\/tbody>\n<\/table>\n<p>Neben dem Tilapia halten wir auch den <a href=\"http:\/\/www.lets-grow.de\/der-spiegelkarpfen\/\" target=\"_blank\" rel=\"noopener noreferrer\">Spiegelkarpfen<\/a>, welcher gerade f\u00fcr das deutsche Klima besser geeignet ist als der Tilapia der mindestens 20\u00b0C zum \u00fcberleben braucht.<\/p>\n<h5>Aquaponik von Lets-Grow erprobt\/erprobte f\u00fcr unsere Kunden auch andere Fischsorten wie:<\/h5>\n<ul>\n<li>Afrikanischer Raubwels (Clarias gariepinus)<\/li>\n<li>Europ\u00e4ischer Wels (Silurus glanis)<\/li>\n<li>umgestellte Flussbarsche (Perca fluviatilis)<\/li>\n<li>Katzenwels (Ameiurus nebulosus)<\/li>\n<li>Sibirischer St\u00f6r (Acipenser baerii)<\/li>\n<li>Spiegelkarpfen (Cyprinus carpio)<br \/>\n<a href=\"http:\/\/www.lets-grow.de\/blog\/wp-content\/uploads\/2011\/12\/Karpfen_140x140.jpg\"><img decoding=\"async\" class=\"alignnone size-full wp-image-545\" src=\"http:\/\/www.lets-grow.de\/blog\/wp-content\/uploads\/2011\/12\/Karpfen_140x140.jpg\" alt=\"Karpfen_140x140\" width=\"140\" height=\"126\"><\/a><\/li>\n<\/ul>\n<p>Neben dem Vertrieb von <a href=\"http:\/\/www.lets-grow.de\/shop\/fische\" target=\"_blank\" rel=\"noopener noreferrer\">Besatzfischen<\/a>, <a href=\"http:\/\/www.lets-grow.de\/shop\/fischfutter\/\" target=\"_blank\" rel=\"noopener noreferrer\">Fischfutter <\/a>und <a href=\"http:\/\/www.lets-grow.de\/blog\/juli-update-mit-vielen-pflanzenbildern\/\" target=\"_blank\" rel=\"noopener noreferrer\">Zubeh\u00f6r<\/a>, bieten wir Ihnen auch <a href=\"http:\/\/www.lets-grow.de\/shop\/support\/47\/aquaponik-workshop-13.08.2016\" target=\"_blank\" rel=\"noopener noreferrer\">Workshops <\/a>und <a href=\"http:\/\/www.lets-grow.de\/shop\/dienstleistungen\/27\/support-1h\" target=\"_blank\" rel=\"noopener noreferrer\">Support <\/a>f\u00fcr Ihr pers\u00f6nliches System an.<\/p>\n<hr>\n<p><center><iframe src=\"http:\/\/www.facebook.com\/plugins\/likebox.php?href=http%3A%2F%2Fwww.facebook.com%2Fpages%2FLets-Grow%2F169784349794019&amp;%3Bwidth=300&amp;%3Bheight=62&amp;%3Bcolorscheme=light&amp;%3Bshow_faces=false&amp;%3Bborder_color&amp;%3Bstream=false&amp;%3Bheader=true\" width=\"200px\" height=\"80px\" frameborder=\"0\"><\/iframe><\/center><\/p>\n","protected":false},"excerpt":{"rendered":"<p>Hallo und herzlich Willkommen auf unserer Webseite. Auf diesen Seiten dreht sich alles um die Aquaponik von Lets-Grow&nbsp;(engl. Aquaponic). Dazu<\/p>\n","protected":false},"author":1,"featured_media":0,"parent":0,"menu_order":0,"comment_status":"closed","ping_status":"closed","template":"","meta":{"_monsterinsights_skip_tracking":false,"_monsterinsights_sitenote_active":false,"_monsterinsights_sitenote_note":"","_monsterinsights_sitenote_category":0,"footnotes":""},"class_list":["post-1025","page","type-page","status-publish","hentry"],"_links":{"self":[{"href":"https:\/\/www.lets-grow.de\/blog\/wp-json\/wp\/v2\/pages\/1025","targetHints":{"allow":["GET"]}}],"collection":[{"href":"https:\/\/www.lets-grow.de\/blog\/wp-json\/wp\/v2\/pages"}],"about":[{"href":"https:\/\/www.lets-grow.de\/blog\/wp-json\/wp\/v2\/types\/page"}],"author":[{"embeddable":true,"href":"https:\/\/www.lets-grow.de\/blog\/wp-json\/wp\/v2\/users\/1"}],"replies":[{"embeddable":true,"href":"https:\/\/www.lets-grow.de\/blog\/wp-json\/wp\/v2\/comments?post=1025"}],"version-history":[{"count":0,"href":"https:\/\/www.lets-grow.de\/blog\/wp-json\/wp\/v2\/pages\/1025\/revisions"}],"wp:attachment":[{"href":"https:\/\/www.lets-grow.de\/blog\/wp-json\/wp\/v2\/media?parent=1025"}],"curies":[{"name":"wp","href":"https:\/\/api.w.org\/{rel}","templated":true}]}}